{"id":10340,"date":"2021-07-16T13:38:16","date_gmt":"2021-07-16T17:38:16","guid":{"rendered":"https:\/\/www.parnipcas.org\/paiement-termine\/"},"modified":"2021-07-16T13:38:16","modified_gmt":"2021-07-16T17:38:16","slug":"paiement-termine","status":"publish","type":"page","link":"https:\/\/www.parnipcas.org\/fr\/paiement-termine\/","title":{"rendered":"Paiement termin\u251c\u00ae"},"content":{"rendered":"<p>[et_pb_section fb_built=\u00a0\u00bb1&Prime; custom_padding_last_edited=\u00a0\u00bbon|tablet\u00a0\u00bb _builder_version=\u00a0\u00bb4.9.9&Prime; _module_preset=\u00a0\u00bbdefault\u00a0\u00bb custom_padding=\u00a0\u00bb10px||150px||false|false\u00a0\u00bb custom_padding_tablet=\u00a0\u00bb20px||50px||false|false\u00a0\u00bb custom_padding_phone=\u00a0\u00bb\u00a0\u00bb hover_enabled=\u00a0\u00bb0&Prime; da_disable_devices=\u00a0\u00bboff|off|off\u00a0\u00bb sticky_enabled=\u00a0\u00bb0&Prime; da_is_popup=\u00a0\u00bboff\u00a0\u00bb da_exit_intent=\u00a0\u00bboff\u00a0\u00bb da_has_close=\u00a0\u00bbon\u00a0\u00bb da_alt_close=\u00a0\u00bboff\u00a0\u00bb da_dark_close=\u00a0\u00bboff\u00a0\u00bb da_not_modal=\u00a0\u00bbon\u00a0\u00bb da_is_singular=\u00a0\u00bboff\u00a0\u00bb da_with_loader=\u00a0\u00bboff\u00a0\u00bb da_has_shadow=\u00a0\u00bbon\u00a0\u00bb][et_pb_row _builder_version=\u00a0\u00bb4.9.9&Prime; _module_preset=\u00a0\u00bbdefault\u00a0\u00bb custom_margin=\u00a0\u00bb||||false|false\u00a0\u00bb custom_padding=\u00a0\u00bb5px||||false|false\u00a0\u00bb][et_pb_column type=\u00a0\u00bb4_4&Prime; _builder_version=\u00a0\u00bb4.9.9&Prime; _module_preset=\u00a0\u00bbdefault\u00a0\u00bb][et_pb_text _builder_version=\u00a0\u00bb4.9.9&Prime; text_font=\u00a0\u00bbGill Sans MT Regular|700|||||||\u00a0\u00bb text_font_size=\u00a0\u00bb18px\u00a0\u00bb header_font=\u00a0\u00bbGill Sans MT Regular||||||||\u00a0\u00bb text_orientation=\u00a0\u00bbcenter\u00a0\u00bb width=\u00a0\u00bb60%\u00a0\u00bb module_alignment=\u00a0\u00bbcenter\u00a0\u00bb locked=\u00a0\u00bboff\u00a0\u00bb]<\/p>\n<p>Votre paiement a \u251c\u00aet\u251c\u00ae effectu\u251c\u00ae. <\/p>\n<p>[\/et_pb_text][et_pb_text _builder_version=\u00a0\u00bb4.9.9&Prime; text_font=\u00a0\u00bbGill Sans MT Regular||||||||\u00a0\u00bb text_font_size=\u00a0\u00bb16px\u00a0\u00bb header_font=\u00a0\u00bbGill Sans MT Regular||||||||\u00a0\u00bb width=\u00a0\u00bb60%\u00a0\u00bb module_alignment=\u00a0\u00bbcenter\u00a0\u00bb locked=\u00a0\u00bboff\u00a0\u00bb]<\/p>\n<p>Remettez votre formulaire rempli au bureau principal de la Soci\u251c\u00aet\u251c\u00ae, au 433, rue McIntyre Ouest, \u251c\u00e1 North Bay. Vous pouvez \u251c\u00aegalement l\u00d4\u00c7\u00d6envoyer par courriel \u251c\u00e1 l\u00d4\u00c7\u00d6adresse <a href=\"mailto:PrivacyServices@parnipcas.org\">PrivacyServices@parnipcas.org<\/a>. Veuillez inclure une copie d\u00d4\u00c7\u00d6une pi\u251c\u00bfce d\u00d4\u00c7\u00d6identit\u251c\u00ae avec votre demande. <\/p>\n<p>Votre demande sera trait\u251c\u00aee dans les 30 jours.<\/p>\n<p>[\/et_pb_text][\/et_pb_column][\/et_pb_row][\/et_pb_section]<\/p>\n","protected":false},"excerpt":{"rendered":"<p>Votre paiement a \u251c\u00aet\u251c\u00ae effectu\u251c\u00ae. Remettez votre formulaire rempli au bureau principal de la Soci\u251c\u00aet\u251c\u00ae, au 433, rue McIntyre Ouest, \u251c\u00e1 North Bay. Vous pouvez \u251c\u00aegalement l\u00d4\u00c7\u00d6envoyer par courriel \u251c\u00e1 l\u00d4\u00c7\u00d6adresse PrivacyServices@parnipcas.org. Veuillez inclure une copie d\u00d4\u00c7\u00d6une pi\u251c\u00bfce d\u00d4\u00c7\u00d6identit\u251c\u00ae avec votre demande. Votre demande sera trait\u251c\u00aee dans les 30 jours.<\/p>\n","protected":false},"author":6,"featured_media":0,"parent":0,"menu_order":0,"comment_status":"closed","ping_status":"closed","template":"","meta":{"_et_pb_use_builder":"on","_et_pb_old_content":"","_et_gb_content_width":"","footnotes":""},"class_list":["post-10340","page","type-page","status-publish","hentry"],"yoast_head":"<!-- This site is optimized with the Yoast SEO plugin v27.4 - https:\/\/yoast.com\/product\/yoast-seo-wordpress\/ -->\n<title>Paiement termin\u251c\u00ae - Children&#039;s Aid Society<\/title>\n<meta name=\"robots\" content=\"index, follow, max-snippet:-1, max-image-preview:large, max-video-preview:-1\" \/>\n<link rel=\"canonical\" href=\"https:\/\/www.parnipcas.org\/fr\/paiement-termine\/\" \/>\n<meta property=\"og:locale\" content=\"fr_FR\" \/>\n<meta property=\"og:type\" content=\"article\" \/>\n<meta property=\"og:title\" content=\"Paiement termin\u251c\u00ae - Children&#039;s Aid Society\" \/>\n<meta property=\"og:description\" content=\"Votre paiement a \u251c\u00aet\u251c\u00ae effectu\u251c\u00ae. Remettez votre formulaire rempli au bureau principal de la Soci\u251c\u00aet\u251c\u00ae, au 433, rue McIntyre Ouest, \u251c\u00e1 North Bay. Vous pouvez \u251c\u00aegalement l\u00d4\u00c7\u00d6envoyer par courriel \u251c\u00e1 l\u00d4\u00c7\u00d6adresse PrivacyServices@parnipcas.org. Veuillez inclure une copie d\u00d4\u00c7\u00d6une pi\u251c\u00bfce d\u00d4\u00c7\u00d6identit\u251c\u00ae avec votre demande. Votre demande sera trait\u251c\u00aee dans les 30 jours.\" \/>\n<meta property=\"og:url\" content=\"https:\/\/www.parnipcas.org\/fr\/paiement-termine\/\" \/>\n<meta property=\"og:site_name\" content=\"Children&#039;s Aid Society\" \/>\n<meta name=\"twitter:card\" content=\"summary_large_image\" \/>\n<meta name=\"twitter:label1\" content=\"Dur\u00e9e de lecture estim\u00e9e\" \/>\n\t<meta name=\"twitter:data1\" content=\"1 minute\" \/>\n<script type=\"application\/ld+json\" class=\"yoast-schema-graph\">{\"@context\":\"https:\\\/\\\/schema.org\",\"@graph\":[{\"@type\":\"WebPage\",\"@id\":\"https:\\\/\\\/www.parnipcas.org\\\/fr\\\/paiement-termine\\\/\",\"url\":\"https:\\\/\\\/www.parnipcas.org\\\/fr\\\/paiement-termine\\\/\",\"name\":\"Paiement termin\u251c\u00ae - Children&#039;s Aid Society\",\"isPartOf\":{\"@id\":\"https:\\\/\\\/www.parnipcas.org\\\/#website\"},\"datePublished\":\"2021-07-16T17:38:16+00:00\",\"breadcrumb\":{\"@id\":\"https:\\\/\\\/www.parnipcas.org\\\/fr\\\/paiement-termine\\\/#breadcrumb\"},\"inLanguage\":\"fr-FR\",\"potentialAction\":[{\"@type\":\"ReadAction\",\"target\":[\"https:\\\/\\\/www.parnipcas.org\\\/fr\\\/paiement-termine\\\/\"]}]},{\"@type\":\"BreadcrumbList\",\"@id\":\"https:\\\/\\\/www.parnipcas.org\\\/fr\\\/paiement-termine\\\/#breadcrumb\",\"itemListElement\":[{\"@type\":\"ListItem\",\"position\":1,\"name\":\"Home\",\"item\":\"https:\\\/\\\/www.parnipcas.org\\\/fr\\\/\"},{\"@type\":\"ListItem\",\"position\":2,\"name\":\"Paiement termin\u251c\u00ae\"}]},{\"@type\":\"WebSite\",\"@id\":\"https:\\\/\\\/www.parnipcas.org\\\/#website\",\"url\":\"https:\\\/\\\/www.parnipcas.org\\\/\",\"name\":\"Children&#039;s Aid Society\",\"description\":\"Nipissing &amp; Parry Sound District\",\"potentialAction\":[{\"@type\":\"SearchAction\",\"target\":{\"@type\":\"EntryPoint\",\"urlTemplate\":\"https:\\\/\\\/www.parnipcas.org\\\/?s={search_term_string}\"},\"query-input\":{\"@type\":\"PropertyValueSpecification\",\"valueRequired\":true,\"valueName\":\"search_term_string\"}}],\"inLanguage\":\"fr-FR\"}]}<\/script>\n<!-- \/ Yoast SEO plugin. -->","yoast_head_json":{"title":"Paiement termin\u251c\u00ae - Children&#039;s Aid Society","robots":{"index":"index","follow":"follow","max-snippet":"max-snippet:-1","max-image-preview":"max-image-preview:large","max-video-preview":"max-video-preview:-1"},"canonical":"https:\/\/www.parnipcas.org\/fr\/paiement-termine\/","og_locale":"fr_FR","og_type":"article","og_title":"Paiement termin\u251c\u00ae - Children&#039;s Aid Society","og_description":"Votre paiement a \u251c\u00aet\u251c\u00ae effectu\u251c\u00ae. Remettez votre formulaire rempli au bureau principal de la Soci\u251c\u00aet\u251c\u00ae, au 433, rue McIntyre Ouest, \u251c\u00e1 North Bay. Vous pouvez \u251c\u00aegalement l\u00d4\u00c7\u00d6envoyer par courriel \u251c\u00e1 l\u00d4\u00c7\u00d6adresse PrivacyServices@parnipcas.org. Veuillez inclure une copie d\u00d4\u00c7\u00d6une pi\u251c\u00bfce d\u00d4\u00c7\u00d6identit\u251c\u00ae avec votre demande. Votre demande sera trait\u251c\u00aee dans les 30 jours.","og_url":"https:\/\/www.parnipcas.org\/fr\/paiement-termine\/","og_site_name":"Children&#039;s Aid Society","twitter_card":"summary_large_image","twitter_misc":{"Dur\u00e9e de lecture estim\u00e9e":"1 minute"},"schema":{"@context":"https:\/\/schema.org","@graph":[{"@type":"WebPage","@id":"https:\/\/www.parnipcas.org\/fr\/paiement-termine\/","url":"https:\/\/www.parnipcas.org\/fr\/paiement-termine\/","name":"Paiement termin\u251c\u00ae - Children&#039;s Aid Society","isPartOf":{"@id":"https:\/\/www.parnipcas.org\/#website"},"datePublished":"2021-07-16T17:38:16+00:00","breadcrumb":{"@id":"https:\/\/www.parnipcas.org\/fr\/paiement-termine\/#breadcrumb"},"inLanguage":"fr-FR","potentialAction":[{"@type":"ReadAction","target":["https:\/\/www.parnipcas.org\/fr\/paiement-termine\/"]}]},{"@type":"BreadcrumbList","@id":"https:\/\/www.parnipcas.org\/fr\/paiement-termine\/#breadcrumb","itemListElement":[{"@type":"ListItem","position":1,"name":"Home","item":"https:\/\/www.parnipcas.org\/fr\/"},{"@type":"ListItem","position":2,"name":"Paiement termin\u251c\u00ae"}]},{"@type":"WebSite","@id":"https:\/\/www.parnipcas.org\/#website","url":"https:\/\/www.parnipcas.org\/","name":"Children&#039;s Aid Society","description":"Nipissing &amp; Parry Sound District","potentialAction":[{"@type":"SearchAction","target":{"@type":"EntryPoint","urlTemplate":"https:\/\/www.parnipcas.org\/?s={search_term_string}"},"query-input":{"@type":"PropertyValueSpecification","valueRequired":true,"valueName":"search_term_string"}}],"inLanguage":"fr-FR"}]}},"_links":{"self":[{"href":"https:\/\/www.parnipcas.org\/fr\/wp-json\/wp\/v2\/pages\/10340","targetHints":{"allow":["GET"]}}],"collection":[{"href":"https:\/\/www.parnipcas.org\/fr\/wp-json\/wp\/v2\/pages"}],"about":[{"href":"https:\/\/www.parnipcas.org\/fr\/wp-json\/wp\/v2\/types\/page"}],"author":[{"embeddable":true,"href":"https:\/\/www.parnipcas.org\/fr\/wp-json\/wp\/v2\/users\/6"}],"replies":[{"embeddable":true,"href":"https:\/\/www.parnipcas.org\/fr\/wp-json\/wp\/v2\/comments?post=10340"}],"version-history":[{"count":2,"href":"https:\/\/www.parnipcas.org\/fr\/wp-json\/wp\/v2\/pages\/10340\/revisions"}],"predecessor-version":[{"id":10342,"href":"https:\/\/www.parnipcas.org\/fr\/wp-json\/wp\/v2\/pages\/10340\/revisions\/10342"}],"wp:attachment":[{"href":"https:\/\/www.parnipcas.org\/fr\/wp-json\/wp\/v2\/media?parent=10340"}],"curies":[{"name":"wp","href":"https:\/\/api.w.org\/{rel}","templated":true}]}}