{"id":10975,"date":"2021-11-08T16:01:44","date_gmt":"2021-11-08T21:01:44","guid":{"rendered":"https:\/\/www.parnipcas.org\/planification-de-la-grossesse\/"},"modified":"2021-11-08T16:01:45","modified_gmt":"2021-11-08T21:01:45","slug":"planification-de-la-grossesse","status":"publish","type":"page","link":"https:\/\/www.parnipcas.org\/fr\/planification-de-la-grossesse\/","title":{"rendered":"Planification de la grossesse"},"content":{"rendered":"<p>[et_pb_section fb_built=\u00a0\u00bb1&Prime; _builder_version=\u00a0\u00bb4.5.6&Prime; background_color=\u00a0\u00bb#1b2b42&Prime; use_background_color_gradient=\u00a0\u00bbon\u00a0\u00bb background_color_gradient_start=\u00a0\u00bbrgba(27,43,66,0.87)\u00a0\u00bb background_color_gradient_end=\u00a0\u00bbrgba(0,39,94,0.93)\u00a0\u00bb background_color_gradient_overlays_image=\u00a0\u00bbon\u00a0\u00bb background_image=\u00a0\u00bbhttps:\/\/www.parnipcas.org\/wp-content\/uploads\/2020\/08\/Header-6-scaled-e1597166921940.jpg\u00a0\u00bb background_position=\u00a0\u00bbtop_center\u00a0\u00bb custom_padding=\u00a0\u00bb||||true|false\u00a0\u00bb da_disable_devices=\u00a0\u00bboff|off|off\u00a0\u00bb global_module=\u00a0\u00bb5861&Prime; saved_tabs=\u00a0\u00bball\u00a0\u00bb global_colors_info=\u00a0\u00bb{}\u00a0\u00bb da_is_popup=\u00a0\u00bboff\u00a0\u00bb da_exit_intent=\u00a0\u00bboff\u00a0\u00bb da_has_close=\u00a0\u00bbon\u00a0\u00bb da_alt_close=\u00a0\u00bboff\u00a0\u00bb da_dark_close=\u00a0\u00bboff\u00a0\u00bb da_not_modal=\u00a0\u00bbon\u00a0\u00bb da_is_singular=\u00a0\u00bboff\u00a0\u00bb da_with_loader=\u00a0\u00bboff\u00a0\u00bb da_has_shadow=\u00a0\u00bbon\u00a0\u00bb][et_pb_row make_equal=\u00a0\u00bbon\u00a0\u00bb _builder_version=\u00a0\u00bb4.4.8&Prime; width=\u00a0\u00bb100%\u00a0\u00bb max_width=\u00a0\u00bb900px\u00a0\u00bb locked=\u00a0\u00bboff\u00a0\u00bb global_colors_info=\u00a0\u00bb{}\u00a0\u00bb][et_pb_column type=\u00a0\u00bb4_4&Prime; _builder_version=\u00a0\u00bb4.4.8&Prime; global_colors_info=\u00a0\u00bb{}\u00a0\u00bb][et_pb_text _builder_version=\u00a0\u00bb4.13.0&Prime; header_font=\u00a0\u00bbGill Sans MT Bold||||||||\u00a0\u00bb header_text_align=\u00a0\u00bbcenter\u00a0\u00bb header_text_color=\u00a0\u00bb#ffffff\u00a0\u00bb header_font_size=\u00a0\u00bb60px\u00a0\u00bb hover_enabled=\u00a0\u00bb0&Prime; header_font_size_tablet=\u00a0\u00bb\u00a0\u00bb header_font_size_phone=\u00a0\u00bb38px\u00a0\u00bb header_font_size_last_edited=\u00a0\u00bbon|phone\u00a0\u00bb global_colors_info=\u00a0\u00bb{}\u00a0\u00bb sticky_enabled=\u00a0\u00bb0&Prime;]<\/p>\n<h1>Planification de la grossesse<\/h1>\n<p>[\/et_pb_text][\/et_pb_column][\/et_pb_row][\/et_pb_section][et_pb_section fb_built=\u00a0\u00bb1&Prime; specialty=\u00a0\u00bbon\u00a0\u00bb module_class_1=\u00a0\u00bbinner-menu-mobile-column\u00a0\u00bb _builder_version=\u00a0\u00bb4.4.9&Prime; module_alignment=\u00a0\u00bbcenter\u00a0\u00bb inner_module_alignment=\u00a0\u00bbcenter\u00a0\u00bb custom_padding=\u00a0\u00bb25px||||false|false\u00a0\u00bb da_disable_devices=\u00a0\u00bboff|off|off\u00a0\u00bb global_colors_info=\u00a0\u00bb{}\u00a0\u00bb da_is_popup=\u00a0\u00bboff\u00a0\u00bb da_exit_intent=\u00a0\u00bboff\u00a0\u00bb da_has_close=\u00a0\u00bbon\u00a0\u00bb da_alt_close=\u00a0\u00bboff\u00a0\u00bb da_dark_close=\u00a0\u00bboff\u00a0\u00bb da_not_modal=\u00a0\u00bbon\u00a0\u00bb da_is_singular=\u00a0\u00bboff\u00a0\u00bb da_with_loader=\u00a0\u00bboff\u00a0\u00bb da_has_shadow=\u00a0\u00bbon\u00a0\u00bb][et_pb_column type=\u00a0\u00bb1_4&Prime; _builder_version=\u00a0\u00bb3.25&Prime; custom_padding=\u00a0\u00bb|||\u00a0\u00bb global_colors_info=\u00a0\u00bb{}\u00a0\u00bb custom_padding__hover=\u00a0\u00bb|||\u00a0\u00bb][dsm_menu menu_id=\u00a0\u00bb26&Prime; menu_link_text_color=\u00a0\u00bb#4e5f6f\u00a0\u00bb menu_space_between=\u00a0\u00bb3px\u00a0\u00bb list_style_color=\u00a0\u00bb#4e5f6f\u00a0\u00bb module_id=\u00a0\u00bbinternal-menu\u00a0\u00bb module_class=\u00a0\u00bbinternal-menu\u00a0\u00bb _builder_version=\u00a0\u00bb4.7.7&Prime; menu_font=\u00a0\u00bbGill Sans MT Bold||||||||\u00a0\u00bb menu_font_size=\u00a0\u00bb17px\u00a0\u00bb custom_margin=\u00a0\u00bb||||false|false\u00a0\u00bb custom_padding=\u00a0\u00bb||||false|false\u00a0\u00bb global_module=\u00a0\u00bb5860&Prime; saved_tabs=\u00a0\u00bball\u00a0\u00bb global_colors_info=\u00a0\u00bb{}\u00a0\u00bb menu_link_text_color__hover_enabled=\u00a0\u00bbon|hover\u00a0\u00bb menu_link_text_color__hover=\u00a0\u00bb#493d6f\u00a0\u00bb][\/dsm_menu][\/et_pb_column][et_pb_column type=\u00a0\u00bb3_4&Prime; specialty_columns=\u00a0\u00bb3&Prime; _builder_version=\u00a0\u00bb3.25&Prime; custom_padding=\u00a0\u00bb|||\u00a0\u00bb global_colors_info=\u00a0\u00bb{}\u00a0\u00bb custom_padding__hover=\u00a0\u00bb|||\u00a0\u00bb][et_pb_row_inner _builder_version=\u00a0\u00bb4.4.8&Prime; custom_padding=\u00a0\u00bb||0px||false|false\u00a0\u00bb global_colors_info=\u00a0\u00bb{}\u00a0\u00bb][et_pb_column_inner saved_specialty_column_type=\u00a0\u00bb2_3&Prime; _builder_version=\u00a0\u00bb4.4.8&Prime; global_colors_info=\u00a0\u00bb{}\u00a0\u00bb][et_pb_text _builder_version=\u00a0\u00bb4.13.0&Prime; text_font=\u00a0\u00bbGill Sans MT Regular||||||||\u00a0\u00bb text_font_size=\u00a0\u00bb18px\u00a0\u00bb header_font=\u00a0\u00bbGill Sans MT Regular||||||||\u00a0\u00bb custom_margin=\u00a0\u00bb||10px||false|false\u00a0\u00bb custom_padding=\u00a0\u00bb||||false|false\u00a0\u00bb hover_enabled=\u00a0\u00bb0&Prime; global_colors_info=\u00a0\u00bb{}\u00a0\u00bb sticky_enabled=\u00a0\u00bb0&Prime;]<\/p>\n<p><span>Notre programme de planification de la grossesse est un service volontaire. Il appuie les futurs parents pour favoriser leur bien-\u251c\u00actre et celui de l\u00d4\u00c7\u00d6enfant \u251c\u00e1 na\u251c\u00abtre.<\/span><\/p>\n<p><span>La planification aide les parents \u251c\u00e1 surmonter certaines difficult\u251c\u00aes et \u251c\u00e1 suivre un plan clair pour apporter des changements dans leur vie, profiter des services disponibles et r\u251c\u00aepondre \u251c\u00e1 leurs besoins et \u251c\u00e1 ceux de leur enfant.<\/span><\/p>\n<p>[\/et_pb_text][\/et_pb_column_inner][\/et_pb_row_inner][et_pb_row_inner _builder_version=\u00a0\u00bb4.13.0&Prime; _module_preset=\u00a0\u00bbdefault\u00a0\u00bb column_structure=\u00a0\u00bb1_2,1_2&Prime;][et_pb_column_inner saved_specialty_column_type=\u00a0\u00bb3_4&Prime; _builder_version=\u00a0\u00bb4.13.0&Prime; _module_preset=\u00a0\u00bbdefault\u00a0\u00bb type=\u00a0\u00bb1_2&Prime;][et_pb_text _builder_version=\u00a0\u00bb4.13.0&Prime; text_font=\u00a0\u00bbGill Sans MT Regular||||||||\u00a0\u00bb text_font_size=\u00a0\u00bb18px\u00a0\u00bb header_font=\u00a0\u00bbGill Sans MT Regular||||||||\u00a0\u00bb custom_margin=\u00a0\u00bb||10px||false|false\u00a0\u00bb custom_padding=\u00a0\u00bb||||false|false\u00a0\u00bb hover_enabled=\u00a0\u00bb0&Prime; global_colors_info=\u00a0\u00bb{}\u00a0\u00bb sticky_enabled=\u00a0\u00bb0&Prime; locked=\u00a0\u00bboff\u00a0\u00bb]<\/p>\n<p><span><strong>Services de soutien: <\/strong><\/span><\/p>\n<ul>\n<li><span>Soins pr\u251c\u00aenataux<\/span><\/li>\n<li><span>Nutrition, activit\u251c\u00ae physique, sommeil<\/span><\/li>\n<li><span>Risques environnementaux pour les parents et<\/span><\/li>\n<li><span>le b\u251c\u00aeb\u251c\u00ae<\/span><\/li>\n<li><span>Devenir parent<\/span><\/li>\n<li><span>Besoins financiers et co\u251c\u2557ts cach\u251c\u00aes<\/span><\/li>\n<li><span>le bebe<\/span><\/li>\n<li><span>Articles pour b\u251c\u00aeb\u251c\u00ae et s\u251c\u00aecurit\u251c\u00ae<\/span><\/li>\n<li><span>Sommeil s\u251c\u00aecuritaire<\/span><\/li>\n<li><span>Pr\u251c\u00aeparation \u251c\u00e1 l\u00d4\u00c7\u00d6arriv\u251c\u00aee d\u00d4\u00c7\u00d6un b\u251c\u00aeb\u251c\u00ae<\/span><\/li>\n<li>Difficult\u251c\u00aes pendant la grossesse<\/li>\n<\/ul>\n<p>[\/et_pb_text][\/et_pb_column_inner][et_pb_column_inner saved_specialty_column_type=\u00a0\u00bb3_4&Prime; _builder_version=\u00a0\u00bb4.13.0&Prime; _module_preset=\u00a0\u00bbdefault\u00a0\u00bb type=\u00a0\u00bb1_2&Prime;][et_pb_image src=\u00a0\u00bbhttps:\/\/www.parnipcas.org\/wp-content\/uploads\/2021\/11\/ppGoals.png\u00a0\u00bb _builder_version=\u00a0\u00bb4.13.0&Prime; _module_preset=\u00a0\u00bbdefault\u00a0\u00bb title_text=\u00a0\u00bbppGoals\u00a0\u00bb hover_enabled=\u00a0\u00bb0&Prime; sticky_enabled=\u00a0\u00bb0&Prime;][\/et_pb_image][\/et_pb_column_inner][\/et_pb_row_inner][et_pb_row_inner _builder_version=\u00a0\u00bb4.13.0&Prime; _module_preset=\u00a0\u00bbdefault\u00a0\u00bb][et_pb_column_inner saved_specialty_column_type=\u00a0\u00bb3_4&Prime; _builder_version=\u00a0\u00bb4.13.0&Prime; _module_preset=\u00a0\u00bbdefault\u00a0\u00bb][et_pb_text _builder_version=\u00a0\u00bb4.13.0&Prime; text_font=\u00a0\u00bbGill Sans MT Regular||||||||\u00a0\u00bb text_font_size=\u00a0\u00bb18px\u00a0\u00bb header_font=\u00a0\u00bbGill Sans MT Regular||||||||\u00a0\u00bb custom_margin=\u00a0\u00bb||10px||false|false\u00a0\u00bb custom_padding=\u00a0\u00bb||||false|false\u00a0\u00bb hover_enabled=\u00a0\u00bb0&Prime; global_colors_info=\u00a0\u00bb{}\u00a0\u00bb theme_builder_area=\u00a0\u00bbpost_content\u00a0\u00bb sticky_enabled=\u00a0\u00bb0&Prime;]<\/p>\n<p><strong><span>Avantages du programme: <\/span><\/strong><\/p>\n<ul>\n<li><span>Une travailleuse d\u251c\u00aesign\u251c\u00aee demeure la personne-ressource pour les futurs parents tout au long de la grossesse et apr\u251c\u00bfs la naissance.<\/span><\/li>\n<li><span>La travailleuse a une connaissance approfondie de la vie familial et des besoins de sant\u251c\u00ae de la famille. Elle \u251c\u00aetablit le meilleur plan de soutien possible en tenant compte de ces facteurs.<\/span><\/li>\n<\/ul>\n<ul>\n<li><span>Les parents ont acc\u251c\u00bfs plus facilement et rapidement aux services locaux, dont les soins pr\u251c\u00aenataux et m\u251c\u00aedicaux.<\/span><\/li>\n<\/ul>\n<p><strong><span>Faire une demande: <\/span><\/strong><\/p>\n<p><span>Le programme appuie les personnes aux prises avec diverses difficult\u251c\u00aes, comme la toxicomanie, la violence conjugale, la sant\u251c\u00ae mentale, le faible revenu, l\u00d4\u00c7\u00d6ins\u251c\u00aecurit\u251c\u00ae alimentaire et la capacit\u251c\u00ae parentale.<\/span><\/p>\n<p><span>Les demandes proviennent de membres de la communaut\u251c\u00ae et de professionnels. Les futurs parents peuvent aussi demander de l\u00d4\u00c7\u00d6aide directement. <\/span><\/p>\n<p>Nous travaillons avec nos partenaires dans les districts de Nipissing et Parry Sound afin d\u00d4\u00c7\u00d6entourer les futurs parents du soutien dont ils ont besoin et de r\u251c\u00aeduire les risques pour l\u00d4\u00c7\u00d6enfant.<\/p>\n<p>Plusieurs services communautaires sont disponibles : logement, sant\u251c\u00ae mentale, toxicomanie, sant\u251c\u00ae pr\u251c\u00aenatale, soutien aux victimes de violence conjugale, counselling, et plus.<\/p>\n<p>[\/et_pb_text][\/et_pb_column_inner][\/et_pb_row_inner][\/et_pb_column][\/et_pb_section]<\/p>\n","protected":false},"excerpt":{"rendered":"<p>Planification de la grossesse<div id=\"internal-menu\" class=\"et_pb_module dsm_menu dsm_menu_0 internal-menu  et_pb_text_align_left et_pb_bg_layout_light\">\n\t\t\t\t\n\t\t\t\t\n\t\t\t\t\n\t\t\t\t\n\t\t\t\t\n\t\t\t\t\n\t\t\t\t<div class=\"et_pb_module_inner\">\n\t\t\t\t\t<nav class=\"dsm-menu-container\" role=\"navigation\" itemscope itemtype=\"http:\/\/schema.org\/SiteNavigationElement\"><ul id=\"menu-services-programs-inner-menu-french\" class=\"dsm-menu dsm-menu-style-type-disc dsm-menu-layout-vertical\"><li id=\"menu-item-8369\" class=\"et_pb_menu_page_id-8363 menu-item menu-item-type-post_type menu-item-object-page menu-item-8369\"><a href=\"https:\/\/www.parnipcas.org\/fr\/programmes-et-services\/\" itemprop=\"url\"><span itemprop=\"name\">Soin des mamans<\/span><\/a><\/li>\n<li id=\"menu-item-12981\" class=\"et_pb_menu_page_id-12834 menu-item menu-item-type-post_type menu-item-object-page menu-item-12981\"><a href=\"https:\/\/www.parnipcas.org\/fr\/?page_id=12834\" itemprop=\"url\"><span itemprop=\"name\">Programme Mothers in Mind<\/span><\/a><\/li>\n<li id=\"menu-item-8737\" class=\"et_pb_menu_page_id-8671 menu-item menu-item-type-post_type menu-item-object-page menu-item-8737\"><a href=\"https:\/\/www.parnipcas.org\/fr\/programmes-et-services\/services-de-developpement-du-nourrisson-et-de-lenfant\/\" itemprop=\"url\"><span itemprop=\"name\">Services de d\u251c\u00aeveloppement du nourrisson et de l\u00d4\u00c7\u00d6enfant<\/span><\/a><\/li>\n<li id=\"menu-item-8400\" class=\"et_pb_menu_page_id-8376 menu-item menu-item-type-post_type menu-item-object-page menu-item-8400\"><a href=\"https:\/\/www.parnipcas.org\/fr\/programmes-et-services\/programme-daction-communautaire-pour-les-enfants\/\" itemprop=\"url\"><span itemprop=\"name\">Programme d\u00d4\u00c7\u00d6action communautaire pour les enfants<\/span><\/a><\/li>\n<li id=\"menu-item-8432\" class=\"et_pb_menu_page_id-8404 menu-item menu-item-type-post_type menu-item-object-page menu-item-8432\"><a href=\"https:\/\/www.parnipcas.org\/fr\/programmes-et-services\/140-elmwood-fr\/\" itemprop=\"url\"><span itemprop=\"name\">Carrefour communautaire Beauchamp<\/span><\/a><\/li>\n<li id=\"menu-item-8738\" class=\"et_pb_menu_page_id-8676 menu-item menu-item-type-post_type menu-item-object-page menu-item-8738\"><a href=\"https:\/\/www.parnipcas.org\/fr\/programmes-et-services\/travailleurs-et-travailleuses-aupres-des-enfants-et-des-jeunes\/\" itemprop=\"url\"><span itemprop=\"name\">Travailleurs et travailleuses aupr\u251c\u00bfs des enfants et des jeunes<\/span><\/a><\/li>\n<li id=\"menu-item-12144\" class=\"et_pb_menu_page_id-10975 menu-item menu-item-type-post_type menu-item-object-page menu-item-12144\"><a href=\"https:\/\/www.parnipcas.org\/fr\/planification-de-la-grossesse\/\" itemprop=\"url\"><span itemprop=\"name\">Planification de la grossesse<\/span><\/a><\/li>\n<li id=\"menu-item-12145\" class=\"et_pb_menu_page_id-11275 menu-item menu-item-type-post_type menu-item-object-page menu-item-12145\"><a href=\"https:\/\/www.parnipcas.org\/fr\/programmes-et-services\/centre-dappui-aux-enfants-et-a-la-jeunesse-de-nipissing\/\" itemprop=\"url\"><span itemprop=\"name\">Centre d\u00d4\u00c7\u00d6appui aux enfants et \u251c\u00e1 la jeunesse de Nipissing<\/span><\/a><\/li>\n<li id=\"menu-item-12146\" class=\"et_pb_menu_page_id-11777 menu-item menu-item-type-post_type menu-item-object-page menu-item-12146\"><a href=\"https:\/\/www.parnipcas.org\/fr\/a-grands-pas-vers-la-reussite\/\" itemprop=\"url\"><span itemprop=\"name\">\u251c\u00c7 grands pas vers la r\u251c\u00aeussite<\/span><\/a><\/li>\n<li id=\"menu-item-11801\" class=\"et_pb_menu_page_id-11777 menu-item menu-item-type-post_type menu-item-object-page menu-item-11801\"><a href=\"https:\/\/www.parnipcas.org\/fr\/a-grands-pas-vers-la-reussite\/\" itemprop=\"url\"><span itemprop=\"name\">\u251c\u00c7 grands pas vers la r\u251c\u00aeussite<\/span><\/a><\/li>\n<\/ul><\/nav>\n\t\t\t\t<\/div>\n\t\t\t<\/div>Notre programme de planification de la grossesse est un service volontaire. Il appuie les futurs parents pour favoriser leur bien-\u251c\u00actre et celui de l\u00d4\u00c7\u00d6enfant \u251c\u00e1 na\u251c\u00abtre. La planification aide les parents \u251c\u00e1 surmonter [&hellip;]<\/p>\n","protected":false},"author":5,"featured_media":0,"parent":0,"menu_order":0,"comment_status":"closed","ping_status":"closed","template":"","meta":{"_et_pb_use_builder":"on","_et_pb_old_content":"","_et_gb_content_width":"","footnotes":""},"class_list":["post-10975","page","type-page","status-publish","hentry"],"yoast_head":"<!-- This site is optimized with the Yoast SEO plugin v27.0 - https:\/\/yoast.com\/product\/yoast-seo-wordpress\/ -->\n<title>Planification de la grossesse - Children&#039;s Aid Society<\/title>\n<meta name=\"robots\" content=\"index, follow, max-snippet:-1, max-image-preview:large, max-video-preview:-1\" \/>\n<link rel=\"canonical\" href=\"https:\/\/www.parnipcas.org\/fr\/planification-de-la-grossesse\/\" \/>\n<meta property=\"og:locale\" content=\"fr_FR\" \/>\n<meta property=\"og:type\" content=\"article\" \/>\n<meta property=\"og:title\" content=\"Planification de la grossesse - Children&#039;s Aid Society\" \/>\n<meta property=\"og:description\" content=\"Planification de la grossesseNotre programme de planification de la grossesse est un service volontaire. Il appuie les futurs parents pour favoriser leur bien-\u251c\u00actre et celui de l\u00d4\u00c7\u00d6enfant \u251c\u00e1 na\u251c\u00abtre. La planification aide les parents \u251c\u00e1 surmonter [&hellip;]\" \/>\n<meta property=\"og:url\" content=\"https:\/\/www.parnipcas.org\/fr\/planification-de-la-grossesse\/\" \/>\n<meta property=\"og:site_name\" content=\"Children&#039;s Aid Society\" \/>\n<meta property=\"article:modified_time\" content=\"2021-11-08T21:01:45+00:00\" \/>\n<meta name=\"twitter:card\" content=\"summary_large_image\" \/>\n<meta name=\"twitter:label1\" content=\"Dur\u00e9e de lecture estim\u00e9e\" \/>\n\t<meta name=\"twitter:data1\" content=\"5 minutes\" \/>\n<script type=\"application\/ld+json\" class=\"yoast-schema-graph\">{\"@context\":\"https:\/\/schema.org\",\"@graph\":[{\"@type\":\"WebPage\",\"@id\":\"https:\/\/www.parnipcas.org\/fr\/planification-de-la-grossesse\/\",\"url\":\"https:\/\/www.parnipcas.org\/fr\/planification-de-la-grossesse\/\",\"name\":\"Planification de la grossesse - Children&#039;s Aid Society\",\"isPartOf\":{\"@id\":\"https:\/\/www.parnipcas.org\/#website\"},\"datePublished\":\"2021-11-08T21:01:44+00:00\",\"dateModified\":\"2021-11-08T21:01:45+00:00\",\"breadcrumb\":{\"@id\":\"https:\/\/www.parnipcas.org\/fr\/planification-de-la-grossesse\/#breadcrumb\"},\"inLanguage\":\"fr-FR\",\"potentialAction\":[{\"@type\":\"ReadAction\",\"target\":[\"https:\/\/www.parnipcas.org\/fr\/planification-de-la-grossesse\/\"]}]},{\"@type\":\"BreadcrumbList\",\"@id\":\"https:\/\/www.parnipcas.org\/fr\/planification-de-la-grossesse\/#breadcrumb\",\"itemListElement\":[{\"@type\":\"ListItem\",\"position\":1,\"name\":\"Home\",\"item\":\"https:\/\/www.parnipcas.org\/fr\/\"},{\"@type\":\"ListItem\",\"position\":2,\"name\":\"Planification de la grossesse\"}]},{\"@type\":\"WebSite\",\"@id\":\"https:\/\/www.parnipcas.org\/#website\",\"url\":\"https:\/\/www.parnipcas.org\/\",\"name\":\"Children&#039;s Aid Society\",\"description\":\"Nipissing &amp; Parry Sound District\",\"potentialAction\":[{\"@type\":\"SearchAction\",\"target\":{\"@type\":\"EntryPoint\",\"urlTemplate\":\"https:\/\/www.parnipcas.org\/?s={search_term_string}\"},\"query-input\":{\"@type\":\"PropertyValueSpecification\",\"valueRequired\":true,\"valueName\":\"search_term_string\"}}],\"inLanguage\":\"fr-FR\"}]}<\/script>\n<!-- \/ Yoast SEO plugin. -->","yoast_head_json":{"title":"Planification de la grossesse - Children&#039;s Aid Society","robots":{"index":"index","follow":"follow","max-snippet":"max-snippet:-1","max-image-preview":"max-image-preview:large","max-video-preview":"max-video-preview:-1"},"canonical":"https:\/\/www.parnipcas.org\/fr\/planification-de-la-grossesse\/","og_locale":"fr_FR","og_type":"article","og_title":"Planification de la grossesse - Children&#039;s Aid Society","og_description":"Planification de la grossesseNotre programme de planification de la grossesse est un service volontaire. Il appuie les futurs parents pour favoriser leur bien-\u251c\u00actre et celui de l\u00d4\u00c7\u00d6enfant \u251c\u00e1 na\u251c\u00abtre. La planification aide les parents \u251c\u00e1 surmonter [&hellip;]","og_url":"https:\/\/www.parnipcas.org\/fr\/planification-de-la-grossesse\/","og_site_name":"Children&#039;s Aid Society","article_modified_time":"2021-11-08T21:01:45+00:00","twitter_card":"summary_large_image","twitter_misc":{"Dur\u00e9e de lecture estim\u00e9e":"5 minutes"},"schema":{"@context":"https:\/\/schema.org","@graph":[{"@type":"WebPage","@id":"https:\/\/www.parnipcas.org\/fr\/planification-de-la-grossesse\/","url":"https:\/\/www.parnipcas.org\/fr\/planification-de-la-grossesse\/","name":"Planification de la grossesse - Children&#039;s Aid Society","isPartOf":{"@id":"https:\/\/www.parnipcas.org\/#website"},"datePublished":"2021-11-08T21:01:44+00:00","dateModified":"2021-11-08T21:01:45+00:00","breadcrumb":{"@id":"https:\/\/www.parnipcas.org\/fr\/planification-de-la-grossesse\/#breadcrumb"},"inLanguage":"fr-FR","potentialAction":[{"@type":"ReadAction","target":["https:\/\/www.parnipcas.org\/fr\/planification-de-la-grossesse\/"]}]},{"@type":"BreadcrumbList","@id":"https:\/\/www.parnipcas.org\/fr\/planification-de-la-grossesse\/#breadcrumb","itemListElement":[{"@type":"ListItem","position":1,"name":"Home","item":"https:\/\/www.parnipcas.org\/fr\/"},{"@type":"ListItem","position":2,"name":"Planification de la grossesse"}]},{"@type":"WebSite","@id":"https:\/\/www.parnipcas.org\/#website","url":"https:\/\/www.parnipcas.org\/","name":"Children&#039;s Aid Society","description":"Nipissing &amp; Parry Sound District","potentialAction":[{"@type":"SearchAction","target":{"@type":"EntryPoint","urlTemplate":"https:\/\/www.parnipcas.org\/?s={search_term_string}"},"query-input":{"@type":"PropertyValueSpecification","valueRequired":true,"valueName":"search_term_string"}}],"inLanguage":"fr-FR"}]}},"_links":{"self":[{"href":"https:\/\/www.parnipcas.org\/fr\/wp-json\/wp\/v2\/pages\/10975","targetHints":{"allow":["GET"]}}],"collection":[{"href":"https:\/\/www.parnipcas.org\/fr\/wp-json\/wp\/v2\/pages"}],"about":[{"href":"https:\/\/www.parnipcas.org\/fr\/wp-json\/wp\/v2\/types\/page"}],"author":[{"embeddable":true,"href":"https:\/\/www.parnipcas.org\/fr\/wp-json\/wp\/v2\/users\/5"}],"replies":[{"embeddable":true,"href":"https:\/\/www.parnipcas.org\/fr\/wp-json\/wp\/v2\/comments?post=10975"}],"version-history":[{"count":2,"href":"https:\/\/www.parnipcas.org\/fr\/wp-json\/wp\/v2\/pages\/10975\/revisions"}],"predecessor-version":[{"id":10977,"href":"https:\/\/www.parnipcas.org\/fr\/wp-json\/wp\/v2\/pages\/10975\/revisions\/10977"}],"wp:attachment":[{"href":"https:\/\/www.parnipcas.org\/fr\/wp-json\/wp\/v2\/media?parent=10975"}],"curies":[{"name":"wp","href":"https:\/\/api.w.org\/{rel}","templated":true}]}}