{"id":11275,"date":"2022-02-15T12:00:41","date_gmt":"2022-02-15T17:00:41","guid":{"rendered":"https:\/\/www.parnipcas.org\/programmes-et-services\/centre-dappui-aux-enfants-et-a-la-jeunesse-de-nipissing\/"},"modified":"2022-10-11T13:57:37","modified_gmt":"2022-10-11T17:57:37","slug":"centre-dappui-aux-enfants-et-a-la-jeunesse-de-nipissing","status":"publish","type":"page","link":"https:\/\/www.parnipcas.org\/fr\/programmes-et-services\/centre-dappui-aux-enfants-et-a-la-jeunesse-de-nipissing\/","title":{"rendered":"Centre d\u00d4\u00c7\u00d6appui aux enfants et \u251c\u00e1 la jeunesse de Nipissing"},"content":{"rendered":"<p>[et_pb_section fb_built=\u00a0\u00bb1&Prime; _builder_version=\u00a0\u00bb4.16&Prime; background_color=\u00a0\u00bb#1b2b42&Prime; use_background_color_gradient=\u00a0\u00bbon\u00a0\u00bb background_color_gradient_stops=\u00a0\u00bbrgba(27,43,66,0.87) 0%|rgba(0,39,94,0.93) 100%\u00a0\u00bb background_color_gradient_overlays_image=\u00a0\u00bbon\u00a0\u00bb background_color_gradient_start=\u00a0\u00bbrgba(27,43,66,0.87)\u00a0\u00bb background_color_gradient_end=\u00a0\u00bbrgba(0,39,94,0.93)\u00a0\u00bb background_image=\u00a0\u00bbhttps:\/\/www.parnipcas.org\/wp-content\/uploads\/2020\/08\/Header-2-scaled-e1597165599686.jpg\u00a0\u00bb background_position=\u00a0\u00bbtop_center\u00a0\u00bb custom_padding=\u00a0\u00bb||||true|false\u00a0\u00bb saved_tabs=\u00a0\u00bball\u00a0\u00bb locked=\u00a0\u00bboff\u00a0\u00bb global_colors_info=\u00a0\u00bb{}\u00a0\u00bb][et_pb_row _builder_version=\u00a0\u00bb4.16&Prime; global_colors_info=\u00a0\u00bb{}\u00a0\u00bb][et_pb_column type=\u00a0\u00bb4_4&Prime; _builder_version=\u00a0\u00bb4.16&Prime; global_colors_info=\u00a0\u00bb{}\u00a0\u00bb][et_pb_text _builder_version=\u00a0\u00bb4.16&Prime; header_font=\u00a0\u00bbGill Sans MT Bold||||||||\u00a0\u00bb header_text_align=\u00a0\u00bbcenter\u00a0\u00bb header_text_color=\u00a0\u00bb#ffffff\u00a0\u00bb header_font_size=\u00a0\u00bb60px\u00a0\u00bb header_font_size_tablet=\u00a0\u00bb\u00a0\u00bb header_font_size_phone=\u00a0\u00bb38px\u00a0\u00bb header_font_size_last_edited=\u00a0\u00bbon|phone\u00a0\u00bb locked=\u00a0\u00bboff\u00a0\u00bb global_colors_info=\u00a0\u00bb{}\u00a0\u00bb]<\/p>\n<h1>Centre d\u00d4\u00c7\u00d6appui aux enfants et \u251c\u00e1 la jeunesse de Nipissing<\/h1>\n<p>[\/et_pb_text][\/et_pb_column][\/et_pb_row][\/et_pb_section][et_pb_section fb_built=\u00a0\u00bb1&Prime; specialty=\u00a0\u00bbon\u00a0\u00bb module_class_1=\u00a0\u00bbinner-menu-mobile-column\u00a0\u00bb _builder_version=\u00a0\u00bb4.16&Prime; module_alignment=\u00a0\u00bbcenter\u00a0\u00bb inner_module_alignment=\u00a0\u00bbcenter\u00a0\u00bb custom_padding=\u00a0\u00bb25px||||false|false\u00a0\u00bb global_colors_info=\u00a0\u00bb{}\u00a0\u00bb][et_pb_column type=\u00a0\u00bb1_4&Prime; _builder_version=\u00a0\u00bb4.16&Prime; custom_padding=\u00a0\u00bb|||\u00a0\u00bb global_colors_info=\u00a0\u00bb{}\u00a0\u00bb custom_padding__hover=\u00a0\u00bb|||\u00a0\u00bb][dsm_menu menu_id=\u00a0\u00bb26&Prime; menu_link_text_color=\u00a0\u00bb#4e5f6f\u00a0\u00bb menu_space_between=\u00a0\u00bb3px\u00a0\u00bb list_style_color=\u00a0\u00bb#4e5f6f\u00a0\u00bb module_id=\u00a0\u00bbinternal-menu\u00a0\u00bb module_class=\u00a0\u00bbinternal-menu\u00a0\u00bb _builder_version=\u00a0\u00bb4.16&Prime; menu_font=\u00a0\u00bbGill Sans MT Bold||||||||\u00a0\u00bb menu_font_size=\u00a0\u00bb17px\u00a0\u00bb custom_margin=\u00a0\u00bb||||false|false\u00a0\u00bb custom_padding=\u00a0\u00bb||||false|false\u00a0\u00bb saved_tabs=\u00a0\u00bball\u00a0\u00bb global_colors_info=\u00a0\u00bb{}\u00a0\u00bb menu_link_text_color__hover_enabled=\u00a0\u00bbon|hover\u00a0\u00bb menu_link_text_color__hover=\u00a0\u00bb#493d6f\u00a0\u00bb][\/dsm_menu][\/et_pb_column][et_pb_column type=\u00a0\u00bb3_4&Prime; specialty_columns=\u00a0\u00bb3&Prime; _builder_version=\u00a0\u00bb4.16&Prime; custom_padding=\u00a0\u00bb|||\u00a0\u00bb global_colors_info=\u00a0\u00bb{}\u00a0\u00bb custom_padding__hover=\u00a0\u00bb|||\u00a0\u00bb][et_pb_row_inner _builder_version=\u00a0\u00bb4.16&Prime; custom_padding=\u00a0\u00bb||0px||false|false\u00a0\u00bb global_colors_info=\u00a0\u00bb{}\u00a0\u00bb][et_pb_column_inner saved_specialty_column_type=\u00a0\u00bb2_3&Prime; _builder_version=\u00a0\u00bb4.16&Prime; global_colors_info=\u00a0\u00bb{}\u00a0\u00bb][et_pb_text _builder_version=\u00a0\u00bb4.16&Prime; header_text_align=\u00a0\u00bbcenter\u00a0\u00bb header_2_font=\u00a0\u00bbGill Sans MT Bold||||||||\u00a0\u00bb header_2_text_align=\u00a0\u00bbleft\u00a0\u00bb header_2_text_color=\u00a0\u00bb#1b82bd\u00a0\u00bb header_2_font_size=\u00a0\u00bb22px\u00a0\u00bb custom_margin=\u00a0\u00bb||10px||false|false\u00a0\u00bb custom_padding=\u00a0\u00bb||||false|false\u00a0\u00bb global_colors_info=\u00a0\u00bb{}\u00a0\u00bb]<\/p>\n<h2>\u252c\u00e1\u252c\u00e1\u252c\u00e1 \u251c\u00c7 propos du Centre<\/h2>\n<p>[\/et_pb_text][\/et_pb_column_inner][\/et_pb_row_inner][et_pb_row_inner column_structure=\u00a0\u00bb1_2,1_2&Prime; use_custom_gutter=\u00a0\u00bbon\u00a0\u00bb gutter_width=\u00a0\u00bb2&Prime; make_equal=\u00a0\u00bbon\u00a0\u00bb _builder_version=\u00a0\u00bb4.16&Prime; custom_margin=\u00a0\u00bb||||false|false\u00a0\u00bb custom_padding=\u00a0\u00bb10px||10px||false|false\u00a0\u00bb global_colors_info=\u00a0\u00bb{}\u00a0\u00bb][et_pb_column_inner type=\u00a0\u00bb1_2&Prime; saved_specialty_column_type=\u00a0\u00bb3_4&Prime; _builder_version=\u00a0\u00bb4.16&Prime; custom_padding=\u00a0\u00bb25px|25px|25px|25px|true|true\u00a0\u00bb border_width_all=\u00a0\u00bb3px\u00a0\u00bb border_color_all=\u00a0\u00bb#edf0f1&Prime; border_style_all=\u00a0\u00bbnone\u00a0\u00bb global_colors_info=\u00a0\u00bb{}\u00a0\u00bb][et_pb_text _builder_version=\u00a0\u00bb4.16&Prime; text_font=\u00a0\u00bbGill Sans MT Regular||||||||\u00a0\u00bb text_font_size=\u00a0\u00bb18px\u00a0\u00bb header_font=\u00a0\u00bbGill Sans MT Regular||||||||\u00a0\u00bb global_colors_info=\u00a0\u00bb{}\u00a0\u00bb]<\/p>\n<p>Le Centre d\u00d4\u00c7\u00d6appui aux enfants et \u251c\u00e1 la jeunesse de Nipissing offre des services coordonn\u251c\u00aes, int\u251c\u00aegr\u251c\u00aes et collaboratifs aux victimes. Il s\u00d4\u00c7\u00d6agit d\u00d4\u00c7\u00d6un endroit chaleureux et accueillant pour les enfants, les jeunes et les familles. <span>  <\/span><\/p>\n<p>[\/et_pb_text][et_pb_image src=\u00a0\u00bbhttps:\/\/www.parnipcas.org\/wp-content\/uploads\/2022\/02\/Vission-missio-nfrench-e1644945238559.jpg\u00a0\u00bb title_text=\u00a0\u00bbVission missio nfrench\u00a0\u00bb _builder_version=\u00a0\u00bb4.16&Prime; _module_preset=\u00a0\u00bbdefault\u00a0\u00bb global_colors_info=\u00a0\u00bb{}\u00a0\u00bb][\/et_pb_image][\/et_pb_column_inner][et_pb_column_inner type=\u00a0\u00bb1_2&Prime; saved_specialty_column_type=\u00a0\u00bb3_4&Prime; _builder_version=\u00a0\u00bb4.16&Prime; custom_padding=\u00a0\u00bb25px|25px|25px|25px|true|true\u00a0\u00bb border_width_all=\u00a0\u00bb3px\u00a0\u00bb border_color_all=\u00a0\u00bb#edf0f1&Prime; border_style_all=\u00a0\u00bbnone\u00a0\u00bb global_colors_info=\u00a0\u00bb{}\u00a0\u00bb][et_pb_image src=\u00a0\u00bbhttps:\/\/www.parnipcas.org\/wp-content\/uploads\/2022\/02\/Picture1.jpg\u00a0\u00bb title_text=\u00a0\u00bbPicture1&Prime; _builder_version=\u00a0\u00bb4.16&Prime; _module_preset=\u00a0\u00bbdefault\u00a0\u00bb global_colors_info=\u00a0\u00bb{}\u00a0\u00bb][\/et_pb_image][\/et_pb_column_inner][\/et_pb_row_inner][et_pb_row_inner _builder_version=\u00a0\u00bb4.18.0&Prime; _module_preset=\u00a0\u00bbdefault\u00a0\u00bb global_colors_info=\u00a0\u00bb{}\u00a0\u00bb][et_pb_column_inner saved_specialty_column_type=\u00a0\u00bb3_4&Prime; _builder_version=\u00a0\u00bb4.18.0&Prime; _module_preset=\u00a0\u00bbdefault\u00a0\u00bb global_colors_info=\u00a0\u00bb{}\u00a0\u00bb][et_pb_video _builder_version=\u00a0\u00bb4.18.0&Prime; _module_preset=\u00a0\u00bbdefault\u00a0\u00bb src=\u00a0\u00bbhttps:\/\/www.parnipcas.org\/videos\/CyacFreCaptions_small.mp4&Prime; hover_enabled=\u00a0\u00bb0&Prime; sticky_enabled=\u00a0\u00bb0&Prime;][\/et_pb_video][\/et_pb_column_inner][\/et_pb_row_inner][et_pb_row_inner _builder_version=\u00a0\u00bb4.16&Prime; _module_preset=\u00a0\u00bbdefault\u00a0\u00bb custom_padding=\u00a0\u00bb||15px|||\u00a0\u00bb global_colors_info=\u00a0\u00bb{}\u00a0\u00bb][et_pb_column_inner saved_specialty_column_type=\u00a0\u00bb3_4&Prime; _builder_version=\u00a0\u00bb4.16&Prime; _module_preset=\u00a0\u00bbdefault\u00a0\u00bb global_colors_info=\u00a0\u00bb{}\u00a0\u00bb][et_pb_text _builder_version=\u00a0\u00bb4.16&Prime; header_text_align=\u00a0\u00bbcenter\u00a0\u00bb header_2_font=\u00a0\u00bbGill Sans MT Bold||||||||\u00a0\u00bb header_2_text_align=\u00a0\u00bbleft\u00a0\u00bb header_2_text_color=\u00a0\u00bb#1b82bd\u00a0\u00bb header_2_font_size=\u00a0\u00bb22px\u00a0\u00bb custom_margin=\u00a0\u00bb||10px||false|false\u00a0\u00bb custom_padding=\u00a0\u00bb||||false|false\u00a0\u00bb locked=\u00a0\u00bboff\u00a0\u00bb global_colors_info=\u00a0\u00bb{}\u00a0\u00bb]<\/p>\n<h2>Une intervention communautaire<\/h2>\n<p>[\/et_pb_text][et_pb_text _builder_version=\u00a0\u00bb4.16&Prime; text_font=\u00a0\u00bbGill Sans MT Regular||||||||\u00a0\u00bb text_font_size=\u00a0\u00bb18px\u00a0\u00bb header_font=\u00a0\u00bbGill Sans MT Regular||||||||\u00a0\u00bb locked=\u00a0\u00bboff\u00a0\u00bb global_colors_info=\u00a0\u00bb{}\u00a0\u00bb]<\/p>\n<p>Nos services regroupent plusieurs partenaires communautaires qui coordonnent les services aux enfants, aux jeunes et aux familles : <\/p>\n<p>[\/et_pb_text][\/et_pb_column_inner][\/et_pb_row_inner][et_pb_row_inner column_structure=\u00a0\u00bb1_2,1_2&Prime; _builder_version=\u00a0\u00bb4.16&Prime; _module_preset=\u00a0\u00bbdefault\u00a0\u00bb min_height=\u00a0\u00bb297.5px\u00a0\u00bb global_colors_info=\u00a0\u00bb{}\u00a0\u00bb][et_pb_column_inner type=\u00a0\u00bb1_2&Prime; saved_specialty_column_type=\u00a0\u00bb3_4&Prime; _builder_version=\u00a0\u00bb4.16&Prime; _module_preset=\u00a0\u00bbdefault\u00a0\u00bb global_colors_info=\u00a0\u00bb{}\u00a0\u00bb][et_pb_text _builder_version=\u00a0\u00bb4.16&Prime; text_font=\u00a0\u00bbGill Sans MT Regular||||||||\u00a0\u00bb text_font_size=\u00a0\u00bb18px\u00a0\u00bb header_font=\u00a0\u00bbGill Sans MT Regular||||||||\u00a0\u00bb locked=\u00a0\u00bboff\u00a0\u00bb global_colors_info=\u00a0\u00bb{}\u00a0\u00bb]<\/p>\n<ul>\n<li>Soci\u251c\u00aet\u251c\u00ae d\u00d4\u00c7\u00d6aide \u251c\u00e1 l\u00d4\u00c7\u00d6enfance du district de Nipissing et Parry Sound<\/li>\n<li>Mains LeReseaudaideauxfamilles.ca<\/li>\n<li>Centre r\u251c\u00aegional de sant\u251c\u00ae de North Bay<\/li>\n<li>Services aux victimes du district de Nipissing<\/li>\n<li>Programme d\u00d4\u00c7\u00d6aide aux victimes et aux t\u251c\u00aemoins<\/li>\n<li>Service de police Anishinabek<\/li>\n<li>Service de police de North Bay<\/li>\n<li>Police provinciale de l\u00d4\u00c7\u00d6Ontario<\/li>\n<li>Minist\u251c\u00bfre du Procureur g\u251c\u00aen\u251c\u00aeral<\/li>\n<li>Service de police de Nipissing Ouest<\/li>\n<\/ul>\n<p>[\/et_pb_text][\/et_pb_column_inner][et_pb_column_inner type=\u00a0\u00bb1_2&Prime; saved_specialty_column_type=\u00a0\u00bb3_4&Prime; _builder_version=\u00a0\u00bb4.16&Prime; _module_preset=\u00a0\u00bbdefault\u00a0\u00bb global_colors_info=\u00a0\u00bb{}\u00a0\u00bb][et_pb_image src=\u00a0\u00bbhttps:\/\/www.parnipcas.org\/wp-content\/uploads\/2022\/02\/chewie.png\u00a0\u00bb title_text=\u00a0\u00bbchewie\u00a0\u00bb align=\u00a0\u00bbcenter\u00a0\u00bb _builder_version=\u00a0\u00bb4.16&Prime; _module_preset=\u00a0\u00bbdefault\u00a0\u00bb global_colors_info=\u00a0\u00bb{}\u00a0\u00bb][\/et_pb_image][\/et_pb_column_inner][\/et_pb_row_inner][et_pb_row_inner _builder_version=\u00a0\u00bb4.16&Prime; _module_preset=\u00a0\u00bbdefault\u00a0\u00bb global_colors_info=\u00a0\u00bb{}\u00a0\u00bb][et_pb_column_inner saved_specialty_column_type=\u00a0\u00bb3_4&Prime; _builder_version=\u00a0\u00bb4.16&Prime; _module_preset=\u00a0\u00bbdefault\u00a0\u00bb global_colors_info=\u00a0\u00bb{}\u00a0\u00bb][et_pb_image src=\u00a0\u00bbhttps:\/\/www.parnipcas.org\/wp-content\/uploads\/2022\/02\/CYAC-French.jpg\u00a0\u00bb title_text=\u00a0\u00bbCYAC French\u00a0\u00bb align=\u00a0\u00bbcenter\u00a0\u00bb _builder_version=\u00a0\u00bb4.16&Prime; _module_preset=\u00a0\u00bbdefault\u00a0\u00bb global_colors_info=\u00a0\u00bb{}\u00a0\u00bb][\/et_pb_image][\/et_pb_column_inner][\/et_pb_row_inner][\/et_pb_column][\/et_pb_section]<\/p>\n","protected":false},"excerpt":{"rendered":"<p>Centre d\u00d4\u00c7\u00d6appui aux enfants et \u251c\u00e1 la jeunesse de Nipissing<div id=\"internal-menu\" class=\"et_pb_module dsm_menu dsm_menu_0 internal-menu  et_pb_text_align_left et_pb_bg_layout_light\">\n\t\t\t\t\n\t\t\t\t\n\t\t\t\t\n\t\t\t\t\n\t\t\t\t\n\t\t\t\t\n\t\t\t\t<div class=\"et_pb_module_inner\">\n\t\t\t\t\t<nav class=\"dsm-menu-container\" role=\"navigation\" itemscope itemtype=\"http:\/\/schema.org\/SiteNavigationElement\"><ul id=\"menu-services-programs-inner-menu-french\" class=\"dsm-menu dsm-menu-style-type-disc dsm-menu-layout-vertical\"><li id=\"menu-item-8369\" class=\"et_pb_menu_page_id-8363 menu-item menu-item-type-post_type menu-item-object-page menu-item-8369\"><a href=\"https:\/\/www.parnipcas.org\/fr\/programmes-et-services\/\" itemprop=\"url\"><span itemprop=\"name\">Soin des mamans<\/span><\/a><\/li>\n<li id=\"menu-item-12981\" class=\"et_pb_menu_page_id-12834 menu-item menu-item-type-post_type menu-item-object-page menu-item-12981\"><a href=\"https:\/\/www.parnipcas.org\/fr\/?page_id=12834\" itemprop=\"url\"><span itemprop=\"name\">Programme Mothers in Mind<\/span><\/a><\/li>\n<li id=\"menu-item-8737\" class=\"et_pb_menu_page_id-8671 menu-item menu-item-type-post_type menu-item-object-page menu-item-8737\"><a href=\"https:\/\/www.parnipcas.org\/fr\/programmes-et-services\/services-de-developpement-du-nourrisson-et-de-lenfant\/\" itemprop=\"url\"><span itemprop=\"name\">Services de d\u251c\u00aeveloppement du nourrisson et de l\u00d4\u00c7\u00d6enfant<\/span><\/a><\/li>\n<li id=\"menu-item-8400\" class=\"et_pb_menu_page_id-8376 menu-item menu-item-type-post_type menu-item-object-page menu-item-8400\"><a href=\"https:\/\/www.parnipcas.org\/fr\/programmes-et-services\/programme-daction-communautaire-pour-les-enfants\/\" itemprop=\"url\"><span itemprop=\"name\">Programme d\u00d4\u00c7\u00d6action communautaire pour les enfants<\/span><\/a><\/li>\n<li id=\"menu-item-8432\" class=\"et_pb_menu_page_id-8404 menu-item menu-item-type-post_type menu-item-object-page menu-item-8432\"><a href=\"https:\/\/www.parnipcas.org\/fr\/programmes-et-services\/140-elmwood-fr\/\" itemprop=\"url\"><span itemprop=\"name\">Carrefour communautaire Beauchamp<\/span><\/a><\/li>\n<li id=\"menu-item-8738\" class=\"et_pb_menu_page_id-8676 menu-item menu-item-type-post_type menu-item-object-page menu-item-8738\"><a href=\"https:\/\/www.parnipcas.org\/fr\/programmes-et-services\/travailleurs-et-travailleuses-aupres-des-enfants-et-des-jeunes\/\" itemprop=\"url\"><span itemprop=\"name\">Travailleurs et travailleuses aupr\u251c\u00bfs des enfants et des jeunes<\/span><\/a><\/li>\n<li id=\"menu-item-12144\" class=\"et_pb_menu_page_id-10975 menu-item menu-item-type-post_type menu-item-object-page menu-item-12144\"><a href=\"https:\/\/www.parnipcas.org\/fr\/planification-de-la-grossesse\/\" itemprop=\"url\"><span itemprop=\"name\">Planification de la grossesse<\/span><\/a><\/li>\n<li id=\"menu-item-12145\" class=\"et_pb_menu_page_id-11275 menu-item menu-item-type-post_type menu-item-object-page menu-item-12145\"><a href=\"https:\/\/www.parnipcas.org\/fr\/programmes-et-services\/centre-dappui-aux-enfants-et-a-la-jeunesse-de-nipissing\/\" itemprop=\"url\"><span itemprop=\"name\">Centre d\u00d4\u00c7\u00d6appui aux enfants et \u251c\u00e1 la jeunesse de Nipissing<\/span><\/a><\/li>\n<li id=\"menu-item-12146\" class=\"et_pb_menu_page_id-11777 menu-item menu-item-type-post_type menu-item-object-page menu-item-12146\"><a href=\"https:\/\/www.parnipcas.org\/fr\/a-grands-pas-vers-la-reussite\/\" itemprop=\"url\"><span itemprop=\"name\">\u251c\u00c7 grands pas vers la r\u251c\u00aeussite<\/span><\/a><\/li>\n<li id=\"menu-item-11801\" class=\"et_pb_menu_page_id-11777 menu-item menu-item-type-post_type menu-item-object-page menu-item-11801\"><a href=\"https:\/\/www.parnipcas.org\/fr\/a-grands-pas-vers-la-reussite\/\" itemprop=\"url\"><span itemprop=\"name\">\u251c\u00c7 grands pas vers la r\u251c\u00aeussite<\/span><\/a><\/li>\n<\/ul><\/nav>\n\t\t\t\t<\/div>\n\t\t\t<\/div>\u252c\u00e1\u252c\u00e1\u252c\u00e1 \u251c\u00c7 propos du CentreLe Centre d\u00d4\u00c7\u00d6appui aux enfants et \u251c\u00e1 la jeunesse de Nipissing offre des services coordonn\u251c\u00aes, int\u251c\u00aegr\u251c\u00aes et collaboratifs aux victimes. Il s\u00d4\u00c7\u00d6agit d\u00d4\u00c7\u00d6un endroit [&hellip;]<\/p>\n","protected":false},"author":5,"featured_media":0,"parent":8363,"menu_order":0,"comment_status":"closed","ping_status":"closed","template":"","meta":{"_et_pb_use_builder":"on","_et_pb_old_content":"","_et_gb_content_width":"","footnotes":""},"class_list":["post-11275","page","type-page","status-publish","hentry"],"yoast_head":"<!-- This site is optimized with the Yoast SEO plugin v27.4 - https:\/\/yoast.com\/product\/yoast-seo-wordpress\/ -->\n<title>Centre d\u00d4\u00c7\u00d6appui aux enfants et \u251c\u00e1 la jeunesse de Nipissing - Children&#039;s Aid Society<\/title>\n<meta name=\"robots\" content=\"index, follow, max-snippet:-1, max-image-preview:large, max-video-preview:-1\" \/>\n<link rel=\"canonical\" href=\"https:\/\/www.parnipcas.org\/fr\/programmes-et-services\/centre-dappui-aux-enfants-et-a-la-jeunesse-de-nipissing\/\" \/>\n<meta property=\"og:locale\" content=\"fr_FR\" \/>\n<meta property=\"og:type\" content=\"article\" \/>\n<meta property=\"og:title\" content=\"Centre d\u00d4\u00c7\u00d6appui aux enfants et \u251c\u00e1 la jeunesse de Nipissing - Children&#039;s Aid Society\" \/>\n<meta property=\"og:description\" content=\"Centre d\u00d4\u00c7\u00d6appui aux enfants et \u251c\u00e1 la jeunesse de Nipissing\u252c\u00e1\u252c\u00e1\u252c\u00e1 \u251c\u00c7 propos du CentreLe Centre d\u00d4\u00c7\u00d6appui aux enfants et \u251c\u00e1 la jeunesse de Nipissing offre des services coordonn\u251c\u00aes, int\u251c\u00aegr\u251c\u00aes et collaboratifs aux victimes. Il s\u00d4\u00c7\u00d6agit d\u00d4\u00c7\u00d6un endroit [&hellip;]\" \/>\n<meta property=\"og:url\" content=\"https:\/\/www.parnipcas.org\/fr\/programmes-et-services\/centre-dappui-aux-enfants-et-a-la-jeunesse-de-nipissing\/\" \/>\n<meta property=\"og:site_name\" content=\"Children&#039;s Aid Society\" \/>\n<meta property=\"article:modified_time\" content=\"2022-10-11T17:57:37+00:00\" \/>\n<meta name=\"twitter:card\" content=\"summary_large_image\" \/>\n<meta name=\"twitter:label1\" content=\"Dur\u00e9e de lecture estim\u00e9e\" \/>\n\t<meta name=\"twitter:data1\" content=\"5 minutes\" \/>\n<script type=\"application\/ld+json\" class=\"yoast-schema-graph\">{\"@context\":\"https:\\\/\\\/schema.org\",\"@graph\":[{\"@type\":\"WebPage\",\"@id\":\"https:\\\/\\\/www.parnipcas.org\\\/fr\\\/programmes-et-services\\\/centre-dappui-aux-enfants-et-a-la-jeunesse-de-nipissing\\\/\",\"url\":\"https:\\\/\\\/www.parnipcas.org\\\/fr\\\/programmes-et-services\\\/centre-dappui-aux-enfants-et-a-la-jeunesse-de-nipissing\\\/\",\"name\":\"Centre d\u00d4\u00c7\u00d6appui aux enfants et \u251c\u00e1 la jeunesse de Nipissing - Children&#039;s Aid Society\",\"isPartOf\":{\"@id\":\"https:\\\/\\\/www.parnipcas.org\\\/#website\"},\"datePublished\":\"2022-02-15T17:00:41+00:00\",\"dateModified\":\"2022-10-11T17:57:37+00:00\",\"breadcrumb\":{\"@id\":\"https:\\\/\\\/www.parnipcas.org\\\/fr\\\/programmes-et-services\\\/centre-dappui-aux-enfants-et-a-la-jeunesse-de-nipissing\\\/#breadcrumb\"},\"inLanguage\":\"fr-FR\",\"potentialAction\":[{\"@type\":\"ReadAction\",\"target\":[\"https:\\\/\\\/www.parnipcas.org\\\/fr\\\/programmes-et-services\\\/centre-dappui-aux-enfants-et-a-la-jeunesse-de-nipissing\\\/\"]}]},{\"@type\":\"BreadcrumbList\",\"@id\":\"https:\\\/\\\/www.parnipcas.org\\\/fr\\\/programmes-et-services\\\/centre-dappui-aux-enfants-et-a-la-jeunesse-de-nipissing\\\/#breadcrumb\",\"itemListElement\":[{\"@type\":\"ListItem\",\"position\":1,\"name\":\"Home\",\"item\":\"https:\\\/\\\/www.parnipcas.org\\\/fr\\\/\"},{\"@type\":\"ListItem\",\"position\":2,\"name\":\"Programmes et services\",\"item\":\"https:\\\/\\\/www.parnipcas.org\\\/fr\\\/programmes-et-services\\\/\"},{\"@type\":\"ListItem\",\"position\":3,\"name\":\"Centre d\u00d4\u00c7\u00d6appui aux enfants et \u251c\u00e1 la jeunesse de Nipissing\"}]},{\"@type\":\"WebSite\",\"@id\":\"https:\\\/\\\/www.parnipcas.org\\\/#website\",\"url\":\"https:\\\/\\\/www.parnipcas.org\\\/\",\"name\":\"Children&#039;s Aid Society\",\"description\":\"Nipissing &amp; Parry Sound District\",\"potentialAction\":[{\"@type\":\"SearchAction\",\"target\":{\"@type\":\"EntryPoint\",\"urlTemplate\":\"https:\\\/\\\/www.parnipcas.org\\\/?s={search_term_string}\"},\"query-input\":{\"@type\":\"PropertyValueSpecification\",\"valueRequired\":true,\"valueName\":\"search_term_string\"}}],\"inLanguage\":\"fr-FR\"}]}<\/script>\n<!-- \/ Yoast SEO plugin. -->","yoast_head_json":{"title":"Centre d\u00d4\u00c7\u00d6appui aux enfants et \u251c\u00e1 la jeunesse de Nipissing - Children&#039;s Aid Society","robots":{"index":"index","follow":"follow","max-snippet":"max-snippet:-1","max-image-preview":"max-image-preview:large","max-video-preview":"max-video-preview:-1"},"canonical":"https:\/\/www.parnipcas.org\/fr\/programmes-et-services\/centre-dappui-aux-enfants-et-a-la-jeunesse-de-nipissing\/","og_locale":"fr_FR","og_type":"article","og_title":"Centre d\u00d4\u00c7\u00d6appui aux enfants et \u251c\u00e1 la jeunesse de Nipissing - Children&#039;s Aid Society","og_description":"Centre d\u00d4\u00c7\u00d6appui aux enfants et \u251c\u00e1 la jeunesse de Nipissing\u252c\u00e1\u252c\u00e1\u252c\u00e1 \u251c\u00c7 propos du CentreLe Centre d\u00d4\u00c7\u00d6appui aux enfants et \u251c\u00e1 la jeunesse de Nipissing offre des services coordonn\u251c\u00aes, int\u251c\u00aegr\u251c\u00aes et collaboratifs aux victimes. Il s\u00d4\u00c7\u00d6agit d\u00d4\u00c7\u00d6un endroit [&hellip;]","og_url":"https:\/\/www.parnipcas.org\/fr\/programmes-et-services\/centre-dappui-aux-enfants-et-a-la-jeunesse-de-nipissing\/","og_site_name":"Children&#039;s Aid Society","article_modified_time":"2022-10-11T17:57:37+00:00","twitter_card":"summary_large_image","twitter_misc":{"Dur\u00e9e de lecture estim\u00e9e":"5 minutes"},"schema":{"@context":"https:\/\/schema.org","@graph":[{"@type":"WebPage","@id":"https:\/\/www.parnipcas.org\/fr\/programmes-et-services\/centre-dappui-aux-enfants-et-a-la-jeunesse-de-nipissing\/","url":"https:\/\/www.parnipcas.org\/fr\/programmes-et-services\/centre-dappui-aux-enfants-et-a-la-jeunesse-de-nipissing\/","name":"Centre d\u00d4\u00c7\u00d6appui aux enfants et \u251c\u00e1 la jeunesse de Nipissing - Children&#039;s Aid Society","isPartOf":{"@id":"https:\/\/www.parnipcas.org\/#website"},"datePublished":"2022-02-15T17:00:41+00:00","dateModified":"2022-10-11T17:57:37+00:00","breadcrumb":{"@id":"https:\/\/www.parnipcas.org\/fr\/programmes-et-services\/centre-dappui-aux-enfants-et-a-la-jeunesse-de-nipissing\/#breadcrumb"},"inLanguage":"fr-FR","potentialAction":[{"@type":"ReadAction","target":["https:\/\/www.parnipcas.org\/fr\/programmes-et-services\/centre-dappui-aux-enfants-et-a-la-jeunesse-de-nipissing\/"]}]},{"@type":"BreadcrumbList","@id":"https:\/\/www.parnipcas.org\/fr\/programmes-et-services\/centre-dappui-aux-enfants-et-a-la-jeunesse-de-nipissing\/#breadcrumb","itemListElement":[{"@type":"ListItem","position":1,"name":"Home","item":"https:\/\/www.parnipcas.org\/fr\/"},{"@type":"ListItem","position":2,"name":"Programmes et services","item":"https:\/\/www.parnipcas.org\/fr\/programmes-et-services\/"},{"@type":"ListItem","position":3,"name":"Centre d\u00d4\u00c7\u00d6appui aux enfants et \u251c\u00e1 la jeunesse de Nipissing"}]},{"@type":"WebSite","@id":"https:\/\/www.parnipcas.org\/#website","url":"https:\/\/www.parnipcas.org\/","name":"Children&#039;s Aid Society","description":"Nipissing &amp; Parry Sound District","potentialAction":[{"@type":"SearchAction","target":{"@type":"EntryPoint","urlTemplate":"https:\/\/www.parnipcas.org\/?s={search_term_string}"},"query-input":{"@type":"PropertyValueSpecification","valueRequired":true,"valueName":"search_term_string"}}],"inLanguage":"fr-FR"}]}},"_links":{"self":[{"href":"https:\/\/www.parnipcas.org\/fr\/wp-json\/wp\/v2\/pages\/11275","targetHints":{"allow":["GET"]}}],"collection":[{"href":"https:\/\/www.parnipcas.org\/fr\/wp-json\/wp\/v2\/pages"}],"about":[{"href":"https:\/\/www.parnipcas.org\/fr\/wp-json\/wp\/v2\/types\/page"}],"author":[{"embeddable":true,"href":"https:\/\/www.parnipcas.org\/fr\/wp-json\/wp\/v2\/users\/5"}],"replies":[{"embeddable":true,"href":"https:\/\/www.parnipcas.org\/fr\/wp-json\/wp\/v2\/comments?post=11275"}],"version-history":[{"count":5,"href":"https:\/\/www.parnipcas.org\/fr\/wp-json\/wp\/v2\/pages\/11275\/revisions"}],"predecessor-version":[{"id":12034,"href":"https:\/\/www.parnipcas.org\/fr\/wp-json\/wp\/v2\/pages\/11275\/revisions\/12034"}],"up":[{"embeddable":true,"href":"https:\/\/www.parnipcas.org\/fr\/wp-json\/wp\/v2\/pages\/8363"}],"wp:attachment":[{"href":"https:\/\/www.parnipcas.org\/fr\/wp-json\/wp\/v2\/media?parent=11275"}],"curies":[{"name":"wp","href":"https:\/\/api.w.org\/{rel}","templated":true}]}}