{"id":12140,"date":"2022-10-27T10:08:40","date_gmt":"2022-10-27T14:08:40","guid":{"rendered":"https:\/\/www.parnipcas.org\/avis-de-pratique\/"},"modified":"2022-10-27T10:08:42","modified_gmt":"2022-10-27T14:08:42","slug":"avis-de-pratique","status":"publish","type":"page","link":"https:\/\/www.parnipcas.org\/fr\/avis-de-pratique\/","title":{"rendered":"Avis de pratique"},"content":{"rendered":"<p>[et_pb_section fb_built=\u00a0\u00bb1&Prime; _builder_version=\u00a0\u00bb4.16&Prime; background_color=\u00a0\u00bb#1b2b42&Prime; use_background_color_gradient=\u00a0\u00bbon\u00a0\u00bb background_color_gradient_stops=\u00a0\u00bbrgba(27,43,66,0.87) 0%|rgba(0,39,94,0.93) 100%\u00a0\u00bb background_color_gradient_overlays_image=\u00a0\u00bbon\u00a0\u00bb background_color_gradient_start=\u00a0\u00bbrgba(27,43,66,0.87)\u00a0\u00bb background_color_gradient_end=\u00a0\u00bbrgba(0,39,94,0.93)\u00a0\u00bb background_image=\u00a0\u00bbhttps:\/\/www.parnipcas.org\/wp-content\/uploads\/2020\/08\/Header-7-e1597167237912.jpg\u00a0\u00bb background_position=\u00a0\u00bbtop_center\u00a0\u00bb custom_padding=\u00a0\u00bb||||true|false\u00a0\u00bb background_color_gradient_stops_tablet=\u00a0\u00bbrgba(27,43,66,0.87) 0%|rgba(0,39,94,0.93) 100%\u00a0\u00bb background_color_gradient_stops_phone=\u00a0\u00bbrgba(27,43,66,0.87) 0%|rgba(0,39,94,0.93) 100%\u00a0\u00bb global_module=\u00a0\u00bb6451&Prime; saved_tabs=\u00a0\u00bball\u00a0\u00bb global_colors_info=\u00a0\u00bb{}\u00a0\u00bb][et_pb_row _builder_version=\u00a0\u00bb4.16&Prime; global_colors_info=\u00a0\u00bb{}\u00a0\u00bb][et_pb_column type=\u00a0\u00bb4_4&Prime; _builder_version=\u00a0\u00bb4.16&Prime; global_colors_info=\u00a0\u00bb{}\u00a0\u00bb][et_pb_text _builder_version=\u00a0\u00bb4.16&Prime; header_font=\u00a0\u00bbGill Sans MT Bold||||||||\u00a0\u00bb header_text_align=\u00a0\u00bbcenter\u00a0\u00bb header_text_color=\u00a0\u00bb#ffffff\u00a0\u00bb header_font_size=\u00a0\u00bb60px\u00a0\u00bb header_font_size_tablet=\u00a0\u00bb\u00a0\u00bb header_font_size_phone=\u00a0\u00bb38px\u00a0\u00bb header_font_size_last_edited=\u00a0\u00bbon|phone\u00a0\u00bb locked=\u00a0\u00bboff\u00a0\u00bb global_colors_info=\u00a0\u00bb{}\u00a0\u00bb]<\/p>\n<h1><span>Ressources pour les Parents<\/span><\/h1>\n<p>[\/et_pb_text][\/et_pb_column][\/et_pb_row][\/et_pb_section][et_pb_section fb_built=\u00a0\u00bb1&Prime; specialty=\u00a0\u00bbon\u00a0\u00bb module_class_1=\u00a0\u00bbinner-menu-mobile-column\u00a0\u00bb _builder_version=\u00a0\u00bb4.16&Prime; module_alignment=\u00a0\u00bbcenter\u00a0\u00bb inner_module_alignment=\u00a0\u00bbcenter\u00a0\u00bb custom_padding=\u00a0\u00bb25px||||false|false\u00a0\u00bb global_colors_info=\u00a0\u00bb{}\u00a0\u00bb][et_pb_column type=\u00a0\u00bb1_4&Prime; _builder_version=\u00a0\u00bb4.16&Prime; custom_padding=\u00a0\u00bb|||\u00a0\u00bb global_colors_info=\u00a0\u00bb{}\u00a0\u00bb custom_padding__hover=\u00a0\u00bb|||\u00a0\u00bb][dsm_menu menu_id=\u00a0\u00bb38&Prime; menu_link_text_color=\u00a0\u00bb#4e5f6f\u00a0\u00bb menu_space_between=\u00a0\u00bb3px\u00a0\u00bb list_style_color=\u00a0\u00bb#4e5f6f\u00a0\u00bb module_id=\u00a0\u00bbinternal-menu\u00a0\u00bb module_class=\u00a0\u00bbinternal-menu\u00a0\u00bb _builder_version=\u00a0\u00bb4.4.9&Prime; menu_font=\u00a0\u00bbGill Sans MT Bold||||||||\u00a0\u00bb menu_font_size=\u00a0\u00bb17px\u00a0\u00bb custom_margin=\u00a0\u00bb||||false|false\u00a0\u00bb custom_padding=\u00a0\u00bb||||false|false\u00a0\u00bb global_module=\u00a0\u00bb6452&Prime; saved_tabs=\u00a0\u00bball\u00a0\u00bb global_colors_info=\u00a0\u00bb{}\u00a0\u00bb menu_link_text_color__hover_enabled=\u00a0\u00bbon|hover\u00a0\u00bb menu_link_text_color__hover=\u00a0\u00bb#8b4462&Prime;][\/dsm_menu][\/et_pb_column][et_pb_column type=\u00a0\u00bb3_4&Prime; specialty_columns=\u00a0\u00bb3&Prime; _builder_version=\u00a0\u00bb4.16&Prime; custom_padding=\u00a0\u00bb|||\u00a0\u00bb global_colors_info=\u00a0\u00bb{}\u00a0\u00bb custom_padding__hover=\u00a0\u00bb|||\u00a0\u00bb][et_pb_row_inner _builder_version=\u00a0\u00bb4.16&Prime; custom_padding=\u00a0\u00bb||10px||false|false\u00a0\u00bb global_colors_info=\u00a0\u00bb{}\u00a0\u00bb][et_pb_column_inner saved_specialty_column_type=\u00a0\u00bb2_3&Prime; _builder_version=\u00a0\u00bb4.16&Prime; global_colors_info=\u00a0\u00bb{}\u00a0\u00bb][et_pb_text _builder_version=\u00a0\u00bb4.18.0&Prime; header_text_align=\u00a0\u00bbcenter\u00a0\u00bb header_2_font=\u00a0\u00bbGill Sans MT Bold||||||||\u00a0\u00bb header_2_text_align=\u00a0\u00bbleft\u00a0\u00bb header_2_text_color=\u00a0\u00bb#1b82bd\u00a0\u00bb header_2_font_size=\u00a0\u00bb22px\u00a0\u00bb custom_margin=\u00a0\u00bb||10px||false|false\u00a0\u00bb custom_padding=\u00a0\u00bb||||false|false\u00a0\u00bb global_colors_info=\u00a0\u00bb{}\u00a0\u00bb]<\/p>\n<h2>Avis de pratique<\/h2>\n<p>[\/et_pb_text][et_pb_text _builder_version=\u00a0\u00bb4.18.0&Prime; text_font=\u00a0\u00bbGill Sans MT Regular||||||||\u00a0\u00bb text_font_size=\u00a0\u00bb18px\u00a0\u00bb header_font=\u00a0\u00bbGill Sans MT Regular||||||||\u00a0\u00bb custom_margin=\u00a0\u00bb||10px||false|false\u00a0\u00bb custom_padding=\u00a0\u00bb||4px||false|false\u00a0\u00bb hover_enabled=\u00a0\u00bb0&Prime; locked=\u00a0\u00bboff\u00a0\u00bb global_colors_info=\u00a0\u00bb{}\u00a0\u00bb sticky_enabled=\u00a0\u00bb0&Prime;]<\/p>\n<p><strong>\u251c\u00ebducation des parents relativement aux environnements de sommeil plus <\/strong><br \/><strong>s\u251c\u00aecuritaires pour les nourrissons<\/strong><\/p>\n<p>Le pr\u251c\u00aesent avis de pratique vise \u251c\u00e1 aider les praticiens \u251c\u00e1 offrir de l\u00d4\u00c7\u00d6information aux familles avec lesquelles ils travaillent, \u251c\u00e1 partager l\u00d4\u00c7\u00d6information avec les coll\u251c\u00bfgues et d\u00d4\u00c7\u00d6autres professionnels de la communaut\u251c\u00ae, ainsi qu\u00d4\u00c7\u00d6\u251c\u00e1 appuyer le travail que toutes ces personnes accomplissent pour assurer la s\u251c\u00aecurit\u251c\u00ae des enfants. Le syndrome de mort subite du nourrisson (SMSN) et d\u00d4\u00c7\u00d6autres formes de d\u251c\u00aec\u251c\u00bfs de nourrissons survenant durant le sommeil sont reconnus comme \u251c\u00aetant d\u00d4\u00c7\u00d6importantes pr\u251c\u00aeoccupations de sant\u251c\u00ae publique de la part de l\u00d4\u00c7\u00d6Agence de la sant\u251c\u00ae publique du Canada. Les chercheurs ont d\u251c\u00aetermin\u251c\u00ae des facteurs de risque dans l\u00d4\u00c7\u00d6environnement de sommeil des nourrissons qui peuvent contribuer non seulement au SMSN, mais aussi aux d\u251c\u00aec\u251c\u00bfs par suffocation parce que l\u00d4\u00c7\u00d6enfant est recouvert ou coinc\u251c\u00ae. Les facteurs associ\u251c\u00aes aux environnements de sommeil non s\u251c\u00aecuritaires incluent le partage d\u00d4\u00c7\u00d6une surface de sommeil avec un adulte ou un autre enfant et la pr\u251c\u00aesence d\u00d4\u00c7\u00d6accessoires de literie moelleux. (http:\/\/www.phac-aspc.gc.ca\/hp-ps\/dca-dea\/stagesetapes\/childhood-enfance_0-2\/sids\/index-fra.php)   <\/p>\n<p><strong>Partage de la chambre ou partage du lit<\/strong><br \/>Le partage du lit est une pratique de sommeil o\u251c\u2563 un b\u251c\u00aeb\u251c\u00ae partage une surface de sommeil avec une autre personne. Le partage de la chambre est une pratique de sommeil o\u251c\u2563 un nourrisson se trouve \u251c\u00e1 proximit\u251c\u00ae de sa personne responsable, mais sans partager une surface de sommeil.<\/p>\n<p>Aucun environnement de sommeil ne comporte absolument aucun risque, mais on peut prendre de nombreuses dispositions pour \u251c\u00aeduquer les parents sur les fa\u251c\u00baons de procurer un environnement de sommeil plus s\u251c\u00aecuritaire \u251c\u00e1 leurs nourrissons.<\/p>\n<p>Les conseils que nous donnons sont guid\u251c\u00aes par les donn\u251c\u00aees fond\u251c\u00aees sur les faits disponibles, qui indiquent que les nourrissons dormant dans leur propre couchette sont beaucoup plus en s\u251c\u00aecurit\u251c\u00ae que les nourrissons partageant un lit (Soci\u251c\u00aet\u251c\u00ae canadienne de p\u251c\u00aediatrie). <\/p>\n<p><strong>Conseils de pratiques de sommeil s\u251c\u00aecuritaires<\/strong><br \/>Informer les parents ou personnes responsables que toute forme de sommeil d\u00d4\u00c7\u00d6un nourrisson doit avoir lieu dans un environnement de sommeil s\u251c\u00aecuritaire en tout temps, qu\u00d4\u00c7\u00d6il s\u00d4\u00c7\u00d6agisse du sommeil nocturne ou de siestes.<\/p>\n<p>Conseiller aux parents ou personnes responsables de placer le nourrisson seul, sur le dos, l\u251c\u00aeg\u251c\u00bfrement v\u251c\u00actu, sur un matelas ferme en l\u00d4\u00c7\u00d6abritant d\u00d4\u00c7\u00d6un drap bien ajust\u251c\u00ae, dans une couchette, un lit de b\u251c\u00aeb\u251c\u00ae ou un berceau appropri\u251c\u00aes \u251c\u00e1 son \u251c\u00f3ge qui respectent les normes de s\u251c\u00aecurit\u251c\u00ae de Sant\u251c\u00ae Canada.<br \/>r\u251c\u00bfglement.<\/p>\n<p>Encourager les parents ou personnes responsables \u251c\u00e1 pratiquer le partage de la chambre (coucher dans la m\u251c\u00acme chambre, mais sur une surface de sommeil<br \/>distincte) avec leur nourrisson durant au moins les six premiers mois de sa vie.<\/p>\n<p>Informer les parents ou personnes responsables que le partage du lit (partage d\u00d4\u00c7\u00d6une surface de sommeil \u00d4\u00c7\u00f4 incluant un lit, un matelas, un canap\u251c\u00ae,<br \/>un fauteuil ou un futon) en tout temps avec un nourrisson peut \u251c\u00actre dangereux \u251c\u00e1 cause des risques de l\u251c\u00aesions ou de mort accidentels qui y sont associ\u251c\u00aes. De plus, le risque de SMSN et d\u00d4\u00c7\u00d6autres formes de d\u251c\u00aec\u251c\u00bfs survenant durant le sommeil s\u00d4\u00c7\u00d6accro\u251c\u00abt lorsqu\u00d4\u00c7\u00d6un nourrisson partage une surface de sommeil avec un parent ou une personne responsable si ces derniers fument ou sont intoxiqu\u251c\u00aes par l\u00d4\u00c7\u00d6alcool ou des drogues, y compris des m\u251c\u00aedicaments prescrits, extr\u251c\u00acmement fatigu\u251c\u00aes ou ob\u251c\u00bfses .  <\/p>\n<p>Renseigner les parents ou personnes responsables relativement au fort risque de mort subite du nourrisson qui survient dans des environnements de sommeil non s\u251c\u00aecuritaires<br \/>, notamment les risques possibles d\u251c\u00aecoulant du fait que le nourrisson soit recouvert ou coinc\u251c\u00ae, suffoque ou ait un d\u251c\u00aebit d\u00d4\u00c7\u00d6air r\u251c\u00aeduit ou qu\u00d4\u00c7\u00d6il ait trop<br \/>chaud (de tels environnements incluent les situations o\u251c\u2563 on partage le lit).<\/p>\n<p>Rappeler aux parents ou personnes responsables de ne pas placer de bordures de protection, d\u00d4\u00c7\u00d6oreillers, de jouets ou autres objets en dessous, au-dessus ou autour du nourrisson lorsqu\u00d4\u00c7\u00d6il dort.<\/p>\n<p>\u00d4\u00c7\u00f3 Informer les parents ou personnes responsables qu\u00d4\u00c7\u00d6entre autres, les si\u251c\u00bfges d\u00d4\u00c7\u00d6auto, les poussettes, les balan\u251c\u00baoires d\u00d4\u00c7\u00d6enfant et les si\u251c\u00bfges sauteurs ne sont pas con\u251c\u00baus, test\u251c\u00aes ni approuv\u251c\u00aes en tant que mat\u251c\u00aeriel de sommeil s\u251c\u00aecuritaire pour les nourrissons; la position de la t\u251c\u00acte du nourrisson lorsqu\u00d4\u00c7\u00d6il est assis durant de longues p\u251c\u00aeriodes peut causer l\u00d4\u00c7\u00d6obstruction des voies respiratoires.<\/p>\n<p>&nbsp;<\/p>\n<h6><em>Ces conseils sont conformes aux recommandations de la Soci\u251c\u00aet\u251c\u00ae canadienne de p\u251c\u00aediatrie, qui sont fond\u251c\u00aees sur un examen des preuves scientifiques disponibles.<\/em><\/h6>\n<h6><em>L\u00d4\u00c7\u00d6ob\u251c\u00aesit\u251c\u00ae en tant que facteur de risque li\u251c\u00ae au sommeil non s\u251c\u00aecuritaire cadre avec la recommandation du rapport annuel du Comit\u251c\u00ae d\u00d4\u00c7\u00d6examen des d\u251c\u00aec\u251c\u00bfs d\u00d4\u00c7\u00d6enfants et du Comit\u251c\u00ae d\u00d4\u00c7\u00d6examen des d\u251c\u00aec\u251c\u00bfs d\u00d4\u00c7\u00d6enfants de moins de cinq ans (juin 2007).<\/em><\/h6>\n<p>[\/et_pb_text][\/et_pb_column_inner][\/et_pb_row_inner][\/et_pb_column][\/et_pb_section]<\/p>\n","protected":false},"excerpt":{"rendered":"<p>Ressources pour les Parents<div id=\"internal-menu\" class=\"et_pb_module dsm_menu dsm_menu_0 internal-menu  et_pb_text_align_left et_pb_bg_layout_light\">\n\t\t\t\t\n\t\t\t\t\n\t\t\t\t\n\t\t\t\t\n\t\t\t\t\n\t\t\t\t\n\t\t\t\t<div class=\"et_pb_module_inner\">\n\t\t\t\t\t<nav class=\"dsm-menu-container\" role=\"navigation\" itemscope itemtype=\"http:\/\/schema.org\/SiteNavigationElement\"><ul id=\"menu-parenting-resources-footer-french\" class=\"dsm-menu dsm-menu-style-type-disc dsm-menu-layout-vertical\"><li id=\"menu-item-8436\" class=\"et_pb_menu_page_id-8410 menu-item menu-item-type-post_type menu-item-object-page menu-item-8436\"><a href=\"https:\/\/www.parnipcas.org\/fr\/sante-et-securite\/\" itemprop=\"url\"><span itemprop=\"name\">Sant\u251c\u00ae et s\u251c\u00aecurit\u251c\u00ae<\/span><\/a><\/li>\n<li id=\"menu-item-8401\" class=\"et_pb_menu_page_id-8383 menu-item menu-item-type-post_type menu-item-object-page menu-item-8401\"><a href=\"https:\/\/www.parnipcas.org\/fr\/soutien-au-logement-et-aux-depenses\/\" itemprop=\"url\"><span itemprop=\"name\">Soutien au logement et aux d\u251c\u00aepenses<\/span><\/a><\/li>\n<li id=\"menu-item-12148\" class=\"et_pb_menu_page_id-12140 menu-item menu-item-type-post_type menu-item-object-page menu-item-12148\"><a href=\"https:\/\/www.parnipcas.org\/fr\/avis-de-pratique\/\" itemprop=\"url\"><span itemprop=\"name\">Avis de pratique<\/span><\/a><\/li>\n<\/ul><\/nav>\n\t\t\t\t<\/div>\n\t\t\t<\/div>Avis de pratique\u251c\u00ebducation des parents relativement aux environnements de sommeil plus s\u251c\u00aecuritaires pour les nourrissons Le pr\u251c\u00aesent avis de pratique vise \u251c\u00e1 aider les praticiens \u251c\u00e1 offrir de l\u00d4\u00c7\u00d6information aux familles avec lesquelles [&hellip;]<\/p>\n","protected":false},"author":5,"featured_media":0,"parent":0,"menu_order":0,"comment_status":"closed","ping_status":"closed","template":"","meta":{"_et_pb_use_builder":"on","_et_pb_old_content":"","_et_gb_content_width":"","footnotes":""},"class_list":["post-12140","page","type-page","status-publish","hentry"],"yoast_head":"<!-- This site is optimized with the Yoast SEO plugin v27.0 - https:\/\/yoast.com\/product\/yoast-seo-wordpress\/ -->\n<title>Avis de pratique - Children&#039;s Aid Society<\/title>\n<meta name=\"robots\" content=\"index, follow, max-snippet:-1, max-image-preview:large, max-video-preview:-1\" \/>\n<link rel=\"canonical\" href=\"https:\/\/www.parnipcas.org\/fr\/avis-de-pratique\/\" \/>\n<meta property=\"og:locale\" content=\"fr_FR\" \/>\n<meta property=\"og:type\" content=\"article\" \/>\n<meta property=\"og:title\" content=\"Avis de pratique - Children&#039;s Aid Society\" \/>\n<meta property=\"og:description\" content=\"Ressources pour les ParentsAvis de pratique\u251c\u00ebducation des parents relativement aux environnements de sommeil plus s\u251c\u00aecuritaires pour les nourrissons Le pr\u251c\u00aesent avis de pratique vise \u251c\u00e1 aider les praticiens \u251c\u00e1 offrir de l\u00d4\u00c7\u00d6information aux familles avec lesquelles [&hellip;]\" \/>\n<meta property=\"og:url\" content=\"https:\/\/www.parnipcas.org\/fr\/avis-de-pratique\/\" \/>\n<meta property=\"og:site_name\" content=\"Children&#039;s Aid Society\" \/>\n<meta property=\"article:modified_time\" content=\"2022-10-27T14:08:42+00:00\" \/>\n<meta name=\"twitter:card\" content=\"summary_large_image\" \/>\n<meta name=\"twitter:label1\" content=\"Dur\u00e9e de lecture estim\u00e9e\" \/>\n\t<meta name=\"twitter:data1\" content=\"6 minutes\" \/>\n<script type=\"application\/ld+json\" class=\"yoast-schema-graph\">{\"@context\":\"https:\/\/schema.org\",\"@graph\":[{\"@type\":\"WebPage\",\"@id\":\"https:\/\/www.parnipcas.org\/fr\/avis-de-pratique\/\",\"url\":\"https:\/\/www.parnipcas.org\/fr\/avis-de-pratique\/\",\"name\":\"Avis de pratique - Children&#039;s Aid Society\",\"isPartOf\":{\"@id\":\"https:\/\/www.parnipcas.org\/#website\"},\"datePublished\":\"2022-10-27T14:08:40+00:00\",\"dateModified\":\"2022-10-27T14:08:42+00:00\",\"breadcrumb\":{\"@id\":\"https:\/\/www.parnipcas.org\/fr\/avis-de-pratique\/#breadcrumb\"},\"inLanguage\":\"fr-FR\",\"potentialAction\":[{\"@type\":\"ReadAction\",\"target\":[\"https:\/\/www.parnipcas.org\/fr\/avis-de-pratique\/\"]}]},{\"@type\":\"BreadcrumbList\",\"@id\":\"https:\/\/www.parnipcas.org\/fr\/avis-de-pratique\/#breadcrumb\",\"itemListElement\":[{\"@type\":\"ListItem\",\"position\":1,\"name\":\"Home\",\"item\":\"https:\/\/www.parnipcas.org\/fr\/\"},{\"@type\":\"ListItem\",\"position\":2,\"name\":\"Avis de pratique\"}]},{\"@type\":\"WebSite\",\"@id\":\"https:\/\/www.parnipcas.org\/#website\",\"url\":\"https:\/\/www.parnipcas.org\/\",\"name\":\"Children&#039;s Aid Society\",\"description\":\"Nipissing &amp; Parry Sound District\",\"potentialAction\":[{\"@type\":\"SearchAction\",\"target\":{\"@type\":\"EntryPoint\",\"urlTemplate\":\"https:\/\/www.parnipcas.org\/?s={search_term_string}\"},\"query-input\":{\"@type\":\"PropertyValueSpecification\",\"valueRequired\":true,\"valueName\":\"search_term_string\"}}],\"inLanguage\":\"fr-FR\"}]}<\/script>\n<!-- \/ Yoast SEO plugin. -->","yoast_head_json":{"title":"Avis de pratique - Children&#039;s Aid Society","robots":{"index":"index","follow":"follow","max-snippet":"max-snippet:-1","max-image-preview":"max-image-preview:large","max-video-preview":"max-video-preview:-1"},"canonical":"https:\/\/www.parnipcas.org\/fr\/avis-de-pratique\/","og_locale":"fr_FR","og_type":"article","og_title":"Avis de pratique - Children&#039;s Aid Society","og_description":"Ressources pour les ParentsAvis de pratique\u251c\u00ebducation des parents relativement aux environnements de sommeil plus s\u251c\u00aecuritaires pour les nourrissons Le pr\u251c\u00aesent avis de pratique vise \u251c\u00e1 aider les praticiens \u251c\u00e1 offrir de l\u00d4\u00c7\u00d6information aux familles avec lesquelles [&hellip;]","og_url":"https:\/\/www.parnipcas.org\/fr\/avis-de-pratique\/","og_site_name":"Children&#039;s Aid Society","article_modified_time":"2022-10-27T14:08:42+00:00","twitter_card":"summary_large_image","twitter_misc":{"Dur\u00e9e de lecture estim\u00e9e":"6 minutes"},"schema":{"@context":"https:\/\/schema.org","@graph":[{"@type":"WebPage","@id":"https:\/\/www.parnipcas.org\/fr\/avis-de-pratique\/","url":"https:\/\/www.parnipcas.org\/fr\/avis-de-pratique\/","name":"Avis de pratique - Children&#039;s Aid Society","isPartOf":{"@id":"https:\/\/www.parnipcas.org\/#website"},"datePublished":"2022-10-27T14:08:40+00:00","dateModified":"2022-10-27T14:08:42+00:00","breadcrumb":{"@id":"https:\/\/www.parnipcas.org\/fr\/avis-de-pratique\/#breadcrumb"},"inLanguage":"fr-FR","potentialAction":[{"@type":"ReadAction","target":["https:\/\/www.parnipcas.org\/fr\/avis-de-pratique\/"]}]},{"@type":"BreadcrumbList","@id":"https:\/\/www.parnipcas.org\/fr\/avis-de-pratique\/#breadcrumb","itemListElement":[{"@type":"ListItem","position":1,"name":"Home","item":"https:\/\/www.parnipcas.org\/fr\/"},{"@type":"ListItem","position":2,"name":"Avis de pratique"}]},{"@type":"WebSite","@id":"https:\/\/www.parnipcas.org\/#website","url":"https:\/\/www.parnipcas.org\/","name":"Children&#039;s Aid Society","description":"Nipissing &amp; Parry Sound District","potentialAction":[{"@type":"SearchAction","target":{"@type":"EntryPoint","urlTemplate":"https:\/\/www.parnipcas.org\/?s={search_term_string}"},"query-input":{"@type":"PropertyValueSpecification","valueRequired":true,"valueName":"search_term_string"}}],"inLanguage":"fr-FR"}]}},"_links":{"self":[{"href":"https:\/\/www.parnipcas.org\/fr\/wp-json\/wp\/v2\/pages\/12140","targetHints":{"allow":["GET"]}}],"collection":[{"href":"https:\/\/www.parnipcas.org\/fr\/wp-json\/wp\/v2\/pages"}],"about":[{"href":"https:\/\/www.parnipcas.org\/fr\/wp-json\/wp\/v2\/types\/page"}],"author":[{"embeddable":true,"href":"https:\/\/www.parnipcas.org\/fr\/wp-json\/wp\/v2\/users\/5"}],"replies":[{"embeddable":true,"href":"https:\/\/www.parnipcas.org\/fr\/wp-json\/wp\/v2\/comments?post=12140"}],"version-history":[{"count":2,"href":"https:\/\/www.parnipcas.org\/fr\/wp-json\/wp\/v2\/pages\/12140\/revisions"}],"predecessor-version":[{"id":12142,"href":"https:\/\/www.parnipcas.org\/fr\/wp-json\/wp\/v2\/pages\/12140\/revisions\/12142"}],"wp:attachment":[{"href":"https:\/\/www.parnipcas.org\/fr\/wp-json\/wp\/v2\/media?parent=12140"}],"curies":[{"name":"wp","href":"https:\/\/api.w.org\/{rel}","templated":true}]}}