{"id":8079,"date":"2020-08-11T15:16:40","date_gmt":"2020-08-11T19:16:40","guid":{"rendered":"https:\/\/www.parnipcas.org\/protection-de-lenfance\/lage-de-la-protection\/"},"modified":"2020-11-11T13:16:35","modified_gmt":"2020-11-11T18:16:35","slug":"lage-de-la-protection","status":"publish","type":"page","link":"https:\/\/www.parnipcas.org\/fr\/protection-de-lenfance\/lage-de-la-protection\/","title":{"rendered":"L&rsquo;\u251c\u00f3ge de la protection"},"content":{"rendered":"<p>[et_pb_section fb_built=\u00a0\u00bb1&Prime; module_class=\u00a0\u00bbheader-icon-size\u00a0\u00bb _builder_version=\u00a0\u00bb4.4.8&Prime; background_color=\u00a0\u00bb#1b2b42&Prime; use_background_color_gradient=\u00a0\u00bbon\u00a0\u00bb background_color_gradient_start=\u00a0\u00bbrgba(27,43,66,0.87)\u00a0\u00bb background_color_gradient_end=\u00a0\u00bbrgba(0,39,94,0.93)\u00a0\u00bb background_color_gradient_overlays_image=\u00a0\u00bbon\u00a0\u00bb background_image=\u00a0\u00bbhttps:\/\/www.parnipcas.org\/wp-content\/uploads\/2020\/06\/stock-photo-little-kids-at-a-halloween-party-1173596917.jpg\u00a0\u00bb custom_padding=\u00a0\u00bb||||true|false\u00a0\u00bb da_disable_devices=\u00a0\u00bboff|off|off\u00a0\u00bb saved_tabs=\u00a0\u00bball\u00a0\u00bb da_is_popup=\u00a0\u00bboff\u00a0\u00bb da_exit_intent=\u00a0\u00bboff\u00a0\u00bb da_has_close=\u00a0\u00bbon\u00a0\u00bb da_alt_close=\u00a0\u00bboff\u00a0\u00bb da_dark_close=\u00a0\u00bboff\u00a0\u00bb da_not_modal=\u00a0\u00bbon\u00a0\u00bb da_is_singular=\u00a0\u00bboff\u00a0\u00bb da_with_loader=\u00a0\u00bboff\u00a0\u00bb da_has_shadow=\u00a0\u00bbon\u00a0\u00bb][et_pb_row make_equal=\u00a0\u00bbon\u00a0\u00bb _builder_version=\u00a0\u00bb4.4.8&Prime; width=\u00a0\u00bb100%\u00a0\u00bb max_width=\u00a0\u00bb900px\u00a0\u00bb][et_pb_column type=\u00a0\u00bb4_4&Prime; _builder_version=\u00a0\u00bb4.4.8&Prime;][et_pb_text _builder_version=\u00a0\u00bb4.4.9&Prime; header_font=\u00a0\u00bbGill Sans MT Bold||||||||\u00a0\u00bb header_text_align=\u00a0\u00bbcenter\u00a0\u00bb header_text_color=\u00a0\u00bb#ffffff\u00a0\u00bb header_font_size=\u00a0\u00bb60px\u00a0\u00bb header_font_size_tablet=\u00a0\u00bb\u00a0\u00bb header_font_size_phone=\u00a0\u00bb38px\u00a0\u00bb header_font_size_last_edited=\u00a0\u00bbon|phone\u00a0\u00bb]<\/p>\n<h1>Protection de l\u00d4\u00c7\u00d6enfance<\/h1>\n<p>[\/et_pb_text][\/et_pb_column][\/et_pb_row][\/et_pb_section][et_pb_section fb_built=\u00a0\u00bb1&Prime; specialty=\u00a0\u00bbon\u00a0\u00bb module_class_1=\u00a0\u00bbinner-menu-mobile-column\u00a0\u00bb _builder_version=\u00a0\u00bb4.4.9&Prime; module_alignment=\u00a0\u00bbcenter\u00a0\u00bb inner_module_alignment=\u00a0\u00bbcenter\u00a0\u00bb custom_padding=\u00a0\u00bb25px||||false|false\u00a0\u00bb da_disable_devices=\u00a0\u00bboff|off|off\u00a0\u00bb da_is_popup=\u00a0\u00bboff\u00a0\u00bb da_exit_intent=\u00a0\u00bboff\u00a0\u00bb da_has_close=\u00a0\u00bbon\u00a0\u00bb da_alt_close=\u00a0\u00bboff\u00a0\u00bb da_dark_close=\u00a0\u00bboff\u00a0\u00bb da_not_modal=\u00a0\u00bbon\u00a0\u00bb da_is_singular=\u00a0\u00bboff\u00a0\u00bb da_with_loader=\u00a0\u00bboff\u00a0\u00bb da_has_shadow=\u00a0\u00bbon\u00a0\u00bb][et_pb_column type=\u00a0\u00bb1_4&Prime; _builder_version=\u00a0\u00bb3.25&Prime; custom_padding=\u00a0\u00bb|||\u00a0\u00bb custom_padding__hover=\u00a0\u00bb|||\u00a0\u00bb][dsm_menu menu_id=\u00a0\u00bb13&Prime; menu_link_text_color=\u00a0\u00bb#4e5f6f\u00a0\u00bb menu_space_between=\u00a0\u00bb3px\u00a0\u00bb list_style_color=\u00a0\u00bb#4e5f6f\u00a0\u00bb module_id=\u00a0\u00bbinternal-menu\u00a0\u00bb module_class=\u00a0\u00bbinternal-menu\u00a0\u00bb _builder_version=\u00a0\u00bb4.4.9&Prime; menu_font=\u00a0\u00bbGill Sans MT Bold||||||||\u00a0\u00bb menu_font_size=\u00a0\u00bb17px\u00a0\u00bb custom_margin=\u00a0\u00bb||||false|false\u00a0\u00bb custom_padding=\u00a0\u00bb||||false|false\u00a0\u00bb saved_tabs=\u00a0\u00bball\u00a0\u00bb menu_link_text_color__hover_enabled=\u00a0\u00bbon|hover\u00a0\u00bb menu_link_text_color__hover=\u00a0\u00bb#493d6f\u00a0\u00bb][\/dsm_menu][\/et_pb_column][et_pb_column type=\u00a0\u00bb3_4&Prime; specialty_columns=\u00a0\u00bb3&Prime; _builder_version=\u00a0\u00bb3.25&Prime; custom_padding=\u00a0\u00bb|||\u00a0\u00bb custom_padding__hover=\u00a0\u00bb|||\u00a0\u00bb][et_pb_row_inner _builder_version=\u00a0\u00bb4.4.8&Prime; custom_padding=\u00a0\u00bb||||false|false\u00a0\u00bb][et_pb_column_inner saved_specialty_column_type=\u00a0\u00bb2_3&Prime; _builder_version=\u00a0\u00bb4.4.8&Prime;][et_pb_text _builder_version=\u00a0\u00bb4.4.8&Prime; header_text_align=\u00a0\u00bbcenter\u00a0\u00bb header_2_font=\u00a0\u00bbGill Sans MT Bold||||||||\u00a0\u00bb header_2_text_align=\u00a0\u00bbleft\u00a0\u00bb header_2_text_color=\u00a0\u00bb#1b82bd\u00a0\u00bb header_2_font_size=\u00a0\u00bb22px\u00a0\u00bb custom_margin=\u00a0\u00bb||10px||false|false\u00a0\u00bb custom_padding=\u00a0\u00bb||||false|false\u00a0\u00bb]<\/p>\n<h2>Augmentation de l\u00d4\u00c7\u00d6\u251c\u00f3ge de la protection de 16 \u251c\u00e1 18 ans<\/h2>\n<p>[\/et_pb_text][et_pb_text _builder_version=\u00a0\u00bb4.4.8&Prime; text_font=\u00a0\u00bbGill Sans MT Regular||||||||\u00a0\u00bb text_font_size=\u00a0\u00bb18px\u00a0\u00bb header_font=\u00a0\u00bbGill Sans MT Regular||||||||\u00a0\u00bb]<\/p>\n<p>Soci\u251c\u00aet\u251c\u00aes d&rsquo;aide \u251c\u00e1 l&rsquo;enfance de l&rsquo;Ontario sont maintenant en mesure de fournir une gamme compl\u251c\u00bfte de services de protection de l&rsquo;enfance \u251c\u00e1 16 et 17 ans. Ceci est un changement important qui conduira \u251c\u00e1 des avantages r\u251c\u00aeels pour les jeunes en Ontario. <\/p>\n<p>La recherche indique que les jeunes \u251c\u00f3g\u251c\u00aes qui ont \u251c\u00aet\u251c\u00ae maltrait\u251c\u00aes ou n\u251c\u00aeglig\u251c\u00aes ont un risque accru de sans-abri, les probl\u251c\u00bfmes de sant\u251c\u00ae mentale, la toxicomanie, la traite des personnes et les perspectives d&#8217;emploi ont diminu\u251c\u00ae.<\/p>\n<p>Maintenant, 16 et 17 ans vont avoir:<\/p>\n<ul>\n<li>de meilleures possibilit\u251c\u00aes d&rsquo;obtenir le soutien dont ils ont besoin<\/li>\n<li>de meilleures possibilit\u251c\u00aes d&rsquo;atteindre leur plein potentiel<\/li>\n<li>de meilleurs r\u251c\u00aesultats lors de leur transition vers l&rsquo;\u251c\u00f3ge adulte.<\/li>\n<\/ul>\n<p>[\/et_pb_text][\/et_pb_column_inner][\/et_pb_row_inner][et_pb_row_inner column_structure=\u00a0\u00bb1_2,1_2&Prime; use_custom_gutter=\u00a0\u00bbon\u00a0\u00bb gutter_width=\u00a0\u00bb2&Prime; _builder_version=\u00a0\u00bb4.4.8&Prime; custom_margin=\u00a0\u00bb||0px||false|false\u00a0\u00bb custom_padding=\u00a0\u00bb0px||10px||false|false\u00a0\u00bb][et_pb_column_inner type=\u00a0\u00bb1_2&Prime; saved_specialty_column_type=\u00a0\u00bb3_4&Prime; _builder_version=\u00a0\u00bb4.4.8&Prime;][et_pb_image src=\u00a0\u00bbhttps:\/\/www.parnipcas.org\/wp-content\/uploads\/2020\/08\/shutterstock_1318011395-scaled.jpg\u00a0\u00bb title_text=\u00a0\u00bbshutterstock_1318011395&Prime; _builder_version=\u00a0\u00bb4.5.6&Prime;][\/et_pb_image][\/et_pb_column_inner][et_pb_column_inner type=\u00a0\u00bb1_2&Prime; saved_specialty_column_type=\u00a0\u00bb3_4&Prime; _builder_version=\u00a0\u00bb4.4.8&Prime;][et_pb_text _builder_version=\u00a0\u00bb4.6.3&Prime; header_2_font=\u00a0\u00bbGill Sans MT Bold||||||||\u00a0\u00bb header_2_text_color=\u00a0\u00bb#1b82bd\u00a0\u00bb header_2_font_size=\u00a0\u00bb22px\u00a0\u00bb header_3_font=\u00a0\u00bbGill Sans MT Bold||||||||\u00a0\u00bb header_3_text_color=\u00a0\u00bb#1b82bd\u00a0\u00bb custom_margin=\u00a0\u00bb||10px||false|false\u00a0\u00bb custom_padding=\u00a0\u00bb||||false|false\u00a0\u00bb hover_enabled=\u00a0\u00bb0&Prime; locked=\u00a0\u00bboff\u00a0\u00bb sticky_enabled=\u00a0\u00bb0&Prime;]<\/p>\n<h3>Renseignements pour les jeunes<\/h3>\n<p>[\/et_pb_text][et_pb_text _builder_version=\u00a0\u00bb4.4.8&Prime; text_font=\u00a0\u00bbGill Sans MT Regular||||||||\u00a0\u00bb text_font_size=\u00a0\u00bb18px\u00a0\u00bb header_font=\u00a0\u00bbGill Sans MT Regular||||||||\u00a0\u00bb]<\/p>\n<p>Si vous \u251c\u00actes vieux et sentir dans le besoin de soutien et de protection, vous pouvez approcher une soci\u251c\u00aet\u251c\u00ae d&rsquo;aide \u251c\u00e1 l&rsquo;enfance et \u251c\u00e1 cr\u251c\u00aeer volontairement une entente de service qui vous donnera quelques-uns ou tous les supports qui sont offerts aux jeunes dans les soins 16 ou 17 ans. La d\u251c\u00aecision est \u251c\u00e1 vous, si vous recevez une pension alimentaire ou non, et donc vous pouvez sentir \u251c\u00e1 l&rsquo;aise de nous appeler pour discuter de votre situation et vos options. <\/p>\n<p>[\/et_pb_text][\/et_pb_column_inner][\/et_pb_row_inner][et_pb_row_inner _builder_version=\u00a0\u00bb4.4.8&Prime; custom_padding=\u00a0\u00bb5px||5px||false|false\u00a0\u00bb][et_pb_column_inner saved_specialty_column_type=\u00a0\u00bb3_4&Prime; _builder_version=\u00a0\u00bb4.4.8&Prime;][et_pb_text _builder_version=\u00a0\u00bb4.5.6&Prime; text_font=\u00a0\u00bbGill Sans MT Regular||||||||\u00a0\u00bb text_font_size=\u00a0\u00bb18px\u00a0\u00bb header_font=\u00a0\u00bbGill Sans MT Regular||||||||\u00a0\u00bb]<\/p>\n<p>Vous pouvez avoir besoin des services de protection si vous rencontrez des abus physiques, les abus sexuels, la violence psychologique, la n\u251c\u00aegligence et \/ ou d&rsquo;abandon, ou si vous \u251c\u00actes \u251c\u00e1 risque de l&rsquo;une de ces choses. Si vous avez quitt\u251c\u00ae la maison en raison des pr\u251c\u00aeoccupations concernant la s\u251c\u00aecurit\u251c\u00ae ou risque de pr\u251c\u00aejudice \u251c\u00e1 la maison, ou si vous \u251c\u00actes sans-abri, vous pourriez \u251c\u00actre admissible \u251c\u00e1 des services. Si vous n&rsquo;\u251c\u00actes pas s\u251c\u2557r de savoir si vous pourriez \u251c\u00actre admissible, vous pouvez nous contacter \u251c\u00e1 <g id=\"gid_0\">905-525-2012<\/g> (apr\u251c\u00bfs les heures 905-522-8053).<\/p>\n<p><a href=\"https:\/\/www.parnipcas.org\/wp-content\/uploads\/2020\/08\/Info-For-Youth-FRENCH.pdf\">Cliquez ici<\/a> pour plus d&rsquo;informations du Minist\u251c\u00bfre des enfants et \u251c\u00e1 la jeunesse ce que cela signifie pour vous.<\/p>\n<p>[\/et_pb_text][\/et_pb_column_inner][\/et_pb_row_inner][et_pb_row_inner use_custom_gutter=\u00a0\u00bbon\u00a0\u00bb gutter_width=\u00a0\u00bb2&Prime; _builder_version=\u00a0\u00bb4.4.8&Prime; custom_margin=\u00a0\u00bb||0px||false|false\u00a0\u00bb custom_padding=\u00a0\u00bb||5px||false|false\u00a0\u00bb][et_pb_column_inner saved_specialty_column_type=\u00a0\u00bb3_4&Prime; _builder_version=\u00a0\u00bb4.4.8&Prime;][et_pb_text _builder_version=\u00a0\u00bb4.6.3&Prime; header_2_font=\u00a0\u00bbGill Sans MT Bold||||||||\u00a0\u00bb header_2_text_color=\u00a0\u00bb#1b82bd\u00a0\u00bb header_2_font_size=\u00a0\u00bb22px\u00a0\u00bb header_3_font=\u00a0\u00bbGill Sans MT Bold||||||||\u00a0\u00bb header_3_text_color=\u00a0\u00bb#1b82bd\u00a0\u00bb custom_margin=\u00a0\u00bb||10px||false|false\u00a0\u00bb custom_padding=\u00a0\u00bb||||false|false\u00a0\u00bb hover_enabled=\u00a0\u00bb0&Prime; locked=\u00a0\u00bboff\u00a0\u00bb sticky_enabled=\u00a0\u00bb0&Prime;]<\/p>\n<h3>Information du public et des organismes jeunesse<\/h3>\n<p>[\/et_pb_text][et_pb_text _builder_version=\u00a0\u00bb4.4.8&Prime; text_font=\u00a0\u00bbGill Sans MT Regular||||||||\u00a0\u00bb text_font_size=\u00a0\u00bb18px\u00a0\u00bb header_font=\u00a0\u00bbGill Sans MT Regular||||||||\u00a0\u00bb]<\/p>\n<p>Nous avons tous la responsabilit\u251c\u00ae de garder les enfants et les jeunes dans notre communaut\u251c\u00ae hors de danger. Pour les enfants de moins de 16 ans, cette responsabilit\u251c\u00ae est appel\u251c\u00aee obligation de signaler. En gros, si vous avez des raisons de croire qu&rsquo;un enfant est maltrait\u251c\u00ae ou n\u251c\u00aeglig\u251c\u00ae, vous \u251c\u00actes l\u251c\u00aegalement tenus de signaler que les soup\u251c\u00baons \u251c\u00e1 une soci\u251c\u00aet\u251c\u00ae d&rsquo;aide \u251c\u00e1 l&rsquo;enfance. La Soci\u251c\u00aet\u251c\u00ae \u251c\u00aetudiera votre pr\u251c\u00aeoccupation, et d\u251c\u00aeterminera si mauvais traitements ou n\u251c\u00aegligence produisent, ou risque de se produire. Dans ce cas, la Soci\u251c\u00aet\u251c\u00ae engagera avec l&rsquo;enfant et sa famille afin de d\u251c\u00aeterminer la meilleure fa\u251c\u00baon de garder cet enfant en toute s\u251c\u00aecurit\u251c\u00ae.    <\/p>\n<p>[\/et_pb_text][et_pb_text _builder_version=\u00a0\u00bb4.4.8&Prime; text_font=\u00a0\u00bbGill Sans MT Regular||||||||\u00a0\u00bb text_font_size=\u00a0\u00bb18px\u00a0\u00bb header_font=\u00a0\u00bbGill Sans MT Regular||||||||\u00a0\u00bb]<\/p>\n<p>Maintenant que sont en mesure de recevoir la gamme compl\u251c\u00bfte des services de protection, nous avons tous un r\u251c\u2524le \u251c\u00e1 jouer dans leur s\u251c\u00aecurit\u251c\u00ae aussi, mais ce r\u251c\u2524le est un peu diff\u251c\u00aerent de 16 et 17 ans. En raison de la plus grande maturit\u251c\u00ae et l&rsquo;ind\u251c\u00aependance des jeunes \u251c\u00f3g\u251c\u00aes entre 16 et 17, ils ont le droit de d\u251c\u00aeterminer si elles veulent recevoir les services de protection d&rsquo;une soci\u251c\u00aet\u251c\u00ae d&rsquo;aide \u251c\u00e1 l&rsquo;enfance. Et donc, si vous pensez qu&rsquo;un 16 ou 17 ans est victime d&rsquo;abus ou de n\u251c\u00aegligence, vous pouvez choisir de signaler \u251c\u00e1 une soci\u251c\u00aet\u251c\u00ae d&rsquo;aide pour les enfants pour le suivi de la soci\u251c\u00aet\u251c\u00ae vers le haut. Ou vous pouvez choisir un cours d&rsquo;action diff\u251c\u00aerent, comme une discussion avec les jeunes au sujet de leurs options.<\/p>\n<p>Nous encourageons tous ceux qui ont des pr\u251c\u00aeoccupations au sujet de la s\u251c\u00aecurit\u251c\u00ae et le bien-\u251c\u00actre d&rsquo;un enfant de 17 ans ou 16- contacter une soci\u251c\u00aet\u251c\u00ae d&rsquo;aide \u251c\u00e1 l&rsquo;enfance. Notre personnel est bien form\u251c\u00ae pour g\u251c\u00aerer ce genre de situations, et les comp\u251c\u00aetences n\u251c\u00aecessaires pour d\u251c\u00aeterminer ce qui se passe r\u251c\u00aeellement et ce qu&rsquo;il faut faire \u251c\u00e1 ce sujet.<\/p>\n<p>Si votre organisme ou organisation souhaite une pr\u251c\u00aesentation plus approfondie sur l\u00d4\u00c7\u00d6augmentation de l\u00d4\u00c7\u00d6\u251c\u00f3ge de protection, veuillez communiquer avec le <a href=\"tel:705-472-0910\">(705) 472-0910<\/a>.<\/p>\n<p><a href=\"https:\/\/www.parnipcas.org\/wp-content\/uploads\/2020\/08\/Info-For-Youth-Serving-Agencies-FRENCH.pdf\">Cliquez<span> <\/span>ici<\/a><span> <\/span>pour plus d&rsquo;informations sur l&rsquo;augmentation de l&rsquo;\u251c\u00f3ge de protection, publi\u251c\u00aee par le minist\u251c\u00bfre de l&rsquo;enfance et \u251c\u00e1 la jeunesse.<\/p>\n<p>[\/et_pb_text][\/et_pb_column_inner][\/et_pb_row_inner][\/et_pb_column][\/et_pb_section]<\/p>\n","protected":false},"excerpt":{"rendered":"<p>Protection de l\u00d4\u00c7\u00d6enfance<div id=\"internal-menu\" class=\"et_pb_module dsm_menu dsm_menu_0 internal-menu  et_pb_text_align_left et_pb_bg_layout_light\">\n\t\t\t\t\n\t\t\t\t\n\t\t\t\t\n\t\t\t\t\n\t\t\t\t\n\t\t\t\t\n\t\t\t\t<div class=\"et_pb_module_inner\">\n\t\t\t\t\t<nav class=\"dsm-menu-container\" role=\"navigation\" itemscope itemtype=\"http:\/\/schema.org\/SiteNavigationElement\"><ul id=\"menu-child-protection-inner-menu-french\" class=\"dsm-menu dsm-menu-style-type-disc dsm-menu-layout-vertical\"><li id=\"menu-item-7233\" class=\"et_pb_menu_page_id-7225 menu-item menu-item-type-post_type menu-item-object-page menu-item-7233\"><a href=\"https:\/\/www.parnipcas.org\/fr\/protection-de-lenfance\/\" itemprop=\"url\"><span itemprop=\"name\">Protection de l\u00d4\u00c7\u00d6enfance<\/span><\/a><\/li>\n<li id=\"menu-item-8062\" class=\"et_pb_menu_page_id-8051 menu-item menu-item-type-post_type menu-item-object-page menu-item-8062\"><a href=\"https:\/\/www.parnipcas.org\/fr\/protection-de-lenfance\/signes-de-mauvais-traitements-et-de-negligence-a-legard-des-enfants\/\" itemprop=\"url\"><span itemprop=\"name\">Signes de mauvais traitements et de n\u251c\u00aegligence \u251c\u00e1 l&rsquo;\u251c\u00aegard des enfants<\/span><\/a><\/li>\n<li id=\"menu-item-8149\" class=\"et_pb_menu_page_id-8066 menu-item menu-item-type-post_type menu-item-object-page menu-item-8149\"><a href=\"https:\/\/www.parnipcas.org\/fr\/protection-de-lenfance\/autres-raisons-de-mener-enquete\/\" itemprop=\"url\"><span itemprop=\"name\">Autres raisons de mener enqu\u251c\u00acte<\/span><\/a><\/li>\n<li id=\"menu-item-8586\" class=\"et_pb_menu_page_id-8568 menu-item menu-item-type-post_type menu-item-object-page menu-item-8586\"><a href=\"https:\/\/www.parnipcas.org\/fr\/protection-de-lenfance\/loi-sur-les-services-a-lenfance-a-la-jeunesse-et-a-la-famille\/\" itemprop=\"url\"><span itemprop=\"name\">Loi sur les services \u251c\u00e1 l\u00d4\u00c7\u00d6enfance, \u251c\u00e1 la jeunesse et \u251c\u00e1 la famille<\/span><\/a><\/li>\n<li id=\"menu-item-8150\" class=\"et_pb_menu_page_id-8079 menu-item menu-item-type-post_type menu-item-object-page menu-item-8150\"><a href=\"https:\/\/www.parnipcas.org\/fr\/protection-de-lenfance\/lage-de-la-protection\/\" itemprop=\"url\"><span itemprop=\"name\">L&rsquo;\u251c\u00f3ge de la protection<\/span><\/a><\/li>\n<li id=\"menu-item-8173\" class=\"et_pb_menu_page_id-8154 menu-item menu-item-type-post_type menu-item-object-page menu-item-8173\"><a href=\"https:\/\/www.parnipcas.org\/fr\/protection-de-lenfance\/programmes-de-protection\/\" itemprop=\"url\"><span itemprop=\"name\">Programmes de protection<\/span><\/a><\/li>\n<li id=\"menu-item-8174\" class=\"et_pb_menu_page_id-8161 menu-item menu-item-type-post_type menu-item-object-page menu-item-8174\"><a href=\"https:\/\/www.parnipcas.org\/fr\/protection-de-lenfance\/faq\/\" itemprop=\"url\"><span itemprop=\"name\">FAQ<\/span><\/a><\/li>\n<\/ul><\/nav>\n\t\t\t\t<\/div>\n\t\t\t<\/div>Augmentation de l\u00d4\u00c7\u00d6\u251c\u00f3ge de la protection de 16 \u251c\u00e1 18 ansSoci\u251c\u00aet\u251c\u00aes d&rsquo;aide \u251c\u00e1 l&rsquo;enfance de l&rsquo;Ontario sont maintenant en mesure de fournir une gamme compl\u251c\u00bfte de services de protection de l&rsquo;enfance \u251c\u00e1 16 et 17 ans. [&hellip;]<\/p>\n","protected":false},"author":6,"featured_media":0,"parent":7225,"menu_order":0,"comment_status":"closed","ping_status":"closed","template":"","meta":{"_et_pb_use_builder":"on","_et_pb_old_content":"","_et_gb_content_width":"","footnotes":""},"class_list":["post-8079","page","type-page","status-publish","hentry"],"yoast_head":"<!-- This site is optimized with the Yoast SEO plugin v27.0 - https:\/\/yoast.com\/product\/yoast-seo-wordpress\/ -->\n<title>L&#039;\u251c\u00f3ge de la protection - Children&#039;s Aid Society<\/title>\n<meta name=\"robots\" content=\"index, follow, max-snippet:-1, max-image-preview:large, max-video-preview:-1\" \/>\n<link rel=\"canonical\" href=\"https:\/\/www.parnipcas.org\/fr\/protection-de-lenfance\/lage-de-la-protection\/\" \/>\n<meta property=\"og:locale\" content=\"fr_FR\" \/>\n<meta property=\"og:type\" content=\"article\" \/>\n<meta property=\"og:title\" content=\"L&#039;\u251c\u00f3ge de la protection - Children&#039;s Aid Society\" \/>\n<meta property=\"og:description\" content=\"Protection de l\u00d4\u00c7\u00d6enfanceAugmentation de l\u00d4\u00c7\u00d6\u251c\u00f3ge de la protection de 16 \u251c\u00e1 18 ansSoci\u251c\u00aet\u251c\u00aes d&#039;aide \u251c\u00e1 l&#039;enfance de l&#039;Ontario sont maintenant en mesure de fournir une gamme compl\u251c\u00bfte de services de protection de l&#039;enfance \u251c\u00e1 16 et 17 ans. [&hellip;]\" \/>\n<meta property=\"og:url\" content=\"https:\/\/www.parnipcas.org\/fr\/protection-de-lenfance\/lage-de-la-protection\/\" \/>\n<meta property=\"og:site_name\" content=\"Children&#039;s Aid Society\" \/>\n<meta property=\"article:modified_time\" content=\"2020-11-11T18:16:35+00:00\" \/>\n<meta name=\"twitter:card\" content=\"summary_large_image\" \/>\n<meta name=\"twitter:label1\" content=\"Dur\u00e9e de lecture estim\u00e9e\" \/>\n\t<meta name=\"twitter:data1\" content=\"7 minutes\" \/>\n<script type=\"application\/ld+json\" class=\"yoast-schema-graph\">{\"@context\":\"https:\/\/schema.org\",\"@graph\":[{\"@type\":\"WebPage\",\"@id\":\"https:\/\/www.parnipcas.org\/fr\/protection-de-lenfance\/lage-de-la-protection\/\",\"url\":\"https:\/\/www.parnipcas.org\/fr\/protection-de-lenfance\/lage-de-la-protection\/\",\"name\":\"L'\u251c\u00f3ge de la protection - Children&#039;s Aid Society\",\"isPartOf\":{\"@id\":\"https:\/\/www.parnipcas.org\/#website\"},\"datePublished\":\"2020-08-11T19:16:40+00:00\",\"dateModified\":\"2020-11-11T18:16:35+00:00\",\"breadcrumb\":{\"@id\":\"https:\/\/www.parnipcas.org\/fr\/protection-de-lenfance\/lage-de-la-protection\/#breadcrumb\"},\"inLanguage\":\"fr-FR\",\"potentialAction\":[{\"@type\":\"ReadAction\",\"target\":[\"https:\/\/www.parnipcas.org\/fr\/protection-de-lenfance\/lage-de-la-protection\/\"]}]},{\"@type\":\"BreadcrumbList\",\"@id\":\"https:\/\/www.parnipcas.org\/fr\/protection-de-lenfance\/lage-de-la-protection\/#breadcrumb\",\"itemListElement\":[{\"@type\":\"ListItem\",\"position\":1,\"name\":\"Home\",\"item\":\"https:\/\/www.parnipcas.org\/fr\/\"},{\"@type\":\"ListItem\",\"position\":2,\"name\":\"Protection de l\u00d4\u00c7\u00d6enfance\",\"item\":\"https:\/\/www.parnipcas.org\/fr\/protection-de-lenfance\/\"},{\"@type\":\"ListItem\",\"position\":3,\"name\":\"L&#8217;\u251c\u00f3ge de la protection\"}]},{\"@type\":\"WebSite\",\"@id\":\"https:\/\/www.parnipcas.org\/#website\",\"url\":\"https:\/\/www.parnipcas.org\/\",\"name\":\"Children&#039;s Aid Society\",\"description\":\"Nipissing &amp; Parry Sound District\",\"potentialAction\":[{\"@type\":\"SearchAction\",\"target\":{\"@type\":\"EntryPoint\",\"urlTemplate\":\"https:\/\/www.parnipcas.org\/?s={search_term_string}\"},\"query-input\":{\"@type\":\"PropertyValueSpecification\",\"valueRequired\":true,\"valueName\":\"search_term_string\"}}],\"inLanguage\":\"fr-FR\"}]}<\/script>\n<!-- \/ Yoast SEO plugin. -->","yoast_head_json":{"title":"L'\u251c\u00f3ge de la protection - Children&#039;s Aid Society","robots":{"index":"index","follow":"follow","max-snippet":"max-snippet:-1","max-image-preview":"max-image-preview:large","max-video-preview":"max-video-preview:-1"},"canonical":"https:\/\/www.parnipcas.org\/fr\/protection-de-lenfance\/lage-de-la-protection\/","og_locale":"fr_FR","og_type":"article","og_title":"L'\u251c\u00f3ge de la protection - Children&#039;s Aid Society","og_description":"Protection de l\u00d4\u00c7\u00d6enfanceAugmentation de l\u00d4\u00c7\u00d6\u251c\u00f3ge de la protection de 16 \u251c\u00e1 18 ansSoci\u251c\u00aet\u251c\u00aes d'aide \u251c\u00e1 l'enfance de l'Ontario sont maintenant en mesure de fournir une gamme compl\u251c\u00bfte de services de protection de l'enfance \u251c\u00e1 16 et 17 ans. [&hellip;]","og_url":"https:\/\/www.parnipcas.org\/fr\/protection-de-lenfance\/lage-de-la-protection\/","og_site_name":"Children&#039;s Aid Society","article_modified_time":"2020-11-11T18:16:35+00:00","twitter_card":"summary_large_image","twitter_misc":{"Dur\u00e9e de lecture estim\u00e9e":"7 minutes"},"schema":{"@context":"https:\/\/schema.org","@graph":[{"@type":"WebPage","@id":"https:\/\/www.parnipcas.org\/fr\/protection-de-lenfance\/lage-de-la-protection\/","url":"https:\/\/www.parnipcas.org\/fr\/protection-de-lenfance\/lage-de-la-protection\/","name":"L'\u251c\u00f3ge de la protection - Children&#039;s Aid Society","isPartOf":{"@id":"https:\/\/www.parnipcas.org\/#website"},"datePublished":"2020-08-11T19:16:40+00:00","dateModified":"2020-11-11T18:16:35+00:00","breadcrumb":{"@id":"https:\/\/www.parnipcas.org\/fr\/protection-de-lenfance\/lage-de-la-protection\/#breadcrumb"},"inLanguage":"fr-FR","potentialAction":[{"@type":"ReadAction","target":["https:\/\/www.parnipcas.org\/fr\/protection-de-lenfance\/lage-de-la-protection\/"]}]},{"@type":"BreadcrumbList","@id":"https:\/\/www.parnipcas.org\/fr\/protection-de-lenfance\/lage-de-la-protection\/#breadcrumb","itemListElement":[{"@type":"ListItem","position":1,"name":"Home","item":"https:\/\/www.parnipcas.org\/fr\/"},{"@type":"ListItem","position":2,"name":"Protection de l\u00d4\u00c7\u00d6enfance","item":"https:\/\/www.parnipcas.org\/fr\/protection-de-lenfance\/"},{"@type":"ListItem","position":3,"name":"L&#8217;\u251c\u00f3ge de la protection"}]},{"@type":"WebSite","@id":"https:\/\/www.parnipcas.org\/#website","url":"https:\/\/www.parnipcas.org\/","name":"Children&#039;s Aid Society","description":"Nipissing &amp; Parry Sound District","potentialAction":[{"@type":"SearchAction","target":{"@type":"EntryPoint","urlTemplate":"https:\/\/www.parnipcas.org\/?s={search_term_string}"},"query-input":{"@type":"PropertyValueSpecification","valueRequired":true,"valueName":"search_term_string"}}],"inLanguage":"fr-FR"}]}},"_links":{"self":[{"href":"https:\/\/www.parnipcas.org\/fr\/wp-json\/wp\/v2\/pages\/8079","targetHints":{"allow":["GET"]}}],"collection":[{"href":"https:\/\/www.parnipcas.org\/fr\/wp-json\/wp\/v2\/pages"}],"about":[{"href":"https:\/\/www.parnipcas.org\/fr\/wp-json\/wp\/v2\/types\/page"}],"author":[{"embeddable":true,"href":"https:\/\/www.parnipcas.org\/fr\/wp-json\/wp\/v2\/users\/6"}],"replies":[{"embeddable":true,"href":"https:\/\/www.parnipcas.org\/fr\/wp-json\/wp\/v2\/comments?post=8079"}],"version-history":[{"count":4,"href":"https:\/\/www.parnipcas.org\/fr\/wp-json\/wp\/v2\/pages\/8079\/revisions"}],"predecessor-version":[{"id":9358,"href":"https:\/\/www.parnipcas.org\/fr\/wp-json\/wp\/v2\/pages\/8079\/revisions\/9358"}],"up":[{"embeddable":true,"href":"https:\/\/www.parnipcas.org\/fr\/wp-json\/wp\/v2\/pages\/7225"}],"wp:attachment":[{"href":"https:\/\/www.parnipcas.org\/fr\/wp-json\/wp\/v2\/media?parent=8079"}],"curies":[{"name":"wp","href":"https:\/\/api.w.org\/{rel}","templated":true}]}}