{"id":8179,"date":"2020-08-11T16:58:39","date_gmt":"2020-08-11T20:58:39","guid":{"rendered":"https:\/\/www.parnipcas.org\/jeunes-pris-en-charge\/"},"modified":"2020-08-17T11:25:23","modified_gmt":"2020-08-17T15:25:23","slug":"jeunes-pris-en-charge","status":"publish","type":"page","link":"https:\/\/www.parnipcas.org\/fr\/jeunes-pris-en-charge\/","title":{"rendered":"Jeunes pris en charge"},"content":{"rendered":"<p>[et_pb_section fb_built=\u00a0\u00bb1&Prime; _builder_version=\u00a0\u00bb4.5.6&Prime; background_color=\u00a0\u00bb#1b2b42&Prime; use_background_color_gradient=\u00a0\u00bbon\u00a0\u00bb background_color_gradient_start=\u00a0\u00bbrgba(27,43,66,0.87)\u00a0\u00bb background_color_gradient_end=\u00a0\u00bbrgba(0,39,94,0.93)\u00a0\u00bb background_color_gradient_overlays_image=\u00a0\u00bbon\u00a0\u00bb background_image=\u00a0\u00bbhttps:\/\/www.parnipcas.org\/wp-content\/uploads\/2020\/08\/Header-2-scaled-e1597165599686.jpg\u00a0\u00bb custom_padding=\u00a0\u00bb||||true|false\u00a0\u00bb da_disable_devices=\u00a0\u00bboff|off|off\u00a0\u00bb global_module=\u00a0\u00bb5797&Prime; saved_tabs=\u00a0\u00bball\u00a0\u00bb da_is_popup=\u00a0\u00bboff\u00a0\u00bb da_exit_intent=\u00a0\u00bboff\u00a0\u00bb da_has_close=\u00a0\u00bbon\u00a0\u00bb da_alt_close=\u00a0\u00bboff\u00a0\u00bb da_dark_close=\u00a0\u00bboff\u00a0\u00bb da_not_modal=\u00a0\u00bbon\u00a0\u00bb da_is_singular=\u00a0\u00bboff\u00a0\u00bb da_with_loader=\u00a0\u00bboff\u00a0\u00bb da_has_shadow=\u00a0\u00bbon\u00a0\u00bb][et_pb_row make_equal=\u00a0\u00bbon\u00a0\u00bb _builder_version=\u00a0\u00bb4.4.8&Prime; width=\u00a0\u00bb100%\u00a0\u00bb max_width=\u00a0\u00bb900px\u00a0\u00bb locked=\u00a0\u00bboff\u00a0\u00bb][et_pb_column type=\u00a0\u00bb4_4&Prime; _builder_version=\u00a0\u00bb4.4.8&Prime;][et_pb_text _builder_version=\u00a0\u00bb4.4.9&Prime; header_font=\u00a0\u00bbGill Sans MT Bold||||||||\u00a0\u00bb header_text_align=\u00a0\u00bbcenter\u00a0\u00bb header_text_color=\u00a0\u00bb#ffffff\u00a0\u00bb header_font_size=\u00a0\u00bb60px\u00a0\u00bb header_font_size_tablet=\u00a0\u00bb\u00a0\u00bb header_font_size_phone=\u00a0\u00bb38px\u00a0\u00bb header_font_size_last_edited=\u00a0\u00bbon|phone\u00a0\u00bb]<\/p>\n<h1>Jeunes pris en charge<\/h1>\n<p>[\/et_pb_text][\/et_pb_column][\/et_pb_row][\/et_pb_section][et_pb_section fb_built=\u00a0\u00bb1&Prime; specialty=\u00a0\u00bbon\u00a0\u00bb module_class_1=\u00a0\u00bbinner-menu-mobile-column\u00a0\u00bb _builder_version=\u00a0\u00bb4.4.9&Prime; module_alignment=\u00a0\u00bbcenter\u00a0\u00bb inner_module_alignment=\u00a0\u00bbcenter\u00a0\u00bb custom_padding=\u00a0\u00bb25px||||false|false\u00a0\u00bb da_disable_devices=\u00a0\u00bboff|off|off\u00a0\u00bb da_is_popup=\u00a0\u00bboff\u00a0\u00bb da_exit_intent=\u00a0\u00bboff\u00a0\u00bb da_has_close=\u00a0\u00bbon\u00a0\u00bb da_alt_close=\u00a0\u00bboff\u00a0\u00bb da_dark_close=\u00a0\u00bboff\u00a0\u00bb da_not_modal=\u00a0\u00bbon\u00a0\u00bb da_is_singular=\u00a0\u00bboff\u00a0\u00bb da_with_loader=\u00a0\u00bboff\u00a0\u00bb da_has_shadow=\u00a0\u00bbon\u00a0\u00bb][et_pb_column type=\u00a0\u00bb1_4&Prime; _builder_version=\u00a0\u00bb3.25&Prime; custom_padding=\u00a0\u00bb|||\u00a0\u00bb custom_padding__hover=\u00a0\u00bb|||\u00a0\u00bb][dsm_menu menu_id=\u00a0\u00bb25&Prime; menu_link_text_color=\u00a0\u00bb#4e5f6f\u00a0\u00bb menu_space_between=\u00a0\u00bb3px\u00a0\u00bb list_style_color=\u00a0\u00bb#4e5f6f\u00a0\u00bb module_id=\u00a0\u00bbinternal-menu\u00a0\u00bb module_class=\u00a0\u00bbinternal-menu\u00a0\u00bb _builder_version=\u00a0\u00bb4.4.9&Prime; menu_font=\u00a0\u00bbGill Sans MT Bold||||||||\u00a0\u00bb menu_font_size=\u00a0\u00bb17px\u00a0\u00bb custom_margin=\u00a0\u00bb||||false|false\u00a0\u00bb custom_padding=\u00a0\u00bb||||false|false\u00a0\u00bb global_module=\u00a0\u00bb5795&Prime; saved_tabs=\u00a0\u00bball\u00a0\u00bb menu_link_text_color__hover_enabled=\u00a0\u00bbon|hover\u00a0\u00bb menu_link_text_color__hover=\u00a0\u00bb#8b4462&Prime;][\/dsm_menu][\/et_pb_column][et_pb_column type=\u00a0\u00bb3_4&Prime; specialty_columns=\u00a0\u00bb3&Prime; _builder_version=\u00a0\u00bb3.25&Prime; custom_padding=\u00a0\u00bb|||\u00a0\u00bb custom_padding__hover=\u00a0\u00bb|||\u00a0\u00bb][et_pb_row_inner _builder_version=\u00a0\u00bb4.4.8&Prime; custom_padding=\u00a0\u00bb||0px||false|false\u00a0\u00bb][et_pb_column_inner saved_specialty_column_type=\u00a0\u00bb2_3&Prime; _builder_version=\u00a0\u00bb4.4.8&Prime;][et_pb_text _builder_version=\u00a0\u00bb4.4.8&Prime; header_text_align=\u00a0\u00bbcenter\u00a0\u00bb header_2_font=\u00a0\u00bbGill Sans MT Bold||||||||\u00a0\u00bb header_2_text_align=\u00a0\u00bbleft\u00a0\u00bb header_2_text_color=\u00a0\u00bb#1b82bd\u00a0\u00bb header_2_font_size=\u00a0\u00bb22px\u00a0\u00bb custom_margin=\u00a0\u00bb||10px||false|false\u00a0\u00bb custom_padding=\u00a0\u00bb||||false|false\u00a0\u00bb]<\/p>\n<h2><span>Initiative des avantages sociaux pour les jeunes quittant la prise en charge<\/span><\/h2>\n<p>[\/et_pb_text][et_pb_text _builder_version=\u00a0\u00bb4.4.8&Prime; text_font=\u00a0\u00bbGill Sans MT Regular||||||||\u00a0\u00bb text_font_size=\u00a0\u00bb18px\u00a0\u00bb header_font=\u00a0\u00bbGill Sans MT Regular||||||||\u00a0\u00bb custom_margin=\u00a0\u00bb||10px||false|false\u00a0\u00bb custom_padding=\u00a0\u00bb||||false|false\u00a0\u00bb]<\/p>\n<p>L\u00d4\u00c7\u00d6Initiative des avantages sociaux pour les jeunes quittant la prise en charge (IAJQPC) est un programme complet d\u00d4\u00c7\u00d6avantages de soins de sant\u251c\u00ae et dentaires \u251c\u00e1 l\u00d4\u00c7\u00d6intention des anciens jeunes pris en charge. Le programme offre une vaste gamme d\u00d4\u00c7\u00d6avantages, dont des m\u251c\u00aedicaments sur ordonnance, des soins dentaires et de la vue, des soins de sant\u251c\u00ae compl\u251c\u00aementaires, ainsi que des services de counseling et d\u00d4\u00c7\u00d6acquisition d\u00d4\u00c7\u00d6aptitudes \u251c\u00e1 la vie quotidienne. <\/p>\n<p>[\/et_pb_text][\/et_pb_column_inner][\/et_pb_row_inner][et_pb_row_inner use_custom_gutter=\u00a0\u00bbon\u00a0\u00bb gutter_width=\u00a0\u00bb2&Prime; _builder_version=\u00a0\u00bb4.4.8&Prime; custom_margin=\u00a0\u00bb||||false|false\u00a0\u00bb custom_padding=\u00a0\u00bb||10px||false|false\u00a0\u00bb][et_pb_column_inner saved_specialty_column_type=\u00a0\u00bb3_4&Prime; _builder_version=\u00a0\u00bb4.4.8&Prime;][et_pb_text _builder_version=\u00a0\u00bb4.4.8&Prime; header_2_font=\u00a0\u00bbGill Sans MT Bold||||||||\u00a0\u00bb header_2_text_color=\u00a0\u00bb#1b82bd\u00a0\u00bb header_2_font_size=\u00a0\u00bb22px\u00a0\u00bb header_3_font=\u00a0\u00bbGill Sans MT Bold||||||||\u00a0\u00bb header_3_text_color=\u00a0\u00bb#1b82bd\u00a0\u00bb custom_margin=\u00a0\u00bb||10px||false|false\u00a0\u00bb custom_padding=\u00a0\u00bb||||false|false\u00a0\u00bb locked=\u00a0\u00bboff\u00a0\u00bb]<\/p>\n<h3>Admissibilit\u251c\u00ae:<\/h3>\n<p>[\/et_pb_text][et_pb_text _builder_version=\u00a0\u00bb4.4.8&Prime; text_font=\u00a0\u00bbGill Sans MT Regular||||||||\u00a0\u00bb text_font_size=\u00a0\u00bb18px\u00a0\u00bb header_font=\u00a0\u00bbGill Sans MT Regular||||||||\u00a0\u00bb]<\/p>\n<p>Les jeunes admissibles sont d&rsquo;anciens pupilles de la Couronne ou des jeunes qui \u251c\u00aetaient admissibles au Programme de soins et de soutien continus pour les jeunes (SSCJ) ou au Programme de soins et d\u00d4\u00c7\u00d6entretien prolong\u251c\u00aes (SEP), et qui ont entre 21 et 25 ans. <\/p>\n<p>[\/et_pb_text][et_pb_text _builder_version=\u00a0\u00bb4.4.8&Prime; text_font=\u00a0\u00bbGill Sans MT Regular||||||||\u00a0\u00bb text_font_size=\u00a0\u00bb18px\u00a0\u00bb header_font=\u00a0\u00bbGill Sans MT Regular||||||||\u00a0\u00bb header_4_font=\u00a0\u00bbGill Sans MT Bold||||||||\u00a0\u00bb header_4_text_align=\u00a0\u00bbleft\u00a0\u00bb header_4_text_color=\u00a0\u00bb#4e5f6f\u00a0\u00bb custom_margin=\u00a0\u00bb||10px|||\u00a0\u00bb]<\/p>\n<h4>Cela inclut les jeunes:<\/h4>\n<p>[\/et_pb_text][et_pb_text _builder_version=\u00a0\u00bb4.4.8&Prime; text_font=\u00a0\u00bbGill Sans MT Regular||||||||\u00a0\u00bb text_font_size=\u00a0\u00bb18px\u00a0\u00bb header_font=\u00a0\u00bbGill Sans MT Regular||||||||\u00a0\u00bb]<\/p>\n<ul>\n<li>dont le statut de pupille de la Couronne a pris fin \u251c\u00e1 l\u00d4\u00c7\u00d6\u251c\u00f3ge de 18 ans;<\/li>\n<li>qui \u251c\u00aetaient assujettis \u251c\u00e1 une Entente de soins conformes aux traditions (formelle) ou \u251c\u00e1 une ordonnance de d\u251c\u00aetention pr\u251c\u00aeventive \u251c\u00e1 l\u00d4\u00c7\u00d6\u251c\u00f3ge de 18 ans;<\/li>\n<li>qui \u251c\u00aetaient admissibles \u251c\u00e1 recevoir du soutien aux termes du Programme de soutien prolong\u251c\u00ae aux jeunes (SPJ).<\/li>\n<\/ul>\n<p>[\/et_pb_text][\/et_pb_column_inner][\/et_pb_row_inner][et_pb_row_inner column_structure=\u00a0\u00bb1_2,1_2&Prime; use_custom_gutter=\u00a0\u00bbon\u00a0\u00bb gutter_width=\u00a0\u00bb2&Prime; _builder_version=\u00a0\u00bb4.4.8&Prime; custom_margin=\u00a0\u00bb||||false|false\u00a0\u00bb custom_padding=\u00a0\u00bb5px||10px||false|false\u00a0\u00bb][et_pb_column_inner type=\u00a0\u00bb1_2&Prime; saved_specialty_column_type=\u00a0\u00bb3_4&Prime; _builder_version=\u00a0\u00bb4.4.8&Prime;][et_pb_image src=\u00a0\u00bbhttps:\/\/www.parnipcas.org\/wp-content\/uploads\/2020\/07\/Screen-Shot-2016-09-16-at-12.32.27-PM.png\u00a0\u00bb title_text=\u00a0\u00bbMy Benefit Plan Logo\u00a0\u00bb url=\u00a0\u00bbhttp:\/\/www.oacas.org\/abi\u00a0\u00bb _builder_version=\u00a0\u00bb4.5.6&Prime; width_tablet=\u00a0\u00bb80%\u00a0\u00bb width_phone=\u00a0\u00bb\u00a0\u00bb width_last_edited=\u00a0\u00bbon|tablet\u00a0\u00bb hover_enabled=\u00a0\u00bb0&Prime; module_alignment_tablet=\u00a0\u00bbcenter\u00a0\u00bb module_alignment_phone=\u00a0\u00bbcenter\u00a0\u00bb module_alignment_last_edited=\u00a0\u00bbon|phone\u00a0\u00bb alt=\u00a0\u00bbMy Benefit Plan\u00a0\u00bb][\/et_pb_image][\/et_pb_column_inner][et_pb_column_inner type=\u00a0\u00bb1_2&Prime; saved_specialty_column_type=\u00a0\u00bb3_4&Prime; _builder_version=\u00a0\u00bb4.4.8&Prime;][et_pb_text _builder_version=\u00a0\u00bb4.4.8&Prime; text_font=\u00a0\u00bbGill Sans MT Regular||||||||\u00a0\u00bb text_font_size=\u00a0\u00bb18px\u00a0\u00bb header_font=\u00a0\u00bbGill Sans MT Regular||||||||\u00a0\u00bb]<\/p>\n<p>Les jeunes qui sont admissibles \u251c\u00e1 des avantages en vertu d\u00d4\u00c7\u00d6un autre r\u251c\u00aegime de soins de sant\u251c\u00ae (p. ex. un r\u251c\u00aegime offert par un employeur, par l\u00d4\u00c7\u00d6entremise d\u00d4\u00c7\u00d6un conjoint ou d\u00d4\u00c7\u00d6une conjointe ou d\u00d4\u00c7\u00d6une famille adoptive, ou encore par une universit\u251c\u00ae ou un coll\u251c\u00bfge) ne sont pas admissibles.<\/p>\n<p>Les jeunes fr\u251c\u00aequentant un coll\u251c\u00bfge ou une universit\u251c\u00ae peuvent s\u00d4\u00c7\u00d6inscrire \u251c\u00e1 l\u00d4\u00c7\u00d6IAJQPC s\u00d4\u00c7\u00d6ils choisissent de ne plus participer au r\u251c\u00aegime de soins de sant\u251c\u00ae de leur \u251c\u00aetablissement scolaire.<\/p>\n<p>Pour obtenir plus de renseignements et un exemplaire de la brochure du programme d&rsquo;avantages, rendez-vous sur <a href=\"http:\/\/www.oacas.org\/abi\">www.oacas.org\/abi<\/a><\/p>\n<p>[\/et_pb_text][\/et_pb_column_inner][\/et_pb_row_inner][et_pb_row_inner use_custom_gutter=\u00a0\u00bbon\u00a0\u00bb gutter_width=\u00a0\u00bb2&Prime; _builder_version=\u00a0\u00bb4.4.8&Prime; custom_margin=\u00a0\u00bb||||false|false\u00a0\u00bb custom_padding=\u00a0\u00bb||10px||false|false\u00a0\u00bb][et_pb_column_inner saved_specialty_column_type=\u00a0\u00bb3_4&Prime; _builder_version=\u00a0\u00bb4.4.8&Prime;][et_pb_text _builder_version=\u00a0\u00bb4.4.9&Prime; text_font=\u00a0\u00bbGill Sans MT Regular||||||||\u00a0\u00bb text_text_color=\u00a0\u00bb#1b2b42&Prime; text_font_size=\u00a0\u00bb18px\u00a0\u00bb header_font=\u00a0\u00bbGill Sans MT Regular||||||||\u00a0\u00bb]<\/p>\n<p>Les services de soutien peuvent \u251c\u00actre fournis par Shepell aux jeunes adultes jusqu\u00d4\u00c7\u00d6\u251c\u00e1 29 ans.<\/p>\n<p>[\/et_pb_text][\/et_pb_column_inner][\/et_pb_row_inner][\/et_pb_column][\/et_pb_section]<\/p>\n","protected":false},"excerpt":{"rendered":"<p>Jeunes pris en charge<div id=\"internal-menu\" class=\"et_pb_module dsm_menu dsm_menu_0 internal-menu  et_pb_text_align_left et_pb_bg_layout_light\">\n\t\t\t\t\n\t\t\t\t\n\t\t\t\t\n\t\t\t\t\n\t\t\t\t\n\t\t\t\t\n\t\t\t\t<div class=\"et_pb_module_inner\">\n\t\t\t\t\t<nav class=\"dsm-menu-container\" role=\"navigation\" itemscope itemtype=\"http:\/\/schema.org\/SiteNavigationElement\"><ul id=\"menu-youth-in-care-inner-menu-french\" class=\"dsm-menu dsm-menu-style-type-disc dsm-menu-layout-vertical\"><li id=\"menu-item-8183\" class=\"et_pb_menu_page_id-8179 menu-item menu-item-type-post_type menu-item-object-page menu-item-8183\"><a href=\"https:\/\/www.parnipcas.org\/fr\/jeunes-pris-en-charge\/\" itemprop=\"url\"><span itemprop=\"name\">Initiative des avantages sociaux pour les jeunes quittant la prise en charge<\/span><\/a><\/li>\n<li id=\"menu-item-8184\" class=\"et_pb_menu_page_id-8176 menu-item menu-item-type-post_type menu-item-object-page menu-item-8184\"><a href=\"https:\/\/www.parnipcas.org\/fr\/jeunes-pris-en-charge\/yic-source\/\" itemprop=\"url\"><span itemprop=\"name\">YIC Source<\/span><\/a><\/li>\n<li id=\"menu-item-8587\" class=\"et_pb_menu_page_id-8577 menu-item menu-item-type-post_type menu-item-object-page menu-item-8587\"><a href=\"https:\/\/www.parnipcas.org\/fr\/jeunes-pris-en-charge\/programme-de-preparation-a-lautonomie\/\" itemprop=\"url\"><span itemprop=\"name\">Programme de pr\u251c\u00aeparation \u251c\u00e1 l&rsquo;autonomie<\/span><\/a><\/li>\n<li id=\"menu-item-8588\" class=\"et_pb_menu_page_id-8583 menu-item menu-item-type-post_type menu-item-object-page menu-item-8588\"><a href=\"https:\/\/www.parnipcas.org\/fr\/jeunes-pris-en-charge\/etudes-postsecondaires\/\" itemprop=\"url\"><span itemprop=\"name\">\u251c\u00ebtudes postsecondaires<\/span><\/a><\/li>\n<li id=\"menu-item-8736\" class=\"et_pb_menu_page_id-8590 menu-item menu-item-type-post_type menu-item-object-page menu-item-8736\"><a href=\"https:\/\/www.parnipcas.org\/fr\/jeunes-pris-en-charge\/programme-goals\/\" itemprop=\"url\"><span itemprop=\"name\">Programme GOALS<\/span><\/a><\/li>\n<li id=\"menu-item-8199\" class=\"et_pb_menu_page_id-8187 menu-item menu-item-type-post_type menu-item-object-page menu-item-8199\"><a href=\"https:\/\/www.parnipcas.org\/fr\/jeunes-pris-en-charge\/soutien-au-logement\/\" itemprop=\"url\"><span itemprop=\"name\">Soutien au logement<\/span><\/a><\/li>\n<li id=\"menu-item-8200\" class=\"et_pb_menu_page_id-8193 menu-item menu-item-type-post_type menu-item-object-page menu-item-8200\"><a href=\"https:\/\/www.parnipcas.org\/fr\/jeunes-pris-en-charge\/school-of-success-et-learning-for-life\/\" itemprop=\"url\"><span itemprop=\"name\">School of Success et Learning for Life<\/span><\/a><\/li>\n<\/ul><\/nav>\n\t\t\t\t<\/div>\n\t\t\t<\/div>Initiative des avantages sociaux pour les jeunes quittant la prise en chargeL\u00d4\u00c7\u00d6Initiative des avantages sociaux pour les jeunes quittant la prise en charge (IAJQPC) est un programme complet d\u00d4\u00c7\u00d6avantages de soins de sant\u251c\u00ae et [&hellip;]<\/p>\n","protected":false},"author":6,"featured_media":0,"parent":0,"menu_order":0,"comment_status":"closed","ping_status":"closed","template":"","meta":{"_et_pb_use_builder":"on","_et_pb_old_content":"","_et_gb_content_width":"","footnotes":""},"class_list":["post-8179","page","type-page","status-publish","hentry"],"yoast_head":"<!-- This site is optimized with the Yoast SEO plugin v27.4 - https:\/\/yoast.com\/product\/yoast-seo-wordpress\/ -->\n<title>Jeunes pris en charge - Children&#039;s Aid Society<\/title>\n<meta name=\"robots\" content=\"index, follow, max-snippet:-1, max-image-preview:large, max-video-preview:-1\" \/>\n<link rel=\"canonical\" href=\"https:\/\/www.parnipcas.org\/fr\/jeunes-pris-en-charge\/\" \/>\n<meta property=\"og:locale\" content=\"fr_FR\" \/>\n<meta property=\"og:type\" content=\"article\" \/>\n<meta property=\"og:title\" content=\"Jeunes pris en charge - Children&#039;s Aid Society\" \/>\n<meta property=\"og:description\" content=\"Jeunes pris en chargeInitiative des avantages sociaux pour les jeunes quittant la prise en chargeL\u00d4\u00c7\u00d6Initiative des avantages sociaux pour les jeunes quittant la prise en charge (IAJQPC) est un programme complet d\u00d4\u00c7\u00d6avantages de soins de sant\u251c\u00ae et [&hellip;]\" \/>\n<meta property=\"og:url\" content=\"https:\/\/www.parnipcas.org\/fr\/jeunes-pris-en-charge\/\" \/>\n<meta property=\"og:site_name\" content=\"Children&#039;s Aid Society\" \/>\n<meta property=\"article:modified_time\" content=\"2020-08-17T15:25:23+00:00\" \/>\n<meta name=\"twitter:card\" content=\"summary_large_image\" \/>\n<meta name=\"twitter:label1\" content=\"Dur\u00e9e de lecture estim\u00e9e\" \/>\n\t<meta name=\"twitter:data1\" content=\"6 minutes\" \/>\n<script type=\"application\/ld+json\" class=\"yoast-schema-graph\">{\"@context\":\"https:\\\/\\\/schema.org\",\"@graph\":[{\"@type\":\"WebPage\",\"@id\":\"https:\\\/\\\/www.parnipcas.org\\\/fr\\\/jeunes-pris-en-charge\\\/\",\"url\":\"https:\\\/\\\/www.parnipcas.org\\\/fr\\\/jeunes-pris-en-charge\\\/\",\"name\":\"Jeunes pris en charge - Children&#039;s Aid Society\",\"isPartOf\":{\"@id\":\"https:\\\/\\\/www.parnipcas.org\\\/#website\"},\"datePublished\":\"2020-08-11T20:58:39+00:00\",\"dateModified\":\"2020-08-17T15:25:23+00:00\",\"breadcrumb\":{\"@id\":\"https:\\\/\\\/www.parnipcas.org\\\/fr\\\/jeunes-pris-en-charge\\\/#breadcrumb\"},\"inLanguage\":\"fr-FR\",\"potentialAction\":[{\"@type\":\"ReadAction\",\"target\":[\"https:\\\/\\\/www.parnipcas.org\\\/fr\\\/jeunes-pris-en-charge\\\/\"]}]},{\"@type\":\"BreadcrumbList\",\"@id\":\"https:\\\/\\\/www.parnipcas.org\\\/fr\\\/jeunes-pris-en-charge\\\/#breadcrumb\",\"itemListElement\":[{\"@type\":\"ListItem\",\"position\":1,\"name\":\"Home\",\"item\":\"https:\\\/\\\/www.parnipcas.org\\\/fr\\\/\"},{\"@type\":\"ListItem\",\"position\":2,\"name\":\"Jeunes pris en charge\"}]},{\"@type\":\"WebSite\",\"@id\":\"https:\\\/\\\/www.parnipcas.org\\\/#website\",\"url\":\"https:\\\/\\\/www.parnipcas.org\\\/\",\"name\":\"Children&#039;s Aid Society\",\"description\":\"Nipissing &amp; Parry Sound District\",\"potentialAction\":[{\"@type\":\"SearchAction\",\"target\":{\"@type\":\"EntryPoint\",\"urlTemplate\":\"https:\\\/\\\/www.parnipcas.org\\\/?s={search_term_string}\"},\"query-input\":{\"@type\":\"PropertyValueSpecification\",\"valueRequired\":true,\"valueName\":\"search_term_string\"}}],\"inLanguage\":\"fr-FR\"}]}<\/script>\n<!-- \/ Yoast SEO plugin. -->","yoast_head_json":{"title":"Jeunes pris en charge - Children&#039;s Aid Society","robots":{"index":"index","follow":"follow","max-snippet":"max-snippet:-1","max-image-preview":"max-image-preview:large","max-video-preview":"max-video-preview:-1"},"canonical":"https:\/\/www.parnipcas.org\/fr\/jeunes-pris-en-charge\/","og_locale":"fr_FR","og_type":"article","og_title":"Jeunes pris en charge - Children&#039;s Aid Society","og_description":"Jeunes pris en chargeInitiative des avantages sociaux pour les jeunes quittant la prise en chargeL\u00d4\u00c7\u00d6Initiative des avantages sociaux pour les jeunes quittant la prise en charge (IAJQPC) est un programme complet d\u00d4\u00c7\u00d6avantages de soins de sant\u251c\u00ae et [&hellip;]","og_url":"https:\/\/www.parnipcas.org\/fr\/jeunes-pris-en-charge\/","og_site_name":"Children&#039;s Aid Society","article_modified_time":"2020-08-17T15:25:23+00:00","twitter_card":"summary_large_image","twitter_misc":{"Dur\u00e9e de lecture estim\u00e9e":"6 minutes"},"schema":{"@context":"https:\/\/schema.org","@graph":[{"@type":"WebPage","@id":"https:\/\/www.parnipcas.org\/fr\/jeunes-pris-en-charge\/","url":"https:\/\/www.parnipcas.org\/fr\/jeunes-pris-en-charge\/","name":"Jeunes pris en charge - Children&#039;s Aid Society","isPartOf":{"@id":"https:\/\/www.parnipcas.org\/#website"},"datePublished":"2020-08-11T20:58:39+00:00","dateModified":"2020-08-17T15:25:23+00:00","breadcrumb":{"@id":"https:\/\/www.parnipcas.org\/fr\/jeunes-pris-en-charge\/#breadcrumb"},"inLanguage":"fr-FR","potentialAction":[{"@type":"ReadAction","target":["https:\/\/www.parnipcas.org\/fr\/jeunes-pris-en-charge\/"]}]},{"@type":"BreadcrumbList","@id":"https:\/\/www.parnipcas.org\/fr\/jeunes-pris-en-charge\/#breadcrumb","itemListElement":[{"@type":"ListItem","position":1,"name":"Home","item":"https:\/\/www.parnipcas.org\/fr\/"},{"@type":"ListItem","position":2,"name":"Jeunes pris en charge"}]},{"@type":"WebSite","@id":"https:\/\/www.parnipcas.org\/#website","url":"https:\/\/www.parnipcas.org\/","name":"Children&#039;s Aid Society","description":"Nipissing &amp; Parry Sound District","potentialAction":[{"@type":"SearchAction","target":{"@type":"EntryPoint","urlTemplate":"https:\/\/www.parnipcas.org\/?s={search_term_string}"},"query-input":{"@type":"PropertyValueSpecification","valueRequired":true,"valueName":"search_term_string"}}],"inLanguage":"fr-FR"}]}},"_links":{"self":[{"href":"https:\/\/www.parnipcas.org\/fr\/wp-json\/wp\/v2\/pages\/8179","targetHints":{"allow":["GET"]}}],"collection":[{"href":"https:\/\/www.parnipcas.org\/fr\/wp-json\/wp\/v2\/pages"}],"about":[{"href":"https:\/\/www.parnipcas.org\/fr\/wp-json\/wp\/v2\/types\/page"}],"author":[{"embeddable":true,"href":"https:\/\/www.parnipcas.org\/fr\/wp-json\/wp\/v2\/users\/6"}],"replies":[{"embeddable":true,"href":"https:\/\/www.parnipcas.org\/fr\/wp-json\/wp\/v2\/comments?post=8179"}],"version-history":[{"count":4,"href":"https:\/\/www.parnipcas.org\/fr\/wp-json\/wp\/v2\/pages\/8179\/revisions"}],"predecessor-version":[{"id":8576,"href":"https:\/\/www.parnipcas.org\/fr\/wp-json\/wp\/v2\/pages\/8179\/revisions\/8576"}],"wp:attachment":[{"href":"https:\/\/www.parnipcas.org\/fr\/wp-json\/wp\/v2\/media?parent=8179"}],"curies":[{"name":"wp","href":"https:\/\/api.w.org\/{rel}","templated":true}]}}