{"id":8220,"date":"2020-08-12T10:50:33","date_gmt":"2020-08-12T14:50:33","guid":{"rendered":"https:\/\/www.parnipcas.org\/adoption\/"},"modified":"2022-07-26T08:51:03","modified_gmt":"2022-07-26T12:51:03","slug":"adoption","status":"publish","type":"page","link":"https:\/\/www.parnipcas.org\/fr\/adoption\/","title":{"rendered":"Adoption avec la Soci\u251c\u00aet\u251c\u00ae d\u00d4\u00c7\u00d6aide \u251c\u00e1 l\u00d4\u00c7\u00d6enfance"},"content":{"rendered":"<p>[et_pb_section fb_built=\u00a0\u00bb1&Prime; _builder_version=\u00a0\u00bb4.16&Prime; background_color=\u00a0\u00bb#1b2b42&Prime; use_background_color_gradient=\u00a0\u00bbon\u00a0\u00bb background_color_gradient_stops=\u00a0\u00bbrgba(27,43,66,0.87) 0%|rgba(0,39,94,0.93) 100%\u00a0\u00bb background_color_gradient_overlays_image=\u00a0\u00bbon\u00a0\u00bb background_color_gradient_start=\u00a0\u00bbrgba(27,43,66,0.87)\u00a0\u00bb background_color_gradient_end=\u00a0\u00bbrgba(0,39,94,0.93)\u00a0\u00bb background_image=\u00a0\u00bbhttps:\/\/www.parnipcas.org\/wp-content\/uploads\/2020\/08\/Header-4-1024&#215;683.jpg\u00a0\u00bb module_alignment=\u00a0\u00bbcenter\u00a0\u00bb custom_padding=\u00a0\u00bb||||true|false\u00a0\u00bb da_disable_devices=\u00a0\u00bboff|off|off\u00a0\u00bb global_colors_info=\u00a0\u00bb{}\u00a0\u00bb da_is_popup=\u00a0\u00bboff\u00a0\u00bb da_exit_intent=\u00a0\u00bboff\u00a0\u00bb da_has_close=\u00a0\u00bbon\u00a0\u00bb da_alt_close=\u00a0\u00bboff\u00a0\u00bb da_dark_close=\u00a0\u00bboff\u00a0\u00bb da_not_modal=\u00a0\u00bbon\u00a0\u00bb da_is_singular=\u00a0\u00bboff\u00a0\u00bb da_with_loader=\u00a0\u00bboff\u00a0\u00bb da_has_shadow=\u00a0\u00bbon\u00a0\u00bb][et_pb_row _builder_version=\u00a0\u00bb4.16&Prime; module_alignment=\u00a0\u00bbcenter\u00a0\u00bb locked=\u00a0\u00bboff\u00a0\u00bb global_colors_info=\u00a0\u00bb{}\u00a0\u00bb][et_pb_column type=\u00a0\u00bb4_4&Prime; _builder_version=\u00a0\u00bb4.16&Prime; global_colors_info=\u00a0\u00bb{}\u00a0\u00bb][et_pb_blurb title=\u00a0\u00bbAdoption\u00a0\u00bb image=\u00a0\u00bbhttps:\/\/www.parnipcas.org\/wp-content\/uploads\/2020\/06\/AdoptionIcon_White.png\u00a0\u00bb alt=\u00a0\u00bbIc\u251c\u2524ne d\u00d4\u00c7\u00d6adoption repr\u251c\u00aesentant un c\u253c\u00f4ur interconnect\u251c\u00ae avec un symbole %22plus%22.\u00a0\u00bb icon_placement=\u00a0\u00bbleft\u00a0\u00bb icon_placement_tablet=\u00a0\u00bb\u00a0\u00bb icon_placement_phone=\u00a0\u00bbtop\u00a0\u00bb icon_placement_last_edited=\u00a0\u00bbon|phone\u00a0\u00bb disabled_on=\u00a0\u00bbon|on|off\u00a0\u00bb module_id=\u00a0\u00bbadoption-icon-size\u00a0\u00bb _builder_version=\u00a0\u00bb4.16&Prime; header_level=\u00a0\u00bbh1&Prime; header_font=\u00a0\u00bb||||||||\u00a0\u00bb header_text_align=\u00a0\u00bbleft\u00a0\u00bb header_text_color=\u00a0\u00bb#ffffff\u00a0\u00bb header_font_size=\u00a0\u00bb60px\u00a0\u00bb body_text_align=\u00a0\u00bbcenter\u00a0\u00bb image_icon_custom_padding_last_edited=\u00a0\u00bbon|phone\u00a0\u00bb text_orientation=\u00a0\u00bbcenter\u00a0\u00bb module_alignment=\u00a0\u00bbcenter\u00a0\u00bb custom_margin=\u00a0\u00bb||||false|false\u00a0\u00bb custom_padding=\u00a0\u00bb|||18%|false|false\u00a0\u00bb header_font_size_tablet=\u00a0\u00bb\u00a0\u00bb header_font_size_phone=\u00a0\u00bb50px\u00a0\u00bb header_font_size_last_edited=\u00a0\u00bbon|phone\u00a0\u00bb border_width_all_image_last_edited=\u00a0\u00bbon|phone\u00a0\u00bb global_colors_info=\u00a0\u00bb{}\u00a0\u00bb][\/et_pb_blurb][et_pb_blurb title=\u00a0\u00bbAdoption\u00a0\u00bb image=\u00a0\u00bbhttps:\/\/www.parnipcas.org\/wp-content\/uploads\/2020\/06\/AdoptionIcon_White.png\u00a0\u00bb alt=\u00a0\u00bbIc\u251c\u2524ne d\u00d4\u00c7\u00d6adoption repr\u251c\u00aesentant un c\u253c\u00f4ur interconnect\u251c\u00ae avec un symbole %22plus%22.\u00a0\u00bb image_icon_width=\u00a0\u00bb20%\u00a0\u00bb image_icon_width_tablet=\u00a0\u00bb15%\u00a0\u00bb image_icon_width_phone=\u00a0\u00bb17%\u00a0\u00bb image_icon_width_last_edited=\u00a0\u00bbon|tablet\u00a0\u00bb disabled_on=\u00a0\u00bboff|off|on\u00a0\u00bb _builder_version=\u00a0\u00bb4.16&Prime; header_level=\u00a0\u00bbh1&Prime; header_font=\u00a0\u00bbGill Sans MT Bold||||||||\u00a0\u00bb header_text_align=\u00a0\u00bbcenter\u00a0\u00bb header_text_color=\u00a0\u00bb#ffffff\u00a0\u00bb header_font_size=\u00a0\u00bb60px\u00a0\u00bb header_line_height=\u00a0\u00bb1.2em\u00a0\u00bb module_alignment=\u00a0\u00bbcenter\u00a0\u00bb header_font_size_tablet=\u00a0\u00bb\u00a0\u00bb header_font_size_phone=\u00a0\u00bb38px\u00a0\u00bb header_font_size_last_edited=\u00a0\u00bbon|phone\u00a0\u00bb custom_css_blurb_image=\u00a0\u00bbmargin-bottom:20px;\u00a0\u00bb image_max_width=\u00a0\u00bb20%\u00a0\u00bb image_max_width_tablet=\u00a0\u00bb15%\u00a0\u00bb image_max_width_phone=\u00a0\u00bb17%\u00a0\u00bb image_max_width_last_edited=\u00a0\u00bbon|tablet\u00a0\u00bb global_colors_info=\u00a0\u00bb{}\u00a0\u00bb][\/et_pb_blurb][\/et_pb_column][\/et_pb_row][\/et_pb_section][et_pb_section fb_built=\u00a0\u00bb1&Prime; specialty=\u00a0\u00bbon\u00a0\u00bb module_class_1=\u00a0\u00bbinner-menu-mobile-column\u00a0\u00bb _builder_version=\u00a0\u00bb4.16&Prime; module_alignment=\u00a0\u00bbcenter\u00a0\u00bb inner_module_alignment=\u00a0\u00bbcenter\u00a0\u00bb custom_padding=\u00a0\u00bb25px||||false|false\u00a0\u00bb da_disable_devices=\u00a0\u00bboff|off|off\u00a0\u00bb global_colors_info=\u00a0\u00bb{}\u00a0\u00bb da_is_popup=\u00a0\u00bboff\u00a0\u00bb da_exit_intent=\u00a0\u00bboff\u00a0\u00bb da_has_close=\u00a0\u00bbon\u00a0\u00bb da_alt_close=\u00a0\u00bboff\u00a0\u00bb da_dark_close=\u00a0\u00bboff\u00a0\u00bb da_not_modal=\u00a0\u00bbon\u00a0\u00bb da_is_singular=\u00a0\u00bboff\u00a0\u00bb da_with_loader=\u00a0\u00bboff\u00a0\u00bb da_has_shadow=\u00a0\u00bbon\u00a0\u00bb][et_pb_column type=\u00a0\u00bb1_4&Prime; _builder_version=\u00a0\u00bb4.16&Prime; custom_padding=\u00a0\u00bb|||\u00a0\u00bb global_colors_info=\u00a0\u00bb{}\u00a0\u00bb custom_padding__hover=\u00a0\u00bb|||\u00a0\u00bb][dsm_menu menu_id=\u00a0\u00bb10&Prime; menu_link_text_color=\u00a0\u00bb#4e5f6f\u00a0\u00bb menu_space_between=\u00a0\u00bb3px\u00a0\u00bb list_style_color=\u00a0\u00bb#4e5f6f\u00a0\u00bb module_id=\u00a0\u00bbinternal-menu\u00a0\u00bb module_class=\u00a0\u00bbinternal-menu\u00a0\u00bb _builder_version=\u00a0\u00bb4.16&Prime; menu_font=\u00a0\u00bbGill Sans MT Bold||||||||\u00a0\u00bb menu_font_size=\u00a0\u00bb17px\u00a0\u00bb custom_margin=\u00a0\u00bb||||false|false\u00a0\u00bb custom_padding=\u00a0\u00bb||||false|false\u00a0\u00bb sticky_limit_bottom=\u00a0\u00bbsection\u00a0\u00bb saved_tabs=\u00a0\u00bball\u00a0\u00bb locked=\u00a0\u00bboff\u00a0\u00bb global_colors_info=\u00a0\u00bb{}\u00a0\u00bb menu_link_text_color__hover_enabled=\u00a0\u00bbon|hover\u00a0\u00bb menu_link_text_color__hover=\u00a0\u00bb#8b4462&Prime;][\/dsm_menu][\/et_pb_column][et_pb_column type=\u00a0\u00bb3_4&Prime; specialty_columns=\u00a0\u00bb3&Prime; _builder_version=\u00a0\u00bb4.16&Prime; custom_padding=\u00a0\u00bb|||\u00a0\u00bb global_colors_info=\u00a0\u00bb{}\u00a0\u00bb custom_padding__hover=\u00a0\u00bb|||\u00a0\u00bb][et_pb_row_inner column_structure=\u00a0\u00bb1_2,1_2&Prime; _builder_version=\u00a0\u00bb4.16&Prime; global_colors_info=\u00a0\u00bb{}\u00a0\u00bb][et_pb_column_inner type=\u00a0\u00bb1_2&Prime; saved_specialty_column_type=\u00a0\u00bb3_4&Prime; _builder_version=\u00a0\u00bb4.16&Prime; global_colors_info=\u00a0\u00bb{}\u00a0\u00bb][et_pb_text _builder_version=\u00a0\u00bb4.16&Prime; header_2_font=\u00a0\u00bbGill Sans MT Bold||||||||\u00a0\u00bb header_2_text_color=\u00a0\u00bb#1b82bd\u00a0\u00bb header_2_font_size=\u00a0\u00bb22px\u00a0\u00bb custom_margin=\u00a0\u00bb||10px||false|false\u00a0\u00bb custom_padding=\u00a0\u00bb||||false|false\u00a0\u00bb global_colors_info=\u00a0\u00bb{}\u00a0\u00bb]<\/p>\n<h2><strong>Adoption avec la Soci\u251c\u00aet\u251c\u00ae d\u00d4\u00c7\u00d6aide \u251c\u00e1 l\u00d4\u00c7\u00d6enfance<\/strong><\/h2>\n<p>[\/et_pb_text][et_pb_text _builder_version=\u00a0\u00bb4.16&Prime; text_font=\u00a0\u00bbGill Sans MT Regular||||||||\u00a0\u00bb text_font_size=\u00a0\u00bb18px\u00a0\u00bb locked=\u00a0\u00bboff\u00a0\u00bb global_colors_info=\u00a0\u00bb{}\u00a0\u00bb]<\/p>\n<p><strong><span>Des fr\u251c\u00bfres et s\u253c\u00f4urs. Des adolescents. Des enfants ayant des besoins particuliers ou des handicaps. Tous ont besoin d\u00d4\u00c7\u00d6une famille.  <\/span><\/strong><\/p>\n<p>[\/et_pb_text][et_pb_text _builder_version=\u00a0\u00bb4.16&Prime; text_font=\u00a0\u00bbGill Sans MT Regular||||||||\u00a0\u00bb text_font_size=\u00a0\u00bb18px\u00a0\u00bb global_colors_info=\u00a0\u00bb{}\u00a0\u00bb]<\/p>\n<p>Lorsqu\u00d4\u00c7\u00d6un enfant ou un jeune ne peut pas vivre en permanence avec sa famille biologique, et que les possibilit\u251c\u00aes de prise en charge par la famille \u251c\u00aelargie et la communaut\u251c\u00ae ont \u251c\u00aet\u251c\u00ae \u251c\u00aepuis\u251c\u00aees, nous cherchons une solution de rechange pour garantir son bien-\u251c\u00actre \u251c\u00e1 long terme<\/p>\n<p>[\/et_pb_text][\/et_pb_column_inner][et_pb_column_inner type=\u00a0\u00bb1_2&Prime; saved_specialty_column_type=\u00a0\u00bb3_4&Prime; _builder_version=\u00a0\u00bb4.16&Prime; global_colors_info=\u00a0\u00bb{}\u00a0\u00bb][et_pb_video src=\u00a0\u00bbhttps:\/\/www.youtube.com\/watch?v=vjdeLT9dPyA\u00a0\u00bb _builder_version=\u00a0\u00bb4.16&Prime; _module_preset=\u00a0\u00bbdefault\u00a0\u00bb global_colors_info=\u00a0\u00bb{}\u00a0\u00bb][\/et_pb_video][\/et_pb_column_inner][\/et_pb_row_inner][et_pb_row_inner _builder_version=\u00a0\u00bb4.16&Prime; custom_margin=\u00a0\u00bb0px||||false|false\u00a0\u00bb custom_padding=\u00a0\u00bb10px||||false|false\u00a0\u00bb global_colors_info=\u00a0\u00bb{}\u00a0\u00bb][et_pb_column_inner saved_specialty_column_type=\u00a0\u00bb2_3&Prime; _builder_version=\u00a0\u00bb4.16&Prime; custom_padding=\u00a0\u00bb||||false|false\u00a0\u00bb global_colors_info=\u00a0\u00bb{}\u00a0\u00bb][et_pb_text _builder_version=\u00a0\u00bb4.16&Prime; text_font=\u00a0\u00bbGill Sans MT Regular||||||||\u00a0\u00bb text_font_size=\u00a0\u00bb18px\u00a0\u00bb header_font=\u00a0\u00bbGill Sans MT Regular||||||||\u00a0\u00bb global_colors_info=\u00a0\u00bb{}\u00a0\u00bb]<\/p>\n<p><span>L\u00d4\u00c7\u00d6adoption vise \u251c\u00e1 offrir aux enfants et aux jeunes une stabilit\u251c\u00ae, une s\u251c\u00aecurit\u251c\u00ae et un soutien tout au long de leur vie. Les enfants et les jeunes de tous \u251c\u00f3ges peuvent \u251c\u00actre adopt\u251c\u00aes. Ces enfants proviennent d\u00d4\u00c7\u00d6une vari\u251c\u00aet\u251c\u00ae de milieux culturels, raciaux, ethniques et religieux, et pr\u251c\u00aesentent des ant\u251c\u00aec\u251c\u00aedents complexes. C\u00d4\u00c7\u00d6est pourquoi la Soci\u251c\u00aet\u251c\u00ae d\u00d4\u00c7\u00d6aide \u251c\u00e1 l\u00d4\u00c7\u00d6enfance du district de Nipissing et Parry Sound encourage la diversit\u251c\u00ae des parents adoptifs. <\/span><\/p>\n<p><span>Vous cherchez \u251c\u00e1 adopter un groupe de fr\u251c\u00bfres et s\u253c\u00f4urs, un adolescent ou un enfant ou un jeune pr\u251c\u00aesentant des probl\u251c\u00bfmes de sant\u251c\u00ae ou des anomalies diverses? Vous \u251c\u00actes dispos\u251c\u00ae \u251c\u00e1 coop\u251c\u00aerer avec la famille biologique? <\/span><\/p>\n<p><span>ET\u00d4\u00c7\u00aa<\/span><\/p>\n<p><span>Vous \u251c\u00actes un individu ou un couple? Vous souhaitez agrandir votre famille gr\u251c\u00f3ce \u251c\u00e1 l\u00d4\u00c7\u00d6adoption publique? Vous r\u251c\u00aepondez \u251c\u00e1 tous les crit\u251c\u00bfres suivants?<\/span><\/p>\n<ul>\n<li><span>Avoir au moins 18 ans<\/span><\/li>\n<li><span>Habiter dans le district de Nipissing ou de Parry Sound<\/span><\/li>\n<li><span>\u251c\u00e8tre citoyen canadien ou r\u251c\u00aesident permanent<\/span><\/li>\n<li><span>Ne pas chercher activement \u251c\u00e1 recevoir des traitements contre l\u00d4\u00c7\u00d6infertilit\u251c\u00ae<\/span><\/li>\n<li><span>Ne pas chercher activement \u251c\u00e1 tomber enceinte<\/span><\/li>\n<li><span>N\u00d4\u00c7\u00d6avoir \u251c\u00aet\u251c\u00ae impliqu\u251c\u00ae dans aucun cas de maltraitance d\u00d4\u00c7\u00d6enfants<\/span><\/li>\n<li><span>Ne faire l\u00d4\u00c7\u00d6objet d\u00d4\u00c7\u00d6aucune accusation au criminel en instance et ne pas avoir d\u00d4\u00c7\u00d6ant\u251c\u00aec\u251c\u00aedents criminels graves<\/span><\/li>\n<\/ul>\n<p><em><span>Remarque importante : Les personnes souhaitant effectuer une adoption doivent \u251c\u00actre pr\u251c\u00actes \u251c\u00e1 suivre le processus d\u00d4\u00c7\u00d6\u251c\u00aetude du milieu familial et de formation. Si la demande est le fait d\u00d4\u00c7\u00d6un couple, les deux partenaires doivent entretenir une relation stable et \u251c\u00actre pleinement r\u251c\u00aesolus \u251c\u00e1 r\u251c\u00aealiser l\u00d4\u00c7\u00d6adoption. <\/span><\/em><\/p>\n<p><span>Le 4 avril 2022, le Conseil d\u00d4\u00c7\u00d6adoption de l\u00d4\u00c7\u00d6Ontario a lanc\u251c\u00ae un nouveau syst\u251c\u00bfme d\u00d4\u00c7\u00d6adoption centralis\u251c\u00ae, financ\u251c\u00ae par le minist\u251c\u00bfre des Services \u251c\u00e1 l\u00d4\u00c7\u00d6enfance et des Services sociaux et communautaires. Pour en savoir plus sur l\u00d4\u00c7\u00d6adoption, composez le 1-877-236-7820 ou\u252c\u00e1<\/span><a href=\"https:\/\/adoption.on.ca\/ci\/\">https:\/\/adoption.on.ca\/ci\/<\/a><span>. \u252c\u00e1<\/span><\/p>\n<p>[\/et_pb_text][\/et_pb_column_inner][\/et_pb_row_inner][\/et_pb_column][\/et_pb_section]<\/p>\n","protected":false},"excerpt":{"rendered":"<p><div id=\"internal-menu\" class=\"et_pb_module dsm_menu dsm_menu_0 internal-menu  et_pb_text_align_left et_pb_bg_layout_light\">\n\t\t\t\t\n\t\t\t\t\n\t\t\t\t\n\t\t\t\t\n\t\t\t\t\n\t\t\t\t\n\t\t\t\t<div class=\"et_pb_module_inner\">\n\t\t\t\t\t<nav class=\"dsm-menu-container\" role=\"navigation\" itemscope itemtype=\"http:\/\/schema.org\/SiteNavigationElement\"><ul id=\"menu-adoption-inner-menu-french\" class=\"dsm-menu dsm-menu-style-type-disc dsm-menu-layout-vertical\"><li id=\"menu-item-8344\" class=\"et_pb_menu_page_id-8220 menu-item menu-item-type-post_type menu-item-object-page menu-item-8344\"><a href=\"https:\/\/www.parnipcas.org\/fr\/adoption\/\" itemprop=\"url\"><span itemprop=\"name\">Adoption avec la Soci\u251c\u00aet\u251c\u00ae d\u00d4\u00c7\u00d6aide \u251c\u00e1 l\u00d4\u00c7\u00d6enfance<\/span><\/a><\/li>\n<li id=\"menu-item-8726\" class=\"et_pb_menu_page_id-8629 menu-item menu-item-type-post_type menu-item-object-page menu-item-8726\"><a href=\"https:\/\/www.parnipcas.org\/fr\/adoption\/enfants-qui-attendent-detre-adoptes\/\" itemprop=\"url\"><span itemprop=\"name\">Enfants qui attendent d&rsquo;\u251c\u00actre adopt\u251c\u00aes<\/span><\/a><\/li>\n<li id=\"menu-item-8345\" class=\"et_pb_menu_page_id-8252 menu-item menu-item-type-post_type menu-item-object-page menu-item-8345\"><a href=\"https:\/\/www.parnipcas.org\/fr\/adoption\/processus-dadoption\/\" itemprop=\"url\"><span itemprop=\"name\">Le processus d&rsquo;adoption<\/span><\/a><\/li>\n<li id=\"menu-item-8727\" class=\"et_pb_menu_page_id-8644 menu-item menu-item-type-post_type menu-item-object-page menu-item-8727\"><a href=\"https:\/\/www.parnipcas.org\/fr\/adoption\/parents-biologiques-adoption-ouverte\/\" itemprop=\"url\"><span itemprop=\"name\">Parents biologiques \/ adoption ouverte<\/span><\/a><\/li>\n<li id=\"menu-item-8728\" class=\"et_pb_menu_page_id-8641 menu-item menu-item-type-post_type menu-item-object-page menu-item-8728\"><a href=\"https:\/\/www.parnipcas.org\/fr\/adoption\/soutien-de-ladoption\/\" itemprop=\"url\"><span itemprop=\"name\">Soutien de l&rsquo;adoption<\/span><\/a><\/li>\n<li id=\"menu-item-8351\" class=\"et_pb_menu_page_id-8348 menu-item menu-item-type-post_type menu-item-object-page menu-item-8351\"><a href=\"https:\/\/www.parnipcas.org\/fr\/adoption\/bourse-ronald-lees\/\" itemprop=\"url\"><span itemprop=\"name\">Bourse Ronald Lees<\/span><\/a><\/li>\n<\/ul><\/nav>\n\t\t\t\t<\/div>\n\t\t\t<\/div>Adoption avec la Soci\u251c\u00aet\u251c\u00ae d\u00d4\u00c7\u00d6aide \u251c\u00e1 l\u00d4\u00c7\u00d6enfanceDes fr\u251c\u00bfres et s\u253c\u00f4urs. Des adolescents. Des enfants ayant des besoins particuliers ou des handicaps. Tous ont besoin d\u00d4\u00c7\u00d6une famille. Lorsqu\u00d4\u00c7\u00d6un enfant ou un jeune ne peut pas vivre [&hellip;]<\/p>\n","protected":false},"author":6,"featured_media":0,"parent":0,"menu_order":0,"comment_status":"closed","ping_status":"closed","template":"","meta":{"_et_pb_use_builder":"on","_et_pb_old_content":"","_et_gb_content_width":"","footnotes":""},"class_list":["post-8220","page","type-page","status-publish","hentry"],"yoast_head":"<!-- This site is optimized with the Yoast SEO plugin v27.0 - https:\/\/yoast.com\/product\/yoast-seo-wordpress\/ -->\n<title>Adoption avec la Soci\u251c\u00aet\u251c\u00ae d\u00d4\u00c7\u00d6aide \u251c\u00e1 l\u00d4\u00c7\u00d6enfance - Children&#039;s Aid Society<\/title>\n<meta name=\"robots\" content=\"index, follow, max-snippet:-1, max-image-preview:large, max-video-preview:-1\" \/>\n<link rel=\"canonical\" href=\"https:\/\/www.parnipcas.org\/fr\/adoption\/\" \/>\n<meta property=\"og:locale\" content=\"fr_FR\" \/>\n<meta property=\"og:type\" content=\"article\" \/>\n<meta property=\"og:title\" content=\"Adoption avec la Soci\u251c\u00aet\u251c\u00ae d\u00d4\u00c7\u00d6aide \u251c\u00e1 l\u00d4\u00c7\u00d6enfance - Children&#039;s Aid Society\" \/>\n<meta property=\"og:description\" content=\"Adoption avec la Soci\u251c\u00aet\u251c\u00ae d\u00d4\u00c7\u00d6aide \u251c\u00e1 l\u00d4\u00c7\u00d6enfanceDes fr\u251c\u00bfres et s\u253c\u00f4urs. Des adolescents. Des enfants ayant des besoins particuliers ou des handicaps. Tous ont besoin d\u00d4\u00c7\u00d6une famille. Lorsqu\u00d4\u00c7\u00d6un enfant ou un jeune ne peut pas vivre [&hellip;]\" \/>\n<meta property=\"og:url\" content=\"https:\/\/www.parnipcas.org\/fr\/adoption\/\" \/>\n<meta property=\"og:site_name\" content=\"Children&#039;s Aid Society\" \/>\n<meta property=\"article:modified_time\" content=\"2022-07-26T12:51:03+00:00\" \/>\n<meta name=\"twitter:card\" content=\"summary_large_image\" \/>\n<meta name=\"twitter:label1\" content=\"Dur\u00e9e de lecture estim\u00e9e\" \/>\n\t<meta name=\"twitter:data1\" content=\"6 minutes\" \/>\n<script type=\"application\/ld+json\" class=\"yoast-schema-graph\">{\"@context\":\"https:\/\/schema.org\",\"@graph\":[{\"@type\":\"WebPage\",\"@id\":\"https:\/\/www.parnipcas.org\/fr\/adoption\/\",\"url\":\"https:\/\/www.parnipcas.org\/fr\/adoption\/\",\"name\":\"Adoption avec la Soci\u251c\u00aet\u251c\u00ae d\u00d4\u00c7\u00d6aide \u251c\u00e1 l\u00d4\u00c7\u00d6enfance - Children&#039;s Aid Society\",\"isPartOf\":{\"@id\":\"https:\/\/www.parnipcas.org\/#website\"},\"datePublished\":\"2020-08-12T14:50:33+00:00\",\"dateModified\":\"2022-07-26T12:51:03+00:00\",\"breadcrumb\":{\"@id\":\"https:\/\/www.parnipcas.org\/fr\/adoption\/#breadcrumb\"},\"inLanguage\":\"fr-FR\",\"potentialAction\":[{\"@type\":\"ReadAction\",\"target\":[\"https:\/\/www.parnipcas.org\/fr\/adoption\/\"]}]},{\"@type\":\"BreadcrumbList\",\"@id\":\"https:\/\/www.parnipcas.org\/fr\/adoption\/#breadcrumb\",\"itemListElement\":[{\"@type\":\"ListItem\",\"position\":1,\"name\":\"Home\",\"item\":\"https:\/\/www.parnipcas.org\/fr\/\"},{\"@type\":\"ListItem\",\"position\":2,\"name\":\"Adoption avec la Soci\u251c\u00aet\u251c\u00ae d\u00d4\u00c7\u00d6aide \u251c\u00e1 l\u00d4\u00c7\u00d6enfance\"}]},{\"@type\":\"WebSite\",\"@id\":\"https:\/\/www.parnipcas.org\/#website\",\"url\":\"https:\/\/www.parnipcas.org\/\",\"name\":\"Children&#039;s Aid Society\",\"description\":\"Nipissing &amp; Parry Sound District\",\"potentialAction\":[{\"@type\":\"SearchAction\",\"target\":{\"@type\":\"EntryPoint\",\"urlTemplate\":\"https:\/\/www.parnipcas.org\/?s={search_term_string}\"},\"query-input\":{\"@type\":\"PropertyValueSpecification\",\"valueRequired\":true,\"valueName\":\"search_term_string\"}}],\"inLanguage\":\"fr-FR\"}]}<\/script>\n<!-- \/ Yoast SEO plugin. -->","yoast_head_json":{"title":"Adoption avec la Soci\u251c\u00aet\u251c\u00ae d\u00d4\u00c7\u00d6aide \u251c\u00e1 l\u00d4\u00c7\u00d6enfance - Children&#039;s Aid Society","robots":{"index":"index","follow":"follow","max-snippet":"max-snippet:-1","max-image-preview":"max-image-preview:large","max-video-preview":"max-video-preview:-1"},"canonical":"https:\/\/www.parnipcas.org\/fr\/adoption\/","og_locale":"fr_FR","og_type":"article","og_title":"Adoption avec la Soci\u251c\u00aet\u251c\u00ae d\u00d4\u00c7\u00d6aide \u251c\u00e1 l\u00d4\u00c7\u00d6enfance - Children&#039;s Aid Society","og_description":"Adoption avec la Soci\u251c\u00aet\u251c\u00ae d\u00d4\u00c7\u00d6aide \u251c\u00e1 l\u00d4\u00c7\u00d6enfanceDes fr\u251c\u00bfres et s\u253c\u00f4urs. Des adolescents. Des enfants ayant des besoins particuliers ou des handicaps. Tous ont besoin d\u00d4\u00c7\u00d6une famille. Lorsqu\u00d4\u00c7\u00d6un enfant ou un jeune ne peut pas vivre [&hellip;]","og_url":"https:\/\/www.parnipcas.org\/fr\/adoption\/","og_site_name":"Children&#039;s Aid Society","article_modified_time":"2022-07-26T12:51:03+00:00","twitter_card":"summary_large_image","twitter_misc":{"Dur\u00e9e de lecture estim\u00e9e":"6 minutes"},"schema":{"@context":"https:\/\/schema.org","@graph":[{"@type":"WebPage","@id":"https:\/\/www.parnipcas.org\/fr\/adoption\/","url":"https:\/\/www.parnipcas.org\/fr\/adoption\/","name":"Adoption avec la Soci\u251c\u00aet\u251c\u00ae d\u00d4\u00c7\u00d6aide \u251c\u00e1 l\u00d4\u00c7\u00d6enfance - Children&#039;s Aid Society","isPartOf":{"@id":"https:\/\/www.parnipcas.org\/#website"},"datePublished":"2020-08-12T14:50:33+00:00","dateModified":"2022-07-26T12:51:03+00:00","breadcrumb":{"@id":"https:\/\/www.parnipcas.org\/fr\/adoption\/#breadcrumb"},"inLanguage":"fr-FR","potentialAction":[{"@type":"ReadAction","target":["https:\/\/www.parnipcas.org\/fr\/adoption\/"]}]},{"@type":"BreadcrumbList","@id":"https:\/\/www.parnipcas.org\/fr\/adoption\/#breadcrumb","itemListElement":[{"@type":"ListItem","position":1,"name":"Home","item":"https:\/\/www.parnipcas.org\/fr\/"},{"@type":"ListItem","position":2,"name":"Adoption avec la Soci\u251c\u00aet\u251c\u00ae d\u00d4\u00c7\u00d6aide \u251c\u00e1 l\u00d4\u00c7\u00d6enfance"}]},{"@type":"WebSite","@id":"https:\/\/www.parnipcas.org\/#website","url":"https:\/\/www.parnipcas.org\/","name":"Children&#039;s Aid Society","description":"Nipissing &amp; Parry Sound District","potentialAction":[{"@type":"SearchAction","target":{"@type":"EntryPoint","urlTemplate":"https:\/\/www.parnipcas.org\/?s={search_term_string}"},"query-input":{"@type":"PropertyValueSpecification","valueRequired":true,"valueName":"search_term_string"}}],"inLanguage":"fr-FR"}]}},"_links":{"self":[{"href":"https:\/\/www.parnipcas.org\/fr\/wp-json\/wp\/v2\/pages\/8220","targetHints":{"allow":["GET"]}}],"collection":[{"href":"https:\/\/www.parnipcas.org\/fr\/wp-json\/wp\/v2\/pages"}],"about":[{"href":"https:\/\/www.parnipcas.org\/fr\/wp-json\/wp\/v2\/types\/page"}],"author":[{"embeddable":true,"href":"https:\/\/www.parnipcas.org\/fr\/wp-json\/wp\/v2\/users\/6"}],"replies":[{"embeddable":true,"href":"https:\/\/www.parnipcas.org\/fr\/wp-json\/wp\/v2\/comments?post=8220"}],"version-history":[{"count":27,"href":"https:\/\/www.parnipcas.org\/fr\/wp-json\/wp\/v2\/pages\/8220\/revisions"}],"predecessor-version":[{"id":11836,"href":"https:\/\/www.parnipcas.org\/fr\/wp-json\/wp\/v2\/pages\/8220\/revisions\/11836"}],"wp:attachment":[{"href":"https:\/\/www.parnipcas.org\/fr\/wp-json\/wp\/v2\/media?parent=8220"}],"curies":[{"name":"wp","href":"https:\/\/api.w.org\/{rel}","templated":true}]}}