{"id":8288,"date":"2020-08-12T12:11:09","date_gmt":"2020-08-12T16:11:09","guid":{"rendered":"https:\/\/www.parnipcas.org\/adoption\/divulgation-des-adoptions\/"},"modified":"2020-08-12T12:21:13","modified_gmt":"2020-08-12T16:21:13","slug":"divulgation-des-adoptions","status":"publish","type":"page","link":"https:\/\/www.parnipcas.org\/fr\/adoption\/divulgation-des-adoptions\/","title":{"rendered":"Divulgation des adoptions"},"content":{"rendered":"<p>[et_pb_section fb_built=\u00a0\u00bb1&Prime; _builder_version=\u00a0\u00bb4.5.6&Prime; background_color=\u00a0\u00bb#1b2b42&Prime; use_background_color_gradient=\u00a0\u00bbon\u00a0\u00bb background_color_gradient_start=\u00a0\u00bbrgba(27,43,66,0.87)\u00a0\u00bb background_color_gradient_end=\u00a0\u00bbrgba(0,39,94,0.93)\u00a0\u00bb background_color_gradient_overlays_image=\u00a0\u00bbon\u00a0\u00bb background_image=\u00a0\u00bbhttps:\/\/www.parnipcas.org\/wp-content\/uploads\/2020\/08\/Header-4-scaled-e1597166318593.jpg\u00a0\u00bb module_alignment=\u00a0\u00bbcenter\u00a0\u00bb custom_padding=\u00a0\u00bb||||true|false\u00a0\u00bb da_disable_devices=\u00a0\u00bboff|off|off\u00a0\u00bb global_module=\u00a0\u00bb363&Prime; da_is_popup=\u00a0\u00bboff\u00a0\u00bb da_exit_intent=\u00a0\u00bboff\u00a0\u00bb da_has_close=\u00a0\u00bbon\u00a0\u00bb da_alt_close=\u00a0\u00bboff\u00a0\u00bb da_dark_close=\u00a0\u00bboff\u00a0\u00bb da_not_modal=\u00a0\u00bbon\u00a0\u00bb da_is_singular=\u00a0\u00bboff\u00a0\u00bb da_with_loader=\u00a0\u00bboff\u00a0\u00bb da_has_shadow=\u00a0\u00bbon\u00a0\u00bb][et_pb_row _builder_version=\u00a0\u00bb4.4.9&Prime; module_alignment=\u00a0\u00bbcenter\u00a0\u00bb locked=\u00a0\u00bboff\u00a0\u00bb][et_pb_column type=\u00a0\u00bb4_4&Prime; _builder_version=\u00a0\u00bb4.4.9&Prime;][et_pb_blurb title=\u00a0\u00bbAdoption\u00a0\u00bb image=\u00a0\u00bbhttps:\/\/www.parnipcas.org\/wp-content\/uploads\/2020\/06\/AdoptionIcon_White.png\u00a0\u00bb icon_placement=\u00a0\u00bbleft\u00a0\u00bb icon_placement_tablet=\u00a0\u00bb\u00a0\u00bb icon_placement_phone=\u00a0\u00bbtop\u00a0\u00bb icon_placement_last_edited=\u00a0\u00bbon|phone\u00a0\u00bb disabled_on=\u00a0\u00bbon|on|off\u00a0\u00bb module_id=\u00a0\u00bbadoption-icon-size\u00a0\u00bb _builder_version=\u00a0\u00bb4.4.9&Prime; header_level=\u00a0\u00bbh1&Prime; header_font=\u00a0\u00bbGill Sans MT Bold||||||||\u00a0\u00bb header_text_align=\u00a0\u00bbcenter\u00a0\u00bb header_text_color=\u00a0\u00bb#ffffff\u00a0\u00bb header_font_size=\u00a0\u00bb60px\u00a0\u00bb body_text_align=\u00a0\u00bbcenter\u00a0\u00bb text_orientation=\u00a0\u00bbcenter\u00a0\u00bb module_alignment=\u00a0\u00bbcenter\u00a0\u00bb custom_margin=\u00a0\u00bb||||false|false\u00a0\u00bb custom_padding=\u00a0\u00bb|||18%|false|false\u00a0\u00bb header_font_size_tablet=\u00a0\u00bb\u00a0\u00bb header_font_size_phone=\u00a0\u00bb50px\u00a0\u00bb header_font_size_last_edited=\u00a0\u00bbon|phone\u00a0\u00bb][\/et_pb_blurb][et_pb_blurb title=\u00a0\u00bbAdoption\u00a0\u00bb image=\u00a0\u00bbhttps:\/\/www.parnipcas.org\/wp-content\/uploads\/2020\/06\/AdoptionIcon_White.png\u00a0\u00bb image_max_width=\u00a0\u00bb20%\u00a0\u00bb image_max_width_tablet=\u00a0\u00bb15%\u00a0\u00bb image_max_width_phone=\u00a0\u00bb17%\u00a0\u00bb image_max_width_last_edited=\u00a0\u00bbon|tablet\u00a0\u00bb disabled_on=\u00a0\u00bboff|off|on\u00a0\u00bb _builder_version=\u00a0\u00bb4.4.9&Prime; header_level=\u00a0\u00bbh1&Prime; header_font=\u00a0\u00bbGill Sans MT Bold||||||||\u00a0\u00bb header_text_align=\u00a0\u00bbcenter\u00a0\u00bb header_text_color=\u00a0\u00bb#ffffff\u00a0\u00bb header_font_size=\u00a0\u00bb60px\u00a0\u00bb header_line_height=\u00a0\u00bb1.2em\u00a0\u00bb module_alignment=\u00a0\u00bbcenter\u00a0\u00bb header_font_size_tablet=\u00a0\u00bb\u00a0\u00bb header_font_size_phone=\u00a0\u00bb38px\u00a0\u00bb header_font_size_last_edited=\u00a0\u00bbon|phone\u00a0\u00bb custom_css_blurb_image=\u00a0\u00bbmargin-bottom:20px;\u00a0\u00bb][\/et_pb_blurb][\/et_pb_column][\/et_pb_row][\/et_pb_section][et_pb_section fb_built=\u00a0\u00bb1&Prime; specialty=\u00a0\u00bbon\u00a0\u00bb module_class_1=\u00a0\u00bbinner-menu-mobile-column\u00a0\u00bb _builder_version=\u00a0\u00bb4.4.9&Prime; module_alignment=\u00a0\u00bbcenter\u00a0\u00bb inner_module_alignment=\u00a0\u00bbcenter\u00a0\u00bb custom_padding=\u00a0\u00bb25px||||false|false\u00a0\u00bb da_disable_devices=\u00a0\u00bboff|off|off\u00a0\u00bb da_is_popup=\u00a0\u00bboff\u00a0\u00bb da_exit_intent=\u00a0\u00bboff\u00a0\u00bb da_has_close=\u00a0\u00bbon\u00a0\u00bb da_alt_close=\u00a0\u00bboff\u00a0\u00bb da_dark_close=\u00a0\u00bboff\u00a0\u00bb da_not_modal=\u00a0\u00bbon\u00a0\u00bb da_is_singular=\u00a0\u00bboff\u00a0\u00bb da_with_loader=\u00a0\u00bboff\u00a0\u00bb da_has_shadow=\u00a0\u00bbon\u00a0\u00bb][et_pb_column type=\u00a0\u00bb1_4&Prime; _builder_version=\u00a0\u00bb3.25&Prime; custom_padding=\u00a0\u00bb|||\u00a0\u00bb custom_padding__hover=\u00a0\u00bb|||\u00a0\u00bb][dsm_menu menu_id=\u00a0\u00bb10&Prime; menu_link_text_color=\u00a0\u00bb#4e5f6f\u00a0\u00bb menu_space_between=\u00a0\u00bb3px\u00a0\u00bb list_style_color=\u00a0\u00bb#4e5f6f\u00a0\u00bb module_id=\u00a0\u00bbinternal-menu\u00a0\u00bb module_class=\u00a0\u00bbinternal-menu\u00a0\u00bb _builder_version=\u00a0\u00bb4.4.9&Prime; menu_font=\u00a0\u00bbGill Sans MT Bold||||||||\u00a0\u00bb menu_font_size=\u00a0\u00bb17px\u00a0\u00bb custom_margin=\u00a0\u00bb||||false|false\u00a0\u00bb custom_padding=\u00a0\u00bb||||false|false\u00a0\u00bb global_module=\u00a0\u00bb351&Prime; saved_tabs=\u00a0\u00bball\u00a0\u00bb menu_link_text_color__hover_enabled=\u00a0\u00bbon|hover\u00a0\u00bb menu_link_text_color__hover=\u00a0\u00bb#493d6f\u00a0\u00bb][\/dsm_menu][\/et_pb_column][et_pb_column type=\u00a0\u00bb3_4&Prime; specialty_columns=\u00a0\u00bb3&Prime; _builder_version=\u00a0\u00bb3.25&Prime; custom_padding=\u00a0\u00bb|||\u00a0\u00bb custom_padding__hover=\u00a0\u00bb|||\u00a0\u00bb][et_pb_row_inner _builder_version=\u00a0\u00bb4.4.8&Prime; custom_padding=\u00a0\u00bb||||false|false\u00a0\u00bb][et_pb_column_inner saved_specialty_column_type=\u00a0\u00bb2_3&Prime; _builder_version=\u00a0\u00bb4.4.8&Prime;][et_pb_text _builder_version=\u00a0\u00bb4.4.8&Prime; header_2_font=\u00a0\u00bbGill Sans MT Bold||||||||\u00a0\u00bb header_2_text_color=\u00a0\u00bb#1b82bd\u00a0\u00bb header_2_font_size=\u00a0\u00bb22px\u00a0\u00bb custom_margin=\u00a0\u00bb||10px||false|false\u00a0\u00bb custom_padding=\u00a0\u00bb||||false|false\u00a0\u00bb]<\/p>\n<h2>Divulgation des adoptions<\/h2>\n<p>[\/et_pb_text][et_pb_text _builder_version=\u00a0\u00bb4.4.8&Prime; text_font=\u00a0\u00bbGill Sans MT Regular||||||||\u00a0\u00bb text_font_size=\u00a0\u00bb18px\u00a0\u00bb]<\/p>\n<p>La Loi de 2005 sur la divulgation de renseignements sur les adoptions a re\u251c\u00bau la sanction royale le 5 novembre 2005 et a \u251c\u00aet\u251c\u00ae adopt\u251c\u00aee en novembre 2006. La loi permet:<\/p>\n<p>[\/et_pb_text][\/et_pb_column_inner][\/et_pb_row_inner][et_pb_row_inner column_structure=\u00a0\u00bb1_2,1_2&Prime; use_custom_gutter=\u00a0\u00bbon\u00a0\u00bb gutter_width=\u00a0\u00bb2&Prime; disabled_on=\u00a0\u00bbon|on|off\u00a0\u00bb _builder_version=\u00a0\u00bb4.4.9&Prime; custom_margin=\u00a0\u00bb||0px||false|false\u00a0\u00bb custom_padding=\u00a0\u00bb0px||10px||false|false\u00a0\u00bb][et_pb_column_inner type=\u00a0\u00bb1_2&Prime; saved_specialty_column_type=\u00a0\u00bb3_4&Prime; _builder_version=\u00a0\u00bb4.4.8&Prime;][et_pb_text _builder_version=\u00a0\u00bb4.4.8&Prime; text_font=\u00a0\u00bbGill Sans MT Regular||||||||\u00a0\u00bb text_font_size=\u00a0\u00bb18px\u00a0\u00bb header_font=\u00a0\u00bbGill Sans MT Regular||||||||\u00a0\u00bb header_4_font=\u00a0\u00bbGill Sans MT Bold||||||||\u00a0\u00bb header_4_text_align=\u00a0\u00bbcenter\u00a0\u00bb header_4_text_color=\u00a0\u00bb#1b2b42&Prime; custom_margin=\u00a0\u00bb0px||0px||false|false\u00a0\u00bb custom_padding=\u00a0\u00bb0px||0px||false|false\u00a0\u00bb]<\/p>\n<ul>\n<li>\u251c\u00c7 une personne adopt\u251c\u00aee d&rsquo;au moins 18 ans d&rsquo;obtenir un exemplaire de son dossier de naissance d&rsquo;origine et de l&rsquo;ordonnance d&rsquo;adoption. La personne adopt\u251c\u00aee pourrait alors savoir quel \u251c\u00aetait son nom initial \u251c\u00e1 sa naissance. Ces documents peuvent \u251c\u00aegalement fournir des renseignements qui identifient les parents biologiques.  <\/li>\n<li>\u251c\u00c7 un parent biologique d&rsquo;obtenir l&rsquo;information que contiennent l&rsquo;enregistrement de naissance et l&rsquo;ordonnance d&rsquo;adoption de l&rsquo;enfant qu&rsquo;ils ont fait adopter une fois que l&rsquo;enfant a 19 ans. Ces documents peuvent fournir des renseignements qui identifient la personne adopt\u251c\u00aee, notamment son nom apr\u251c\u00bfs l&rsquo;adoption. Les renseignements sur les parents d&rsquo;adoption seraient \u251c\u00aelimin\u251c\u00aes.  <\/li>\n<\/ul>\n<p>[\/et_pb_text][\/et_pb_column_inner][et_pb_column_inner type=\u00a0\u00bb1_2&Prime; saved_specialty_column_type=\u00a0\u00bb3_4&Prime; _builder_version=\u00a0\u00bb4.4.8&Prime;][et_pb_text _builder_version=\u00a0\u00bb4.4.8&Prime; text_font=\u00a0\u00bbGill Sans MT Regular||||||||\u00a0\u00bb text_font_size=\u00a0\u00bb18px\u00a0\u00bb header_font=\u00a0\u00bbGill Sans MT Regular||||||||\u00a0\u00bb header_4_font=\u00a0\u00bbGill Sans MT Bold||||||||\u00a0\u00bb header_4_text_align=\u00a0\u00bbcenter\u00a0\u00bb header_4_text_color=\u00a0\u00bb#1b2b42&Prime; custom_margin=\u00a0\u00bb0px||0px||false|false\u00a0\u00bb custom_padding=\u00a0\u00bb0px||0px||false|false\u00a0\u00bb]<\/p>\n<ul>\n<li>\u251c\u00c7 un parent biologique ou une personne adopt\u251c\u00aee qui ne veut aucune communication d&rsquo;indiquer \u252c\u00bd aucune communication \u252c\u2557 dans son dossier. On demanderait \u251c\u00e1 la personne qui enregistre un avis de non-communication de fournir volontairement des ant\u251c\u00aec\u251c\u00aedents familiaux et m\u251c\u00aedicaux et une courte d\u251c\u00aeclaration sur ses raisons d&rsquo;enregistrer un avis de non-communication. <\/li>\n<li>Aux parents biologiques et aux personnes adopt\u251c\u00aees de pr\u251c\u00aesenter une demande \u251c\u00e1 la Commission de r\u251c\u00aevision des services \u251c\u00e1 l\u00d4\u00c7\u00d6enfance et \u251c\u00e1 la famille pour \u251c\u00aeviter la divulgation de renseignements identificatoires s&rsquo;ils s&rsquo;inqui\u251c\u00bftent de leur s\u251c\u00aecurit\u251c\u00ae personnelle.<\/li>\n<\/ul>\n<p>[\/et_pb_text][\/et_pb_column_inner][\/et_pb_row_inner][et_pb_row_inner use_custom_gutter=\u00a0\u00bbon\u00a0\u00bb gutter_width=\u00a0\u00bb2&Prime; disabled_on=\u00a0\u00bboff|off|on\u00a0\u00bb _builder_version=\u00a0\u00bb4.4.9&Prime; custom_margin=\u00a0\u00bb||0px||false|false\u00a0\u00bb custom_padding=\u00a0\u00bb0px||10px||false|false\u00a0\u00bb][et_pb_column_inner saved_specialty_column_type=\u00a0\u00bb3_4&Prime; _builder_version=\u00a0\u00bb4.4.8&Prime;][et_pb_text _builder_version=\u00a0\u00bb4.4.9&Prime; text_font=\u00a0\u00bbGill Sans MT Regular||||||||\u00a0\u00bb text_font_size=\u00a0\u00bb18px\u00a0\u00bb header_font=\u00a0\u00bbGill Sans MT Regular||||||||\u00a0\u00bb header_4_font=\u00a0\u00bbGill Sans MT Bold||||||||\u00a0\u00bb header_4_text_align=\u00a0\u00bbcenter\u00a0\u00bb header_4_text_color=\u00a0\u00bb#1b2b42&Prime; custom_margin=\u00a0\u00bb0px||0px||false|false\u00a0\u00bb custom_padding=\u00a0\u00bb0px||0px||false|false\u00a0\u00bb]<\/p>\n<ul>\n<li>\u251c\u00c7 une personne adopt\u251c\u00aee d&rsquo;au moins 18 ans d&rsquo;obtenir un exemplaire de son dossier de naissance d&rsquo;origine et de l&rsquo;ordonnance d&rsquo;adoption. La personne adopt\u251c\u00aee pourrait alors savoir quel \u251c\u00aetait son nom initial \u251c\u00e1 sa naissance. Ces documents peuvent \u251c\u00aegalement fournir des renseignements qui identifient les parents biologiques.  <\/li>\n<li>\u251c\u00c7 un parent biologique d&rsquo;obtenir l&rsquo;information que contiennent l&rsquo;enregistrement de naissance et l&rsquo;ordonnance d&rsquo;adoption de l&rsquo;enfant qu&rsquo;ils ont fait adopter une fois que l&rsquo;enfant a 19 ans. Ces documents peuvent fournir des renseignements qui identifient la personne adopt\u251c\u00aee, notamment son nom apr\u251c\u00bfs l&rsquo;adoption. Les renseignements sur les parents d&rsquo;adoption seraient \u251c\u00aelimin\u251c\u00aes.  <\/li>\n<li>\u251c\u00c7 un parent biologique ou une personne adopt\u251c\u00aee qui ne veut aucune communication d&rsquo;indiquer \u252c\u00bd aucune communication \u252c\u2557 dans son dossier. On demanderait \u251c\u00e1 la personne qui enregistre un avis de non-communication de fournir volontairement des ant\u251c\u00aec\u251c\u00aedents familiaux et m\u251c\u00aedicaux et une courte d\u251c\u00aeclaration sur ses raisons d&rsquo;enregistrer un avis de non-communication. <\/li>\n<li>Aux parents biologiques et aux personnes adopt\u251c\u00aees de pr\u251c\u00aesenter une demande \u251c\u00e1 la Commission de r\u251c\u00aevision des services \u251c\u00e1 l\u00d4\u00c7\u00d6enfance et \u251c\u00e1 la famille pour \u251c\u00aeviter la divulgation de renseignements identificatoires s&rsquo;ils s&rsquo;inqui\u251c\u00bftent de leur s\u251c\u00aecurit\u251c\u00ae personnelle.<\/li>\n<\/ul>\n<p>[\/et_pb_text][\/et_pb_column_inner][\/et_pb_row_inner][et_pb_row_inner column_structure=\u00a0\u00bb1_2,1_2&Prime; use_custom_gutter=\u00a0\u00bbon\u00a0\u00bb gutter_width=\u00a0\u00bb2&Prime; _builder_version=\u00a0\u00bb4.4.8&Prime; custom_margin=\u00a0\u00bb0px||0px||false|false\u00a0\u00bb custom_padding=\u00a0\u00bb0px||20px||false|false\u00a0\u00bb][et_pb_column_inner type=\u00a0\u00bb1_2&Prime; saved_specialty_column_type=\u00a0\u00bb3_4&Prime; _builder_version=\u00a0\u00bb4.4.8&Prime;][et_pb_text _builder_version=\u00a0\u00bb4.5.6&Prime; text_font=\u00a0\u00bbGill Sans MT Regular||||||||\u00a0\u00bb text_font_size=\u00a0\u00bb18px\u00a0\u00bb header_font=\u00a0\u00bbGill Sans MT Regular||||||||\u00a0\u00bb header_4_font=\u00a0\u00bbGill Sans MT Bold||||||||\u00a0\u00bb header_4_text_align=\u00a0\u00bbcenter\u00a0\u00bb header_4_text_color=\u00a0\u00bb#1b2b42&Prime; custom_margin=\u00a0\u00bb0px||30px||false|false\u00a0\u00bb custom_padding=\u00a0\u00bb0px||||false|false\u00a0\u00bb hover_enabled=\u00a0\u00bb0&Prime;]Pour obtenir des renseignements sur les avis de non-communication, les modes de communication pr\u251c\u00aef\u251c\u00aer\u251c\u00aes et les renonciations \u251c\u00e1 la protection, visitez: <a href=\"http:\/\/www.serviceontario.ca\">www.serviceontario.ca<\/a>. Ou communiquez avec le minist\u251c\u00bfre des Services sociaux et communautaires au <g id=\"gid_1\">www.mcss.gov.on.ca<\/g>, t\u251c\u00ael\u251c\u00aephone: <g id=\"gid_2\">416-325-5666<\/g>, ou sans frais: <g id=\"gid_3\">1-888-789-4199<\/g>. Vous pouvez \u251c\u00aegalement obtenir d&rsquo;autres renseignements en communiquant avec notre soci\u251c\u00aet\u251c\u00ae au <g id=\"gid_4\">705-472-0910<\/g> ou <g id=\"gid_5\">1-877-303-0910<\/g> (sans frais).[\/et_pb_text][\/et_pb_column_inner][et_pb_column_inner type=\u00a0\u00bb1_2&Prime; saved_specialty_column_type=\u00a0\u00bb3_4&Prime; _builder_version=\u00a0\u00bb4.4.8&Prime;][et_pb_image src=\u00a0\u00bbhttps:\/\/www.parnipcas.org\/wp-content\/uploads\/2020\/08\/shutterstock_505222105-scaled.jpg\u00a0\u00bb title_text=\u00a0\u00bbYoung boy\u00a0\u00bb _builder_version=\u00a0\u00bb4.5.6&Prime;][\/et_pb_image][\/et_pb_column_inner][\/et_pb_row_inner][\/et_pb_column][\/et_pb_section]<\/p>\n","protected":false},"excerpt":{"rendered":"<p><div id=\"internal-menu\" class=\"et_pb_module dsm_menu dsm_menu_0 internal-menu  et_pb_text_align_left et_pb_bg_layout_light\">\n\t\t\t\t\n\t\t\t\t\n\t\t\t\t\n\t\t\t\t\n\t\t\t\t\n\t\t\t\t\n\t\t\t\t<div class=\"et_pb_module_inner\">\n\t\t\t\t\t<nav class=\"dsm-menu-container\" role=\"navigation\" itemscope itemtype=\"http:\/\/schema.org\/SiteNavigationElement\"><ul id=\"menu-adoption-inner-menu-french\" class=\"dsm-menu dsm-menu-style-type-disc dsm-menu-layout-vertical\"><li id=\"menu-item-8344\" class=\"et_pb_menu_page_id-8220 menu-item menu-item-type-post_type menu-item-object-page menu-item-8344\"><a href=\"https:\/\/www.parnipcas.org\/fr\/adoption\/\" itemprop=\"url\"><span itemprop=\"name\">Adoption avec la Soci\u251c\u00aet\u251c\u00ae d\u00d4\u00c7\u00d6aide \u251c\u00e1 l\u00d4\u00c7\u00d6enfance<\/span><\/a><\/li>\n<li id=\"menu-item-8726\" class=\"et_pb_menu_page_id-8629 menu-item menu-item-type-post_type menu-item-object-page menu-item-8726\"><a href=\"https:\/\/www.parnipcas.org\/fr\/adoption\/enfants-qui-attendent-detre-adoptes\/\" itemprop=\"url\"><span itemprop=\"name\">Enfants qui attendent d&rsquo;\u251c\u00actre adopt\u251c\u00aes<\/span><\/a><\/li>\n<li id=\"menu-item-8345\" class=\"et_pb_menu_page_id-8252 menu-item menu-item-type-post_type menu-item-object-page menu-item-8345\"><a href=\"https:\/\/www.parnipcas.org\/fr\/adoption\/processus-dadoption\/\" itemprop=\"url\"><span itemprop=\"name\">Le processus d&rsquo;adoption<\/span><\/a><\/li>\n<li id=\"menu-item-8727\" class=\"et_pb_menu_page_id-8644 menu-item menu-item-type-post_type menu-item-object-page menu-item-8727\"><a href=\"https:\/\/www.parnipcas.org\/fr\/adoption\/parents-biologiques-adoption-ouverte\/\" itemprop=\"url\"><span itemprop=\"name\">Parents biologiques \/ adoption ouverte<\/span><\/a><\/li>\n<li id=\"menu-item-8728\" class=\"et_pb_menu_page_id-8641 menu-item menu-item-type-post_type menu-item-object-page menu-item-8728\"><a href=\"https:\/\/www.parnipcas.org\/fr\/adoption\/soutien-de-ladoption\/\" itemprop=\"url\"><span itemprop=\"name\">Soutien de l&rsquo;adoption<\/span><\/a><\/li>\n<li id=\"menu-item-8351\" class=\"et_pb_menu_page_id-8348 menu-item menu-item-type-post_type menu-item-object-page menu-item-8351\"><a href=\"https:\/\/www.parnipcas.org\/fr\/adoption\/bourse-ronald-lees\/\" itemprop=\"url\"><span itemprop=\"name\">Bourse Ronald Lees<\/span><\/a><\/li>\n<\/ul><\/nav>\n\t\t\t\t<\/div>\n\t\t\t<\/div>Divulgation des adoptionsLa Loi de 2005 sur la divulgation de renseignements sur les adoptions a re\u251c\u00bau la sanction royale le 5 novembre 2005 et a \u251c\u00aet\u251c\u00ae adopt\u251c\u00aee en novembre 2006. La loi permet: \u251c\u00c7 une personne adopt\u251c\u00aee [&hellip;]<\/p>\n","protected":false},"author":6,"featured_media":0,"parent":8220,"menu_order":0,"comment_status":"closed","ping_status":"closed","template":"","meta":{"_et_pb_use_builder":"on","_et_pb_old_content":"","_et_gb_content_width":"","footnotes":""},"class_list":["post-8288","page","type-page","status-publish","hentry"],"yoast_head":"<!-- This site is optimized with the Yoast SEO plugin v27.0 - https:\/\/yoast.com\/product\/yoast-seo-wordpress\/ -->\n<title>Divulgation des adoptions - Children&#039;s Aid Society<\/title>\n<meta name=\"robots\" content=\"index, follow, max-snippet:-1, max-image-preview:large, max-video-preview:-1\" \/>\n<link rel=\"canonical\" href=\"https:\/\/www.parnipcas.org\/fr\/adoption\/divulgation-des-adoptions\/\" \/>\n<meta property=\"og:locale\" content=\"fr_FR\" \/>\n<meta property=\"og:type\" content=\"article\" \/>\n<meta property=\"og:title\" content=\"Divulgation des adoptions - Children&#039;s Aid Society\" \/>\n<meta property=\"og:description\" content=\"Divulgation des adoptionsLa Loi de 2005 sur la divulgation de renseignements sur les adoptions a re\u251c\u00bau la sanction royale le 5 novembre 2005 et a \u251c\u00aet\u251c\u00ae adopt\u251c\u00aee en novembre 2006. La loi permet: \u251c\u00c7 une personne adopt\u251c\u00aee [&hellip;]\" \/>\n<meta property=\"og:url\" content=\"https:\/\/www.parnipcas.org\/fr\/adoption\/divulgation-des-adoptions\/\" \/>\n<meta property=\"og:site_name\" content=\"Children&#039;s Aid Society\" \/>\n<meta property=\"article:modified_time\" content=\"2020-08-12T16:21:13+00:00\" \/>\n<meta name=\"twitter:card\" content=\"summary_large_image\" \/>\n<meta name=\"twitter:label1\" content=\"Dur\u00e9e de lecture estim\u00e9e\" \/>\n\t<meta name=\"twitter:data1\" content=\"7 minutes\" \/>\n<script type=\"application\/ld+json\" class=\"yoast-schema-graph\">{\"@context\":\"https:\/\/schema.org\",\"@graph\":[{\"@type\":\"WebPage\",\"@id\":\"https:\/\/www.parnipcas.org\/fr\/adoption\/divulgation-des-adoptions\/\",\"url\":\"https:\/\/www.parnipcas.org\/fr\/adoption\/divulgation-des-adoptions\/\",\"name\":\"Divulgation des adoptions - Children&#039;s Aid Society\",\"isPartOf\":{\"@id\":\"https:\/\/www.parnipcas.org\/#website\"},\"datePublished\":\"2020-08-12T16:11:09+00:00\",\"dateModified\":\"2020-08-12T16:21:13+00:00\",\"breadcrumb\":{\"@id\":\"https:\/\/www.parnipcas.org\/fr\/adoption\/divulgation-des-adoptions\/#breadcrumb\"},\"inLanguage\":\"fr-FR\",\"potentialAction\":[{\"@type\":\"ReadAction\",\"target\":[\"https:\/\/www.parnipcas.org\/fr\/adoption\/divulgation-des-adoptions\/\"]}]},{\"@type\":\"BreadcrumbList\",\"@id\":\"https:\/\/www.parnipcas.org\/fr\/adoption\/divulgation-des-adoptions\/#breadcrumb\",\"itemListElement\":[{\"@type\":\"ListItem\",\"position\":1,\"name\":\"Home\",\"item\":\"https:\/\/www.parnipcas.org\/fr\/\"},{\"@type\":\"ListItem\",\"position\":2,\"name\":\"Adoption avec la Soci\u251c\u00aet\u251c\u00ae d\u00d4\u00c7\u00d6aide \u251c\u00e1 l\u00d4\u00c7\u00d6enfance\",\"item\":\"https:\/\/www.parnipcas.org\/fr\/adoption\/\"},{\"@type\":\"ListItem\",\"position\":3,\"name\":\"Divulgation des adoptions\"}]},{\"@type\":\"WebSite\",\"@id\":\"https:\/\/www.parnipcas.org\/#website\",\"url\":\"https:\/\/www.parnipcas.org\/\",\"name\":\"Children&#039;s Aid Society\",\"description\":\"Nipissing &amp; Parry Sound District\",\"potentialAction\":[{\"@type\":\"SearchAction\",\"target\":{\"@type\":\"EntryPoint\",\"urlTemplate\":\"https:\/\/www.parnipcas.org\/?s={search_term_string}\"},\"query-input\":{\"@type\":\"PropertyValueSpecification\",\"valueRequired\":true,\"valueName\":\"search_term_string\"}}],\"inLanguage\":\"fr-FR\"}]}<\/script>\n<!-- \/ Yoast SEO plugin. -->","yoast_head_json":{"title":"Divulgation des adoptions - Children&#039;s Aid Society","robots":{"index":"index","follow":"follow","max-snippet":"max-snippet:-1","max-image-preview":"max-image-preview:large","max-video-preview":"max-video-preview:-1"},"canonical":"https:\/\/www.parnipcas.org\/fr\/adoption\/divulgation-des-adoptions\/","og_locale":"fr_FR","og_type":"article","og_title":"Divulgation des adoptions - Children&#039;s Aid Society","og_description":"Divulgation des adoptionsLa Loi de 2005 sur la divulgation de renseignements sur les adoptions a re\u251c\u00bau la sanction royale le 5 novembre 2005 et a \u251c\u00aet\u251c\u00ae adopt\u251c\u00aee en novembre 2006. La loi permet: \u251c\u00c7 une personne adopt\u251c\u00aee [&hellip;]","og_url":"https:\/\/www.parnipcas.org\/fr\/adoption\/divulgation-des-adoptions\/","og_site_name":"Children&#039;s Aid Society","article_modified_time":"2020-08-12T16:21:13+00:00","twitter_card":"summary_large_image","twitter_misc":{"Dur\u00e9e de lecture estim\u00e9e":"7 minutes"},"schema":{"@context":"https:\/\/schema.org","@graph":[{"@type":"WebPage","@id":"https:\/\/www.parnipcas.org\/fr\/adoption\/divulgation-des-adoptions\/","url":"https:\/\/www.parnipcas.org\/fr\/adoption\/divulgation-des-adoptions\/","name":"Divulgation des adoptions - Children&#039;s Aid Society","isPartOf":{"@id":"https:\/\/www.parnipcas.org\/#website"},"datePublished":"2020-08-12T16:11:09+00:00","dateModified":"2020-08-12T16:21:13+00:00","breadcrumb":{"@id":"https:\/\/www.parnipcas.org\/fr\/adoption\/divulgation-des-adoptions\/#breadcrumb"},"inLanguage":"fr-FR","potentialAction":[{"@type":"ReadAction","target":["https:\/\/www.parnipcas.org\/fr\/adoption\/divulgation-des-adoptions\/"]}]},{"@type":"BreadcrumbList","@id":"https:\/\/www.parnipcas.org\/fr\/adoption\/divulgation-des-adoptions\/#breadcrumb","itemListElement":[{"@type":"ListItem","position":1,"name":"Home","item":"https:\/\/www.parnipcas.org\/fr\/"},{"@type":"ListItem","position":2,"name":"Adoption avec la Soci\u251c\u00aet\u251c\u00ae d\u00d4\u00c7\u00d6aide \u251c\u00e1 l\u00d4\u00c7\u00d6enfance","item":"https:\/\/www.parnipcas.org\/fr\/adoption\/"},{"@type":"ListItem","position":3,"name":"Divulgation des adoptions"}]},{"@type":"WebSite","@id":"https:\/\/www.parnipcas.org\/#website","url":"https:\/\/www.parnipcas.org\/","name":"Children&#039;s Aid Society","description":"Nipissing &amp; Parry Sound District","potentialAction":[{"@type":"SearchAction","target":{"@type":"EntryPoint","urlTemplate":"https:\/\/www.parnipcas.org\/?s={search_term_string}"},"query-input":{"@type":"PropertyValueSpecification","valueRequired":true,"valueName":"search_term_string"}}],"inLanguage":"fr-FR"}]}},"_links":{"self":[{"href":"https:\/\/www.parnipcas.org\/fr\/wp-json\/wp\/v2\/pages\/8288","targetHints":{"allow":["GET"]}}],"collection":[{"href":"https:\/\/www.parnipcas.org\/fr\/wp-json\/wp\/v2\/pages"}],"about":[{"href":"https:\/\/www.parnipcas.org\/fr\/wp-json\/wp\/v2\/types\/page"}],"author":[{"embeddable":true,"href":"https:\/\/www.parnipcas.org\/fr\/wp-json\/wp\/v2\/users\/6"}],"replies":[{"embeddable":true,"href":"https:\/\/www.parnipcas.org\/fr\/wp-json\/wp\/v2\/comments?post=8288"}],"version-history":[{"count":7,"href":"https:\/\/www.parnipcas.org\/fr\/wp-json\/wp\/v2\/pages\/8288\/revisions"}],"predecessor-version":[{"id":8329,"href":"https:\/\/www.parnipcas.org\/fr\/wp-json\/wp\/v2\/pages\/8288\/revisions\/8329"}],"up":[{"embeddable":true,"href":"https:\/\/www.parnipcas.org\/fr\/wp-json\/wp\/v2\/pages\/8220"}],"wp:attachment":[{"href":"https:\/\/www.parnipcas.org\/fr\/wp-json\/wp\/v2\/media?parent=8288"}],"curies":[{"name":"wp","href":"https:\/\/api.w.org\/{rel}","templated":true}]}}