{"id":8348,"date":"2020-08-12T13:31:46","date_gmt":"2020-08-12T17:31:46","guid":{"rendered":"https:\/\/www.parnipcas.org\/adoption\/bourse-ronald-lees\/"},"modified":"2026-01-19T11:26:23","modified_gmt":"2026-01-19T16:26:23","slug":"bourse-ronald-lees","status":"publish","type":"page","link":"https:\/\/www.parnipcas.org\/fr\/adoption\/bourse-ronald-lees\/","title":{"rendered":"Bourse Ronald Lees"},"content":{"rendered":"<p>[et_pb_section fb_built=\u00a0\u00bb1&Prime; _builder_version=\u00a0\u00bb4.16&Prime; background_color=\u00a0\u00bb#1b2b42&Prime; use_background_color_gradient=\u00a0\u00bbon\u00a0\u00bb background_color_gradient_stops=\u00a0\u00bbrgba(27,43,66,0.87) 0%|rgba(0,39,94,0.93) 100%\u00a0\u00bb background_color_gradient_overlays_image=\u00a0\u00bbon\u00a0\u00bb background_color_gradient_start=\u00a0\u00bbrgba(27,43,66,0.87)\u00a0\u00bb background_color_gradient_end=\u00a0\u00bbrgba(0,39,94,0.93)\u00a0\u00bb background_image=\u00a0\u00bbhttps:\/\/www.parnipcas.org\/wp-content\/uploads\/2020\/08\/Header-4-scaled-e1597166318593.jpg\u00a0\u00bb module_alignment=\u00a0\u00bbcenter\u00a0\u00bb custom_padding=\u00a0\u00bb||||true|false\u00a0\u00bb global_colors_info=\u00a0\u00bb{}\u00a0\u00bb][et_pb_row _builder_version=\u00a0\u00bb4.16&Prime; module_alignment=\u00a0\u00bbcenter\u00a0\u00bb locked=\u00a0\u00bboff\u00a0\u00bb global_colors_info=\u00a0\u00bb{}\u00a0\u00bb][et_pb_column type=\u00a0\u00bb4_4&Prime; _builder_version=\u00a0\u00bb4.16&Prime; global_colors_info=\u00a0\u00bb{}\u00a0\u00bb][et_pb_blurb title=\u00a0\u00bbAdoption\u00a0\u00bb image=\u00a0\u00bbhttps:\/\/www.parnipcas.org\/wp-content\/uploads\/2020\/06\/AdoptionIcon_White.png\u00a0\u00bb alt=\u00a0\u00bbAdoption Icon depicting a heart interconnected with a %22plus%22 symbol.\u00a0\u00bb icon_placement=\u00a0\u00bbleft\u00a0\u00bb icon_placement_tablet=\u00a0\u00bb\u00a0\u00bb icon_placement_phone=\u00a0\u00bbtop\u00a0\u00bb icon_placement_last_edited=\u00a0\u00bbon|phone\u00a0\u00bb disabled_on=\u00a0\u00bbon|on|off\u00a0\u00bb module_id=\u00a0\u00bbadoption-icon-size\u00a0\u00bb _builder_version=\u00a0\u00bb4.16&Prime; header_level=\u00a0\u00bbh1&Prime; header_font=\u00a0\u00bbGill Sans MT Bold||||||||\u00a0\u00bb header_text_align=\u00a0\u00bbcenter\u00a0\u00bb header_text_color=\u00a0\u00bb#ffffff\u00a0\u00bb header_font_size=\u00a0\u00bb60px\u00a0\u00bb body_text_align=\u00a0\u00bbcenter\u00a0\u00bb image_icon_custom_padding_tablet=\u00a0\u00bb\u00a0\u00bb image_icon_custom_padding_phone=\u00a0\u00bb\u00a0\u00bb image_icon_custom_padding_last_edited=\u00a0\u00bbon|phone\u00a0\u00bb text_orientation=\u00a0\u00bbcenter\u00a0\u00bb module_alignment=\u00a0\u00bbcenter\u00a0\u00bb custom_margin=\u00a0\u00bb||||false|false\u00a0\u00bb custom_padding=\u00a0\u00bb|||18%|false|false\u00a0\u00bb header_font_size_tablet=\u00a0\u00bb\u00a0\u00bb header_font_size_phone=\u00a0\u00bb50px\u00a0\u00bb header_font_size_last_edited=\u00a0\u00bbon|phone\u00a0\u00bb border_width_all_image_tablet=\u00a0\u00bb\u00a0\u00bb border_width_all_image_phone=\u00a0\u00bb\u00a0\u00bb border_width_all_image_last_edited=\u00a0\u00bbon|phone\u00a0\u00bb global_colors_info=\u00a0\u00bb{}\u00a0\u00bb][\/et_pb_blurb][et_pb_blurb title=\u00a0\u00bbAdoption\u00a0\u00bb image=\u00a0\u00bbhttps:\/\/www.parnipcas.org\/wp-content\/uploads\/2020\/06\/AdoptionIcon_White.png\u00a0\u00bb image_icon_width=\u00a0\u00bb20%\u00a0\u00bb image_icon_width_tablet=\u00a0\u00bb15%\u00a0\u00bb image_icon_width_phone=\u00a0\u00bb17%\u00a0\u00bb image_icon_width_last_edited=\u00a0\u00bbon|tablet\u00a0\u00bb disabled_on=\u00a0\u00bboff|off|on\u00a0\u00bb _builder_version=\u00a0\u00bb4.16&Prime; header_level=\u00a0\u00bbh1&Prime; header_font=\u00a0\u00bbGill Sans MT Bold||||||||\u00a0\u00bb header_text_align=\u00a0\u00bbcenter\u00a0\u00bb header_text_color=\u00a0\u00bb#ffffff\u00a0\u00bb header_font_size=\u00a0\u00bb60px\u00a0\u00bb header_line_height=\u00a0\u00bb1.2em\u00a0\u00bb module_alignment=\u00a0\u00bbcenter\u00a0\u00bb header_font_size_tablet=\u00a0\u00bb\u00a0\u00bb header_font_size_phone=\u00a0\u00bb38px\u00a0\u00bb header_font_size_last_edited=\u00a0\u00bbon|phone\u00a0\u00bb custom_css_blurb_image=\u00a0\u00bbmargin-bottom:20px;\u00a0\u00bb image_max_width=\u00a0\u00bb20%\u00a0\u00bb image_max_width_tablet=\u00a0\u00bb15%\u00a0\u00bb image_max_width_phone=\u00a0\u00bb17%\u00a0\u00bb image_max_width_last_edited=\u00a0\u00bbon|tablet\u00a0\u00bb global_colors_info=\u00a0\u00bb{}\u00a0\u00bb][\/et_pb_blurb][\/et_pb_column][\/et_pb_row][\/et_pb_section][et_pb_section fb_built=\u00a0\u00bb1&Prime; specialty=\u00a0\u00bbon\u00a0\u00bb module_class_1=\u00a0\u00bbinner-menu-mobile-column\u00a0\u00bb _builder_version=\u00a0\u00bb4.16&Prime; module_alignment=\u00a0\u00bbcenter\u00a0\u00bb inner_module_alignment=\u00a0\u00bbcenter\u00a0\u00bb custom_padding=\u00a0\u00bb25px||||false|false\u00a0\u00bb global_colors_info=\u00a0\u00bb{}\u00a0\u00bb][et_pb_column type=\u00a0\u00bb1_4&Prime; _builder_version=\u00a0\u00bb4.16&Prime; custom_padding=\u00a0\u00bb|||\u00a0\u00bb global_colors_info=\u00a0\u00bb{}\u00a0\u00bb custom_padding__hover=\u00a0\u00bb|||\u00a0\u00bb][dsm_menu menu_id=\u00a0\u00bb10&Prime; menu_link_text_color=\u00a0\u00bb#4e5f6f\u00a0\u00bb menu_space_between=\u00a0\u00bb3px\u00a0\u00bb list_style_color=\u00a0\u00bb#4e5f6f\u00a0\u00bb module_id=\u00a0\u00bbinternal-menu\u00a0\u00bb module_class=\u00a0\u00bbinternal-menu\u00a0\u00bb _builder_version=\u00a0\u00bb4.16&Prime; menu_font=\u00a0\u00bbGill Sans MT Bold||||||||\u00a0\u00bb menu_font_size=\u00a0\u00bb17px\u00a0\u00bb custom_margin=\u00a0\u00bb||||false|false\u00a0\u00bb custom_padding=\u00a0\u00bb||||false|false\u00a0\u00bb saved_tabs=\u00a0\u00bball\u00a0\u00bb global_colors_info=\u00a0\u00bb{}\u00a0\u00bb menu_link_text_color__hover_enabled=\u00a0\u00bbon|hover\u00a0\u00bb menu_link_text_color__hover=\u00a0\u00bb#493d6f\u00a0\u00bb][\/dsm_menu][\/et_pb_column][et_pb_column type=\u00a0\u00bb3_4&Prime; specialty_columns=\u00a0\u00bb3&Prime; _builder_version=\u00a0\u00bb4.16&Prime; custom_padding=\u00a0\u00bb|||\u00a0\u00bb global_colors_info=\u00a0\u00bb{}\u00a0\u00bb custom_padding__hover=\u00a0\u00bb|||\u00a0\u00bb][et_pb_row_inner _builder_version=\u00a0\u00bb4.16&Prime; global_colors_info=\u00a0\u00bb{}\u00a0\u00bb][et_pb_column_inner saved_specialty_column_type=\u00a0\u00bb2_3&Prime; _builder_version=\u00a0\u00bb4.16&Prime; global_colors_info=\u00a0\u00bb{}\u00a0\u00bb][et_pb_text _builder_version=\u00a0\u00bb4.16&Prime; header_2_font=\u00a0\u00bbGill Sans MT Bold||||||||\u00a0\u00bb header_2_text_color=\u00a0\u00bb#1b82bd\u00a0\u00bb header_2_font_size=\u00a0\u00bb22px\u00a0\u00bb custom_margin=\u00a0\u00bb||10px||false|false\u00a0\u00bb custom_padding=\u00a0\u00bb||||false|false\u00a0\u00bb global_colors_info=\u00a0\u00bb{}\u00a0\u00bb]<\/p>\n<h2>Au sujet de Ronald L. Lees<\/h2>\n<p>[\/et_pb_text][et_pb_text _builder_version=\u00a0\u00bb4.16&Prime; text_font=\u00a0\u00bbGill Sans MT Regular||||||||\u00a0\u00bb text_font_size=\u00a0\u00bb18px\u00a0\u00bb global_colors_info=\u00a0\u00bb{}\u00a0\u00bb]<\/p>\n<p>Ronald L. Lees a travaill\u251c\u00ae dans le domaine de la protection de l&rsquo;enfance pendant plus de 30 ans.<\/p>\n<p>Avant sa retraite en janvier 2005, il a pass\u251c\u00ae les 25 derni\u251c\u00bfres ann\u251c\u00aees de sa carri\u251c\u00bfre \u251c\u00e1 titre de directeur ex\u251c\u00aecutif de la Soci\u251c\u00aet\u251c\u00ae d&rsquo;aide \u251c\u00e1 l&rsquo;enfance de Nipissing et Parry Sound.<\/p>\n<p>[\/et_pb_text][et_pb_text _builder_version=\u00a0\u00bb4.16&Prime; header_2_font=\u00a0\u00bbGill Sans MT Bold||||||||\u00a0\u00bb header_2_text_color=\u00a0\u00bb#1b82bd\u00a0\u00bb header_2_font_size=\u00a0\u00bb22px\u00a0\u00bb header_3_font=\u00a0\u00bbGill Sans MT Bold||||||||\u00a0\u00bb header_3_text_color=\u00a0\u00bb#1b82bd\u00a0\u00bb custom_margin=\u00a0\u00bb40px||10px||false|false\u00a0\u00bb custom_padding=\u00a0\u00bb||||false|false\u00a0\u00bb global_colors_info=\u00a0\u00bb{}\u00a0\u00bb]<\/p>\n<h3>Bourse Ronald L. Lees de 1 000 $<\/h3>\n<p>[\/et_pb_text][et_pb_text _builder_version=\u00a0\u00bb4.16&Prime; text_font=\u00a0\u00bbGill Sans MT Regular||||||||\u00a0\u00bb text_font_size=\u00a0\u00bb18px\u00a0\u00bb header_font=\u00a0\u00bbGill Sans MT Regular||||||||\u00a0\u00bb global_colors_info=\u00a0\u00bb{}\u00a0\u00bb]<\/p>\n<p>La bourse a \u251c\u00aet\u251c\u00ae cr\u251c\u00ae\u251c\u00aee pour que les enfants adopt\u251c\u00aes par le biais de notre soci\u251c\u00aet\u251c\u00ae continuent de profiter du travail que faisait conna\u251c\u00abtre et appuyait M. Lees dans ce domaine. Ses conseils et son leadership ont permis d&rsquo;apporter des changements importants au syst\u251c\u00bfme de protection de l&rsquo;enfance, tant au niveau communautaire qu&rsquo;au niveau provincial. <\/p>\n<p>[\/et_pb_text][et_pb_text _builder_version=\u00a0\u00bb4.27.4&Prime; text_font=\u00a0\u00bbGill Sans MT Regular||on||||||\u00a0\u00bb text_font_size=\u00a0\u00bb18px\u00a0\u00bb header_font=\u00a0\u00bbGill Sans MT Regular||||||||\u00a0\u00bb hover_enabled=\u00a0\u00bb0&Prime; global_colors_info=\u00a0\u00bb{}\u00a0\u00bb sticky_enabled=\u00a0\u00bb0&Prime;]<\/p>\n<p>Date limite d&rsquo;inscription est le 2 mars 2026.<\/p>\n<p>[\/et_pb_text][\/et_pb_column_inner][\/et_pb_row_inner][et_pb_row_inner use_custom_gutter=\u00a0\u00bbon\u00a0\u00bb gutter_width=\u00a0\u00bb2&Prime; custom_padding_last_edited=\u00a0\u00bbon|tablet\u00a0\u00bb module_class=\u00a0\u00bbtwo-columns-2&Prime; _builder_version=\u00a0\u00bb4.27.4&Prime; custom_margin_tablet=\u00a0\u00bb||||false|false\u00a0\u00bb custom_margin_phone=\u00a0\u00bb\u00a0\u00bb custom_margin_last_edited=\u00a0\u00bbon|tablet\u00a0\u00bb custom_padding=\u00a0\u00bb|30px||30px|false|true\u00a0\u00bb custom_padding_tablet=\u00a0\u00bb||||false|true\u00a0\u00bb custom_padding_phone=\u00a0\u00bb\u00a0\u00bb border_width_all=\u00a0\u00bb3px\u00a0\u00bb border_color_all=\u00a0\u00bb#edf0f1&Prime; global_colors_info=\u00a0\u00bb{}\u00a0\u00bb gutter_width__hover_enabled=\u00a0\u00bbon|desktop\u00a0\u00bb gutter_width__hover=\u00a0\u00bb2&Prime;][et_pb_column_inner saved_specialty_column_type=\u00a0\u00bb3_4&Prime; _builder_version=\u00a0\u00bb4.16&Prime; global_colors_info=\u00a0\u00bb{}\u00a0\u00bb][et_pb_text _builder_version=\u00a0\u00bb4.27.4&Prime; text_font=\u00a0\u00bbGill Sans MT Regular||||||||\u00a0\u00bb text_font_size=\u00a0\u00bb18px\u00a0\u00bb header_font=\u00a0\u00bbGill Sans MT Regular||||||||\u00a0\u00bb header_4_font=\u00a0\u00bbGill Sans MT Bold||||||||\u00a0\u00bb header_4_text_align=\u00a0\u00bbcenter\u00a0\u00bb header_4_text_color=\u00a0\u00bb#1b2b42&Prime; custom_margin=\u00a0\u00bb||10px|||\u00a0\u00bb global_colors_info=\u00a0\u00bb{}\u00a0\u00bb]<\/p>\n<h4>Formule de Nomination d\u00d4\u00c7\u00d6un(e) candidat(e) et<\/h4>\n<h4>Formule de demande de bourse<\/h4>\n<p>[\/et_pb_text][et_pb_button button_url=\u00a0\u00bbhttps:\/\/www.parnipcas.org\/wp-content\/uploads\/2025\/05\/Ron-L.-Lees-Bursary-Application-Nomination-Form.pdf\u00a0\u00bb button_text=\u00a0\u00bbT\u251c\u00ael\u251c\u00aecharger en anglais\u00a0\u00bb button_alignment=\u00a0\u00bbcenter\u00a0\u00bb _builder_version=\u00a0\u00bb4.27.4&Prime; custom_button=\u00a0\u00bbon\u00a0\u00bb button_text_size=\u00a0\u00bb14px\u00a0\u00bb button_text_color=\u00a0\u00bb#ffffff\u00a0\u00bb button_bg_color=\u00a0\u00bb#1b2b42&Prime; button_border_width=\u00a0\u00bb0px\u00a0\u00bb button_border_color=\u00a0\u00bbrgba(0,0,0,0)\u00a0\u00bb button_border_radius=\u00a0\u00bb0px\u00a0\u00bb button_letter_spacing=\u00a0\u00bb0px\u00a0\u00bb button_font=\u00a0\u00bbGill Sans MT Bold||||||||\u00a0\u00bb button_use_icon=\u00a0\u00bboff\u00a0\u00bb custom_padding=\u00a0\u00bb|20px||20px|true|true\u00a0\u00bb button_text_color_last_edited=\u00a0\u00bboff|desktop\u00a0\u00bb button_bg_color_tablet=\u00a0\u00bb\u00a0\u00bb button_bg_color_phone=\u00a0\u00bb\u00a0\u00bb button_bg_color_last_edited=\u00a0\u00bbon|desktop\u00a0\u00bb locked=\u00a0\u00bboff\u00a0\u00bb global_colors_info=\u00a0\u00bb{}\u00a0\u00bb button_bg_color__hover_enabled=\u00a0\u00bbon|desktop\u00a0\u00bb button_bg_color__hover=\u00a0\u00bb#4e5f6f\u00a0\u00bb button_bg_enable_color__hover=\u00a0\u00bbon\u00a0\u00bb][\/et_pb_button][\/et_pb_column_inner][\/et_pb_row_inner][et_pb_row_inner column_structure=\u00a0\u00bb1_2,1_2&Prime; use_custom_gutter=\u00a0\u00bbon\u00a0\u00bb gutter_width=\u00a0\u00bb2&Prime; _builder_version=\u00a0\u00bb4.16&Prime; custom_margin=\u00a0\u00bb||0px||false|false\u00a0\u00bb custom_padding=\u00a0\u00bb||0px||false|false\u00a0\u00bb global_colors_info=\u00a0\u00bb{}\u00a0\u00bb][et_pb_column_inner type=\u00a0\u00bb1_2&Prime; saved_specialty_column_type=\u00a0\u00bb3_4&Prime; _builder_version=\u00a0\u00bb4.16&Prime; global_colors_info=\u00a0\u00bb{}\u00a0\u00bb][et_pb_image src=\u00a0\u00bbhttps:\/\/www.parnipcas.org\/wp-content\/uploads\/2020\/08\/shutterstock_615767309-scaled.jpg\u00a0\u00bb title_text=\u00a0\u00bbL&rsquo;obtention du dipl\u251c\u2524me\u00a0\u00bb _builder_version=\u00a0\u00bb4.16&Prime; global_colors_info=\u00a0\u00bb{}\u00a0\u00bb][\/et_pb_image][\/et_pb_column_inner][et_pb_column_inner type=\u00a0\u00bb1_2&Prime; saved_specialty_column_type=\u00a0\u00bb3_4&Prime; _builder_version=\u00a0\u00bb4.16&Prime; global_colors_info=\u00a0\u00bb{}\u00a0\u00bb][et_pb_text _builder_version=\u00a0\u00bb4.16&Prime; text_font=\u00a0\u00bbGill Sans MT Bold||||||||\u00a0\u00bb text_text_color=\u00a0\u00bb#4e5f6f\u00a0\u00bb text_font_size=\u00a0\u00bb18px\u00a0\u00bb header_font=\u00a0\u00bbGill Sans MT Regular||||||||\u00a0\u00bb header_4_font=\u00a0\u00bbGill Sans MT Bold||||||||\u00a0\u00bb header_4_text_align=\u00a0\u00bbleft\u00a0\u00bb header_4_text_color=\u00a0\u00bb#4e5f6f\u00a0\u00bb custom_margin=\u00a0\u00bb||5px||false|false\u00a0\u00bb global_colors_info=\u00a0\u00bb{}\u00a0\u00bb]<\/p>\n<h4>Admissibilit\u251c\u00ae:<\/h4>\n<p>[\/et_pb_text][et_pb_text _builder_version=\u00a0\u00bb4.16&Prime; text_font=\u00a0\u00bbGill Sans MT Regular||||||||\u00a0\u00bb text_font_size=\u00a0\u00bb18px\u00a0\u00bb header_font=\u00a0\u00bbGill Sans MT Regular||||||||\u00a0\u00bb header_4_font=\u00a0\u00bbGill Sans MT Bold||||||||\u00a0\u00bb header_4_text_align=\u00a0\u00bbcenter\u00a0\u00bb header_4_text_color=\u00a0\u00bb#1b2b42&Prime; custom_margin=\u00a0\u00bb0px||0px||false|false\u00a0\u00bb custom_padding=\u00a0\u00bb0px||0px||false|false\u00a0\u00bb global_colors_info=\u00a0\u00bb{}\u00a0\u00bb]<\/p>\n<p>Le prix annuel sera pr\u251c\u00aesent\u251c\u00ae:<\/p>\n<ul>\n<li>\u251c\u00c7 un enfant ou un jeune adopt\u251c\u00ae par l&rsquo;entremise de la Soci\u251c\u00aet\u251c\u00ae d&rsquo;aide \u251c\u00e1 l&rsquo;enfance de Nipissing Parry Sound;<\/li>\n<li>\u251c\u00c7 un jeune en probation d&rsquo;adoption ou;<\/li>\n<li>Un jeune qui fera l&rsquo;objet d&rsquo;une adoption.<\/li>\n<li>Le titulaire aura fait preuve d&rsquo;une importante am\u251c\u00aelioration dans sa situation scolaire ou dans d&rsquo;autres domaines de d\u251c\u00aeveloppement et poursuivra son \u251c\u00aeducation.<\/li>\n<\/ul>\n<p>[\/et_pb_text][\/et_pb_column_inner][\/et_pb_row_inner][et_pb_row_inner custom_padding_last_edited=\u00a0\u00bbon|desktop\u00a0\u00bb _builder_version=\u00a0\u00bb4.16&Prime; custom_padding=\u00a0\u00bb||||false|false\u00a0\u00bb custom_padding_tablet=\u00a0\u00bb0px||||false|false\u00a0\u00bb custom_padding_phone=\u00a0\u00bb\u00a0\u00bb global_colors_info=\u00a0\u00bb{}\u00a0\u00bb][et_pb_column_inner saved_specialty_column_type=\u00a0\u00bb3_4&Prime; _builder_version=\u00a0\u00bb4.16&Prime; global_colors_info=\u00a0\u00bb{}\u00a0\u00bb][et_pb_text _builder_version=\u00a0\u00bb4.16&Prime; text_font=\u00a0\u00bbGill Sans MT Bold||||||||\u00a0\u00bb text_text_color=\u00a0\u00bb#4e5f6f\u00a0\u00bb text_font_size=\u00a0\u00bb18px\u00a0\u00bb header_font=\u00a0\u00bbGill Sans MT Regular||||||||\u00a0\u00bb header_4_font=\u00a0\u00bbGill Sans MT Bold||||||||\u00a0\u00bb header_4_text_align=\u00a0\u00bbleft\u00a0\u00bb header_4_text_color=\u00a0\u00bb#4e5f6f\u00a0\u00bb custom_margin=\u00a0\u00bb0px||5px||false|false\u00a0\u00bb global_colors_info=\u00a0\u00bb{}\u00a0\u00bb]<\/p>\n<h4>Renseignements:<\/h4>\n<p>[\/et_pb_text][et_pb_text _builder_version=\u00a0\u00bb4.16&Prime; text_font=\u00a0\u00bbGill Sans MT Regular||||||||\u00a0\u00bb text_font_size=\u00a0\u00bb18px\u00a0\u00bb header_font=\u00a0\u00bbGill Sans MT Regular||||||||\u00a0\u00bb header_4_font=\u00a0\u00bbGill Sans MT Bold||||||||\u00a0\u00bb header_4_text_align=\u00a0\u00bbcenter\u00a0\u00bb header_4_text_color=\u00a0\u00bb#1b2b42&Prime; custom_margin=\u00a0\u00bb0px||0px||false|false\u00a0\u00bb custom_padding=\u00a0\u00bb0px||0px||false|false\u00a0\u00bb global_colors_info=\u00a0\u00bb{}\u00a0\u00bb]<\/p>\n<p>D&rsquo;autres renseignements et un formulaire de demande peuvent \u251c\u00actre obtenus aupr\u251c\u00bfs de Nancy Lafrance Rich au <a href=\"tel:705-667-0146\">705 667-0172<\/a>, ou par courriel \u251c\u00e1 <a href=\"mailto:more.info@parnipcas.org\">more.info@parnipcas.org<\/a><\/p>\n<p>[\/et_pb_text][\/et_pb_column_inner][\/et_pb_row_inner][\/et_pb_column][\/et_pb_section]<\/p>\n","protected":false},"excerpt":{"rendered":"<p><div id=\"internal-menu\" class=\"et_pb_module dsm_menu dsm_menu_0 internal-menu  et_pb_text_align_left et_pb_bg_layout_light\">\n\t\t\t\t\n\t\t\t\t\n\t\t\t\t\n\t\t\t\t\n\t\t\t\t\n\t\t\t\t\n\t\t\t\t<div class=\"et_pb_module_inner\">\n\t\t\t\t\t<nav class=\"dsm-menu-container\" role=\"navigation\" itemscope itemtype=\"http:\/\/schema.org\/SiteNavigationElement\"><ul id=\"menu-adoption-inner-menu-french\" class=\"dsm-menu dsm-menu-style-type-disc dsm-menu-layout-vertical\"><li id=\"menu-item-8344\" class=\"et_pb_menu_page_id-8220 menu-item menu-item-type-post_type menu-item-object-page menu-item-8344\"><a href=\"https:\/\/www.parnipcas.org\/fr\/adoption\/\" itemprop=\"url\"><span itemprop=\"name\">Adoption avec la Soci\u251c\u00aet\u251c\u00ae d\u00d4\u00c7\u00d6aide \u251c\u00e1 l\u00d4\u00c7\u00d6enfance<\/span><\/a><\/li>\n<li id=\"menu-item-8726\" class=\"et_pb_menu_page_id-8629 menu-item menu-item-type-post_type menu-item-object-page menu-item-8726\"><a href=\"https:\/\/www.parnipcas.org\/fr\/adoption\/enfants-qui-attendent-detre-adoptes\/\" itemprop=\"url\"><span itemprop=\"name\">Enfants qui attendent d&rsquo;\u251c\u00actre adopt\u251c\u00aes<\/span><\/a><\/li>\n<li id=\"menu-item-8345\" class=\"et_pb_menu_page_id-8252 menu-item menu-item-type-post_type menu-item-object-page menu-item-8345\"><a href=\"https:\/\/www.parnipcas.org\/fr\/adoption\/processus-dadoption\/\" itemprop=\"url\"><span itemprop=\"name\">Le processus d&rsquo;adoption<\/span><\/a><\/li>\n<li id=\"menu-item-8727\" class=\"et_pb_menu_page_id-8644 menu-item menu-item-type-post_type menu-item-object-page menu-item-8727\"><a href=\"https:\/\/www.parnipcas.org\/fr\/adoption\/parents-biologiques-adoption-ouverte\/\" itemprop=\"url\"><span itemprop=\"name\">Parents biologiques \/ adoption ouverte<\/span><\/a><\/li>\n<li id=\"menu-item-8728\" class=\"et_pb_menu_page_id-8641 menu-item menu-item-type-post_type menu-item-object-page menu-item-8728\"><a href=\"https:\/\/www.parnipcas.org\/fr\/adoption\/soutien-de-ladoption\/\" itemprop=\"url\"><span itemprop=\"name\">Soutien de l&rsquo;adoption<\/span><\/a><\/li>\n<li id=\"menu-item-8351\" class=\"et_pb_menu_page_id-8348 menu-item menu-item-type-post_type menu-item-object-page menu-item-8351\"><a href=\"https:\/\/www.parnipcas.org\/fr\/adoption\/bourse-ronald-lees\/\" itemprop=\"url\"><span itemprop=\"name\">Bourse Ronald Lees<\/span><\/a><\/li>\n<\/ul><\/nav>\n\t\t\t\t<\/div>\n\t\t\t<\/div>Au sujet de Ronald L. LeesRonald L. Lees a travaill\u251c\u00ae dans le domaine de la protection de l&rsquo;enfance pendant plus de 30 ans. Avant sa retraite en janvier 2005, il a pass\u251c\u00ae les 25 derni\u251c\u00bfres ann\u251c\u00aees de [&hellip;]<\/p>\n","protected":false},"author":6,"featured_media":0,"parent":8220,"menu_order":0,"comment_status":"closed","ping_status":"closed","template":"","meta":{"_et_pb_use_builder":"on","_et_pb_old_content":"","_et_gb_content_width":"","footnotes":""},"class_list":["post-8348","page","type-page","status-publish","hentry"],"yoast_head":"<!-- This site is optimized with the Yoast SEO plugin v27.4 - https:\/\/yoast.com\/product\/yoast-seo-wordpress\/ -->\n<title>Bourse Ronald Lees - Children&#039;s Aid Society<\/title>\n<meta name=\"robots\" content=\"index, follow, max-snippet:-1, max-image-preview:large, max-video-preview:-1\" \/>\n<link rel=\"canonical\" href=\"https:\/\/www.parnipcas.org\/fr\/adoption\/bourse-ronald-lees\/\" \/>\n<meta property=\"og:locale\" content=\"fr_FR\" \/>\n<meta property=\"og:type\" content=\"article\" \/>\n<meta property=\"og:title\" content=\"Bourse Ronald Lees - Children&#039;s Aid Society\" \/>\n<meta property=\"og:description\" content=\"Au sujet de Ronald L. LeesRonald L. Lees a travaill\u251c\u00ae dans le domaine de la protection de l&#039;enfance pendant plus de 30 ans. Avant sa retraite en janvier 2005, il a pass\u251c\u00ae les 25 derni\u251c\u00bfres ann\u251c\u00aees de [&hellip;]\" \/>\n<meta property=\"og:url\" content=\"https:\/\/www.parnipcas.org\/fr\/adoption\/bourse-ronald-lees\/\" \/>\n<meta property=\"og:site_name\" content=\"Children&#039;s Aid Society\" \/>\n<meta property=\"article:modified_time\" content=\"2026-01-19T16:26:23+00:00\" \/>\n<meta name=\"twitter:card\" content=\"summary_large_image\" \/>\n<meta name=\"twitter:label1\" content=\"Dur\u00e9e de lecture estim\u00e9e\" \/>\n\t<meta name=\"twitter:data1\" content=\"8 minutes\" \/>\n<script type=\"application\/ld+json\" class=\"yoast-schema-graph\">{\"@context\":\"https:\\\/\\\/schema.org\",\"@graph\":[{\"@type\":\"WebPage\",\"@id\":\"https:\\\/\\\/www.parnipcas.org\\\/fr\\\/adoption\\\/bourse-ronald-lees\\\/\",\"url\":\"https:\\\/\\\/www.parnipcas.org\\\/fr\\\/adoption\\\/bourse-ronald-lees\\\/\",\"name\":\"Bourse Ronald Lees - Children&#039;s Aid Society\",\"isPartOf\":{\"@id\":\"https:\\\/\\\/www.parnipcas.org\\\/#website\"},\"datePublished\":\"2020-08-12T17:31:46+00:00\",\"dateModified\":\"2026-01-19T16:26:23+00:00\",\"breadcrumb\":{\"@id\":\"https:\\\/\\\/www.parnipcas.org\\\/fr\\\/adoption\\\/bourse-ronald-lees\\\/#breadcrumb\"},\"inLanguage\":\"fr-FR\",\"potentialAction\":[{\"@type\":\"ReadAction\",\"target\":[\"https:\\\/\\\/www.parnipcas.org\\\/fr\\\/adoption\\\/bourse-ronald-lees\\\/\"]}]},{\"@type\":\"BreadcrumbList\",\"@id\":\"https:\\\/\\\/www.parnipcas.org\\\/fr\\\/adoption\\\/bourse-ronald-lees\\\/#breadcrumb\",\"itemListElement\":[{\"@type\":\"ListItem\",\"position\":1,\"name\":\"Home\",\"item\":\"https:\\\/\\\/www.parnipcas.org\\\/fr\\\/\"},{\"@type\":\"ListItem\",\"position\":2,\"name\":\"Adoption avec la Soci\u251c\u00aet\u251c\u00ae d\u00d4\u00c7\u00d6aide \u251c\u00e1 l\u00d4\u00c7\u00d6enfance\",\"item\":\"https:\\\/\\\/www.parnipcas.org\\\/fr\\\/adoption\\\/\"},{\"@type\":\"ListItem\",\"position\":3,\"name\":\"Bourse Ronald Lees\"}]},{\"@type\":\"WebSite\",\"@id\":\"https:\\\/\\\/www.parnipcas.org\\\/#website\",\"url\":\"https:\\\/\\\/www.parnipcas.org\\\/\",\"name\":\"Children&#039;s Aid Society\",\"description\":\"Nipissing &amp; Parry Sound District\",\"potentialAction\":[{\"@type\":\"SearchAction\",\"target\":{\"@type\":\"EntryPoint\",\"urlTemplate\":\"https:\\\/\\\/www.parnipcas.org\\\/?s={search_term_string}\"},\"query-input\":{\"@type\":\"PropertyValueSpecification\",\"valueRequired\":true,\"valueName\":\"search_term_string\"}}],\"inLanguage\":\"fr-FR\"}]}<\/script>\n<!-- \/ Yoast SEO plugin. -->","yoast_head_json":{"title":"Bourse Ronald Lees - Children&#039;s Aid Society","robots":{"index":"index","follow":"follow","max-snippet":"max-snippet:-1","max-image-preview":"max-image-preview:large","max-video-preview":"max-video-preview:-1"},"canonical":"https:\/\/www.parnipcas.org\/fr\/adoption\/bourse-ronald-lees\/","og_locale":"fr_FR","og_type":"article","og_title":"Bourse Ronald Lees - Children&#039;s Aid Society","og_description":"Au sujet de Ronald L. LeesRonald L. Lees a travaill\u251c\u00ae dans le domaine de la protection de l'enfance pendant plus de 30 ans. Avant sa retraite en janvier 2005, il a pass\u251c\u00ae les 25 derni\u251c\u00bfres ann\u251c\u00aees de [&hellip;]","og_url":"https:\/\/www.parnipcas.org\/fr\/adoption\/bourse-ronald-lees\/","og_site_name":"Children&#039;s Aid Society","article_modified_time":"2026-01-19T16:26:23+00:00","twitter_card":"summary_large_image","twitter_misc":{"Dur\u00e9e de lecture estim\u00e9e":"8 minutes"},"schema":{"@context":"https:\/\/schema.org","@graph":[{"@type":"WebPage","@id":"https:\/\/www.parnipcas.org\/fr\/adoption\/bourse-ronald-lees\/","url":"https:\/\/www.parnipcas.org\/fr\/adoption\/bourse-ronald-lees\/","name":"Bourse Ronald Lees - Children&#039;s Aid Society","isPartOf":{"@id":"https:\/\/www.parnipcas.org\/#website"},"datePublished":"2020-08-12T17:31:46+00:00","dateModified":"2026-01-19T16:26:23+00:00","breadcrumb":{"@id":"https:\/\/www.parnipcas.org\/fr\/adoption\/bourse-ronald-lees\/#breadcrumb"},"inLanguage":"fr-FR","potentialAction":[{"@type":"ReadAction","target":["https:\/\/www.parnipcas.org\/fr\/adoption\/bourse-ronald-lees\/"]}]},{"@type":"BreadcrumbList","@id":"https:\/\/www.parnipcas.org\/fr\/adoption\/bourse-ronald-lees\/#breadcrumb","itemListElement":[{"@type":"ListItem","position":1,"name":"Home","item":"https:\/\/www.parnipcas.org\/fr\/"},{"@type":"ListItem","position":2,"name":"Adoption avec la Soci\u251c\u00aet\u251c\u00ae d\u00d4\u00c7\u00d6aide \u251c\u00e1 l\u00d4\u00c7\u00d6enfance","item":"https:\/\/www.parnipcas.org\/fr\/adoption\/"},{"@type":"ListItem","position":3,"name":"Bourse Ronald Lees"}]},{"@type":"WebSite","@id":"https:\/\/www.parnipcas.org\/#website","url":"https:\/\/www.parnipcas.org\/","name":"Children&#039;s Aid Society","description":"Nipissing &amp; Parry Sound District","potentialAction":[{"@type":"SearchAction","target":{"@type":"EntryPoint","urlTemplate":"https:\/\/www.parnipcas.org\/?s={search_term_string}"},"query-input":{"@type":"PropertyValueSpecification","valueRequired":true,"valueName":"search_term_string"}}],"inLanguage":"fr-FR"}]}},"_links":{"self":[{"href":"https:\/\/www.parnipcas.org\/fr\/wp-json\/wp\/v2\/pages\/8348","targetHints":{"allow":["GET"]}}],"collection":[{"href":"https:\/\/www.parnipcas.org\/fr\/wp-json\/wp\/v2\/pages"}],"about":[{"href":"https:\/\/www.parnipcas.org\/fr\/wp-json\/wp\/v2\/types\/page"}],"author":[{"embeddable":true,"href":"https:\/\/www.parnipcas.org\/fr\/wp-json\/wp\/v2\/users\/6"}],"replies":[{"embeddable":true,"href":"https:\/\/www.parnipcas.org\/fr\/wp-json\/wp\/v2\/comments?post=8348"}],"version-history":[{"count":8,"href":"https:\/\/www.parnipcas.org\/fr\/wp-json\/wp\/v2\/pages\/8348\/revisions"}],"predecessor-version":[{"id":13596,"href":"https:\/\/www.parnipcas.org\/fr\/wp-json\/wp\/v2\/pages\/8348\/revisions\/13596"}],"up":[{"embeddable":true,"href":"https:\/\/www.parnipcas.org\/fr\/wp-json\/wp\/v2\/pages\/8220"}],"wp:attachment":[{"href":"https:\/\/www.parnipcas.org\/fr\/wp-json\/wp\/v2\/media?parent=8348"}],"curies":[{"name":"wp","href":"https:\/\/api.w.org\/{rel}","templated":true}]}}