{"id":8355,"date":"2020-08-12T13:52:24","date_gmt":"2020-08-12T17:52:24","guid":{"rendered":"https:\/\/www.parnipcas.org\/benevolat\/les-possibilites-de-benevolat\/"},"modified":"2023-10-20T13:19:21","modified_gmt":"2023-10-20T17:19:21","slug":"les-possibilites-de-benevolat","status":"publish","type":"page","link":"https:\/\/www.parnipcas.org\/fr\/benevolat\/les-possibilites-de-benevolat\/","title":{"rendered":"Les possibilit\u251c\u00aes de b\u251c\u00aen\u251c\u00aevolat"},"content":{"rendered":"<p>[et_pb_section fb_built=\u00a0\u00bb1&Prime; module_class=\u00a0\u00bbheader-icon-size\u00a0\u00bb _builder_version=\u00a0\u00bb4.16&Prime; background_color=\u00a0\u00bb#1b2b42&Prime; use_background_color_gradient=\u00a0\u00bbon\u00a0\u00bb background_color_gradient_stops=\u00a0\u00bbrgba(27,43,66,0.87) 0%|rgba(0,39,94,0.93) 100%\u00a0\u00bb background_color_gradient_overlays_image=\u00a0\u00bbon\u00a0\u00bb background_color_gradient_start=\u00a0\u00bbrgba(27,43,66,0.87)\u00a0\u00bb background_color_gradient_end=\u00a0\u00bbrgba(0,39,94,0.93)\u00a0\u00bb background_image=\u00a0\u00bbhttps:\/\/www.parnipcas.org\/wp-content\/uploads\/2020\/08\/Header-Volunteer-scaled-e1597163572230.jpg\u00a0\u00bb custom_padding=\u00a0\u00bb||||true|false\u00a0\u00bb saved_tabs=\u00a0\u00bball\u00a0\u00bb global_colors_info=\u00a0\u00bb{}\u00a0\u00bb][et_pb_row make_equal=\u00a0\u00bbon\u00a0\u00bb _builder_version=\u00a0\u00bb4.16&Prime; width=\u00a0\u00bb100%\u00a0\u00bb max_width=\u00a0\u00bb900px\u00a0\u00bb global_colors_info=\u00a0\u00bb{}\u00a0\u00bb][et_pb_column type=\u00a0\u00bb4_4&Prime; _builder_version=\u00a0\u00bb4.16&Prime; global_colors_info=\u00a0\u00bb{}\u00a0\u00bb][et_pb_blurb title=\u00a0\u00bbB\u251c\u00aen\u251c\u00aevoles\u00a0\u00bb image=\u00a0\u00bbhttps:\/\/www.parnipcas.org\/wp-content\/uploads\/2020\/07\/VolunteerIcon_White.png\u00a0\u00bb icon_placement=\u00a0\u00bbleft\u00a0\u00bb icon_placement_tablet=\u00a0\u00bb\u00a0\u00bb icon_placement_phone=\u00a0\u00bbtop\u00a0\u00bb icon_placement_last_edited=\u00a0\u00bbon|phone\u00a0\u00bb disabled_on=\u00a0\u00bbon|on|off\u00a0\u00bb module_id=\u00a0\u00bbvolunteer-icon-size\u00a0\u00bb _builder_version=\u00a0\u00bb4.16&Prime; header_level=\u00a0\u00bbh1&Prime; header_font=\u00a0\u00bbGill Sans MT Bold||||||||\u00a0\u00bb header_text_color=\u00a0\u00bb#ffffff\u00a0\u00bb header_font_size=\u00a0\u00bb60px\u00a0\u00bb image_icon_custom_padding_tablet=\u00a0\u00bb\u00a0\u00bb image_icon_custom_padding_phone=\u00a0\u00bb\u00a0\u00bb image_icon_custom_padding_last_edited=\u00a0\u00bbon|phone\u00a0\u00bb custom_padding=\u00a0\u00bb|||18%|false|false\u00a0\u00bb header_text_align_tablet=\u00a0\u00bb\u00a0\u00bb header_text_align_phone=\u00a0\u00bbcenter\u00a0\u00bb header_text_align_last_edited=\u00a0\u00bbon|phone\u00a0\u00bb header_font_size_tablet=\u00a0\u00bb\u00a0\u00bb header_font_size_phone=\u00a0\u00bb50px\u00a0\u00bb header_font_size_last_edited=\u00a0\u00bbon|phone\u00a0\u00bb text_orientation_tablet=\u00a0\u00bb\u00a0\u00bb text_orientation_phone=\u00a0\u00bbcenter\u00a0\u00bb text_orientation_last_edited=\u00a0\u00bbon|phone\u00a0\u00bb border_width_all_image_tablet=\u00a0\u00bb\u00a0\u00bb border_width_all_image_phone=\u00a0\u00bb\u00a0\u00bb border_width_all_image_last_edited=\u00a0\u00bbon|phone\u00a0\u00bb locked=\u00a0\u00bboff\u00a0\u00bb global_colors_info=\u00a0\u00bb{}\u00a0\u00bb][\/et_pb_blurb][et_pb_blurb title=\u00a0\u00bbB\u251c\u00aen\u251c\u00aevoles\u00a0\u00bb image=\u00a0\u00bbhttps:\/\/www.parnipcas.org\/wp-content\/uploads\/2020\/07\/VolunteerIcon_White.png\u00a0\u00bb image_icon_width=\u00a0\u00bb20%\u00a0\u00bb image_icon_width_tablet=\u00a0\u00bb12%\u00a0\u00bb image_icon_width_phone=\u00a0\u00bb13%\u00a0\u00bb image_icon_width_last_edited=\u00a0\u00bbon|phone\u00a0\u00bb disabled_on=\u00a0\u00bboff|off|on\u00a0\u00bb _builder_version=\u00a0\u00bb4.16&Prime; header_level=\u00a0\u00bbh1&Prime; header_font=\u00a0\u00bbGill Sans MT Bold||||||||\u00a0\u00bb header_text_align=\u00a0\u00bbcenter\u00a0\u00bb header_text_color=\u00a0\u00bb#ffffff\u00a0\u00bb header_font_size=\u00a0\u00bb60px\u00a0\u00bb header_line_height=\u00a0\u00bb1.2em\u00a0\u00bb module_alignment=\u00a0\u00bbcenter\u00a0\u00bb header_font_size_tablet=\u00a0\u00bb\u00a0\u00bb header_font_size_phone=\u00a0\u00bb38px\u00a0\u00bb header_font_size_last_edited=\u00a0\u00bbon|phone\u00a0\u00bb custom_css_blurb_image=\u00a0\u00bbmargin-bottom:20px;\u00a0\u00bb image_max_width=\u00a0\u00bb20%\u00a0\u00bb image_max_width_tablet=\u00a0\u00bb12%\u00a0\u00bb image_max_width_phone=\u00a0\u00bb13%\u00a0\u00bb image_max_width_last_edited=\u00a0\u00bbon|phone\u00a0\u00bb locked=\u00a0\u00bboff\u00a0\u00bb global_colors_info=\u00a0\u00bb{}\u00a0\u00bb][\/et_pb_blurb][\/et_pb_column][\/et_pb_row][\/et_pb_section][et_pb_section fb_built=\u00a0\u00bb1&Prime; specialty=\u00a0\u00bbon\u00a0\u00bb module_class_1=\u00a0\u00bbinner-menu-mobile-column\u00a0\u00bb _builder_version=\u00a0\u00bb4.16&Prime; module_alignment=\u00a0\u00bbcenter\u00a0\u00bb inner_module_alignment=\u00a0\u00bbcenter\u00a0\u00bb custom_padding=\u00a0\u00bb25px||||false|false\u00a0\u00bb global_colors_info=\u00a0\u00bb{}\u00a0\u00bb][et_pb_column type=\u00a0\u00bb1_4&Prime; _builder_version=\u00a0\u00bb4.16&Prime; custom_padding=\u00a0\u00bb|||\u00a0\u00bb global_colors_info=\u00a0\u00bb{}\u00a0\u00bb custom_padding__hover=\u00a0\u00bb|||\u00a0\u00bb][dsm_menu menu_id=\u00a0\u00bb19&Prime; menu_link_text_color=\u00a0\u00bb#4e5f6f\u00a0\u00bb menu_space_between=\u00a0\u00bb3px\u00a0\u00bb list_style_color=\u00a0\u00bb#4e5f6f\u00a0\u00bb module_id=\u00a0\u00bbinternal-menu\u00a0\u00bb module_class=\u00a0\u00bbinternal-menu\u00a0\u00bb _builder_version=\u00a0\u00bb4.16&Prime; menu_font=\u00a0\u00bbGill Sans MT Bold||||||||\u00a0\u00bb menu_font_size=\u00a0\u00bb17px\u00a0\u00bb custom_margin=\u00a0\u00bb||||false|false\u00a0\u00bb custom_padding=\u00a0\u00bb||||false|false\u00a0\u00bb saved_tabs=\u00a0\u00bball\u00a0\u00bb global_colors_info=\u00a0\u00bb{}\u00a0\u00bb menu_link_text_color__hover_enabled=\u00a0\u00bbon|hover\u00a0\u00bb menu_link_text_color__hover=\u00a0\u00bb#493d6f\u00a0\u00bb][\/dsm_menu][\/et_pb_column][et_pb_column type=\u00a0\u00bb3_4&Prime; specialty_columns=\u00a0\u00bb3&Prime; _builder_version=\u00a0\u00bb4.16&Prime; custom_padding=\u00a0\u00bb|||\u00a0\u00bb global_colors_info=\u00a0\u00bb{}\u00a0\u00bb custom_padding__hover=\u00a0\u00bb|||\u00a0\u00bb][et_pb_row_inner _builder_version=\u00a0\u00bb4.16&Prime; custom_padding=\u00a0\u00bb||10px||false|false\u00a0\u00bb global_colors_info=\u00a0\u00bb{}\u00a0\u00bb][et_pb_column_inner saved_specialty_column_type=\u00a0\u00bb2_3&Prime; _builder_version=\u00a0\u00bb4.16&Prime; global_colors_info=\u00a0\u00bb{}\u00a0\u00bb][et_pb_text _builder_version=\u00a0\u00bb4.16&Prime; header_text_align=\u00a0\u00bbcenter\u00a0\u00bb header_2_font=\u00a0\u00bbGill Sans MT Bold||||||||\u00a0\u00bb header_2_text_align=\u00a0\u00bbleft\u00a0\u00bb header_2_text_color=\u00a0\u00bb#1b82bd\u00a0\u00bb header_2_font_size=\u00a0\u00bb22px\u00a0\u00bb custom_margin=\u00a0\u00bb||10px||false|false\u00a0\u00bb custom_padding=\u00a0\u00bb||||false|false\u00a0\u00bb global_colors_info=\u00a0\u00bb{}\u00a0\u00bb]<\/p>\n<h2>Les possibilit\u251c\u00aes de b\u251c\u00aen\u251c\u00aevolat<\/h2>\n<p>[\/et_pb_text][et_pb_text _builder_version=\u00a0\u00bb4.23&Prime; text_font=\u00a0\u00bbGill Sans MT Regular||||||||\u00a0\u00bb text_font_size=\u00a0\u00bb18px\u00a0\u00bb header_font=\u00a0\u00bbGill Sans MT Regular||||||||\u00a0\u00bb header_4_font=\u00a0\u00bbGill Sans MT Bold||||||||\u00a0\u00bb header_4_text_align=\u00a0\u00bbcenter\u00a0\u00bb header_4_text_color=\u00a0\u00bb#1b2b42&Prime; custom_margin=\u00a0\u00bb0px||0px||false|false\u00a0\u00bb custom_padding=\u00a0\u00bb0px||0px||false|false\u00a0\u00bb hover_enabled=\u00a0\u00bb0&Prime; global_colors_info=\u00a0\u00bb{}\u00a0\u00bb sticky_enabled=\u00a0\u00bb0&Prime;]<\/p>\n<p><span>Nos b\u251c\u00aen\u251c\u00aevoles jouent un r\u251c\u2524le crucial en consacrant g\u251c\u00aen\u251c\u00aereusement leur temps et leurs talents afin d\u00d4\u00c7\u00d6enrichir la vie des enfants, des jeunes et des familles. Les b\u251c\u00aen\u251c\u00aevoles sont essentiels \u251c\u00e1 la r\u251c\u00aeussite de nos programmes. Joignez-vous \u251c\u00e1 notre \u251c\u00aequipe d\u251c\u00aevou\u251c\u00aee et jouez un r\u251c\u2524le positif dans la vie des familles que nous servons. Nos horaires de b\u251c\u00aen\u251c\u00aevolat sont flexibles et s\u00d4\u00c7\u00d6adaptent \u251c\u00e1 votre mode de vie. Voil\u251c\u00e1 une excellente occasion de contribuer \u251c\u00e1 notre communaut\u251c\u00ae et de donner des ailes \u251c\u00e1 la prochaine g\u251c\u00aen\u251c\u00aeration! Voici quelques-unes des possibilit\u251c\u00aes qui s\u00d4\u00c7\u00d6offrent \u251c\u00e1 vous\u252c\u00e1:<\/span><\/p>\n<ul>\n<li>S\u00d4\u00c7\u00d6occuper des enfants inscrits aux activit\u251c\u00aes du Family Enrichment Program ou du service Soins des mamans pendant que le personnel suit de la formation<\/li>\n<li>Apaiser les nourrissons hospitalis\u251c\u00aes ou recevant des soins m\u251c\u00aedicaux<\/li>\n<li>Agir comme conducteur ou conductrice pour les enfants et les jeunes pris en charge, dans le cadre de notre programme de conducteurs b\u251c\u00aen\u251c\u00aevoles<\/li>\n<li>\n<p>Soutien \u251c\u00e1 la programmation pour les jeunes\u252c\u00e1<strong><span>:<\/span><\/strong><span> Participez \u251c\u00e1 l\u00d4\u00c7\u00d6animation de programmes pour les jeunes au Carrefour jeunesse Beauchamp. Aidez le personnel de la Soci\u251c\u00aet\u251c\u00ae d\u00d4\u00c7\u00d6aide \u251c\u00e1 l\u00d4\u00c7\u00d6enfance \u251c\u00e1 avoir un impact positif sur la vie des jeunes en les faisant participer \u251c\u00e1 une vaste gamme de programmes organis\u251c\u00aes.<\/span><\/p>\n<\/li>\n<li>\n<p><span><\/span>Aider les familles et coordonner les dons \u251c\u00e1 notre <a href=\"https:\/\/www.parnipcas.org\/fr\/faites-un-don\/dons-de-boutique\/\"><u>Boutique<\/u><\/a><\/p>\n<\/li>\n<li>Appuyer des activit\u251c\u00aes sp\u251c\u00aeciales, comme le projet <a href=\"https:\/\/www.parnipcas.org\/fr\/faites-un-don\/parrainer-une-famille-ou-un-enfant\/\"><u>Sourires des F\u251c\u00actes<\/u><\/a><\/li>\n<\/ul>\n<p><strong>Nous sommes heureux d\u00d4\u00c7\u00d6accueillir des b\u251c\u00aen\u251c\u00aevoles pour appuyer nos activit\u251c\u00aes. Nous souhaitons particuli\u251c\u00bfrement recruter des conducteurs b\u251c\u00aen\u251c\u00aevoles et des personnes pour s\u00d4\u00c7\u00d6occuper de notre Boutique. Pour en savoir plus sur les possibilit\u251c\u00aes de b\u251c\u00aen\u251c\u00aevolat et pour soumettre votre demande, <a href=\"http:\/\/bttr.im\/5xppm\"><u>cliquez ici<\/u>.<\/a>\u252c\u00e1<\/strong><\/p>\n<p>[\/et_pb_text][\/et_pb_column_inner][\/et_pb_row_inner][et_pb_row_inner column_structure=\u00a0\u00bb1_2,1_2&Prime; use_custom_gutter=\u00a0\u00bbon\u00a0\u00bb gutter_width=\u00a0\u00bb2&Prime; _builder_version=\u00a0\u00bb4.16&Prime; custom_margin=\u00a0\u00bb||0px||false|false\u00a0\u00bb custom_padding=\u00a0\u00bb||0px||false|false\u00a0\u00bb locked=\u00a0\u00bboff\u00a0\u00bb global_colors_info=\u00a0\u00bb{}\u00a0\u00bb][et_pb_column_inner type=\u00a0\u00bb1_2&Prime; saved_specialty_column_type=\u00a0\u00bb3_4&Prime; _builder_version=\u00a0\u00bb4.16&Prime; global_colors_info=\u00a0\u00bb{}\u00a0\u00bb][et_pb_image src=\u00a0\u00bbhttps:\/\/www.parnipcas.org\/wp-content\/uploads\/2020\/08\/shutterstock_473704501-scaled.jpg\u00a0\u00bb title_text=\u00a0\u00bbConducteur b\u251c\u00aen\u251c\u00aevole\u00a0\u00bb _builder_version=\u00a0\u00bb4.16&Prime; global_colors_info=\u00a0\u00bb{}\u00a0\u00bb][\/et_pb_image][\/et_pb_column_inner][et_pb_column_inner type=\u00a0\u00bb1_2&Prime; saved_specialty_column_type=\u00a0\u00bb3_4&Prime; _builder_version=\u00a0\u00bb4.16&Prime; global_colors_info=\u00a0\u00bb{}\u00a0\u00bb][et_pb_text _builder_version=\u00a0\u00bb4.16&Prime; text_font=\u00a0\u00bbGill Sans MT Regular||||||||\u00a0\u00bb text_font_size=\u00a0\u00bb18px\u00a0\u00bb header_font=\u00a0\u00bbGill Sans MT Regular||||||||\u00a0\u00bb header_4_font=\u00a0\u00bbGill Sans MT Bold||||||||\u00a0\u00bb header_4_text_align=\u00a0\u00bbcenter\u00a0\u00bb header_4_text_color=\u00a0\u00bb#1b2b42&Prime; custom_margin=\u00a0\u00bb0px||0px||false|false\u00a0\u00bb custom_padding=\u00a0\u00bb0px||5px||false|false\u00a0\u00bb global_colors_info=\u00a0\u00bb{}\u00a0\u00bb]<\/p>\n<p><strong>Disponibilit\u251c\u00ae <\/strong><\/p>\n<p>La Soci\u251c\u00aet\u251c\u00ae s\u00d4\u00c7\u00d6adapte \u251c\u00e1 la disponibilit\u251c\u00ae de ses b\u251c\u00aen\u251c\u00aevoles. Certaines personnes font du b\u251c\u00aen\u251c\u00aevolat \u251c\u00e1 l\u00d4\u00c7\u00d6occasion, d\u00d4\u00c7\u00d6autres offrent une heure par mois, et d\u00d4\u00c7\u00d6autres y consacrent une journ\u251c\u00aee par semaine ou plus. N\u00d4\u00c7\u00d6h\u251c\u00aesitez pas \u251c\u00e1 nous contacter pour discuter de votre disponibilit\u251c\u00ae.<\/p>\n<p>[\/et_pb_text][\/et_pb_column_inner][\/et_pb_row_inner][et_pb_row_inner _builder_version=\u00a0\u00bb4.16&Prime; custom_margin=\u00a0\u00bb||||false|false\u00a0\u00bb custom_padding=\u00a0\u00bb||10px||false|false\u00a0\u00bb locked=\u00a0\u00bboff\u00a0\u00bb global_colors_info=\u00a0\u00bb{}\u00a0\u00bb][et_pb_column_inner saved_specialty_column_type=\u00a0\u00bb3_4&Prime; _builder_version=\u00a0\u00bb4.16&Prime; global_colors_info=\u00a0\u00bb{}\u00a0\u00bb][et_pb_text _builder_version=\u00a0\u00bb4.16&Prime; text_font=\u00a0\u00bbGill Sans MT Bold||||||||\u00a0\u00bb text_text_color=\u00a0\u00bb#4e5f6f\u00a0\u00bb text_font_size=\u00a0\u00bb18px\u00a0\u00bb header_font=\u00a0\u00bbGill Sans MT Regular||||||||\u00a0\u00bb header_3_text_color=\u00a0\u00bb#1b82bd\u00a0\u00bb header_3_font_size=\u00a0\u00bb18px\u00a0\u00bb header_4_font=\u00a0\u00bbGill Sans MT Bold||||||||\u00a0\u00bb header_4_text_align=\u00a0\u00bbcenter\u00a0\u00bb header_4_text_color=\u00a0\u00bb#4e5f6f\u00a0\u00bb custom_margin=\u00a0\u00bb||10px|||\u00a0\u00bb global_colors_info=\u00a0\u00bb{}\u00a0\u00bb]<\/p>\n<p><strong>Vous avez des questions ou voulez en savoir plus? <\/strong><\/p>\n<p>[\/et_pb_text][et_pb_text _builder_version=\u00a0\u00bb4.19.4&Prime; text_font=\u00a0\u00bbGill Sans MT Regular||||||||\u00a0\u00bb text_font_size=\u00a0\u00bb18px\u00a0\u00bb header_font=\u00a0\u00bbGill Sans MT Regular||||||||\u00a0\u00bb header_4_font=\u00a0\u00bbGill Sans MT Bold||||||||\u00a0\u00bb header_4_text_align=\u00a0\u00bbcenter\u00a0\u00bb header_4_text_color=\u00a0\u00bb#1b2b42&Prime; custom_margin=\u00a0\u00bb||||false|false\u00a0\u00bb custom_padding=\u00a0\u00bb10px|15px|10px|15px|true|true\u00a0\u00bb border_width_all=\u00a0\u00bb3px\u00a0\u00bb border_color_all=\u00a0\u00bb#edf0f1&Prime; global_colors_info=\u00a0\u00bb{}\u00a0\u00bb]<\/p>\n<p>Communiquez avec <a href=\"mailto:volunteerinfo@parnipcas.org\">volunteerinfo@parnipcas.org<\/a> \/ (705) 472-0910.\u252c\u00e1<\/p>\n<p>[\/et_pb_text][\/et_pb_column_inner][\/et_pb_row_inner][\/et_pb_column][\/et_pb_section]<\/p>\n","protected":false},"excerpt":{"rendered":"<p><div id=\"internal-menu\" class=\"et_pb_module dsm_menu dsm_menu_0 internal-menu  et_pb_text_align_left et_pb_bg_layout_light\">\n\t\t\t\t\n\t\t\t\t\n\t\t\t\t\n\t\t\t\t\n\t\t\t\t\n\t\t\t\t\n\t\t\t\t<div class=\"et_pb_module_inner\">\n\t\t\t\t\t<nav class=\"dsm-menu-container\" role=\"navigation\" itemscope itemtype=\"http:\/\/schema.org\/SiteNavigationElement\"><ul id=\"menu-volunteer-inner-menu-french\" class=\"dsm-menu dsm-menu-style-type-disc dsm-menu-layout-vertical\"><li id=\"menu-item-8359\" class=\"et_pb_menu_page_id-8352 menu-item menu-item-type-post_type menu-item-object-page menu-item-8359\"><a href=\"https:\/\/www.parnipcas.org\/fr\/benevolat\/\" itemprop=\"url\"><span itemprop=\"name\">Volunteer Services<\/span><\/a><\/li>\n<\/ul><\/nav>\n\t\t\t\t<\/div>\n\t\t\t<\/div>Les possibilit\u251c\u00aes de b\u251c\u00aen\u251c\u00aevolatNos b\u251c\u00aen\u251c\u00aevoles jouent un r\u251c\u2524le crucial en consacrant g\u251c\u00aen\u251c\u00aereusement leur temps et leurs talents afin d\u00d4\u00c7\u00d6enrichir la vie des enfants, des jeunes et des familles. Les b\u251c\u00aen\u251c\u00aevoles sont essentiels \u251c\u00e1 la r\u251c\u00aeussite de nos [&hellip;]<\/p>\n","protected":false},"author":6,"featured_media":0,"parent":8352,"menu_order":0,"comment_status":"closed","ping_status":"closed","template":"","meta":{"_et_pb_use_builder":"on","_et_pb_old_content":"","_et_gb_content_width":"","footnotes":""},"class_list":["post-8355","page","type-page","status-publish","hentry"],"yoast_head":"<!-- This site is optimized with the Yoast SEO plugin v27.0 - https:\/\/yoast.com\/product\/yoast-seo-wordpress\/ -->\n<title>Les possibilit\u251c\u00aes de b\u251c\u00aen\u251c\u00aevolat - Children&#039;s Aid Society<\/title>\n<meta name=\"robots\" content=\"index, follow, max-snippet:-1, max-image-preview:large, max-video-preview:-1\" \/>\n<link rel=\"canonical\" href=\"https:\/\/www.parnipcas.org\/fr\/benevolat\/les-possibilites-de-benevolat\/\" \/>\n<meta property=\"og:locale\" content=\"fr_FR\" \/>\n<meta property=\"og:type\" content=\"article\" \/>\n<meta property=\"og:title\" content=\"Les possibilit\u251c\u00aes de b\u251c\u00aen\u251c\u00aevolat - Children&#039;s Aid Society\" \/>\n<meta property=\"og:description\" content=\"Les possibilit\u251c\u00aes de b\u251c\u00aen\u251c\u00aevolatNos b\u251c\u00aen\u251c\u00aevoles jouent un r\u251c\u2524le crucial en consacrant g\u251c\u00aen\u251c\u00aereusement leur temps et leurs talents afin d\u00d4\u00c7\u00d6enrichir la vie des enfants, des jeunes et des familles. Les b\u251c\u00aen\u251c\u00aevoles sont essentiels \u251c\u00e1 la r\u251c\u00aeussite de nos [&hellip;]\" \/>\n<meta property=\"og:url\" content=\"https:\/\/www.parnipcas.org\/fr\/benevolat\/les-possibilites-de-benevolat\/\" \/>\n<meta property=\"og:site_name\" content=\"Children&#039;s Aid Society\" \/>\n<meta property=\"article:modified_time\" content=\"2023-10-20T17:19:21+00:00\" \/>\n<meta name=\"twitter:card\" content=\"summary_large_image\" \/>\n<meta name=\"twitter:label1\" content=\"Dur\u00e9e de lecture estim\u00e9e\" \/>\n\t<meta name=\"twitter:data1\" content=\"7 minutes\" \/>\n<script type=\"application\/ld+json\" class=\"yoast-schema-graph\">{\"@context\":\"https:\/\/schema.org\",\"@graph\":[{\"@type\":\"WebPage\",\"@id\":\"https:\/\/www.parnipcas.org\/fr\/benevolat\/les-possibilites-de-benevolat\/\",\"url\":\"https:\/\/www.parnipcas.org\/fr\/benevolat\/les-possibilites-de-benevolat\/\",\"name\":\"Les possibilit\u251c\u00aes de b\u251c\u00aen\u251c\u00aevolat - Children&#039;s Aid Society\",\"isPartOf\":{\"@id\":\"https:\/\/www.parnipcas.org\/#website\"},\"datePublished\":\"2020-08-12T17:52:24+00:00\",\"dateModified\":\"2023-10-20T17:19:21+00:00\",\"breadcrumb\":{\"@id\":\"https:\/\/www.parnipcas.org\/fr\/benevolat\/les-possibilites-de-benevolat\/#breadcrumb\"},\"inLanguage\":\"fr-FR\",\"potentialAction\":[{\"@type\":\"ReadAction\",\"target\":[\"https:\/\/www.parnipcas.org\/fr\/benevolat\/les-possibilites-de-benevolat\/\"]}]},{\"@type\":\"BreadcrumbList\",\"@id\":\"https:\/\/www.parnipcas.org\/fr\/benevolat\/les-possibilites-de-benevolat\/#breadcrumb\",\"itemListElement\":[{\"@type\":\"ListItem\",\"position\":1,\"name\":\"Home\",\"item\":\"https:\/\/www.parnipcas.org\/fr\/\"},{\"@type\":\"ListItem\",\"position\":2,\"name\":\"Volunteer Services\",\"item\":\"https:\/\/www.parnipcas.org\/fr\/benevolat\/\"},{\"@type\":\"ListItem\",\"position\":3,\"name\":\"Les possibilit\u251c\u00aes de b\u251c\u00aen\u251c\u00aevolat\"}]},{\"@type\":\"WebSite\",\"@id\":\"https:\/\/www.parnipcas.org\/#website\",\"url\":\"https:\/\/www.parnipcas.org\/\",\"name\":\"Children&#039;s Aid Society\",\"description\":\"Nipissing &amp; Parry Sound District\",\"potentialAction\":[{\"@type\":\"SearchAction\",\"target\":{\"@type\":\"EntryPoint\",\"urlTemplate\":\"https:\/\/www.parnipcas.org\/?s={search_term_string}\"},\"query-input\":{\"@type\":\"PropertyValueSpecification\",\"valueRequired\":true,\"valueName\":\"search_term_string\"}}],\"inLanguage\":\"fr-FR\"}]}<\/script>\n<!-- \/ Yoast SEO plugin. -->","yoast_head_json":{"title":"Les possibilit\u251c\u00aes de b\u251c\u00aen\u251c\u00aevolat - Children&#039;s Aid Society","robots":{"index":"index","follow":"follow","max-snippet":"max-snippet:-1","max-image-preview":"max-image-preview:large","max-video-preview":"max-video-preview:-1"},"canonical":"https:\/\/www.parnipcas.org\/fr\/benevolat\/les-possibilites-de-benevolat\/","og_locale":"fr_FR","og_type":"article","og_title":"Les possibilit\u251c\u00aes de b\u251c\u00aen\u251c\u00aevolat - Children&#039;s Aid Society","og_description":"Les possibilit\u251c\u00aes de b\u251c\u00aen\u251c\u00aevolatNos b\u251c\u00aen\u251c\u00aevoles jouent un r\u251c\u2524le crucial en consacrant g\u251c\u00aen\u251c\u00aereusement leur temps et leurs talents afin d\u00d4\u00c7\u00d6enrichir la vie des enfants, des jeunes et des familles. Les b\u251c\u00aen\u251c\u00aevoles sont essentiels \u251c\u00e1 la r\u251c\u00aeussite de nos [&hellip;]","og_url":"https:\/\/www.parnipcas.org\/fr\/benevolat\/les-possibilites-de-benevolat\/","og_site_name":"Children&#039;s Aid Society","article_modified_time":"2023-10-20T17:19:21+00:00","twitter_card":"summary_large_image","twitter_misc":{"Dur\u00e9e de lecture estim\u00e9e":"7 minutes"},"schema":{"@context":"https:\/\/schema.org","@graph":[{"@type":"WebPage","@id":"https:\/\/www.parnipcas.org\/fr\/benevolat\/les-possibilites-de-benevolat\/","url":"https:\/\/www.parnipcas.org\/fr\/benevolat\/les-possibilites-de-benevolat\/","name":"Les possibilit\u251c\u00aes de b\u251c\u00aen\u251c\u00aevolat - Children&#039;s Aid Society","isPartOf":{"@id":"https:\/\/www.parnipcas.org\/#website"},"datePublished":"2020-08-12T17:52:24+00:00","dateModified":"2023-10-20T17:19:21+00:00","breadcrumb":{"@id":"https:\/\/www.parnipcas.org\/fr\/benevolat\/les-possibilites-de-benevolat\/#breadcrumb"},"inLanguage":"fr-FR","potentialAction":[{"@type":"ReadAction","target":["https:\/\/www.parnipcas.org\/fr\/benevolat\/les-possibilites-de-benevolat\/"]}]},{"@type":"BreadcrumbList","@id":"https:\/\/www.parnipcas.org\/fr\/benevolat\/les-possibilites-de-benevolat\/#breadcrumb","itemListElement":[{"@type":"ListItem","position":1,"name":"Home","item":"https:\/\/www.parnipcas.org\/fr\/"},{"@type":"ListItem","position":2,"name":"Volunteer Services","item":"https:\/\/www.parnipcas.org\/fr\/benevolat\/"},{"@type":"ListItem","position":3,"name":"Les possibilit\u251c\u00aes de b\u251c\u00aen\u251c\u00aevolat"}]},{"@type":"WebSite","@id":"https:\/\/www.parnipcas.org\/#website","url":"https:\/\/www.parnipcas.org\/","name":"Children&#039;s Aid Society","description":"Nipissing &amp; Parry Sound District","potentialAction":[{"@type":"SearchAction","target":{"@type":"EntryPoint","urlTemplate":"https:\/\/www.parnipcas.org\/?s={search_term_string}"},"query-input":{"@type":"PropertyValueSpecification","valueRequired":true,"valueName":"search_term_string"}}],"inLanguage":"fr-FR"}]}},"_links":{"self":[{"href":"https:\/\/www.parnipcas.org\/fr\/wp-json\/wp\/v2\/pages\/8355","targetHints":{"allow":["GET"]}}],"collection":[{"href":"https:\/\/www.parnipcas.org\/fr\/wp-json\/wp\/v2\/pages"}],"about":[{"href":"https:\/\/www.parnipcas.org\/fr\/wp-json\/wp\/v2\/types\/page"}],"author":[{"embeddable":true,"href":"https:\/\/www.parnipcas.org\/fr\/wp-json\/wp\/v2\/users\/6"}],"replies":[{"embeddable":true,"href":"https:\/\/www.parnipcas.org\/fr\/wp-json\/wp\/v2\/comments?post=8355"}],"version-history":[{"count":16,"href":"https:\/\/www.parnipcas.org\/fr\/wp-json\/wp\/v2\/pages\/8355\/revisions"}],"predecessor-version":[{"id":12800,"href":"https:\/\/www.parnipcas.org\/fr\/wp-json\/wp\/v2\/pages\/8355\/revisions\/12800"}],"up":[{"embeddable":true,"href":"https:\/\/www.parnipcas.org\/fr\/wp-json\/wp\/v2\/pages\/8352"}],"wp:attachment":[{"href":"https:\/\/www.parnipcas.org\/fr\/wp-json\/wp\/v2\/media?parent=8355"}],"curies":[{"name":"wp","href":"https:\/\/api.w.org\/{rel}","templated":true}]}}