{"id":8383,"date":"2020-08-12T15:15:42","date_gmt":"2020-08-12T19:15:42","guid":{"rendered":"https:\/\/www.parnipcas.org\/soutien-au-logement-et-aux-depenses\/"},"modified":"2020-08-12T15:26:34","modified_gmt":"2020-08-12T19:26:34","slug":"soutien-au-logement-et-aux-depenses","status":"publish","type":"page","link":"https:\/\/www.parnipcas.org\/fr\/soutien-au-logement-et-aux-depenses\/","title":{"rendered":"Soutien au logement et aux d\u251c\u00aepenses"},"content":{"rendered":"<p>[et_pb_section fb_built=\u00a0\u00bb1&Prime; _builder_version=\u00a0\u00bb4.5.6&Prime; background_color=\u00a0\u00bb#1b2b42&Prime; use_background_color_gradient=\u00a0\u00bbon\u00a0\u00bb background_color_gradient_start=\u00a0\u00bbrgba(27,43,66,0.87)\u00a0\u00bb background_color_gradient_end=\u00a0\u00bbrgba(0,39,94,0.93)\u00a0\u00bb background_color_gradient_overlays_image=\u00a0\u00bbon\u00a0\u00bb background_image=\u00a0\u00bbhttps:\/\/www.parnipcas.org\/wp-content\/uploads\/2020\/08\/Header-7-e1597167237912.jpg\u00a0\u00bb background_position=\u00a0\u00bbtop_center\u00a0\u00bb custom_padding=\u00a0\u00bb||||true|false\u00a0\u00bb da_disable_devices=\u00a0\u00bboff|off|off\u00a0\u00bb global_module=\u00a0\u00bb6451&Prime; saved_tabs=\u00a0\u00bball\u00a0\u00bb da_is_popup=\u00a0\u00bboff\u00a0\u00bb da_exit_intent=\u00a0\u00bboff\u00a0\u00bb da_has_close=\u00a0\u00bbon\u00a0\u00bb da_alt_close=\u00a0\u00bboff\u00a0\u00bb da_dark_close=\u00a0\u00bboff\u00a0\u00bb da_not_modal=\u00a0\u00bbon\u00a0\u00bb da_is_singular=\u00a0\u00bboff\u00a0\u00bb da_with_loader=\u00a0\u00bboff\u00a0\u00bb da_has_shadow=\u00a0\u00bbon\u00a0\u00bb][et_pb_row _builder_version=\u00a0\u00bb4.4.8&Prime;][et_pb_column type=\u00a0\u00bb4_4&Prime; _builder_version=\u00a0\u00bb4.4.8&Prime;][et_pb_text _builder_version=\u00a0\u00bb4.4.9&Prime; header_font=\u00a0\u00bbGill Sans MT Bold||||||||\u00a0\u00bb header_text_align=\u00a0\u00bbcenter\u00a0\u00bb header_text_color=\u00a0\u00bb#ffffff\u00a0\u00bb header_font_size=\u00a0\u00bb60px\u00a0\u00bb header_font_size_tablet=\u00a0\u00bb\u00a0\u00bb header_font_size_phone=\u00a0\u00bb38px\u00a0\u00bb header_font_size_last_edited=\u00a0\u00bbon|phone\u00a0\u00bb locked=\u00a0\u00bboff\u00a0\u00bb]<\/p>\n<h1><span>Ressources pour les Parents<\/span><\/h1>\n<p>[\/et_pb_text][\/et_pb_column][\/et_pb_row][\/et_pb_section][et_pb_section fb_built=\u00a0\u00bb1&Prime; specialty=\u00a0\u00bbon\u00a0\u00bb module_class_1=\u00a0\u00bbinner-menu-mobile-column\u00a0\u00bb _builder_version=\u00a0\u00bb4.4.9&Prime; module_alignment=\u00a0\u00bbcenter\u00a0\u00bb inner_module_alignment=\u00a0\u00bbcenter\u00a0\u00bb custom_padding=\u00a0\u00bb25px||||false|false\u00a0\u00bb da_disable_devices=\u00a0\u00bboff|off|off\u00a0\u00bb da_is_popup=\u00a0\u00bboff\u00a0\u00bb da_exit_intent=\u00a0\u00bboff\u00a0\u00bb da_has_close=\u00a0\u00bbon\u00a0\u00bb da_alt_close=\u00a0\u00bboff\u00a0\u00bb da_dark_close=\u00a0\u00bboff\u00a0\u00bb da_not_modal=\u00a0\u00bbon\u00a0\u00bb da_is_singular=\u00a0\u00bboff\u00a0\u00bb da_with_loader=\u00a0\u00bboff\u00a0\u00bb da_has_shadow=\u00a0\u00bbon\u00a0\u00bb][et_pb_column type=\u00a0\u00bb1_4&Prime; _builder_version=\u00a0\u00bb3.25&Prime; custom_padding=\u00a0\u00bb|||\u00a0\u00bb custom_padding__hover=\u00a0\u00bb|||\u00a0\u00bb][dsm_menu menu_id=\u00a0\u00bb38&Prime; menu_link_text_color=\u00a0\u00bb#4e5f6f\u00a0\u00bb menu_space_between=\u00a0\u00bb3px\u00a0\u00bb list_style_color=\u00a0\u00bb#4e5f6f\u00a0\u00bb module_id=\u00a0\u00bbinternal-menu\u00a0\u00bb module_class=\u00a0\u00bbinternal-menu\u00a0\u00bb _builder_version=\u00a0\u00bb4.4.9&Prime; menu_font=\u00a0\u00bbGill Sans MT Bold||||||||\u00a0\u00bb menu_font_size=\u00a0\u00bb17px\u00a0\u00bb custom_margin=\u00a0\u00bb||||false|false\u00a0\u00bb custom_padding=\u00a0\u00bb||||false|false\u00a0\u00bb global_module=\u00a0\u00bb6452&Prime; saved_tabs=\u00a0\u00bball\u00a0\u00bb menu_link_text_color__hover_enabled=\u00a0\u00bbon|hover\u00a0\u00bb menu_link_text_color__hover=\u00a0\u00bb#493d6f\u00a0\u00bb][\/dsm_menu][\/et_pb_column][et_pb_column type=\u00a0\u00bb3_4&Prime; specialty_columns=\u00a0\u00bb3&Prime; _builder_version=\u00a0\u00bb3.25&Prime; custom_padding=\u00a0\u00bb|||\u00a0\u00bb custom_padding__hover=\u00a0\u00bb|||\u00a0\u00bb][et_pb_row_inner _builder_version=\u00a0\u00bb4.4.9&Prime; custom_padding=\u00a0\u00bb||10px||false|false\u00a0\u00bb][et_pb_column_inner saved_specialty_column_type=\u00a0\u00bb2_3&Prime; _builder_version=\u00a0\u00bb4.4.8&Prime;][et_pb_text _builder_version=\u00a0\u00bb4.4.9&Prime; header_text_align=\u00a0\u00bbcenter\u00a0\u00bb header_2_font=\u00a0\u00bbGill Sans MT Bold||||||||\u00a0\u00bb header_2_text_align=\u00a0\u00bbleft\u00a0\u00bb header_2_text_color=\u00a0\u00bb#1b82bd\u00a0\u00bb header_2_font_size=\u00a0\u00bb22px\u00a0\u00bb custom_margin=\u00a0\u00bb||10px||false|false\u00a0\u00bb custom_padding=\u00a0\u00bb||||false|false\u00a0\u00bb]<\/p>\n<h2>Soutien au logement et aux d\u251c\u00aepenses<\/h2>\n<p>[\/et_pb_text][et_pb_text _builder_version=\u00a0\u00bb4.4.9&Prime; text_font=\u00a0\u00bbGill Sans MT Regular||||||||\u00a0\u00bb text_text_color=\u00a0\u00bb#1b2b42&Prime; text_font_size=\u00a0\u00bb18px\u00a0\u00bb header_font=\u00a0\u00bbGill Sans MT Regular||||||||\u00a0\u00bb custom_margin=\u00a0\u00bb||10px||false|false\u00a0\u00bb custom_padding=\u00a0\u00bb||||false|false\u00a0\u00bb locked=\u00a0\u00bboff\u00a0\u00bb]<\/p>\n<p>Voici une liste de liens aux partenaires et aux services communautaires qui peuvent offrir un soutien pour les frais de subsistance et, dans certains cas, des subventions aux familles \u251c\u00e1 faible revenu ainsi que d&rsquo;autres services.<\/p>\n<p>[\/et_pb_text][\/et_pb_column_inner][\/et_pb_row_inner][et_pb_row_inner column_structure=\u00a0\u00bb1_2,1_2&Prime; use_custom_gutter=\u00a0\u00bbon\u00a0\u00bb gutter_width=\u00a0\u00bb2&Prime; disabled_on=\u00a0\u00bbon|off|off\u00a0\u00bb module_class=\u00a0\u00bbtwo-columns\u00a0\u00bb _builder_version=\u00a0\u00bb4.4.9&Prime; custom_margin=\u00a0\u00bb||||false|false\u00a0\u00bb custom_padding=\u00a0\u00bb10px||10px||false|false\u00a0\u00bb locked=\u00a0\u00bboff\u00a0\u00bb][et_pb_column_inner type=\u00a0\u00bb1_2&Prime; saved_specialty_column_type=\u00a0\u00bb3_4&Prime; _builder_version=\u00a0\u00bb4.4.8&Prime;][et_pb_text _builder_version=\u00a0\u00bb4.4.9&Prime; text_font=\u00a0\u00bbGill Sans MT Regular||||||||\u00a0\u00bb text_text_color=\u00a0\u00bb#1b2b42&Prime; text_font_size=\u00a0\u00bb18px\u00a0\u00bb link_text_color=\u00a0\u00bb#1b2b42&Prime; header_font=\u00a0\u00bbGill Sans MT Regular||||||||\u00a0\u00bb header_4_font=\u00a0\u00bbGill Sans MT Bold||||||||\u00a0\u00bb header_4_text_align=\u00a0\u00bbcenter\u00a0\u00bb header_4_text_color=\u00a0\u00bb#1b2b42&Prime; custom_margin=\u00a0\u00bb0px||0px||false|false\u00a0\u00bb custom_padding=\u00a0\u00bb0px||0px||false|false\u00a0\u00bb locked=\u00a0\u00bboff\u00a0\u00bb text_text_color__hover_enabled=\u00a0\u00bbon|hover\u00a0\u00bb text_text_color__hover=\u00a0\u00bb\u00a0\u00bb link_text_color__hover_enabled=\u00a0\u00bbon|desktop\u00a0\u00bb link_text_color__hover=\u00a0\u00bb#1b82bd\u00a0\u00bb]<\/p>\n<ul>\n<li><a href=\"http:\/\/lipinipissing.com\/imminent-risk-crisis-intervention\/\" target=\"_blank\" rel=\"noopener noreferrer\">Housing Sustainability Planning<\/a><\/li>\n<li><a href=\"http:\/\/lipinipissing.com\/family-stabilization\/\" target=\"_blank\" rel=\"noopener noreferrer\">Recreation Fund<\/a><\/li>\n<li><a href=\"http:\/\/www.santafund.ca\/application-form\/\" target=\"_blank\" rel=\"noopener noreferrer\">Santa Fund<\/a><\/li>\n<li><a href=\"http:\/\/www.northbayhydro.com\/residential\/assistance-programs\/\" target=\"_blank\" rel=\"noopener noreferrer\">Hydro Support Programs<\/a><\/li>\n<\/ul>\n<p>[\/et_pb_text][\/et_pb_column_inner][et_pb_column_inner type=\u00a0\u00bb1_2&Prime; saved_specialty_column_type=\u00a0\u00bb3_4&Prime; _builder_version=\u00a0\u00bb4.4.8&Prime;][et_pb_text _builder_version=\u00a0\u00bb4.5.6&Prime; text_font=\u00a0\u00bbGill Sans MT Regular||||||||\u00a0\u00bb text_text_color=\u00a0\u00bb#1b2b42&Prime; text_font_size=\u00a0\u00bb18px\u00a0\u00bb link_text_color=\u00a0\u00bb#1b2b42&Prime; header_font=\u00a0\u00bbGill Sans MT Regular||||||||\u00a0\u00bb header_4_font=\u00a0\u00bbGill Sans MT Bold||||||||\u00a0\u00bb header_4_text_align=\u00a0\u00bbcenter\u00a0\u00bb header_4_text_color=\u00a0\u00bb#1b2b42&Prime; custom_margin=\u00a0\u00bb0px||0px||false|false\u00a0\u00bb custom_padding=\u00a0\u00bb0px||0px||false|false\u00a0\u00bb hover_enabled=\u00a0\u00bb0&Prime; locked=\u00a0\u00bboff\u00a0\u00bb text_text_color__hover_enabled=\u00a0\u00bbon|hover\u00a0\u00bb text_text_color__hover=\u00a0\u00bb\u00a0\u00bb link_text_color__hover_enabled=\u00a0\u00bbon|desktop\u00a0\u00bb link_text_color__hover=\u00a0\u00bb#1b82bd\u00a0\u00bb]<\/p>\n<ul>\n<li><a href=\"https:\/\/www.canada.ca\/fr\/agence-revenu\/services\/impot\/particuliers\/programme-communautaire-benevoles-matiere-impot.html\" target=\"_blank\" rel=\"noopener noreferrer\">Programme communautaire des b\u251c\u00aen\u251c\u00aevoles en mati\u251c\u00bfre d&rsquo;imp\u251c\u2524t<\/a><\/li>\n<li><a href=\"https:\/\/northbayfoodbank.ca\/\" target=\"_blank\" rel=\"noopener noreferrer\">Food Bank<\/a><\/li>\n<li>Trinity Infant Food Shelf \u00d4\u00e5\u00f4<\/li>\n<\/ul>\n<p>[\/et_pb_text][\/et_pb_column_inner][\/et_pb_row_inner][et_pb_row_inner use_custom_gutter=\u00a0\u00bbon\u00a0\u00bb gutter_width=\u00a0\u00bb2&Prime; disabled_on=\u00a0\u00bboff|on|on\u00a0\u00bb _builder_version=\u00a0\u00bb4.4.9&Prime; custom_margin=\u00a0\u00bb||||false|false\u00a0\u00bb custom_padding=\u00a0\u00bb10px||10px||false|false\u00a0\u00bb locked=\u00a0\u00bboff\u00a0\u00bb][et_pb_column_inner saved_specialty_column_type=\u00a0\u00bb3_4&Prime; _builder_version=\u00a0\u00bb4.4.8&Prime;][et_pb_text _builder_version=\u00a0\u00bb4.5.6&Prime; text_font=\u00a0\u00bbGill Sans MT Regular||||||||\u00a0\u00bb text_text_color=\u00a0\u00bb#1b2b42&Prime; text_font_size=\u00a0\u00bb18px\u00a0\u00bb link_text_color=\u00a0\u00bb#1b2b42&Prime; header_font=\u00a0\u00bbGill Sans MT Regular||||||||\u00a0\u00bb header_4_font=\u00a0\u00bbGill Sans MT Bold||||||||\u00a0\u00bb header_4_text_align=\u00a0\u00bbcenter\u00a0\u00bb header_4_text_color=\u00a0\u00bb#1b2b42&Prime; custom_margin=\u00a0\u00bb0px||0px||false|false\u00a0\u00bb custom_padding=\u00a0\u00bb0px||0px||false|false\u00a0\u00bb hover_enabled=\u00a0\u00bb0&Prime; locked=\u00a0\u00bboff\u00a0\u00bb text_text_color__hover_enabled=\u00a0\u00bbon|hover\u00a0\u00bb text_text_color__hover=\u00a0\u00bb\u00a0\u00bb link_text_color__hover_enabled=\u00a0\u00bbon|desktop\u00a0\u00bb link_text_color__hover=\u00a0\u00bb#1b82bd\u00a0\u00bb]<\/p>\n<ul>\n<li><a href=\"http:\/\/lipinipissing.com\/imminent-risk-crisis-intervention\/\" target=\"_blank\" rel=\"noopener noreferrer\">Housing Sustainability Planning<\/a><\/li>\n<li><a href=\"http:\/\/lipinipissing.com\/family-stabilization\/\" target=\"_blank\" rel=\"noopener noreferrer\">Recreation Fund<\/a><\/li>\n<li><a href=\"http:\/\/www.santafund.ca\/application-form\/\" target=\"_blank\" rel=\"noopener noreferrer\">Santa Fund<\/a><\/li>\n<li><a href=\"http:\/\/www.northbayhydro.com\/residential\/assistance-programs\/\" target=\"_blank\" rel=\"noopener noreferrer\">Hydro Support Programs<\/a><\/li>\n<li><a href=\"https:\/\/www.canada.ca\/fr\/agence-revenu\/services\/impot\/particuliers\/programme-communautaire-benevoles-matiere-impot.html\" target=\"_blank\" rel=\"noopener noreferrer\">Programme communautaire des b\u251c\u00aen\u251c\u00aevoles en mati\u251c\u00bfre d&rsquo;imp\u251c\u2524t<\/a><\/li>\n<li><a href=\"https:\/\/northbayfoodbank.ca\/\">Food Bank<\/a><\/li>\n<li>Trinity Infant Food Shelf \u00d4\u00e5\u00f4<\/li>\n<\/ul>\n<p>[\/et_pb_text][\/et_pb_column_inner][\/et_pb_row_inner][et_pb_row_inner column_structure=\u00a0\u00bb1_2,1_2&Prime; use_custom_gutter=\u00a0\u00bbon\u00a0\u00bb gutter_width=\u00a0\u00bb2&Prime; module_class=\u00a0\u00bbtwo-columns-2&Prime; _builder_version=\u00a0\u00bb4.4.9&Prime; custom_margin=\u00a0\u00bb||||false|false\u00a0\u00bb custom_padding=\u00a0\u00bb4px||10px||false|false\u00a0\u00bb locked=\u00a0\u00bboff\u00a0\u00bb][et_pb_column_inner type=\u00a0\u00bb1_2&Prime; saved_specialty_column_type=\u00a0\u00bb3_4&Prime; _builder_version=\u00a0\u00bb4.4.9&Prime; custom_padding_tablet=\u00a0\u00bb||||false|false\u00a0\u00bb custom_padding_phone=\u00a0\u00bb\u00a0\u00bb custom_padding_last_edited=\u00a0\u00bbon|tablet\u00a0\u00bb][et_pb_text _builder_version=\u00a0\u00bb4.4.9&Prime; text_font=\u00a0\u00bbGill Sans MT Regular||||||||\u00a0\u00bb text_font_size=\u00a0\u00bb18px\u00a0\u00bb header_font=\u00a0\u00bbGill Sans MT Regular||||||||\u00a0\u00bb]<span style=\"font-family: 'Gill Sans MT Bold';\">The Trinity Infant Food Shelf <\/span> <span>est une banque alimentaire pour nourrissons pour les familles ayant des nourrissons de 0 \u251c\u00e1 12 mois qui fournit :<\/span>[\/et_pb_text][et_pb_text _builder_version=\u00a0\u00bb4.4.9&Prime; text_font=\u00a0\u00bbGill Sans MT Regular||||||||\u00a0\u00bb text_text_color=\u00a0\u00bb#4e5f6f\u00a0\u00bb text_font_size=\u00a0\u00bb18px\u00a0\u00bb link_text_color=\u00a0\u00bb#1b2b42&Prime; header_font=\u00a0\u00bbGill Sans MT Regular||||||||\u00a0\u00bb header_4_font=\u00a0\u00bbGill Sans MT Bold||||||||\u00a0\u00bb header_4_text_align=\u00a0\u00bbcenter\u00a0\u00bb header_4_text_color=\u00a0\u00bb#1b2b42&Prime; custom_margin=\u00a0\u00bb0px||0px||false|false\u00a0\u00bb custom_padding=\u00a0\u00bb0px||0px||false|false\u00a0\u00bb locked=\u00a0\u00bboff\u00a0\u00bb text_text_color__hover_enabled=\u00a0\u00bbon|hover\u00a0\u00bb text_text_color__hover=\u00a0\u00bb\u00a0\u00bb link_text_color__hover_enabled=\u00a0\u00bbon|desktop\u00a0\u00bb link_text_color__hover=\u00a0\u00bb#1b82bd\u00a0\u00bb]<\/p>\n<ul>\n<li><span>Nourriture pour b\u251c\u00aeb\u251c\u00aes<\/span><\/li>\n<li><span>Couches<\/span><\/li>\n<li><span>Lingettes<\/span><\/li>\n<li><span>Collations<\/span><\/li>\n<li><span>Formule<\/span><\/li>\n<li><span>Autres fournitures pour b\u251c\u00aeb\u251c\u00aes disponibles<\/span><\/li>\n<\/ul>\n<p>[\/et_pb_text][\/et_pb_column_inner][et_pb_column_inner type=\u00a0\u00bb1_2&Prime; saved_specialty_column_type=\u00a0\u00bb3_4&Prime; _builder_version=\u00a0\u00bb4.4.9&Prime; custom_padding=\u00a0\u00bb20px|20px|20px|20px|true|true\u00a0\u00bb border_width_all=\u00a0\u00bb3px\u00a0\u00bb border_color_all=\u00a0\u00bb#edf0f1&Prime;][et_pb_text _builder_version=\u00a0\u00bb4.4.9&Prime; text_font=\u00a0\u00bbGill Sans MT Bold||||||||\u00a0\u00bb text_font_size=\u00a0\u00bb18px\u00a0\u00bb header_font=\u00a0\u00bbGill Sans MT Regular||||||||\u00a0\u00bb]<\/p>\n<p>Endroit:<\/p>\n<p>[\/et_pb_text][et_pb_text _builder_version=\u00a0\u00bb4.4.9&Prime; text_font=\u00a0\u00bbGill Sans MT Regular||||||||\u00a0\u00bb text_text_color=\u00a0\u00bb#1b2b42&Prime; text_font_size=\u00a0\u00bb18px\u00a0\u00bb header_font=\u00a0\u00bbGill Sans MT Regular||||||||\u00a0\u00bb]<\/p>\n<p><span>Trinity United Church<\/span><\/p>\n<p>[\/et_pb_text][et_pb_blurb use_icon=\u00a0\u00bbon\u00a0\u00bb font_icon=\u00a0\u00bb%%249%%\u00a0\u00bb icon_color=\u00a0\u00bb#1b2b42&Prime; icon_placement=\u00a0\u00bbleft\u00a0\u00bb content_max_width=\u00a0\u00bb1100px\u00a0\u00bb use_icon_font_size=\u00a0\u00bbon\u00a0\u00bb icon_font_size=\u00a0\u00bb25px\u00a0\u00bb _builder_version=\u00a0\u00bb4.4.9&Prime; header_font=\u00a0\u00bbGill Sans MT Regular|700||on|||||\u00a0\u00bb header_text_color=\u00a0\u00bbrgba(85,101,112,0.8)\u00a0\u00bb header_font_size=\u00a0\u00bb12px\u00a0\u00bb header_letter_spacing=\u00a0\u00bb2px\u00a0\u00bb header_line_height=\u00a0\u00bb1.4em\u00a0\u00bb body_font=\u00a0\u00bbGill Sans MT Regular||||||||\u00a0\u00bb body_text_color=\u00a0\u00bb#1b2b42&Prime; body_font_size=\u00a0\u00bb18px\u00a0\u00bb body_line_height=\u00a0\u00bb1.3em\u00a0\u00bb background_layout=\u00a0\u00bbdark\u00a0\u00bb custom_margin=\u00a0\u00bb10px||10px||false|false\u00a0\u00bb custom_padding=\u00a0\u00bb||||false|false\u00a0\u00bb body_font_size_tablet=\u00a0\u00bb15px\u00a0\u00bb body_font_size_phone=\u00a0\u00bb14px\u00a0\u00bb body_font_size_last_edited=\u00a0\u00bboff|desktop\u00a0\u00bb locked=\u00a0\u00bboff\u00a0\u00bb]<\/p>\n<p>111 McIntyre Street East, North Bay ON<\/p>\n<p>[\/et_pb_blurb][et_pb_blurb url=\u00a0\u00bbhttp:\/\/www.ipc.opn.ca\u00a0\u00bb url_new_window=\u00a0\u00bbon\u00a0\u00bb use_icon=\u00a0\u00bbon\u00a0\u00bb font_icon=\u00a0\u00bb%%227%%\u00a0\u00bb icon_color=\u00a0\u00bb#1b2b42&Prime; icon_placement=\u00a0\u00bbleft\u00a0\u00bb content_max_width=\u00a0\u00bb1100px\u00a0\u00bb use_icon_font_size=\u00a0\u00bbon\u00a0\u00bb icon_font_size=\u00a0\u00bb25px\u00a0\u00bb _builder_version=\u00a0\u00bb4.4.9&Prime; header_font=\u00a0\u00bbGill Sans MT Regular|700||on|||||\u00a0\u00bb header_text_color=\u00a0\u00bbrgba(85,101,112,0.8)\u00a0\u00bb header_font_size=\u00a0\u00bb12px\u00a0\u00bb header_letter_spacing=\u00a0\u00bb2px\u00a0\u00bb header_line_height=\u00a0\u00bb1.4em\u00a0\u00bb body_font=\u00a0\u00bbGill Sans MT Regular||||||||\u00a0\u00bb body_text_color=\u00a0\u00bb#1b2b42&Prime; body_font_size=\u00a0\u00bb18px\u00a0\u00bb body_line_height=\u00a0\u00bb1.3em\u00a0\u00bb background_layout=\u00a0\u00bbdark\u00a0\u00bb custom_margin=\u00a0\u00bb10px||10px||false|false\u00a0\u00bb custom_padding=\u00a0\u00bb||||false|false\u00a0\u00bb body_font_size_tablet=\u00a0\u00bb15px\u00a0\u00bb body_font_size_phone=\u00a0\u00bb14px\u00a0\u00bb body_font_size_last_edited=\u00a0\u00bboff|desktop\u00a0\u00bb locked=\u00a0\u00bboff\u00a0\u00bb]<\/p>\n<p><span>Mercredi 11 h 15 \u00d4\u00c7\u00f4 13 h 15<\/span><\/p>\n<p>[\/et_pb_blurb][\/et_pb_column_inner][\/et_pb_row_inner][\/et_pb_column][\/et_pb_section]<\/p>\n","protected":false},"excerpt":{"rendered":"<p>Ressources pour les Parents<div id=\"internal-menu\" class=\"et_pb_module dsm_menu dsm_menu_0 internal-menu  et_pb_text_align_left et_pb_bg_layout_light\">\n\t\t\t\t\n\t\t\t\t\n\t\t\t\t\n\t\t\t\t\n\t\t\t\t\n\t\t\t\t\n\t\t\t\t<div class=\"et_pb_module_inner\">\n\t\t\t\t\t<nav class=\"dsm-menu-container\" role=\"navigation\" itemscope itemtype=\"http:\/\/schema.org\/SiteNavigationElement\"><ul id=\"menu-parenting-resources-footer-french\" class=\"dsm-menu dsm-menu-style-type-disc dsm-menu-layout-vertical\"><li id=\"menu-item-8436\" class=\"et_pb_menu_page_id-8410 menu-item menu-item-type-post_type menu-item-object-page menu-item-8436\"><a href=\"https:\/\/www.parnipcas.org\/fr\/sante-et-securite\/\" itemprop=\"url\"><span itemprop=\"name\">Sant\u251c\u00ae et s\u251c\u00aecurit\u251c\u00ae<\/span><\/a><\/li>\n<li id=\"menu-item-8401\" class=\"et_pb_menu_page_id-8383 menu-item menu-item-type-post_type menu-item-object-page menu-item-8401\"><a href=\"https:\/\/www.parnipcas.org\/fr\/soutien-au-logement-et-aux-depenses\/\" itemprop=\"url\"><span itemprop=\"name\">Soutien au logement et aux d\u251c\u00aepenses<\/span><\/a><\/li>\n<li id=\"menu-item-12148\" class=\"et_pb_menu_page_id-12140 menu-item menu-item-type-post_type menu-item-object-page menu-item-12148\"><a href=\"https:\/\/www.parnipcas.org\/fr\/avis-de-pratique\/\" itemprop=\"url\"><span itemprop=\"name\">Avis de pratique<\/span><\/a><\/li>\n<\/ul><\/nav>\n\t\t\t\t<\/div>\n\t\t\t<\/div>Soutien au logement et aux d\u251c\u00aepensesVoici une liste de liens aux partenaires et aux services communautaires qui peuvent offrir un soutien pour les frais de subsistance et, dans certains cas, des subventions aux familles [&hellip;]<\/p>\n","protected":false},"author":6,"featured_media":0,"parent":0,"menu_order":0,"comment_status":"closed","ping_status":"closed","template":"","meta":{"_et_pb_use_builder":"on","_et_pb_old_content":"","_et_gb_content_width":"","footnotes":""},"class_list":["post-8383","page","type-page","status-publish","hentry"],"yoast_head":"<!-- This site is optimized with the Yoast SEO plugin v27.0 - https:\/\/yoast.com\/product\/yoast-seo-wordpress\/ -->\n<title>Soutien au logement et aux d\u251c\u00aepenses - Children&#039;s Aid Society<\/title>\n<meta name=\"robots\" content=\"index, follow, max-snippet:-1, max-image-preview:large, max-video-preview:-1\" \/>\n<link rel=\"canonical\" href=\"https:\/\/www.parnipcas.org\/fr\/soutien-au-logement-et-aux-depenses\/\" \/>\n<meta property=\"og:locale\" content=\"fr_FR\" \/>\n<meta property=\"og:type\" content=\"article\" \/>\n<meta property=\"og:title\" content=\"Soutien au logement et aux d\u251c\u00aepenses - Children&#039;s Aid Society\" \/>\n<meta property=\"og:description\" content=\"Ressources pour les ParentsSoutien au logement et aux d\u251c\u00aepensesVoici une liste de liens aux partenaires et aux services communautaires qui peuvent offrir un soutien pour les frais de subsistance et, dans certains cas, des subventions aux familles [&hellip;]\" \/>\n<meta property=\"og:url\" content=\"https:\/\/www.parnipcas.org\/fr\/soutien-au-logement-et-aux-depenses\/\" \/>\n<meta property=\"og:site_name\" content=\"Children&#039;s Aid Society\" \/>\n<meta property=\"article:modified_time\" content=\"2020-08-12T19:26:34+00:00\" \/>\n<meta name=\"twitter:card\" content=\"summary_large_image\" \/>\n<meta name=\"twitter:label1\" content=\"Dur\u00e9e de lecture estim\u00e9e\" \/>\n\t<meta name=\"twitter:data1\" content=\"7 minutes\" \/>\n<script type=\"application\/ld+json\" class=\"yoast-schema-graph\">{\"@context\":\"https:\/\/schema.org\",\"@graph\":[{\"@type\":\"WebPage\",\"@id\":\"https:\/\/www.parnipcas.org\/fr\/soutien-au-logement-et-aux-depenses\/\",\"url\":\"https:\/\/www.parnipcas.org\/fr\/soutien-au-logement-et-aux-depenses\/\",\"name\":\"Soutien au logement et aux d\u251c\u00aepenses - Children&#039;s Aid Society\",\"isPartOf\":{\"@id\":\"https:\/\/www.parnipcas.org\/#website\"},\"datePublished\":\"2020-08-12T19:15:42+00:00\",\"dateModified\":\"2020-08-12T19:26:34+00:00\",\"breadcrumb\":{\"@id\":\"https:\/\/www.parnipcas.org\/fr\/soutien-au-logement-et-aux-depenses\/#breadcrumb\"},\"inLanguage\":\"fr-FR\",\"potentialAction\":[{\"@type\":\"ReadAction\",\"target\":[\"https:\/\/www.parnipcas.org\/fr\/soutien-au-logement-et-aux-depenses\/\"]}]},{\"@type\":\"BreadcrumbList\",\"@id\":\"https:\/\/www.parnipcas.org\/fr\/soutien-au-logement-et-aux-depenses\/#breadcrumb\",\"itemListElement\":[{\"@type\":\"ListItem\",\"position\":1,\"name\":\"Home\",\"item\":\"https:\/\/www.parnipcas.org\/fr\/\"},{\"@type\":\"ListItem\",\"position\":2,\"name\":\"Soutien au logement et aux d\u251c\u00aepenses\"}]},{\"@type\":\"WebSite\",\"@id\":\"https:\/\/www.parnipcas.org\/#website\",\"url\":\"https:\/\/www.parnipcas.org\/\",\"name\":\"Children&#039;s Aid Society\",\"description\":\"Nipissing &amp; Parry Sound District\",\"potentialAction\":[{\"@type\":\"SearchAction\",\"target\":{\"@type\":\"EntryPoint\",\"urlTemplate\":\"https:\/\/www.parnipcas.org\/?s={search_term_string}\"},\"query-input\":{\"@type\":\"PropertyValueSpecification\",\"valueRequired\":true,\"valueName\":\"search_term_string\"}}],\"inLanguage\":\"fr-FR\"}]}<\/script>\n<!-- \/ Yoast SEO plugin. -->","yoast_head_json":{"title":"Soutien au logement et aux d\u251c\u00aepenses - Children&#039;s Aid Society","robots":{"index":"index","follow":"follow","max-snippet":"max-snippet:-1","max-image-preview":"max-image-preview:large","max-video-preview":"max-video-preview:-1"},"canonical":"https:\/\/www.parnipcas.org\/fr\/soutien-au-logement-et-aux-depenses\/","og_locale":"fr_FR","og_type":"article","og_title":"Soutien au logement et aux d\u251c\u00aepenses - Children&#039;s Aid Society","og_description":"Ressources pour les ParentsSoutien au logement et aux d\u251c\u00aepensesVoici une liste de liens aux partenaires et aux services communautaires qui peuvent offrir un soutien pour les frais de subsistance et, dans certains cas, des subventions aux familles [&hellip;]","og_url":"https:\/\/www.parnipcas.org\/fr\/soutien-au-logement-et-aux-depenses\/","og_site_name":"Children&#039;s Aid Society","article_modified_time":"2020-08-12T19:26:34+00:00","twitter_card":"summary_large_image","twitter_misc":{"Dur\u00e9e de lecture estim\u00e9e":"7 minutes"},"schema":{"@context":"https:\/\/schema.org","@graph":[{"@type":"WebPage","@id":"https:\/\/www.parnipcas.org\/fr\/soutien-au-logement-et-aux-depenses\/","url":"https:\/\/www.parnipcas.org\/fr\/soutien-au-logement-et-aux-depenses\/","name":"Soutien au logement et aux d\u251c\u00aepenses - Children&#039;s Aid Society","isPartOf":{"@id":"https:\/\/www.parnipcas.org\/#website"},"datePublished":"2020-08-12T19:15:42+00:00","dateModified":"2020-08-12T19:26:34+00:00","breadcrumb":{"@id":"https:\/\/www.parnipcas.org\/fr\/soutien-au-logement-et-aux-depenses\/#breadcrumb"},"inLanguage":"fr-FR","potentialAction":[{"@type":"ReadAction","target":["https:\/\/www.parnipcas.org\/fr\/soutien-au-logement-et-aux-depenses\/"]}]},{"@type":"BreadcrumbList","@id":"https:\/\/www.parnipcas.org\/fr\/soutien-au-logement-et-aux-depenses\/#breadcrumb","itemListElement":[{"@type":"ListItem","position":1,"name":"Home","item":"https:\/\/www.parnipcas.org\/fr\/"},{"@type":"ListItem","position":2,"name":"Soutien au logement et aux d\u251c\u00aepenses"}]},{"@type":"WebSite","@id":"https:\/\/www.parnipcas.org\/#website","url":"https:\/\/www.parnipcas.org\/","name":"Children&#039;s Aid Society","description":"Nipissing &amp; Parry Sound District","potentialAction":[{"@type":"SearchAction","target":{"@type":"EntryPoint","urlTemplate":"https:\/\/www.parnipcas.org\/?s={search_term_string}"},"query-input":{"@type":"PropertyValueSpecification","valueRequired":true,"valueName":"search_term_string"}}],"inLanguage":"fr-FR"}]}},"_links":{"self":[{"href":"https:\/\/www.parnipcas.org\/fr\/wp-json\/wp\/v2\/pages\/8383","targetHints":{"allow":["GET"]}}],"collection":[{"href":"https:\/\/www.parnipcas.org\/fr\/wp-json\/wp\/v2\/pages"}],"about":[{"href":"https:\/\/www.parnipcas.org\/fr\/wp-json\/wp\/v2\/types\/page"}],"author":[{"embeddable":true,"href":"https:\/\/www.parnipcas.org\/fr\/wp-json\/wp\/v2\/users\/6"}],"replies":[{"embeddable":true,"href":"https:\/\/www.parnipcas.org\/fr\/wp-json\/wp\/v2\/comments?post=8383"}],"version-history":[{"count":12,"href":"https:\/\/www.parnipcas.org\/fr\/wp-json\/wp\/v2\/pages\/8383\/revisions"}],"predecessor-version":[{"id":8399,"href":"https:\/\/www.parnipcas.org\/fr\/wp-json\/wp\/v2\/pages\/8383\/revisions\/8399"}],"wp:attachment":[{"href":"https:\/\/www.parnipcas.org\/fr\/wp-json\/wp\/v2\/media?parent=8383"}],"curies":[{"name":"wp","href":"https:\/\/api.w.org\/{rel}","templated":true}]}}