{"id":8442,"date":"2020-08-12T16:32:35","date_gmt":"2020-08-12T20:32:35","guid":{"rendered":"https:\/\/www.parnipcas.org\/demandes-de-propositions-de-prix-doffres\/"},"modified":"2023-06-30T09:21:17","modified_gmt":"2023-06-30T13:21:17","slug":"demandes-de-propositions-de-prix-doffres","status":"publish","type":"page","link":"https:\/\/www.parnipcas.org\/fr\/demandes-de-propositions-de-prix-doffres\/","title":{"rendered":"Demandes de propositions \/ de prix \/ d&rsquo;offres"},"content":{"rendered":"<p>[et_pb_section fb_built=\u00a0\u00bb1&Prime; _builder_version=\u00a0\u00bb4.16&Prime; background_color=\u00a0\u00bb#1b2b42&Prime; use_background_color_gradient=\u00a0\u00bbon\u00a0\u00bb background_color_gradient_stops=\u00a0\u00bbrgba(27,43,66,0.87) 0%|rgba(0,39,94,0.93) 100%\u00a0\u00bb background_color_gradient_overlays_image=\u00a0\u00bbon\u00a0\u00bb background_color_gradient_start=\u00a0\u00bbrgba(27,43,66,0.87)\u00a0\u00bb background_color_gradient_end=\u00a0\u00bbrgba(0,39,94,0.93)\u00a0\u00bb background_image=\u00a0\u00bbhttps:\/\/www.parnipcas.org\/wp-content\/uploads\/2020\/08\/Header-1-scaled-e1597165130303.jpg\u00a0\u00bb background_position=\u00a0\u00bbtop_center\u00a0\u00bb custom_padding=\u00a0\u00bb||||true|false\u00a0\u00bb saved_tabs=\u00a0\u00bball\u00a0\u00bb global_colors_info=\u00a0\u00bb{}\u00a0\u00bb][et_pb_row _builder_version=\u00a0\u00bb4.16&Prime; global_colors_info=\u00a0\u00bb{}\u00a0\u00bb][et_pb_column type=\u00a0\u00bb4_4&Prime; _builder_version=\u00a0\u00bb4.16&Prime; global_colors_info=\u00a0\u00bb{}\u00a0\u00bb][et_pb_text _builder_version=\u00a0\u00bb4.16&Prime; header_font=\u00a0\u00bbGill Sans MT Bold||||||||\u00a0\u00bb header_text_align=\u00a0\u00bbcenter\u00a0\u00bb header_text_color=\u00a0\u00bb#ffffff\u00a0\u00bb header_font_size=\u00a0\u00bb60px\u00a0\u00bb header_font_size_tablet=\u00a0\u00bb\u00a0\u00bb header_font_size_phone=\u00a0\u00bb38px\u00a0\u00bb header_font_size_last_edited=\u00a0\u00bbon|phone\u00a0\u00bb locked=\u00a0\u00bboff\u00a0\u00bb global_colors_info=\u00a0\u00bb{}\u00a0\u00bb]<\/p>\n<h1>\u251c\u00c7 propos de nous<\/h1>\n<p>[\/et_pb_text][\/et_pb_column][\/et_pb_row][\/et_pb_section][et_pb_section fb_built=\u00a0\u00bb1&Prime; specialty=\u00a0\u00bbon\u00a0\u00bb module_class_1=\u00a0\u00bbinner-menu-mobile-column\u00a0\u00bb _builder_version=\u00a0\u00bb4.16&Prime; module_alignment=\u00a0\u00bbcenter\u00a0\u00bb inner_module_alignment=\u00a0\u00bbcenter\u00a0\u00bb custom_padding=\u00a0\u00bb25px||||false|false\u00a0\u00bb global_colors_info=\u00a0\u00bb{}\u00a0\u00bb][et_pb_column type=\u00a0\u00bb1_4&Prime; _builder_version=\u00a0\u00bb4.16&Prime; custom_padding=\u00a0\u00bb|||\u00a0\u00bb global_colors_info=\u00a0\u00bb{}\u00a0\u00bb custom_padding__hover=\u00a0\u00bb|||\u00a0\u00bb][dsm_menu menu_id=\u00a0\u00bb42&Prime; menu_link_text_color=\u00a0\u00bb#4e5f6f\u00a0\u00bb menu_space_between=\u00a0\u00bb3px\u00a0\u00bb list_style_color=\u00a0\u00bb#4e5f6f\u00a0\u00bb module_id=\u00a0\u00bbinternal-menu\u00a0\u00bb module_class=\u00a0\u00bbinternal-menu\u00a0\u00bb _builder_version=\u00a0\u00bb4.16&Prime; menu_font=\u00a0\u00bbGill Sans MT Bold||||||||\u00a0\u00bb menu_font_size=\u00a0\u00bb17px\u00a0\u00bb custom_margin=\u00a0\u00bb||||false|false\u00a0\u00bb custom_padding=\u00a0\u00bb||||false|false\u00a0\u00bb saved_tabs=\u00a0\u00bball\u00a0\u00bb global_colors_info=\u00a0\u00bb{}\u00a0\u00bb menu_link_text_color__hover_enabled=\u00a0\u00bbon|hover\u00a0\u00bb menu_link_text_color__hover=\u00a0\u00bb#493d6f\u00a0\u00bb][\/dsm_menu][\/et_pb_column][et_pb_column type=\u00a0\u00bb3_4&Prime; specialty_columns=\u00a0\u00bb3&Prime; _builder_version=\u00a0\u00bb4.16&Prime; custom_padding=\u00a0\u00bb|||\u00a0\u00bb global_colors_info=\u00a0\u00bb{}\u00a0\u00bb custom_padding__hover=\u00a0\u00bb|||\u00a0\u00bb][et_pb_row_inner _builder_version=\u00a0\u00bb4.16&Prime; custom_padding=\u00a0\u00bb||10px||false|false\u00a0\u00bb global_colors_info=\u00a0\u00bb{}\u00a0\u00bb][et_pb_column_inner saved_specialty_column_type=\u00a0\u00bb2_3&Prime; _builder_version=\u00a0\u00bb4.16&Prime; global_colors_info=\u00a0\u00bb{}\u00a0\u00bb][et_pb_text _builder_version=\u00a0\u00bb4.16&Prime; header_text_align=\u00a0\u00bbcenter\u00a0\u00bb header_2_font=\u00a0\u00bbGill Sans MT Bold||||||||\u00a0\u00bb header_2_text_align=\u00a0\u00bbleft\u00a0\u00bb header_2_text_color=\u00a0\u00bb#1b82bd\u00a0\u00bb header_2_font_size=\u00a0\u00bb22px\u00a0\u00bb custom_margin=\u00a0\u00bb||10px||false|false\u00a0\u00bb custom_padding=\u00a0\u00bb||||false|false\u00a0\u00bb global_colors_info=\u00a0\u00bb{}\u00a0\u00bb]<\/p>\n<h2><span>Demandes de propositions \/ de prix \/ d&rsquo;offres<\/span><\/h2>\n<p>[\/et_pb_text][et_pb_text _builder_version=\u00a0\u00bb4.16&Prime; text_font=\u00a0\u00bbGill Sans MT Bold||||||||\u00a0\u00bb text_text_color=\u00a0\u00bb#4e5f6f\u00a0\u00bb text_font_size=\u00a0\u00bb18px\u00a0\u00bb header_font=\u00a0\u00bbGill Sans MT Regular||||||||\u00a0\u00bb header_3_font_size=\u00a0\u00bb18px\u00a0\u00bb header_4_font=\u00a0\u00bb||||||||\u00a0\u00bb header_4_text_align=\u00a0\u00bbleft\u00a0\u00bb header_4_text_color=\u00a0\u00bb#1b2b42&Prime; custom_margin=\u00a0\u00bb||10px|||\u00a0\u00bb custom_padding=\u00a0\u00bb10px||||false|false\u00a0\u00bb locked=\u00a0\u00bboff\u00a0\u00bb global_colors_info=\u00a0\u00bb{}\u00a0\u00bb]<\/p>\n<h3>Possibilit\u251c\u00aes d&#8217;emploi actuelles:<\/h3>\n<p>[\/et_pb_text][et_pb_text _builder_version=\u00a0\u00bb4.21.0&Prime; text_font=\u00a0\u00bbGill Sans MT Regular||||||||\u00a0\u00bb text_font_size=\u00a0\u00bb18px\u00a0\u00bb header_font=\u00a0\u00bbGill Sans MT Regular||||||||\u00a0\u00bb custom_margin=\u00a0\u00bb||10px||false|false\u00a0\u00bb custom_padding=\u00a0\u00bb||||false|false\u00a0\u00bb hover_enabled=\u00a0\u00bb0&Prime; locked=\u00a0\u00bboff\u00a0\u00bb global_colors_info=\u00a0\u00bb{}\u00a0\u00bb sticky_enabled=\u00a0\u00bb0&Prime;][\/et_pb_text][\/et_pb_column_inner][\/et_pb_row_inner][et_pb_row_inner use_custom_gutter=\u00a0\u00bbon\u00a0\u00bb gutter_width=\u00a0\u00bb2&Prime; _builder_version=\u00a0\u00bb4.16&Prime; custom_margin=\u00a0\u00bb||||false|false\u00a0\u00bb custom_padding=\u00a0\u00bb10px||10px||false|false\u00a0\u00bb locked=\u00a0\u00bboff\u00a0\u00bb global_colors_info=\u00a0\u00bb{}\u00a0\u00bb][et_pb_column_inner saved_specialty_column_type=\u00a0\u00bb3_4&Prime; _builder_version=\u00a0\u00bb4.16&Prime; global_colors_info=\u00a0\u00bb{}\u00a0\u00bb][et_pb_text _builder_version=\u00a0\u00bb4.16&Prime; text_font=\u00a0\u00bbGill Sans MT Bold||||||||\u00a0\u00bb text_text_color=\u00a0\u00bb#4e5f6f\u00a0\u00bb text_font_size=\u00a0\u00bb18px\u00a0\u00bb header_font=\u00a0\u00bbGill Sans MT Regular||||||||\u00a0\u00bb header_3_font_size=\u00a0\u00bb18px\u00a0\u00bb header_4_font=\u00a0\u00bb||||||||\u00a0\u00bb header_4_text_align=\u00a0\u00bbleft\u00a0\u00bb header_4_text_color=\u00a0\u00bb#1b2b42&Prime; custom_margin=\u00a0\u00bb||10px|||\u00a0\u00bb custom_padding=\u00a0\u00bb10px||||false|false\u00a0\u00bb locked=\u00a0\u00bboff\u00a0\u00bb global_colors_info=\u00a0\u00bb{}\u00a0\u00bb]<\/p>\n<h3><strong>Contrats octroy\u251c\u00aes:<\/strong><\/h3>\n<p>[\/et_pb_text][et_pb_text _builder_version=\u00a0\u00bb4.16&Prime; text_font=\u00a0\u00bbGill Sans MT Regular||||||||\u00a0\u00bb text_font_size=\u00a0\u00bb18px\u00a0\u00bb header_font=\u00a0\u00bbGill Sans MT Regular||||||||\u00a0\u00bb global_colors_info=\u00a0\u00bb{}\u00a0\u00bb]<\/p>\n<p><span>Il n&rsquo;y a aucun contrat octroy\u251c\u00ae en ce moment.<\/span><\/p>\n<p>[\/et_pb_text][\/et_pb_column_inner][\/et_pb_row_inner][et_pb_row_inner use_custom_gutter=\u00a0\u00bbon\u00a0\u00bb gutter_width=\u00a0\u00bb2&Prime; _builder_version=\u00a0\u00bb4.16&Prime; custom_margin=\u00a0\u00bb||||false|false\u00a0\u00bb custom_padding=\u00a0\u00bb10px||10px||false|false\u00a0\u00bb locked=\u00a0\u00bboff\u00a0\u00bb global_colors_info=\u00a0\u00bb{}\u00a0\u00bb][et_pb_column_inner saved_specialty_column_type=\u00a0\u00bb3_4&Prime; _builder_version=\u00a0\u00bb4.16&Prime; global_colors_info=\u00a0\u00bb{}\u00a0\u00bb][\/et_pb_column_inner][\/et_pb_row_inner][\/et_pb_column][\/et_pb_section]<\/p>\n","protected":false},"excerpt":{"rendered":"<p>\u251c\u00c7 propos de nous<div id=\"internal-menu\" class=\"et_pb_module dsm_menu dsm_menu_0 internal-menu  et_pb_text_align_left et_pb_bg_layout_light\">\n\t\t\t\t\n\t\t\t\t\n\t\t\t\t\n\t\t\t\t\n\t\t\t\t\n\t\t\t\t\n\t\t\t\t<div class=\"et_pb_module_inner\">\n\t\t\t\t\t<nav class=\"dsm-menu-container\" role=\"navigation\" itemscope itemtype=\"http:\/\/schema.org\/SiteNavigationElement\"><ul id=\"menu-head-office-inner-menu-french\" class=\"dsm-menu dsm-menu-style-type-disc dsm-menu-layout-vertical\"><li id=\"menu-item-12847\" class=\"et_pb_menu_page_id-12169 menu-item menu-item-type-post_type menu-item-object-page menu-item-12847\"><a href=\"https:\/\/www.parnipcas.org\/fr\/a-propos-de-nous\/\" itemprop=\"url\"><span itemprop=\"name\">\u251c\u00c7 propos de nous<\/span><\/a><\/li>\n<li id=\"menu-item-8499\" class=\"et_pb_menu_page_id-8495 menu-item menu-item-type-post_type menu-item-object-page menu-item-8499\"><a href=\"https:\/\/www.parnipcas.org\/fr\/historique\/\" itemprop=\"url\"><span itemprop=\"name\">Historique<\/span><\/a><\/li>\n<li id=\"menu-item-8518\" class=\"et_pb_menu_page_id-8503 menu-item menu-item-type-post_type menu-item-object-page menu-item-8518\"><a href=\"https:\/\/www.parnipcas.org\/fr\/notre-financement\/\" itemprop=\"url\"><span itemprop=\"name\">Notre financement<\/span><\/a><\/li>\n<li id=\"menu-item-8493\" class=\"et_pb_menu_page_id-8482 menu-item menu-item-type-post_type menu-item-object-page menu-item-8493\"><a href=\"https:\/\/www.parnipcas.org\/fr\/rapports-annuels\/\" itemprop=\"url\"><span itemprop=\"name\">Rapports annuels<\/span><\/a><\/li>\n<li id=\"menu-item-8065\" class=\"et_pb_menu_page_id-8041 menu-item menu-item-type-post_type menu-item-object-page menu-item-8065\"><a href=\"https:\/\/www.parnipcas.org\/fr\/conseil-dadministration\/\" itemprop=\"url\"><span itemprop=\"name\">Conseil d\u00d4\u00c7\u00d6administration<\/span><\/a><\/li>\n<li id=\"menu-item-8494\" class=\"et_pb_menu_page_id-8461 menu-item menu-item-type-post_type menu-item-object-page menu-item-8494\"><a href=\"https:\/\/www.parnipcas.org\/fr\/politiques-sur-lapprovisionnement-et-les-depenses\/\" itemprop=\"url\"><span itemprop=\"name\">Politiques sur l&rsquo;approvisionnement et les d\u251c\u00aepenses<\/span><\/a><\/li>\n<li id=\"menu-item-8460\" class=\"et_pb_menu_page_id-8442 menu-item menu-item-type-post_type menu-item-object-page menu-item-8460\"><a href=\"https:\/\/www.parnipcas.org\/fr\/demandes-de-propositions-de-prix-doffres\/\" itemprop=\"url\"><span itemprop=\"name\">Demandes de propositions \/ de prix \/ d&rsquo;offres<\/span><\/a><\/li>\n<li id=\"menu-item-12982\" class=\"et_pb_menu_page_id-12978 menu-item menu-item-type-post_type menu-item-object-page menu-item-12982\"><a href=\"https:\/\/www.parnipcas.org\/fr\/plaintes-relatives-au-service\/\" itemprop=\"url\"><span itemprop=\"name\">Plaintes relatives au service<\/span><\/a><\/li>\n<\/ul><\/nav>\n\t\t\t\t<\/div>\n\t\t\t<\/div>Demandes de propositions \/ de prix \/ d&rsquo;offresPossibilit\u251c\u00aes d&#8217;emploi actuelles:Contrats octroy\u251c\u00aes:Il n&rsquo;y a aucun contrat octroy\u251c\u00ae en ce moment.<\/p>\n","protected":false},"author":6,"featured_media":0,"parent":0,"menu_order":0,"comment_status":"closed","ping_status":"closed","template":"","meta":{"_et_pb_use_builder":"on","_et_pb_old_content":"","_et_gb_content_width":"","footnotes":""},"class_list":["post-8442","page","type-page","status-publish","hentry"],"yoast_head":"<!-- This site is optimized with the Yoast SEO plugin v27.4 - https:\/\/yoast.com\/product\/yoast-seo-wordpress\/ -->\n<title>Demandes de propositions \/ de prix \/ d&#039;offres - Children&#039;s Aid Society<\/title>\n<meta name=\"robots\" content=\"index, follow, max-snippet:-1, max-image-preview:large, max-video-preview:-1\" \/>\n<link rel=\"canonical\" href=\"https:\/\/www.parnipcas.org\/fr\/demandes-de-propositions-de-prix-doffres\/\" \/>\n<meta property=\"og:locale\" content=\"fr_FR\" \/>\n<meta property=\"og:type\" content=\"article\" \/>\n<meta property=\"og:title\" content=\"Demandes de propositions \/ de prix \/ d&#039;offres - Children&#039;s Aid Society\" \/>\n<meta property=\"og:description\" content=\"\u251c\u00c7 propos de nousDemandes de propositions \/ de prix \/ d&#039;offresPossibilit\u251c\u00aes d&#039;emploi actuelles:Contrats octroy\u251c\u00aes:Il n&#039;y a aucun contrat octroy\u251c\u00ae en ce moment.\" \/>\n<meta property=\"og:url\" content=\"https:\/\/www.parnipcas.org\/fr\/demandes-de-propositions-de-prix-doffres\/\" \/>\n<meta property=\"og:site_name\" content=\"Children&#039;s Aid Society\" \/>\n<meta property=\"article:modified_time\" content=\"2023-06-30T13:21:17+00:00\" \/>\n<meta name=\"twitter:card\" content=\"summary_large_image\" \/>\n<meta name=\"twitter:label1\" content=\"Dur\u00e9e de lecture estim\u00e9e\" \/>\n\t<meta name=\"twitter:data1\" content=\"3 minutes\" \/>\n<script type=\"application\/ld+json\" class=\"yoast-schema-graph\">{\"@context\":\"https:\\\/\\\/schema.org\",\"@graph\":[{\"@type\":\"WebPage\",\"@id\":\"https:\\\/\\\/www.parnipcas.org\\\/fr\\\/demandes-de-propositions-de-prix-doffres\\\/\",\"url\":\"https:\\\/\\\/www.parnipcas.org\\\/fr\\\/demandes-de-propositions-de-prix-doffres\\\/\",\"name\":\"Demandes de propositions \\\/ de prix \\\/ d'offres - Children&#039;s Aid Society\",\"isPartOf\":{\"@id\":\"https:\\\/\\\/www.parnipcas.org\\\/#website\"},\"datePublished\":\"2020-08-12T20:32:35+00:00\",\"dateModified\":\"2023-06-30T13:21:17+00:00\",\"breadcrumb\":{\"@id\":\"https:\\\/\\\/www.parnipcas.org\\\/fr\\\/demandes-de-propositions-de-prix-doffres\\\/#breadcrumb\"},\"inLanguage\":\"fr-FR\",\"potentialAction\":[{\"@type\":\"ReadAction\",\"target\":[\"https:\\\/\\\/www.parnipcas.org\\\/fr\\\/demandes-de-propositions-de-prix-doffres\\\/\"]}]},{\"@type\":\"BreadcrumbList\",\"@id\":\"https:\\\/\\\/www.parnipcas.org\\\/fr\\\/demandes-de-propositions-de-prix-doffres\\\/#breadcrumb\",\"itemListElement\":[{\"@type\":\"ListItem\",\"position\":1,\"name\":\"Home\",\"item\":\"https:\\\/\\\/www.parnipcas.org\\\/fr\\\/\"},{\"@type\":\"ListItem\",\"position\":2,\"name\":\"Demandes de propositions \\\/ de prix \\\/ d&#8217;offres\"}]},{\"@type\":\"WebSite\",\"@id\":\"https:\\\/\\\/www.parnipcas.org\\\/#website\",\"url\":\"https:\\\/\\\/www.parnipcas.org\\\/\",\"name\":\"Children&#039;s Aid Society\",\"description\":\"Nipissing &amp; Parry Sound District\",\"potentialAction\":[{\"@type\":\"SearchAction\",\"target\":{\"@type\":\"EntryPoint\",\"urlTemplate\":\"https:\\\/\\\/www.parnipcas.org\\\/?s={search_term_string}\"},\"query-input\":{\"@type\":\"PropertyValueSpecification\",\"valueRequired\":true,\"valueName\":\"search_term_string\"}}],\"inLanguage\":\"fr-FR\"}]}<\/script>\n<!-- \/ Yoast SEO plugin. -->","yoast_head_json":{"title":"Demandes de propositions \/ de prix \/ d'offres - Children&#039;s Aid Society","robots":{"index":"index","follow":"follow","max-snippet":"max-snippet:-1","max-image-preview":"max-image-preview:large","max-video-preview":"max-video-preview:-1"},"canonical":"https:\/\/www.parnipcas.org\/fr\/demandes-de-propositions-de-prix-doffres\/","og_locale":"fr_FR","og_type":"article","og_title":"Demandes de propositions \/ de prix \/ d'offres - Children&#039;s Aid Society","og_description":"\u251c\u00c7 propos de nousDemandes de propositions \/ de prix \/ d'offresPossibilit\u251c\u00aes d'emploi actuelles:Contrats octroy\u251c\u00aes:Il n'y a aucun contrat octroy\u251c\u00ae en ce moment.","og_url":"https:\/\/www.parnipcas.org\/fr\/demandes-de-propositions-de-prix-doffres\/","og_site_name":"Children&#039;s Aid Society","article_modified_time":"2023-06-30T13:21:17+00:00","twitter_card":"summary_large_image","twitter_misc":{"Dur\u00e9e de lecture estim\u00e9e":"3 minutes"},"schema":{"@context":"https:\/\/schema.org","@graph":[{"@type":"WebPage","@id":"https:\/\/www.parnipcas.org\/fr\/demandes-de-propositions-de-prix-doffres\/","url":"https:\/\/www.parnipcas.org\/fr\/demandes-de-propositions-de-prix-doffres\/","name":"Demandes de propositions \/ de prix \/ d'offres - Children&#039;s Aid Society","isPartOf":{"@id":"https:\/\/www.parnipcas.org\/#website"},"datePublished":"2020-08-12T20:32:35+00:00","dateModified":"2023-06-30T13:21:17+00:00","breadcrumb":{"@id":"https:\/\/www.parnipcas.org\/fr\/demandes-de-propositions-de-prix-doffres\/#breadcrumb"},"inLanguage":"fr-FR","potentialAction":[{"@type":"ReadAction","target":["https:\/\/www.parnipcas.org\/fr\/demandes-de-propositions-de-prix-doffres\/"]}]},{"@type":"BreadcrumbList","@id":"https:\/\/www.parnipcas.org\/fr\/demandes-de-propositions-de-prix-doffres\/#breadcrumb","itemListElement":[{"@type":"ListItem","position":1,"name":"Home","item":"https:\/\/www.parnipcas.org\/fr\/"},{"@type":"ListItem","position":2,"name":"Demandes de propositions \/ de prix \/ d&#8217;offres"}]},{"@type":"WebSite","@id":"https:\/\/www.parnipcas.org\/#website","url":"https:\/\/www.parnipcas.org\/","name":"Children&#039;s Aid Society","description":"Nipissing &amp; Parry Sound District","potentialAction":[{"@type":"SearchAction","target":{"@type":"EntryPoint","urlTemplate":"https:\/\/www.parnipcas.org\/?s={search_term_string}"},"query-input":{"@type":"PropertyValueSpecification","valueRequired":true,"valueName":"search_term_string"}}],"inLanguage":"fr-FR"}]}},"_links":{"self":[{"href":"https:\/\/www.parnipcas.org\/fr\/wp-json\/wp\/v2\/pages\/8442","targetHints":{"allow":["GET"]}}],"collection":[{"href":"https:\/\/www.parnipcas.org\/fr\/wp-json\/wp\/v2\/pages"}],"about":[{"href":"https:\/\/www.parnipcas.org\/fr\/wp-json\/wp\/v2\/types\/page"}],"author":[{"embeddable":true,"href":"https:\/\/www.parnipcas.org\/fr\/wp-json\/wp\/v2\/users\/6"}],"replies":[{"embeddable":true,"href":"https:\/\/www.parnipcas.org\/fr\/wp-json\/wp\/v2\/comments?post=8442"}],"version-history":[{"count":12,"href":"https:\/\/www.parnipcas.org\/fr\/wp-json\/wp\/v2\/pages\/8442\/revisions"}],"predecessor-version":[{"id":12677,"href":"https:\/\/www.parnipcas.org\/fr\/wp-json\/wp\/v2\/pages\/8442\/revisions\/12677"}],"wp:attachment":[{"href":"https:\/\/www.parnipcas.org\/fr\/wp-json\/wp\/v2\/media?parent=8442"}],"curies":[{"name":"wp","href":"https:\/\/api.w.org\/{rel}","templated":true}]}}