{"id":8495,"date":"2020-08-12T17:05:02","date_gmt":"2020-08-12T21:05:02","guid":{"rendered":"https:\/\/www.parnipcas.org\/historique\/"},"modified":"2020-08-26T15:16:29","modified_gmt":"2020-08-26T19:16:29","slug":"historique","status":"publish","type":"page","link":"https:\/\/www.parnipcas.org\/fr\/historique\/","title":{"rendered":"Historique"},"content":{"rendered":"<p>[et_pb_section fb_built=\u00a0\u00bb1&Prime; _builder_version=\u00a0\u00bb4.5.6&Prime; background_color=\u00a0\u00bb#1b2b42&Prime; use_background_color_gradient=\u00a0\u00bbon\u00a0\u00bb background_color_gradient_start=\u00a0\u00bbrgba(27,43,66,0.87)\u00a0\u00bb background_color_gradient_end=\u00a0\u00bbrgba(0,39,94,0.93)\u00a0\u00bb background_color_gradient_overlays_image=\u00a0\u00bbon\u00a0\u00bb background_image=\u00a0\u00bbhttps:\/\/www.parnipcas.org\/wp-content\/uploads\/2020\/08\/Header-1-scaled-e1597165130303.jpg\u00a0\u00bb background_position=\u00a0\u00bbtop_center\u00a0\u00bb custom_padding=\u00a0\u00bb||||true|false\u00a0\u00bb da_disable_devices=\u00a0\u00bboff|off|off\u00a0\u00bb global_module=\u00a0\u00bb6222&Prime; saved_tabs=\u00a0\u00bball\u00a0\u00bb da_is_popup=\u00a0\u00bboff\u00a0\u00bb da_exit_intent=\u00a0\u00bboff\u00a0\u00bb da_has_close=\u00a0\u00bbon\u00a0\u00bb da_alt_close=\u00a0\u00bboff\u00a0\u00bb da_dark_close=\u00a0\u00bboff\u00a0\u00bb da_not_modal=\u00a0\u00bbon\u00a0\u00bb da_is_singular=\u00a0\u00bboff\u00a0\u00bb da_with_loader=\u00a0\u00bboff\u00a0\u00bb da_has_shadow=\u00a0\u00bbon\u00a0\u00bb][et_pb_row _builder_version=\u00a0\u00bb4.4.8&Prime;][et_pb_column type=\u00a0\u00bb4_4&Prime; _builder_version=\u00a0\u00bb4.4.8&Prime;][et_pb_text _builder_version=\u00a0\u00bb4.4.9&Prime; header_font=\u00a0\u00bbGill Sans MT Bold||||||||\u00a0\u00bb header_text_align=\u00a0\u00bbcenter\u00a0\u00bb header_text_color=\u00a0\u00bb#ffffff\u00a0\u00bb header_font_size=\u00a0\u00bb60px\u00a0\u00bb header_font_size_tablet=\u00a0\u00bb\u00a0\u00bb header_font_size_phone=\u00a0\u00bb38px\u00a0\u00bb header_font_size_last_edited=\u00a0\u00bbon|phone\u00a0\u00bb locked=\u00a0\u00bboff\u00a0\u00bb]<\/p>\n<h1>Si\u251c\u00bfge social<\/h1>\n<p>[\/et_pb_text][\/et_pb_column][\/et_pb_row][\/et_pb_section][et_pb_section fb_built=\u00a0\u00bb1&Prime; specialty=\u00a0\u00bbon\u00a0\u00bb module_class_1=\u00a0\u00bbinner-menu-mobile-column\u00a0\u00bb _builder_version=\u00a0\u00bb4.4.9&Prime; module_alignment=\u00a0\u00bbcenter\u00a0\u00bb inner_module_alignment=\u00a0\u00bbcenter\u00a0\u00bb custom_padding=\u00a0\u00bb25px||||false|false\u00a0\u00bb da_disable_devices=\u00a0\u00bboff|off|off\u00a0\u00bb da_is_popup=\u00a0\u00bboff\u00a0\u00bb da_exit_intent=\u00a0\u00bboff\u00a0\u00bb da_has_close=\u00a0\u00bbon\u00a0\u00bb da_alt_close=\u00a0\u00bboff\u00a0\u00bb da_dark_close=\u00a0\u00bboff\u00a0\u00bb da_not_modal=\u00a0\u00bbon\u00a0\u00bb da_is_singular=\u00a0\u00bboff\u00a0\u00bb da_with_loader=\u00a0\u00bboff\u00a0\u00bb da_has_shadow=\u00a0\u00bbon\u00a0\u00bb][et_pb_column type=\u00a0\u00bb1_4&Prime; _builder_version=\u00a0\u00bb3.25&Prime; custom_padding=\u00a0\u00bb|||\u00a0\u00bb custom_padding__hover=\u00a0\u00bb|||\u00a0\u00bb][dsm_menu menu_id=\u00a0\u00bb42&Prime; menu_link_text_color=\u00a0\u00bb#4e5f6f\u00a0\u00bb menu_space_between=\u00a0\u00bb3px\u00a0\u00bb list_style_color=\u00a0\u00bb#4e5f6f\u00a0\u00bb module_id=\u00a0\u00bbinternal-menu\u00a0\u00bb module_class=\u00a0\u00bbinternal-menu\u00a0\u00bb _builder_version=\u00a0\u00bb4.4.9&Prime; menu_font=\u00a0\u00bbGill Sans MT Bold||||||||\u00a0\u00bb menu_font_size=\u00a0\u00bb17px\u00a0\u00bb custom_margin=\u00a0\u00bb||||false|false\u00a0\u00bb custom_padding=\u00a0\u00bb||||false|false\u00a0\u00bb global_module=\u00a0\u00bb6234&Prime; saved_tabs=\u00a0\u00bball\u00a0\u00bb menu_link_text_color__hover_enabled=\u00a0\u00bbon|hover\u00a0\u00bb menu_link_text_color__hover=\u00a0\u00bb#493d6f\u00a0\u00bb][\/dsm_menu][\/et_pb_column][et_pb_column type=\u00a0\u00bb3_4&Prime; specialty_columns=\u00a0\u00bb3&Prime; _builder_version=\u00a0\u00bb3.25&Prime; custom_padding=\u00a0\u00bb|||\u00a0\u00bb custom_padding__hover=\u00a0\u00bb|||\u00a0\u00bb][et_pb_row_inner _builder_version=\u00a0\u00bb4.4.9&Prime; custom_padding=\u00a0\u00bb||10px||false|false\u00a0\u00bb][et_pb_column_inner saved_specialty_column_type=\u00a0\u00bb2_3&Prime; _builder_version=\u00a0\u00bb4.4.8&Prime;][et_pb_text _builder_version=\u00a0\u00bb4.4.9&Prime; header_text_align=\u00a0\u00bbcenter\u00a0\u00bb header_2_font=\u00a0\u00bbGill Sans MT Bold||||||||\u00a0\u00bb header_2_text_align=\u00a0\u00bbleft\u00a0\u00bb header_2_text_color=\u00a0\u00bb#1b82bd\u00a0\u00bb header_2_font_size=\u00a0\u00bb22px\u00a0\u00bb custom_margin=\u00a0\u00bb||10px||false|false\u00a0\u00bb custom_padding=\u00a0\u00bb||||false|false\u00a0\u00bb]<\/p>\n<h2>Notre histoire<\/h2>\n<p>[\/et_pb_text][et_pb_text _builder_version=\u00a0\u00bb4.4.9&Prime; text_font=\u00a0\u00bbGill Sans MT Regular||||||||\u00a0\u00bb text_font_size=\u00a0\u00bb18px\u00a0\u00bb header_font=\u00a0\u00bbGill Sans MT Regular||||||||\u00a0\u00bb custom_margin=\u00a0\u00bb||10px||false|false\u00a0\u00bb custom_padding=\u00a0\u00bb||||false|false\u00a0\u00bb locked=\u00a0\u00bboff\u00a0\u00bb]<\/p>\n<p>La Soci\u251c\u00aet\u251c\u00ae d&rsquo;aide \u251c\u00e1 l&rsquo;enfance du district de Nipissing et Parry Sound a \u251c\u00aet\u251c\u00ae cr\u251c\u00ae\u251c\u00aee en 1907. Elle a \u251c\u00aet\u251c\u00ae constitu\u251c\u00aee en soci\u251c\u00aet\u251c\u00ae priv\u251c\u00aee sans capital-actions en 1941. La SAE de Nipissing menait ses activit\u251c\u00aes \u251c\u00e1 titre d&rsquo;organisme unidimensionnel selon la loi de l&rsquo;\u251c\u00aepoque, jusqu&rsquo;\u251c\u00e1 l&rsquo;adoption de la Loi sur les services \u251c\u00e1 l\u00d4\u00c7\u00d6enfance et \u251c\u00e1 la famille en 1984. Le seul but de la soci\u251c\u00aet\u251c\u00ae jusqu&rsquo;alors avait \u251c\u00aet\u251c\u00ae d&rsquo;offrir une aide sociale \u251c\u00e1 l&rsquo;enfance et d&rsquo;offrir des services li\u251c\u00aes \u251c\u00e1 cette fonction. Gr\u251c\u00f3ce au mandat \u251c\u00aelargi de la loi, la soci\u251c\u00aet\u251c\u00ae a pu offrir d&rsquo;autres programmes d\u251c\u00aepassant le mandat de l&rsquo;aide sociale \u251c\u00e1 l&rsquo;enfance. Au cours de la derni\u251c\u00bfre d\u251c\u00aecennie, la soci\u251c\u00aet\u251c\u00ae s&rsquo;est engag\u251c\u00aee \u251c\u00e1 cr\u251c\u00aeer et offrir des services qui contribuent au bien-\u251c\u00actre des enfants et des familles.     <\/p>\n<p>[\/et_pb_text][\/et_pb_column_inner][\/et_pb_row_inner][et_pb_row_inner use_custom_gutter=\u00a0\u00bbon\u00a0\u00bb gutter_width=\u00a0\u00bb2&Prime; _builder_version=\u00a0\u00bb4.4.9&Prime; custom_margin=\u00a0\u00bb||||false|false\u00a0\u00bb custom_padding=\u00a0\u00bb10px||10px||false|false\u00a0\u00bb locked=\u00a0\u00bboff\u00a0\u00bb][et_pb_column_inner saved_specialty_column_type=\u00a0\u00bb3_4&Prime; _builder_version=\u00a0\u00bb4.4.8&Prime;][et_pb_text _builder_version=\u00a0\u00bb4.4.9&Prime; text_font=\u00a0\u00bbGill Sans MT Regular||||||||\u00a0\u00bb text_font_size=\u00a0\u00bb18px\u00a0\u00bb header_font=\u00a0\u00bbGill Sans MT Regular||||||||\u00a0\u00bb]<\/p>\n<p>Dans le district de Parry Sound, deux soci\u251c\u00aet\u251c\u00aes d&rsquo;aide \u251c\u00e1 l&rsquo;enfance ont exist\u251c\u00ae \u251c\u00e1 partir de 1909, l&rsquo;une dans l&rsquo;est et l&rsquo;autre dans l&rsquo;ouest du district de Parry Sound. Un d\u251c\u00aecret dat\u251c\u00ae du 5 octobre 1909 a cr\u251c\u00ae\u251c\u00ae la soci\u251c\u00aet\u251c\u00ae, sous le nom de Children\u00d4\u00c7\u00d6s Aid Society of West Parry Sound. Dans l&rsquo;est du district de Parry Sound, le bureau se trouvait \u251c\u00e1 Burk\u00d4\u00c7\u00d6s Falls. Au d\u251c\u00aepart, le travail de la soci\u251c\u00aet\u251c\u00ae se d\u251c\u00aeroulait seulement dans les villes, et ce n&rsquo;est qu&rsquo;en 1920 que des services ont \u251c\u00aet\u251c\u00ae offerts dans des r\u251c\u00aegions comme Restoule, Golden Valley, Lorning et Arnstein.   <\/p>\n<p>[\/et_pb_text][\/et_pb_column_inner][\/et_pb_row_inner][et_pb_row_inner use_custom_gutter=\u00a0\u00bbon\u00a0\u00bb gutter_width=\u00a0\u00bb2&Prime; _builder_version=\u00a0\u00bb4.4.9&Prime; custom_margin=\u00a0\u00bb||||false|false\u00a0\u00bb custom_padding=\u00a0\u00bb10px||10px||false|false\u00a0\u00bb locked=\u00a0\u00bboff\u00a0\u00bb][et_pb_column_inner saved_specialty_column_type=\u00a0\u00bb3_4&Prime; _builder_version=\u00a0\u00bb4.4.8&Prime;][et_pb_text _builder_version=\u00a0\u00bb4.4.9&Prime; text_font=\u00a0\u00bbGill Sans MT Regular||||||||\u00a0\u00bb text_font_size=\u00a0\u00bb18px\u00a0\u00bb header_font=\u00a0\u00bbGill Sans MT Regular||||||||\u00a0\u00bb]<\/p>\n<p>En 1931, le West Parry Sound Children\u00d4\u00c7\u00d6s Aid Shelter se trouvait sur Miller Street, et Mme Carr, la directrice, recevait 85 cents par enfant par jour. En moyenne, il y avait 16 enfants \u251c\u00e1 ce refuge, qui cuisaient leur propre pain, cultivaient des l\u251c\u00aegumes et trayaient leur propre vache. En 1938, il y avait 144 enfants pris en charge et une nouvelle secr\u251c\u00aetaire et une nouvelle assistante ont \u251c\u00aet\u251c\u00ae embauch\u251c\u00aees.  <\/p>\n<p>Au milieu des ann\u251c\u00aees 30, les soci\u251c\u00aet\u251c\u00aes de l&rsquo;est et de l&rsquo;ouest du district de Parry Sound ont commenc\u251c\u00ae \u251c\u00e1 discuter d&rsquo;une fusion. En 1937, 20 pour cent seulement du travail des deux soci\u251c\u00aet\u251c\u00aes se d\u251c\u00aeroulait \u251c\u00e1 Parry Sound et dans les municipalit\u251c\u00aes voisines, alors que 80 pour cent des activit\u251c\u00aes se d\u251c\u00aeroulaient du c\u251c\u2524t\u251c\u00ae est. Cette ann\u251c\u00aee-l\u251c\u00e1, les deux soci\u251c\u00aet\u251c\u00aes se sont fusionn\u251c\u00aees et la nouvelle soci\u251c\u00aet\u251c\u00ae a am\u251c\u00aenag\u251c\u00ae dans ses propres bureaux \u251c\u00e1 Parry Sound en novembre 1994.  <\/p>\n<p>[\/et_pb_text][\/et_pb_column_inner][\/et_pb_row_inner][et_pb_row_inner use_custom_gutter=\u00a0\u00bbon\u00a0\u00bb gutter_width=\u00a0\u00bb2&Prime; _builder_version=\u00a0\u00bb4.4.9&Prime; custom_margin=\u00a0\u00bb||||false|false\u00a0\u00bb custom_padding=\u00a0\u00bb10px||10px||false|false\u00a0\u00bb locked=\u00a0\u00bboff\u00a0\u00bb][et_pb_column_inner saved_specialty_column_type=\u00a0\u00bb3_4&Prime; _builder_version=\u00a0\u00bb4.4.8&Prime;][et_pb_text _builder_version=\u00a0\u00bb4.4.9&Prime; text_font=\u00a0\u00bbGill Sans MT Regular||||||||\u00a0\u00bb text_font_size=\u00a0\u00bb18px\u00a0\u00bb header_font=\u00a0\u00bbGill Sans MT Regular||||||||\u00a0\u00bb]<\/p>\n<p><span>La notion de la fusion des soci\u251c\u00aet\u251c\u00aes de Nipissing et de Parry Sound a \u251c\u00aevolu\u251c\u00ae suite \u251c\u00e1 une conversation informelle entre les directeurs g\u251c\u00aen\u251c\u00aeraux des deux soci\u251c\u00aet\u251c\u00aes en septembre 1996. En janvier 1998, les conseils d&rsquo;administration ont adopt\u251c\u00ae une motion identique, acceptant de fusionner les deux soci\u251c\u00aet\u251c\u00aes. Le 25 mars 1998 (membres de la SAE de Parry Sound) et le 26 mars 1998 (membres de la SAE de Nipissing), la fusion a \u251c\u00aet\u251c\u00ae adopt\u251c\u00aee et les conseils d&rsquo;administration ont \u251c\u00aet\u251c\u00ae charg\u251c\u00aes de la mettre en \u253c\u00f4uvre.  <\/span><\/p>\n<p>[\/et_pb_text][\/et_pb_column_inner][\/et_pb_row_inner][et_pb_row_inner use_custom_gutter=\u00a0\u00bbon\u00a0\u00bb gutter_width=\u00a0\u00bb2&Prime; _builder_version=\u00a0\u00bb4.4.9&Prime; custom_margin=\u00a0\u00bb||||false|false\u00a0\u00bb custom_padding=\u00a0\u00bb10px||10px||false|false\u00a0\u00bb locked=\u00a0\u00bboff\u00a0\u00bb][et_pb_column_inner saved_specialty_column_type=\u00a0\u00bb3_4&Prime; _builder_version=\u00a0\u00bb4.4.8&Prime;][et_pb_text _builder_version=\u00a0\u00bb4.4.9&Prime; text_font=\u00a0\u00bbGill Sans MT Regular||||||||\u00a0\u00bb text_font_size=\u00a0\u00bb18px\u00a0\u00bb header_font=\u00a0\u00bbGill Sans MT Regular||||||||\u00a0\u00bb]<\/p>\n<p><span>En 1985, la Soci\u251c\u00aet\u251c\u00ae d&rsquo;aide \u251c\u00e1 l&rsquo;enfance de Nipissing a \u251c\u00aetabli ses locaux permanents en faisant construire son si\u251c\u00bfge social actuel au 433 McIntyre Street West \u251c\u00e1 North Bay. La soci\u251c\u00aet\u251c\u00ae et son conseil d&rsquo;administration offrent maintenant des services d&rsquo;aide sociale \u251c\u00e1 l&rsquo;enfance, de d\u251c\u00aeveloppement de l&rsquo;enfance, aux jeunes contrevenants et d&rsquo;intervention pr\u251c\u00aecoce. En 1995, la soci\u251c\u00aet\u251c\u00ae a adopt\u251c\u00ae un nouvel \u251c\u00aenonc\u251c\u00ae de mission qui illustrait son r\u251c\u2524le \u251c\u00aelargi dans l&rsquo;offre de services \u251c\u00e1 la communaut\u251c\u00ae. La soci\u251c\u00aet\u251c\u00ae poss\u251c\u00bfde un conseil d&rsquo;administration actif, un personnel professionnel solide et des parents d&rsquo;accueil d\u251c\u00aevou\u251c\u00aes et d\u251c\u00aepend beaucoup des b\u251c\u00aen\u251c\u00aevoles pour mener sa mission \u251c\u00e1 bien.   <\/span><\/p>\n<p>[\/et_pb_text][\/et_pb_column_inner][\/et_pb_row_inner][\/et_pb_column][\/et_pb_section]<\/p>\n","protected":false},"excerpt":{"rendered":"<p>Si\u251c\u00bfge social<div id=\"internal-menu\" class=\"et_pb_module dsm_menu dsm_menu_0 internal-menu  et_pb_text_align_left et_pb_bg_layout_light\">\n\t\t\t\t\n\t\t\t\t\n\t\t\t\t\n\t\t\t\t\n\t\t\t\t\n\t\t\t\t\n\t\t\t\t<div class=\"et_pb_module_inner\">\n\t\t\t\t\t<nav class=\"dsm-menu-container\" role=\"navigation\" itemscope itemtype=\"http:\/\/schema.org\/SiteNavigationElement\"><ul id=\"menu-head-office-inner-menu-french\" class=\"dsm-menu dsm-menu-style-type-disc dsm-menu-layout-vertical\"><li id=\"menu-item-12847\" class=\"et_pb_menu_page_id-12169 menu-item menu-item-type-post_type menu-item-object-page menu-item-12847\"><a href=\"https:\/\/www.parnipcas.org\/fr\/a-propos-de-nous\/\" itemprop=\"url\"><span itemprop=\"name\">\u251c\u00c7 propos de nous<\/span><\/a><\/li>\n<li id=\"menu-item-8499\" class=\"et_pb_menu_page_id-8495 menu-item menu-item-type-post_type menu-item-object-page menu-item-8499\"><a href=\"https:\/\/www.parnipcas.org\/fr\/historique\/\" itemprop=\"url\"><span itemprop=\"name\">Historique<\/span><\/a><\/li>\n<li id=\"menu-item-8518\" class=\"et_pb_menu_page_id-8503 menu-item menu-item-type-post_type menu-item-object-page menu-item-8518\"><a href=\"https:\/\/www.parnipcas.org\/fr\/notre-financement\/\" itemprop=\"url\"><span itemprop=\"name\">Notre financement<\/span><\/a><\/li>\n<li id=\"menu-item-8493\" class=\"et_pb_menu_page_id-8482 menu-item menu-item-type-post_type menu-item-object-page menu-item-8493\"><a href=\"https:\/\/www.parnipcas.org\/fr\/rapports-annuels\/\" itemprop=\"url\"><span itemprop=\"name\">Rapports annuels<\/span><\/a><\/li>\n<li id=\"menu-item-8065\" class=\"et_pb_menu_page_id-8041 menu-item menu-item-type-post_type menu-item-object-page menu-item-8065\"><a href=\"https:\/\/www.parnipcas.org\/fr\/conseil-dadministration\/\" itemprop=\"url\"><span itemprop=\"name\">Conseil d\u00d4\u00c7\u00d6administration<\/span><\/a><\/li>\n<li id=\"menu-item-8494\" class=\"et_pb_menu_page_id-8461 menu-item menu-item-type-post_type menu-item-object-page menu-item-8494\"><a href=\"https:\/\/www.parnipcas.org\/fr\/politiques-sur-lapprovisionnement-et-les-depenses\/\" itemprop=\"url\"><span itemprop=\"name\">Politiques sur l&rsquo;approvisionnement et les d\u251c\u00aepenses<\/span><\/a><\/li>\n<li id=\"menu-item-8460\" class=\"et_pb_menu_page_id-8442 menu-item menu-item-type-post_type menu-item-object-page menu-item-8460\"><a href=\"https:\/\/www.parnipcas.org\/fr\/demandes-de-propositions-de-prix-doffres\/\" itemprop=\"url\"><span itemprop=\"name\">Demandes de propositions \/ de prix \/ d&rsquo;offres<\/span><\/a><\/li>\n<li id=\"menu-item-12982\" class=\"et_pb_menu_page_id-12978 menu-item menu-item-type-post_type menu-item-object-page menu-item-12982\"><a href=\"https:\/\/www.parnipcas.org\/fr\/plaintes-relatives-au-service\/\" itemprop=\"url\"><span itemprop=\"name\">Plaintes relatives au service<\/span><\/a><\/li>\n<\/ul><\/nav>\n\t\t\t\t<\/div>\n\t\t\t<\/div>Notre histoireLa Soci\u251c\u00aet\u251c\u00ae d&rsquo;aide \u251c\u00e1 l&rsquo;enfance du district de Nipissing et Parry Sound a \u251c\u00aet\u251c\u00ae cr\u251c\u00ae\u251c\u00aee en 1907. Elle a \u251c\u00aet\u251c\u00ae constitu\u251c\u00aee en soci\u251c\u00aet\u251c\u00ae priv\u251c\u00aee sans capital-actions en 1941. La SAE de Nipissing menait ses activit\u251c\u00aes [&hellip;]<\/p>\n","protected":false},"author":6,"featured_media":0,"parent":0,"menu_order":0,"comment_status":"closed","ping_status":"closed","template":"","meta":{"_et_pb_use_builder":"on","_et_pb_old_content":"","_et_gb_content_width":"","footnotes":""},"class_list":["post-8495","page","type-page","status-publish","hentry"],"yoast_head":"<!-- This site is optimized with the Yoast SEO plugin v27.0 - https:\/\/yoast.com\/product\/yoast-seo-wordpress\/ -->\n<title>Historique - Children&#039;s Aid Society<\/title>\n<meta name=\"robots\" content=\"index, follow, max-snippet:-1, max-image-preview:large, max-video-preview:-1\" \/>\n<link rel=\"canonical\" href=\"https:\/\/www.parnipcas.org\/fr\/historique\/\" \/>\n<meta property=\"og:locale\" content=\"fr_FR\" \/>\n<meta property=\"og:type\" content=\"article\" \/>\n<meta property=\"og:title\" content=\"Historique - Children&#039;s Aid Society\" \/>\n<meta property=\"og:description\" content=\"Si\u251c\u00bfge socialNotre histoireLa Soci\u251c\u00aet\u251c\u00ae d&#039;aide \u251c\u00e1 l&#039;enfance du district de Nipissing et Parry Sound a \u251c\u00aet\u251c\u00ae cr\u251c\u00ae\u251c\u00aee en 1907. Elle a \u251c\u00aet\u251c\u00ae constitu\u251c\u00aee en soci\u251c\u00aet\u251c\u00ae priv\u251c\u00aee sans capital-actions en 1941. La SAE de Nipissing menait ses activit\u251c\u00aes [&hellip;]\" \/>\n<meta property=\"og:url\" content=\"https:\/\/www.parnipcas.org\/fr\/historique\/\" \/>\n<meta property=\"og:site_name\" content=\"Children&#039;s Aid Society\" \/>\n<meta property=\"article:modified_time\" content=\"2020-08-26T19:16:29+00:00\" \/>\n<meta name=\"twitter:card\" content=\"summary_large_image\" \/>\n<meta name=\"twitter:label1\" content=\"Dur\u00e9e de lecture estim\u00e9e\" \/>\n\t<meta name=\"twitter:data1\" content=\"6 minutes\" \/>\n<script type=\"application\/ld+json\" class=\"yoast-schema-graph\">{\"@context\":\"https:\/\/schema.org\",\"@graph\":[{\"@type\":\"WebPage\",\"@id\":\"https:\/\/www.parnipcas.org\/fr\/historique\/\",\"url\":\"https:\/\/www.parnipcas.org\/fr\/historique\/\",\"name\":\"Historique - Children&#039;s Aid Society\",\"isPartOf\":{\"@id\":\"https:\/\/www.parnipcas.org\/#website\"},\"datePublished\":\"2020-08-12T21:05:02+00:00\",\"dateModified\":\"2020-08-26T19:16:29+00:00\",\"breadcrumb\":{\"@id\":\"https:\/\/www.parnipcas.org\/fr\/historique\/#breadcrumb\"},\"inLanguage\":\"fr-FR\",\"potentialAction\":[{\"@type\":\"ReadAction\",\"target\":[\"https:\/\/www.parnipcas.org\/fr\/historique\/\"]}]},{\"@type\":\"BreadcrumbList\",\"@id\":\"https:\/\/www.parnipcas.org\/fr\/historique\/#breadcrumb\",\"itemListElement\":[{\"@type\":\"ListItem\",\"position\":1,\"name\":\"Home\",\"item\":\"https:\/\/www.parnipcas.org\/fr\/\"},{\"@type\":\"ListItem\",\"position\":2,\"name\":\"Historique\"}]},{\"@type\":\"WebSite\",\"@id\":\"https:\/\/www.parnipcas.org\/#website\",\"url\":\"https:\/\/www.parnipcas.org\/\",\"name\":\"Children&#039;s Aid Society\",\"description\":\"Nipissing &amp; Parry Sound District\",\"potentialAction\":[{\"@type\":\"SearchAction\",\"target\":{\"@type\":\"EntryPoint\",\"urlTemplate\":\"https:\/\/www.parnipcas.org\/?s={search_term_string}\"},\"query-input\":{\"@type\":\"PropertyValueSpecification\",\"valueRequired\":true,\"valueName\":\"search_term_string\"}}],\"inLanguage\":\"fr-FR\"}]}<\/script>\n<!-- \/ Yoast SEO plugin. -->","yoast_head_json":{"title":"Historique - Children&#039;s Aid Society","robots":{"index":"index","follow":"follow","max-snippet":"max-snippet:-1","max-image-preview":"max-image-preview:large","max-video-preview":"max-video-preview:-1"},"canonical":"https:\/\/www.parnipcas.org\/fr\/historique\/","og_locale":"fr_FR","og_type":"article","og_title":"Historique - Children&#039;s Aid Society","og_description":"Si\u251c\u00bfge socialNotre histoireLa Soci\u251c\u00aet\u251c\u00ae d'aide \u251c\u00e1 l'enfance du district de Nipissing et Parry Sound a \u251c\u00aet\u251c\u00ae cr\u251c\u00ae\u251c\u00aee en 1907. Elle a \u251c\u00aet\u251c\u00ae constitu\u251c\u00aee en soci\u251c\u00aet\u251c\u00ae priv\u251c\u00aee sans capital-actions en 1941. La SAE de Nipissing menait ses activit\u251c\u00aes [&hellip;]","og_url":"https:\/\/www.parnipcas.org\/fr\/historique\/","og_site_name":"Children&#039;s Aid Society","article_modified_time":"2020-08-26T19:16:29+00:00","twitter_card":"summary_large_image","twitter_misc":{"Dur\u00e9e de lecture estim\u00e9e":"6 minutes"},"schema":{"@context":"https:\/\/schema.org","@graph":[{"@type":"WebPage","@id":"https:\/\/www.parnipcas.org\/fr\/historique\/","url":"https:\/\/www.parnipcas.org\/fr\/historique\/","name":"Historique - Children&#039;s Aid Society","isPartOf":{"@id":"https:\/\/www.parnipcas.org\/#website"},"datePublished":"2020-08-12T21:05:02+00:00","dateModified":"2020-08-26T19:16:29+00:00","breadcrumb":{"@id":"https:\/\/www.parnipcas.org\/fr\/historique\/#breadcrumb"},"inLanguage":"fr-FR","potentialAction":[{"@type":"ReadAction","target":["https:\/\/www.parnipcas.org\/fr\/historique\/"]}]},{"@type":"BreadcrumbList","@id":"https:\/\/www.parnipcas.org\/fr\/historique\/#breadcrumb","itemListElement":[{"@type":"ListItem","position":1,"name":"Home","item":"https:\/\/www.parnipcas.org\/fr\/"},{"@type":"ListItem","position":2,"name":"Historique"}]},{"@type":"WebSite","@id":"https:\/\/www.parnipcas.org\/#website","url":"https:\/\/www.parnipcas.org\/","name":"Children&#039;s Aid Society","description":"Nipissing &amp; Parry Sound District","potentialAction":[{"@type":"SearchAction","target":{"@type":"EntryPoint","urlTemplate":"https:\/\/www.parnipcas.org\/?s={search_term_string}"},"query-input":{"@type":"PropertyValueSpecification","valueRequired":true,"valueName":"search_term_string"}}],"inLanguage":"fr-FR"}]}},"_links":{"self":[{"href":"https:\/\/www.parnipcas.org\/fr\/wp-json\/wp\/v2\/pages\/8495","targetHints":{"allow":["GET"]}}],"collection":[{"href":"https:\/\/www.parnipcas.org\/fr\/wp-json\/wp\/v2\/pages"}],"about":[{"href":"https:\/\/www.parnipcas.org\/fr\/wp-json\/wp\/v2\/types\/page"}],"author":[{"embeddable":true,"href":"https:\/\/www.parnipcas.org\/fr\/wp-json\/wp\/v2\/users\/6"}],"replies":[{"embeddable":true,"href":"https:\/\/www.parnipcas.org\/fr\/wp-json\/wp\/v2\/comments?post=8495"}],"version-history":[{"count":4,"href":"https:\/\/www.parnipcas.org\/fr\/wp-json\/wp\/v2\/pages\/8495\/revisions"}],"predecessor-version":[{"id":8885,"href":"https:\/\/www.parnipcas.org\/fr\/wp-json\/wp\/v2\/pages\/8495\/revisions\/8885"}],"wp:attachment":[{"href":"https:\/\/www.parnipcas.org\/fr\/wp-json\/wp\/v2\/media?parent=8495"}],"curies":[{"name":"wp","href":"https:\/\/api.w.org\/{rel}","templated":true}]}}