{"id":8577,"date":"2020-08-17T11:31:12","date_gmt":"2020-08-17T15:31:12","guid":{"rendered":"https:\/\/www.parnipcas.org\/jeunes-pris-en-charge\/programme-de-preparation-a-lautonomie\/"},"modified":"2020-08-17T11:31:13","modified_gmt":"2020-08-17T15:31:13","slug":"programme-de-preparation-a-lautonomie","status":"publish","type":"page","link":"https:\/\/www.parnipcas.org\/fr\/jeunes-pris-en-charge\/programme-de-preparation-a-lautonomie\/","title":{"rendered":"Programme de pr\u251c\u00aeparation \u251c\u00e1 l&rsquo;autonomie"},"content":{"rendered":"<p>[et_pb_section fb_built=\u00a0\u00bb1&Prime; _builder_version=\u00a0\u00bb4.5.6&Prime; background_color=\u00a0\u00bb#1b2b42&Prime; use_background_color_gradient=\u00a0\u00bbon\u00a0\u00bb background_color_gradient_start=\u00a0\u00bbrgba(27,43,66,0.87)\u00a0\u00bb background_color_gradient_end=\u00a0\u00bbrgba(0,39,94,0.93)\u00a0\u00bb background_color_gradient_overlays_image=\u00a0\u00bbon\u00a0\u00bb background_image=\u00a0\u00bbhttps:\/\/www.parnipcas.org\/wp-content\/uploads\/2020\/08\/Header-2-scaled-e1597165599686.jpg\u00a0\u00bb custom_padding=\u00a0\u00bb||||true|false\u00a0\u00bb hover_enabled=\u00a0\u00bb0&Prime; da_disable_devices=\u00a0\u00bboff|off|off\u00a0\u00bb global_module=\u00a0\u00bb5797&Prime; saved_tabs=\u00a0\u00bball\u00a0\u00bb title_text=\u00a0\u00bbHeader 2&Prime; da_is_popup=\u00a0\u00bboff\u00a0\u00bb da_exit_intent=\u00a0\u00bboff\u00a0\u00bb da_has_close=\u00a0\u00bbon\u00a0\u00bb da_alt_close=\u00a0\u00bboff\u00a0\u00bb da_dark_close=\u00a0\u00bboff\u00a0\u00bb da_not_modal=\u00a0\u00bbon\u00a0\u00bb da_is_singular=\u00a0\u00bboff\u00a0\u00bb da_with_loader=\u00a0\u00bboff\u00a0\u00bb da_has_shadow=\u00a0\u00bbon\u00a0\u00bb][et_pb_row make_equal=\u00a0\u00bbon\u00a0\u00bb _builder_version=\u00a0\u00bb4.4.8&Prime; width=\u00a0\u00bb100%\u00a0\u00bb max_width=\u00a0\u00bb900px\u00a0\u00bb locked=\u00a0\u00bboff\u00a0\u00bb][et_pb_column type=\u00a0\u00bb4_4&Prime; _builder_version=\u00a0\u00bb4.4.8&Prime;][et_pb_text _builder_version=\u00a0\u00bb4.4.9&Prime; header_font=\u00a0\u00bbGill Sans MT Bold||||||||\u00a0\u00bb header_text_align=\u00a0\u00bbcenter\u00a0\u00bb header_text_color=\u00a0\u00bb#ffffff\u00a0\u00bb header_font_size=\u00a0\u00bb60px\u00a0\u00bb header_font_size_tablet=\u00a0\u00bb\u00a0\u00bb header_font_size_phone=\u00a0\u00bb38px\u00a0\u00bb header_font_size_last_edited=\u00a0\u00bbon|phone\u00a0\u00bb]<\/p>\n<h1>Jeunes pris en charge<\/h1>\n<p>[\/et_pb_text][\/et_pb_column][\/et_pb_row][\/et_pb_section][et_pb_section fb_built=\u00a0\u00bb1&Prime; specialty=\u00a0\u00bbon\u00a0\u00bb module_class_1=\u00a0\u00bbinner-menu-mobile-column\u00a0\u00bb _builder_version=\u00a0\u00bb4.4.9&Prime; module_alignment=\u00a0\u00bbcenter\u00a0\u00bb inner_module_alignment=\u00a0\u00bbcenter\u00a0\u00bb custom_padding=\u00a0\u00bb25px||||false|false\u00a0\u00bb da_disable_devices=\u00a0\u00bboff|off|off\u00a0\u00bb da_is_popup=\u00a0\u00bboff\u00a0\u00bb da_exit_intent=\u00a0\u00bboff\u00a0\u00bb da_has_close=\u00a0\u00bbon\u00a0\u00bb da_alt_close=\u00a0\u00bboff\u00a0\u00bb da_dark_close=\u00a0\u00bboff\u00a0\u00bb da_not_modal=\u00a0\u00bbon\u00a0\u00bb da_is_singular=\u00a0\u00bboff\u00a0\u00bb da_with_loader=\u00a0\u00bboff\u00a0\u00bb da_has_shadow=\u00a0\u00bbon\u00a0\u00bb][et_pb_column type=\u00a0\u00bb1_4&Prime; _builder_version=\u00a0\u00bb3.25&Prime; custom_padding=\u00a0\u00bb|||\u00a0\u00bb custom_padding__hover=\u00a0\u00bb|||\u00a0\u00bb][dsm_menu menu_id=\u00a0\u00bb25&Prime; menu_link_text_color=\u00a0\u00bb#4e5f6f\u00a0\u00bb menu_space_between=\u00a0\u00bb3px\u00a0\u00bb list_style_color=\u00a0\u00bb#4e5f6f\u00a0\u00bb module_id=\u00a0\u00bbinternal-menu\u00a0\u00bb module_class=\u00a0\u00bbinternal-menu\u00a0\u00bb _builder_version=\u00a0\u00bb4.4.9&Prime; menu_font=\u00a0\u00bbGill Sans MT Bold||||||||\u00a0\u00bb menu_font_size=\u00a0\u00bb17px\u00a0\u00bb custom_margin=\u00a0\u00bb||||false|false\u00a0\u00bb custom_padding=\u00a0\u00bb||||false|false\u00a0\u00bb global_module=\u00a0\u00bb5795&Prime; saved_tabs=\u00a0\u00bball\u00a0\u00bb menu_link_text_color__hover_enabled=\u00a0\u00bbon|hover\u00a0\u00bb menu_link_text_color__hover=\u00a0\u00bb#493d6f\u00a0\u00bb][\/dsm_menu][\/et_pb_column][et_pb_column type=\u00a0\u00bb3_4&Prime; specialty_columns=\u00a0\u00bb3&Prime; _builder_version=\u00a0\u00bb3.25&Prime; custom_padding=\u00a0\u00bb|||\u00a0\u00bb custom_padding__hover=\u00a0\u00bb|||\u00a0\u00bb][et_pb_row_inner _builder_version=\u00a0\u00bb4.4.8&Prime; custom_padding=\u00a0\u00bb||0px||false|false\u00a0\u00bb][et_pb_column_inner saved_specialty_column_type=\u00a0\u00bb2_3&Prime; _builder_version=\u00a0\u00bb4.4.8&Prime;][et_pb_text _builder_version=\u00a0\u00bb4.4.8&Prime; header_text_align=\u00a0\u00bbcenter\u00a0\u00bb header_2_font=\u00a0\u00bbGill Sans MT Bold||||||||\u00a0\u00bb header_2_text_align=\u00a0\u00bbleft\u00a0\u00bb header_2_text_color=\u00a0\u00bb#1b82bd\u00a0\u00bb header_2_font_size=\u00a0\u00bb22px\u00a0\u00bb custom_margin=\u00a0\u00bb||10px||false|false\u00a0\u00bb custom_padding=\u00a0\u00bb||||false|false\u00a0\u00bb]<\/p>\n<h2>Le Programme de soins et de soutien continus pour les jeunes<\/h2>\n<p>[\/et_pb_text][et_pb_text _builder_version=\u00a0\u00bb4.4.8&Prime; text_font=\u00a0\u00bbGill Sans MT Regular||||||||\u00a0\u00bb text_font_size=\u00a0\u00bb18px\u00a0\u00bb header_font=\u00a0\u00bbGill Sans MT Regular||||||||\u00a0\u00bb custom_margin=\u00a0\u00bb||10px||false|false\u00a0\u00bb custom_padding=\u00a0\u00bb||||false|false\u00a0\u00bb]<\/p>\n<p>Le Programme de soins et de soutien continus pour les jeunes (SSCJ) est offert aux jeunes qui avaient \u251c\u00aet\u251c\u00ae confi\u251c\u00aes aux soins de la Soci\u251c\u00aet\u251c\u00ae de fa\u251c\u00baon prolong\u251c\u00aee et qui ont besoin d\u00d4\u00c7\u00d6une aide apr\u251c\u00bfs leur 18e anniversaire pour devenir autonomes. Le minist\u251c\u00bfre des Services \u251c\u00e1 l\u00d4\u00c7\u00d6enfance et des Services sociaux et communautaires a stipul\u251c\u00ae que le soutien financier et \u251c\u00aemotif offert par le programme SSCJ peut se poursuivre jusqu\u00d4\u00c7\u00d6\u251c\u00e1 ce que la personne qui avait \u251c\u00aet\u251c\u00ae confi\u251c\u00aee aux soins de la Soci\u251c\u00aet\u251c\u00ae de fa\u251c\u00baon prolong\u251c\u00aee atteigne l\u00d4\u00c7\u00d6\u251c\u00f3ge de 21 ans. <\/p>\n<p>[\/et_pb_text][\/et_pb_column_inner][\/et_pb_row_inner][et_pb_row_inner column_structure=\u00a0\u00bb1_2,1_2&Prime; use_custom_gutter=\u00a0\u00bbon\u00a0\u00bb gutter_width=\u00a0\u00bb2&Prime; _builder_version=\u00a0\u00bb4.4.8&Prime; custom_margin=\u00a0\u00bb||||false|false\u00a0\u00bb custom_padding=\u00a0\u00bb5px||10px||false|false\u00a0\u00bb][et_pb_column_inner type=\u00a0\u00bb1_2&Prime; saved_specialty_column_type=\u00a0\u00bb3_4&Prime; _builder_version=\u00a0\u00bb4.4.8&Prime;][et_pb_image src=\u00a0\u00bbhttps:\/\/www.parnipcas.org\/wp-content\/uploads\/2020\/08\/shutterstock_529965601-scaled-e1597156824219.jpg\u00a0\u00bb title_text=\u00a0\u00bbJeune femme avec une planche \u251c\u00e1 roulettes\u00a0\u00bb _builder_version=\u00a0\u00bb4.5.6&Prime; height_tablet=\u00a0\u00bb\u00a0\u00bb height_phone=\u00a0\u00bb\u00a0\u00bb height_last_edited=\u00a0\u00bbon|tablet\u00a0\u00bb hover_enabled=\u00a0\u00bb0&Prime;][\/et_pb_image][\/et_pb_column_inner][et_pb_column_inner type=\u00a0\u00bb1_2&Prime; saved_specialty_column_type=\u00a0\u00bb3_4&Prime; _builder_version=\u00a0\u00bb4.4.8&Prime;][et_pb_text _builder_version=\u00a0\u00bb4.4.8&Prime; text_font=\u00a0\u00bbGill Sans MT Regular||||||||\u00a0\u00bb text_font_size=\u00a0\u00bb18px\u00a0\u00bb header_font=\u00a0\u00bbGill Sans MT Regular||||||||\u00a0\u00bb]<\/p>\n<p>Les jeunes qui avaient \u251c\u00aet\u251c\u00ae confi\u251c\u00aes aux soins de la Soci\u251c\u00aet\u251c\u00ae de fa\u251c\u00baon prolong\u251c\u00aee jusqu\u00d4\u00c7\u00d6\u251c\u00e1 ce qu\u00d4\u00c7\u00d6ils aient 18 ans et qui ont maintenant de 18 \u251c\u00e1 21 ans peuvent demander un soutien du programme SSCJ. Le projet de loi 210 a \u251c\u00aegalement signifi\u251c\u00ae que les jeunes pris en charge par des ententes de garde l\u251c\u00aegale ou de soins conformes aux traditions peuvent recevoir un soutien du programme SSCJ \u251c\u00e1 18 ans. Ce programme soutient nos jeunes pris en charge pendant leurs \u251c\u00aetudes secondaires ou postsecondaires, leur formation en cours d\u00d4\u00c7\u00d6emploi, leur recyclage professionnel, leur programme d\u00d4\u00c7\u00d6acquisition d\u00d4\u00c7\u00d6aptitudes \u251c\u00e1 la vie quotidienne, les interventions cliniques, etc.  <\/p>\n<p>[\/et_pb_text][\/et_pb_column_inner][\/et_pb_row_inner][et_pb_row_inner use_custom_gutter=\u00a0\u00bbon\u00a0\u00bb gutter_width=\u00a0\u00bb2&Prime; _builder_version=\u00a0\u00bb4.4.8&Prime; custom_margin=\u00a0\u00bb||||false|false\u00a0\u00bb custom_padding=\u00a0\u00bb||10px||false|false\u00a0\u00bb][et_pb_column_inner saved_specialty_column_type=\u00a0\u00bb3_4&Prime; _builder_version=\u00a0\u00bb4.4.8&Prime;][et_pb_text _builder_version=\u00a0\u00bb4.4.8&Prime; text_font=\u00a0\u00bbGill Sans MT Regular||||||||\u00a0\u00bb text_text_color=\u00a0\u00bb#1b2b42&Prime; text_font_size=\u00a0\u00bb18px\u00a0\u00bb header_font=\u00a0\u00bbGill Sans MT Regular||||||||\u00a0\u00bb]<\/p>\n<p>Le programme CCSJ est disponible dans toutes les communaut\u251c\u00aes.<\/p>\n<p>[\/et_pb_text][\/et_pb_column_inner][\/et_pb_row_inner][\/et_pb_column][\/et_pb_section]<\/p>\n","protected":false},"excerpt":{"rendered":"<p>Jeunes pris en charge<div id=\"internal-menu\" class=\"et_pb_module dsm_menu dsm_menu_0 internal-menu  et_pb_text_align_left et_pb_bg_layout_light\">\n\t\t\t\t\n\t\t\t\t\n\t\t\t\t\n\t\t\t\t\n\t\t\t\t\n\t\t\t\t\n\t\t\t\t<div class=\"et_pb_module_inner\">\n\t\t\t\t\t<nav class=\"dsm-menu-container\" role=\"navigation\" itemscope itemtype=\"http:\/\/schema.org\/SiteNavigationElement\"><ul id=\"menu-youth-in-care-inner-menu-french\" class=\"dsm-menu dsm-menu-style-type-disc dsm-menu-layout-vertical\"><li id=\"menu-item-8183\" class=\"et_pb_menu_page_id-8179 menu-item menu-item-type-post_type menu-item-object-page menu-item-8183\"><a href=\"https:\/\/www.parnipcas.org\/fr\/jeunes-pris-en-charge\/\" itemprop=\"url\"><span itemprop=\"name\">Initiative des avantages sociaux pour les jeunes quittant la prise en charge<\/span><\/a><\/li>\n<li id=\"menu-item-8184\" class=\"et_pb_menu_page_id-8176 menu-item menu-item-type-post_type menu-item-object-page menu-item-8184\"><a href=\"https:\/\/www.parnipcas.org\/fr\/jeunes-pris-en-charge\/yic-source\/\" itemprop=\"url\"><span itemprop=\"name\">YIC Source<\/span><\/a><\/li>\n<li id=\"menu-item-8587\" class=\"et_pb_menu_page_id-8577 menu-item menu-item-type-post_type menu-item-object-page menu-item-8587\"><a href=\"https:\/\/www.parnipcas.org\/fr\/jeunes-pris-en-charge\/programme-de-preparation-a-lautonomie\/\" itemprop=\"url\"><span itemprop=\"name\">Programme de pr\u251c\u00aeparation \u251c\u00e1 l&rsquo;autonomie<\/span><\/a><\/li>\n<li id=\"menu-item-8588\" class=\"et_pb_menu_page_id-8583 menu-item menu-item-type-post_type menu-item-object-page menu-item-8588\"><a href=\"https:\/\/www.parnipcas.org\/fr\/jeunes-pris-en-charge\/etudes-postsecondaires\/\" itemprop=\"url\"><span itemprop=\"name\">\u251c\u00ebtudes postsecondaires<\/span><\/a><\/li>\n<li id=\"menu-item-8736\" class=\"et_pb_menu_page_id-8590 menu-item menu-item-type-post_type menu-item-object-page menu-item-8736\"><a href=\"https:\/\/www.parnipcas.org\/fr\/jeunes-pris-en-charge\/programme-goals\/\" itemprop=\"url\"><span itemprop=\"name\">Programme GOALS<\/span><\/a><\/li>\n<li id=\"menu-item-8199\" class=\"et_pb_menu_page_id-8187 menu-item menu-item-type-post_type menu-item-object-page menu-item-8199\"><a href=\"https:\/\/www.parnipcas.org\/fr\/jeunes-pris-en-charge\/soutien-au-logement\/\" itemprop=\"url\"><span itemprop=\"name\">Soutien au logement<\/span><\/a><\/li>\n<li id=\"menu-item-8200\" class=\"et_pb_menu_page_id-8193 menu-item menu-item-type-post_type menu-item-object-page menu-item-8200\"><a href=\"https:\/\/www.parnipcas.org\/fr\/jeunes-pris-en-charge\/school-of-success-et-learning-for-life\/\" itemprop=\"url\"><span itemprop=\"name\">School of Success et Learning for Life<\/span><\/a><\/li>\n<\/ul><\/nav>\n\t\t\t\t<\/div>\n\t\t\t<\/div>Le Programme de soins et de soutien continus pour les jeunesLe Programme de soins et de soutien continus pour les jeunes (SSCJ) est offert aux jeunes qui avaient \u251c\u00aet\u251c\u00ae confi\u251c\u00aes aux soins de la [&hellip;]<\/p>\n","protected":false},"author":6,"featured_media":0,"parent":8179,"menu_order":0,"comment_status":"closed","ping_status":"closed","template":"","meta":{"_et_pb_use_builder":"on","_et_pb_old_content":"","_et_gb_content_width":"","footnotes":""},"class_list":["post-8577","page","type-page","status-publish","hentry"],"yoast_head":"<!-- This site is optimized with the Yoast SEO plugin v27.4 - https:\/\/yoast.com\/product\/yoast-seo-wordpress\/ -->\n<title>Programme de pr\u251c\u00aeparation \u251c\u00e1 l&#039;autonomie - Children&#039;s Aid Society<\/title>\n<meta name=\"robots\" content=\"index, follow, max-snippet:-1, max-image-preview:large, max-video-preview:-1\" \/>\n<link rel=\"canonical\" href=\"https:\/\/www.parnipcas.org\/fr\/jeunes-pris-en-charge\/programme-de-preparation-a-lautonomie\/\" \/>\n<meta property=\"og:locale\" content=\"fr_FR\" \/>\n<meta property=\"og:type\" content=\"article\" \/>\n<meta property=\"og:title\" content=\"Programme de pr\u251c\u00aeparation \u251c\u00e1 l&#039;autonomie - Children&#039;s Aid Society\" \/>\n<meta property=\"og:description\" content=\"Jeunes pris en chargeLe Programme de soins et de soutien continus pour les jeunesLe Programme de soins et de soutien continus pour les jeunes (SSCJ) est offert aux jeunes qui avaient \u251c\u00aet\u251c\u00ae confi\u251c\u00aes aux soins de la [&hellip;]\" \/>\n<meta property=\"og:url\" content=\"https:\/\/www.parnipcas.org\/fr\/jeunes-pris-en-charge\/programme-de-preparation-a-lautonomie\/\" \/>\n<meta property=\"og:site_name\" content=\"Children&#039;s Aid Society\" \/>\n<meta property=\"article:modified_time\" content=\"2020-08-17T15:31:13+00:00\" \/>\n<meta name=\"twitter:card\" content=\"summary_large_image\" \/>\n<meta name=\"twitter:label1\" content=\"Dur\u00e9e de lecture estim\u00e9e\" \/>\n\t<meta name=\"twitter:data1\" content=\"4 minutes\" \/>\n<script type=\"application\/ld+json\" class=\"yoast-schema-graph\">{\"@context\":\"https:\\\/\\\/schema.org\",\"@graph\":[{\"@type\":\"WebPage\",\"@id\":\"https:\\\/\\\/www.parnipcas.org\\\/fr\\\/jeunes-pris-en-charge\\\/programme-de-preparation-a-lautonomie\\\/\",\"url\":\"https:\\\/\\\/www.parnipcas.org\\\/fr\\\/jeunes-pris-en-charge\\\/programme-de-preparation-a-lautonomie\\\/\",\"name\":\"Programme de pr\u251c\u00aeparation \u251c\u00e1 l'autonomie - Children&#039;s Aid Society\",\"isPartOf\":{\"@id\":\"https:\\\/\\\/www.parnipcas.org\\\/#website\"},\"datePublished\":\"2020-08-17T15:31:12+00:00\",\"dateModified\":\"2020-08-17T15:31:13+00:00\",\"breadcrumb\":{\"@id\":\"https:\\\/\\\/www.parnipcas.org\\\/fr\\\/jeunes-pris-en-charge\\\/programme-de-preparation-a-lautonomie\\\/#breadcrumb\"},\"inLanguage\":\"fr-FR\",\"potentialAction\":[{\"@type\":\"ReadAction\",\"target\":[\"https:\\\/\\\/www.parnipcas.org\\\/fr\\\/jeunes-pris-en-charge\\\/programme-de-preparation-a-lautonomie\\\/\"]}]},{\"@type\":\"BreadcrumbList\",\"@id\":\"https:\\\/\\\/www.parnipcas.org\\\/fr\\\/jeunes-pris-en-charge\\\/programme-de-preparation-a-lautonomie\\\/#breadcrumb\",\"itemListElement\":[{\"@type\":\"ListItem\",\"position\":1,\"name\":\"Home\",\"item\":\"https:\\\/\\\/www.parnipcas.org\\\/fr\\\/\"},{\"@type\":\"ListItem\",\"position\":2,\"name\":\"Jeunes pris en charge\",\"item\":\"https:\\\/\\\/www.parnipcas.org\\\/fr\\\/jeunes-pris-en-charge\\\/\"},{\"@type\":\"ListItem\",\"position\":3,\"name\":\"Programme de pr\u251c\u00aeparation \u251c\u00e1 l&#8217;autonomie\"}]},{\"@type\":\"WebSite\",\"@id\":\"https:\\\/\\\/www.parnipcas.org\\\/#website\",\"url\":\"https:\\\/\\\/www.parnipcas.org\\\/\",\"name\":\"Children&#039;s Aid Society\",\"description\":\"Nipissing &amp; Parry Sound District\",\"potentialAction\":[{\"@type\":\"SearchAction\",\"target\":{\"@type\":\"EntryPoint\",\"urlTemplate\":\"https:\\\/\\\/www.parnipcas.org\\\/?s={search_term_string}\"},\"query-input\":{\"@type\":\"PropertyValueSpecification\",\"valueRequired\":true,\"valueName\":\"search_term_string\"}}],\"inLanguage\":\"fr-FR\"}]}<\/script>\n<!-- \/ Yoast SEO plugin. -->","yoast_head_json":{"title":"Programme de pr\u251c\u00aeparation \u251c\u00e1 l'autonomie - Children&#039;s Aid Society","robots":{"index":"index","follow":"follow","max-snippet":"max-snippet:-1","max-image-preview":"max-image-preview:large","max-video-preview":"max-video-preview:-1"},"canonical":"https:\/\/www.parnipcas.org\/fr\/jeunes-pris-en-charge\/programme-de-preparation-a-lautonomie\/","og_locale":"fr_FR","og_type":"article","og_title":"Programme de pr\u251c\u00aeparation \u251c\u00e1 l'autonomie - Children&#039;s Aid Society","og_description":"Jeunes pris en chargeLe Programme de soins et de soutien continus pour les jeunesLe Programme de soins et de soutien continus pour les jeunes (SSCJ) est offert aux jeunes qui avaient \u251c\u00aet\u251c\u00ae confi\u251c\u00aes aux soins de la [&hellip;]","og_url":"https:\/\/www.parnipcas.org\/fr\/jeunes-pris-en-charge\/programme-de-preparation-a-lautonomie\/","og_site_name":"Children&#039;s Aid Society","article_modified_time":"2020-08-17T15:31:13+00:00","twitter_card":"summary_large_image","twitter_misc":{"Dur\u00e9e de lecture estim\u00e9e":"4 minutes"},"schema":{"@context":"https:\/\/schema.org","@graph":[{"@type":"WebPage","@id":"https:\/\/www.parnipcas.org\/fr\/jeunes-pris-en-charge\/programme-de-preparation-a-lautonomie\/","url":"https:\/\/www.parnipcas.org\/fr\/jeunes-pris-en-charge\/programme-de-preparation-a-lautonomie\/","name":"Programme de pr\u251c\u00aeparation \u251c\u00e1 l'autonomie - Children&#039;s Aid Society","isPartOf":{"@id":"https:\/\/www.parnipcas.org\/#website"},"datePublished":"2020-08-17T15:31:12+00:00","dateModified":"2020-08-17T15:31:13+00:00","breadcrumb":{"@id":"https:\/\/www.parnipcas.org\/fr\/jeunes-pris-en-charge\/programme-de-preparation-a-lautonomie\/#breadcrumb"},"inLanguage":"fr-FR","potentialAction":[{"@type":"ReadAction","target":["https:\/\/www.parnipcas.org\/fr\/jeunes-pris-en-charge\/programme-de-preparation-a-lautonomie\/"]}]},{"@type":"BreadcrumbList","@id":"https:\/\/www.parnipcas.org\/fr\/jeunes-pris-en-charge\/programme-de-preparation-a-lautonomie\/#breadcrumb","itemListElement":[{"@type":"ListItem","position":1,"name":"Home","item":"https:\/\/www.parnipcas.org\/fr\/"},{"@type":"ListItem","position":2,"name":"Jeunes pris en charge","item":"https:\/\/www.parnipcas.org\/fr\/jeunes-pris-en-charge\/"},{"@type":"ListItem","position":3,"name":"Programme de pr\u251c\u00aeparation \u251c\u00e1 l&#8217;autonomie"}]},{"@type":"WebSite","@id":"https:\/\/www.parnipcas.org\/#website","url":"https:\/\/www.parnipcas.org\/","name":"Children&#039;s Aid Society","description":"Nipissing &amp; Parry Sound District","potentialAction":[{"@type":"SearchAction","target":{"@type":"EntryPoint","urlTemplate":"https:\/\/www.parnipcas.org\/?s={search_term_string}"},"query-input":{"@type":"PropertyValueSpecification","valueRequired":true,"valueName":"search_term_string"}}],"inLanguage":"fr-FR"}]}},"_links":{"self":[{"href":"https:\/\/www.parnipcas.org\/fr\/wp-json\/wp\/v2\/pages\/8577","targetHints":{"allow":["GET"]}}],"collection":[{"href":"https:\/\/www.parnipcas.org\/fr\/wp-json\/wp\/v2\/pages"}],"about":[{"href":"https:\/\/www.parnipcas.org\/fr\/wp-json\/wp\/v2\/types\/page"}],"author":[{"embeddable":true,"href":"https:\/\/www.parnipcas.org\/fr\/wp-json\/wp\/v2\/users\/6"}],"replies":[{"embeddable":true,"href":"https:\/\/www.parnipcas.org\/fr\/wp-json\/wp\/v2\/comments?post=8577"}],"version-history":[{"count":5,"href":"https:\/\/www.parnipcas.org\/fr\/wp-json\/wp\/v2\/pages\/8577\/revisions"}],"predecessor-version":[{"id":8582,"href":"https:\/\/www.parnipcas.org\/fr\/wp-json\/wp\/v2\/pages\/8577\/revisions\/8582"}],"up":[{"embeddable":true,"href":"https:\/\/www.parnipcas.org\/fr\/wp-json\/wp\/v2\/pages\/8179"}],"wp:attachment":[{"href":"https:\/\/www.parnipcas.org\/fr\/wp-json\/wp\/v2\/media?parent=8577"}],"curies":[{"name":"wp","href":"https:\/\/api.w.org\/{rel}","templated":true}]}}