{"id":8583,"date":"2020-08-17T11:45:08","date_gmt":"2020-08-17T15:45:08","guid":{"rendered":"https:\/\/www.parnipcas.org\/jeunes-pris-en-charge\/etudes-postsecondaires\/"},"modified":"2022-10-26T12:49:49","modified_gmt":"2022-10-26T16:49:49","slug":"etudes-postsecondaires","status":"publish","type":"page","link":"https:\/\/www.parnipcas.org\/fr\/jeunes-pris-en-charge\/etudes-postsecondaires\/","title":{"rendered":"\u251c\u00ebtudes postsecondaires"},"content":{"rendered":"<p>[et_pb_section fb_built=\u00a0\u00bb1&Prime; _builder_version=\u00a0\u00bb4.16&Prime; background_color=\u00a0\u00bb#1b2b42&Prime; use_background_color_gradient=\u00a0\u00bbon\u00a0\u00bb background_color_gradient_stops=\u00a0\u00bbrgba(27,43,66,0.87) 0%|rgba(0,39,94,0.93) 100%\u00a0\u00bb background_color_gradient_overlays_image=\u00a0\u00bbon\u00a0\u00bb background_color_gradient_start=\u00a0\u00bbrgba(27,43,66,0.87)\u00a0\u00bb background_color_gradient_end=\u00a0\u00bbrgba(0,39,94,0.93)\u00a0\u00bb background_image=\u00a0\u00bbhttps:\/\/www.parnipcas.org\/wp-content\/uploads\/2020\/08\/Header-2-scaled-e1597165599686.jpg\u00a0\u00bb custom_padding=\u00a0\u00bb||||true|false\u00a0\u00bb saved_tabs=\u00a0\u00bball\u00a0\u00bb global_colors_info=\u00a0\u00bb{}\u00a0\u00bb][et_pb_row make_equal=\u00a0\u00bbon\u00a0\u00bb _builder_version=\u00a0\u00bb4.16&Prime; width=\u00a0\u00bb100%\u00a0\u00bb max_width=\u00a0\u00bb900px\u00a0\u00bb locked=\u00a0\u00bboff\u00a0\u00bb global_colors_info=\u00a0\u00bb{}\u00a0\u00bb][et_pb_column type=\u00a0\u00bb4_4&Prime; _builder_version=\u00a0\u00bb4.16&Prime; global_colors_info=\u00a0\u00bb{}\u00a0\u00bb][et_pb_text _builder_version=\u00a0\u00bb4.16&Prime; header_font=\u00a0\u00bbGill Sans MT Bold||||||||\u00a0\u00bb header_text_align=\u00a0\u00bbcenter\u00a0\u00bb header_text_color=\u00a0\u00bb#ffffff\u00a0\u00bb header_font_size=\u00a0\u00bb60px\u00a0\u00bb header_font_size_tablet=\u00a0\u00bb\u00a0\u00bb header_font_size_phone=\u00a0\u00bb38px\u00a0\u00bb header_font_size_last_edited=\u00a0\u00bbon|phone\u00a0\u00bb global_colors_info=\u00a0\u00bb{}\u00a0\u00bb]<\/p>\n<h1>Jeunes pris en charge<\/h1>\n<p>[\/et_pb_text][\/et_pb_column][\/et_pb_row][\/et_pb_section][et_pb_section fb_built=\u00a0\u00bb1&Prime; specialty=\u00a0\u00bbon\u00a0\u00bb module_class_1=\u00a0\u00bbinner-menu-mobile-column\u00a0\u00bb _builder_version=\u00a0\u00bb4.16&Prime; module_alignment=\u00a0\u00bbcenter\u00a0\u00bb inner_module_alignment=\u00a0\u00bbcenter\u00a0\u00bb custom_padding=\u00a0\u00bb25px||||false|false\u00a0\u00bb global_colors_info=\u00a0\u00bb{}\u00a0\u00bb][et_pb_column type=\u00a0\u00bb1_4&Prime; _builder_version=\u00a0\u00bb4.16&Prime; custom_padding=\u00a0\u00bb|||\u00a0\u00bb global_colors_info=\u00a0\u00bb{}\u00a0\u00bb custom_padding__hover=\u00a0\u00bb|||\u00a0\u00bb][dsm_menu menu_id=\u00a0\u00bb25&Prime; menu_link_text_color=\u00a0\u00bb#4e5f6f\u00a0\u00bb menu_space_between=\u00a0\u00bb3px\u00a0\u00bb list_style_color=\u00a0\u00bb#4e5f6f\u00a0\u00bb module_id=\u00a0\u00bbinternal-menu\u00a0\u00bb module_class=\u00a0\u00bbinternal-menu\u00a0\u00bb _builder_version=\u00a0\u00bb4.16&Prime; menu_font=\u00a0\u00bbGill Sans MT Bold||||||||\u00a0\u00bb menu_font_size=\u00a0\u00bb17px\u00a0\u00bb custom_margin=\u00a0\u00bb||||false|false\u00a0\u00bb custom_padding=\u00a0\u00bb||||false|false\u00a0\u00bb saved_tabs=\u00a0\u00bball\u00a0\u00bb global_colors_info=\u00a0\u00bb{}\u00a0\u00bb menu_link_text_color__hover_enabled=\u00a0\u00bbon|hover\u00a0\u00bb menu_link_text_color__hover=\u00a0\u00bb#493d6f\u00a0\u00bb][\/dsm_menu][\/et_pb_column][et_pb_column type=\u00a0\u00bb3_4&Prime; specialty_columns=\u00a0\u00bb3&Prime; _builder_version=\u00a0\u00bb4.16&Prime; custom_padding=\u00a0\u00bb|||\u00a0\u00bb global_colors_info=\u00a0\u00bb{}\u00a0\u00bb custom_padding__hover=\u00a0\u00bb|||\u00a0\u00bb][et_pb_row_inner _builder_version=\u00a0\u00bb4.16&Prime; custom_padding=\u00a0\u00bb||0px||false|false\u00a0\u00bb global_colors_info=\u00a0\u00bb{}\u00a0\u00bb][et_pb_column_inner saved_specialty_column_type=\u00a0\u00bb2_3&Prime; _builder_version=\u00a0\u00bb4.16&Prime; global_colors_info=\u00a0\u00bb{}\u00a0\u00bb][et_pb_text _builder_version=\u00a0\u00bb4.16&Prime; header_text_align=\u00a0\u00bbcenter\u00a0\u00bb header_2_font=\u00a0\u00bbGill Sans MT Bold||||||||\u00a0\u00bb header_2_text_align=\u00a0\u00bbleft\u00a0\u00bb header_2_text_color=\u00a0\u00bb#1b82bd\u00a0\u00bb header_2_font_size=\u00a0\u00bb22px\u00a0\u00bb custom_margin=\u00a0\u00bb||10px||false|false\u00a0\u00bb custom_padding=\u00a0\u00bb||||false|false\u00a0\u00bb global_colors_info=\u00a0\u00bb{}\u00a0\u00bb]<\/p>\n<h2>\u251c\u00ebtudes postsecondaires<\/h2>\n<p>[\/et_pb_text][et_pb_text _builder_version=\u00a0\u00bb4.18.0&Prime; text_font=\u00a0\u00bbGill Sans MT Regular||||||||\u00a0\u00bb text_font_size=\u00a0\u00bb18px\u00a0\u00bb header_font=\u00a0\u00bbGill Sans MT Regular||||||||\u00a0\u00bb custom_margin=\u00a0\u00bb||10px||false|false\u00a0\u00bb custom_padding=\u00a0\u00bb||||false|false\u00a0\u00bb hover_enabled=\u00a0\u00bb0&Prime; global_colors_info=\u00a0\u00bb{}\u00a0\u00bb sticky_enabled=\u00a0\u00bb0&Prime;]<\/p>\n<p><span>Nous encourageons les jeunes pris en charge \u251c\u00e1 faire des \u251c\u00aetudes postsecondaires. Nous leur offrons un soutien pour le processus de demande et la demande au RAFEO et nous les aidons \u251c\u00e1 se pr\u251c\u00aeparer \u251c\u00e1 l&rsquo;excellente exp\u251c\u00aerience des \u251c\u00aetudes postsecondaires.<\/span><\/p>\n<p><span>La Soci\u251c\u00aet\u251c\u00ae d\u00d4\u00c7\u00d6aide \u251c\u00e1 l\u00d4\u00c7\u00d6enfance ouvre un r\u251c\u00aegime enregistr\u251c\u00ae d\u00d4\u00c7\u00d6\u251c\u00aepargne-\u251c\u00aetudes (REEE) pour tous les jeunes pris en charge admissibles. Ces fonds couvrent une partie des frais des \u251c\u00aetudes postsecondaires. De nouvelles initiatives gouvernementales permettent aux jeunes pris en charge d\u00d4\u00c7\u00d6obtenir des subventions du RAFEO pour couvrir les droits de scolarit\u251c\u00ae et le co\u251c\u2557t des livres. <\/span><\/p>\n<p><span>En outre, par l&rsquo;entremise de l\u00d4\u00c7\u00d6Association ontarienne des soci\u251c\u00aet\u251c\u00aes de l\u00d4\u00c7\u00d6aide \u251c\u00e1 l\u00d4\u00c7\u00d6enfance,<a href=\"http:\/\/www.ontarioyouthcan.org\/\">YouthCAN (Communication &amp; Advocacy Network)<\/a> est devenu un excellent soutien pour les jeunes pris en charge. L&rsquo;organisme d\u251c\u00aefend les besoins de nos jeunes et les rassemble tous les ans lors de conf\u251c\u00aerences qui ont lieu sur des campus, o\u251c\u2563 ils s&rsquo;informent sur les possibilit\u251c\u00aes d&rsquo;\u251c\u00aetudes postsecondaires, les aptitudes \u251c\u00e1 la vie quotidienne et les initiatives continues et, chose la plus importante, ils rencontrent et appuient d&rsquo;autres jeunes pris en charge.<\/span><\/p>\n<p>Pour plus d\u00d4\u00c7\u00d6informations, contactez <a href=\"mailto:nathan.moore@parnipcas.org\">nathan.moore@parnipcas.org<\/a>.\u252c\u00e1<\/p>\n<p>[\/et_pb_text][\/et_pb_column_inner][\/et_pb_row_inner][et_pb_row_inner column_structure=\u00a0\u00bb1_2,1_2&Prime; use_custom_gutter=\u00a0\u00bbon\u00a0\u00bb gutter_width=\u00a0\u00bb2&Prime; _builder_version=\u00a0\u00bb4.16&Prime; custom_margin=\u00a0\u00bb||||false|false\u00a0\u00bb custom_padding=\u00a0\u00bb||10px||false|false\u00a0\u00bb global_colors_info=\u00a0\u00bb{}\u00a0\u00bb][et_pb_column_inner type=\u00a0\u00bb1_2&Prime; saved_specialty_column_type=\u00a0\u00bb3_4&Prime; _builder_version=\u00a0\u00bb4.16&Prime; global_colors_info=\u00a0\u00bb{}\u00a0\u00bb][et_pb_image src=\u00a0\u00bbhttps:\/\/www.parnipcas.org\/wp-content\/uploads\/2020\/07\/yicsource.png\u00a0\u00bb alt=\u00a0\u00bbYicSource\u00a0\u00bb title_text=\u00a0\u00bbYicSource Logo\u00a0\u00bb url=\u00a0\u00bbhttp:\/\/yicsource.ca\/index.php\/home\/\u00a0\u00bb align_tablet=\u00a0\u00bbcenter\u00a0\u00bb align_phone=\u00a0\u00bb\u00a0\u00bb align_last_edited=\u00a0\u00bbon|tablet\u00a0\u00bb _builder_version=\u00a0\u00bb4.16&Prime; width_tablet=\u00a0\u00bb70%\u00a0\u00bb width_phone=\u00a0\u00bb\u00a0\u00bb width_last_edited=\u00a0\u00bbon|tablet\u00a0\u00bb global_colors_info=\u00a0\u00bb{}\u00a0\u00bb][\/et_pb_image][\/et_pb_column_inner][et_pb_column_inner type=\u00a0\u00bb1_2&Prime; saved_specialty_column_type=\u00a0\u00bb3_4&Prime; _builder_version=\u00a0\u00bb4.16&Prime; global_colors_info=\u00a0\u00bb{}\u00a0\u00bb][et_pb_text _builder_version=\u00a0\u00bb4.16&Prime; text_font=\u00a0\u00bbGill Sans MT Regular||||||||\u00a0\u00bb text_font_size=\u00a0\u00bb18px\u00a0\u00bb header_font=\u00a0\u00bbGill Sans MT Regular||||||||\u00a0\u00bb global_colors_info=\u00a0\u00bb{}\u00a0\u00bb]<\/p>\n<p><a href=\"http:\/\/yicsource.ca\/index.php\/home\/\">YICSource.ca<\/a> est le portail Web pour les jeunes de la Soci\u251c\u00aet\u251c\u00ae d&rsquo;aide \u251c\u00e1 l&rsquo;enfance de Nipissing et de Parry Sound, <span>un site Web cr\u251c\u00ae\u251c\u00ae pour les jeunes pris en charge (ou les anciens jeunes pris en charge), par les jeunes pris en charge. Cr\u251c\u00ae\u251c\u00ae par le coordonnateur du r\u251c\u00aeseau des jeunes de la Soci\u251c\u00aet\u251c\u00ae d&rsquo;aide \u251c\u00e1 l&rsquo;enfance de Nipissing et de Parry Sound, ce site fournit aux jeunes des renseignements sur les discussions, les rencontres du groupe de jeunes et d&rsquo;autres renseignements, des liens pour faire une demande de bourse d&rsquo;entretien et d&rsquo;\u251c\u00aetudes et la mani\u251c\u00bfre de rester en contact avec d&rsquo;autres jeunes, et permet m\u251c\u00acme de partager ses exp\u251c\u00aeriences. <\/span><\/p>\n<p>[\/et_pb_text][\/et_pb_column_inner][\/et_pb_row_inner][\/et_pb_column][\/et_pb_section]<\/p>\n","protected":false},"excerpt":{"rendered":"<p>Jeunes pris en charge<div id=\"internal-menu\" class=\"et_pb_module dsm_menu dsm_menu_0 internal-menu  et_pb_text_align_left et_pb_bg_layout_light\">\n\t\t\t\t\n\t\t\t\t\n\t\t\t\t\n\t\t\t\t\n\t\t\t\t\n\t\t\t\t\n\t\t\t\t<div class=\"et_pb_module_inner\">\n\t\t\t\t\t<nav class=\"dsm-menu-container\" role=\"navigation\" itemscope itemtype=\"http:\/\/schema.org\/SiteNavigationElement\"><ul id=\"menu-youth-in-care-inner-menu-french\" class=\"dsm-menu dsm-menu-style-type-disc dsm-menu-layout-vertical\"><li id=\"menu-item-8183\" class=\"et_pb_menu_page_id-8179 menu-item menu-item-type-post_type menu-item-object-page menu-item-8183\"><a href=\"https:\/\/www.parnipcas.org\/fr\/jeunes-pris-en-charge\/\" itemprop=\"url\"><span itemprop=\"name\">Initiative des avantages sociaux pour les jeunes quittant la prise en charge<\/span><\/a><\/li>\n<li id=\"menu-item-8184\" class=\"et_pb_menu_page_id-8176 menu-item menu-item-type-post_type menu-item-object-page menu-item-8184\"><a href=\"https:\/\/www.parnipcas.org\/fr\/jeunes-pris-en-charge\/yic-source\/\" itemprop=\"url\"><span itemprop=\"name\">YIC Source<\/span><\/a><\/li>\n<li id=\"menu-item-8587\" class=\"et_pb_menu_page_id-8577 menu-item menu-item-type-post_type menu-item-object-page menu-item-8587\"><a href=\"https:\/\/www.parnipcas.org\/fr\/jeunes-pris-en-charge\/programme-de-preparation-a-lautonomie\/\" itemprop=\"url\"><span itemprop=\"name\">Programme de pr\u251c\u00aeparation \u251c\u00e1 l&rsquo;autonomie<\/span><\/a><\/li>\n<li id=\"menu-item-8588\" class=\"et_pb_menu_page_id-8583 menu-item menu-item-type-post_type menu-item-object-page menu-item-8588\"><a href=\"https:\/\/www.parnipcas.org\/fr\/jeunes-pris-en-charge\/etudes-postsecondaires\/\" itemprop=\"url\"><span itemprop=\"name\">\u251c\u00ebtudes postsecondaires<\/span><\/a><\/li>\n<li id=\"menu-item-8736\" class=\"et_pb_menu_page_id-8590 menu-item menu-item-type-post_type menu-item-object-page menu-item-8736\"><a href=\"https:\/\/www.parnipcas.org\/fr\/jeunes-pris-en-charge\/programme-goals\/\" itemprop=\"url\"><span itemprop=\"name\">Programme GOALS<\/span><\/a><\/li>\n<li id=\"menu-item-8199\" class=\"et_pb_menu_page_id-8187 menu-item menu-item-type-post_type menu-item-object-page menu-item-8199\"><a href=\"https:\/\/www.parnipcas.org\/fr\/jeunes-pris-en-charge\/soutien-au-logement\/\" itemprop=\"url\"><span itemprop=\"name\">Soutien au logement<\/span><\/a><\/li>\n<li id=\"menu-item-8200\" class=\"et_pb_menu_page_id-8193 menu-item menu-item-type-post_type menu-item-object-page menu-item-8200\"><a href=\"https:\/\/www.parnipcas.org\/fr\/jeunes-pris-en-charge\/school-of-success-et-learning-for-life\/\" itemprop=\"url\"><span itemprop=\"name\">School of Success et Learning for Life<\/span><\/a><\/li>\n<\/ul><\/nav>\n\t\t\t\t<\/div>\n\t\t\t<\/div>\u251c\u00ebtudes postsecondairesNous encourageons les jeunes pris en charge \u251c\u00e1 faire des \u251c\u00aetudes postsecondaires. Nous leur offrons un soutien pour le processus de demande et la demande au RAFEO et nous les aidons \u251c\u00e1 se [&hellip;]<\/p>\n","protected":false},"author":6,"featured_media":0,"parent":8179,"menu_order":0,"comment_status":"closed","ping_status":"closed","template":"","meta":{"_et_pb_use_builder":"on","_et_pb_old_content":"","_et_gb_content_width":"","footnotes":""},"class_list":["post-8583","page","type-page","status-publish","hentry"],"yoast_head":"<!-- This site is optimized with the Yoast SEO plugin v27.0 - https:\/\/yoast.com\/product\/yoast-seo-wordpress\/ -->\n<title>\u251c\u00ebtudes postsecondaires - Children&#039;s Aid Society<\/title>\n<meta name=\"robots\" content=\"index, follow, max-snippet:-1, max-image-preview:large, max-video-preview:-1\" \/>\n<link rel=\"canonical\" href=\"https:\/\/www.parnipcas.org\/fr\/jeunes-pris-en-charge\/etudes-postsecondaires\/\" \/>\n<meta property=\"og:locale\" content=\"fr_FR\" \/>\n<meta property=\"og:type\" content=\"article\" \/>\n<meta property=\"og:title\" content=\"\u251c\u00ebtudes postsecondaires - Children&#039;s Aid Society\" \/>\n<meta property=\"og:description\" content=\"Jeunes pris en charge\u251c\u00ebtudes postsecondairesNous encourageons les jeunes pris en charge \u251c\u00e1 faire des \u251c\u00aetudes postsecondaires. Nous leur offrons un soutien pour le processus de demande et la demande au RAFEO et nous les aidons \u251c\u00e1 se [&hellip;]\" \/>\n<meta property=\"og:url\" content=\"https:\/\/www.parnipcas.org\/fr\/jeunes-pris-en-charge\/etudes-postsecondaires\/\" \/>\n<meta property=\"og:site_name\" content=\"Children&#039;s Aid Society\" \/>\n<meta property=\"article:modified_time\" content=\"2022-10-26T16:49:49+00:00\" \/>\n<meta name=\"twitter:card\" content=\"summary_large_image\" \/>\n<meta name=\"twitter:label1\" content=\"Dur\u00e9e de lecture estim\u00e9e\" \/>\n\t<meta name=\"twitter:data1\" content=\"4 minutes\" \/>\n<script type=\"application\/ld+json\" class=\"yoast-schema-graph\">{\"@context\":\"https:\/\/schema.org\",\"@graph\":[{\"@type\":\"WebPage\",\"@id\":\"https:\/\/www.parnipcas.org\/fr\/jeunes-pris-en-charge\/etudes-postsecondaires\/\",\"url\":\"https:\/\/www.parnipcas.org\/fr\/jeunes-pris-en-charge\/etudes-postsecondaires\/\",\"name\":\"\u251c\u00ebtudes postsecondaires - Children&#039;s Aid Society\",\"isPartOf\":{\"@id\":\"https:\/\/www.parnipcas.org\/#website\"},\"datePublished\":\"2020-08-17T15:45:08+00:00\",\"dateModified\":\"2022-10-26T16:49:49+00:00\",\"breadcrumb\":{\"@id\":\"https:\/\/www.parnipcas.org\/fr\/jeunes-pris-en-charge\/etudes-postsecondaires\/#breadcrumb\"},\"inLanguage\":\"fr-FR\",\"potentialAction\":[{\"@type\":\"ReadAction\",\"target\":[\"https:\/\/www.parnipcas.org\/fr\/jeunes-pris-en-charge\/etudes-postsecondaires\/\"]}]},{\"@type\":\"BreadcrumbList\",\"@id\":\"https:\/\/www.parnipcas.org\/fr\/jeunes-pris-en-charge\/etudes-postsecondaires\/#breadcrumb\",\"itemListElement\":[{\"@type\":\"ListItem\",\"position\":1,\"name\":\"Home\",\"item\":\"https:\/\/www.parnipcas.org\/fr\/\"},{\"@type\":\"ListItem\",\"position\":2,\"name\":\"Jeunes pris en charge\",\"item\":\"https:\/\/www.parnipcas.org\/fr\/jeunes-pris-en-charge\/\"},{\"@type\":\"ListItem\",\"position\":3,\"name\":\"\u251c\u00ebtudes postsecondaires\"}]},{\"@type\":\"WebSite\",\"@id\":\"https:\/\/www.parnipcas.org\/#website\",\"url\":\"https:\/\/www.parnipcas.org\/\",\"name\":\"Children&#039;s Aid Society\",\"description\":\"Nipissing &amp; Parry Sound District\",\"potentialAction\":[{\"@type\":\"SearchAction\",\"target\":{\"@type\":\"EntryPoint\",\"urlTemplate\":\"https:\/\/www.parnipcas.org\/?s={search_term_string}\"},\"query-input\":{\"@type\":\"PropertyValueSpecification\",\"valueRequired\":true,\"valueName\":\"search_term_string\"}}],\"inLanguage\":\"fr-FR\"}]}<\/script>\n<!-- \/ Yoast SEO plugin. -->","yoast_head_json":{"title":"\u251c\u00ebtudes postsecondaires - Children&#039;s Aid Society","robots":{"index":"index","follow":"follow","max-snippet":"max-snippet:-1","max-image-preview":"max-image-preview:large","max-video-preview":"max-video-preview:-1"},"canonical":"https:\/\/www.parnipcas.org\/fr\/jeunes-pris-en-charge\/etudes-postsecondaires\/","og_locale":"fr_FR","og_type":"article","og_title":"\u251c\u00ebtudes postsecondaires - Children&#039;s Aid Society","og_description":"Jeunes pris en charge\u251c\u00ebtudes postsecondairesNous encourageons les jeunes pris en charge \u251c\u00e1 faire des \u251c\u00aetudes postsecondaires. Nous leur offrons un soutien pour le processus de demande et la demande au RAFEO et nous les aidons \u251c\u00e1 se [&hellip;]","og_url":"https:\/\/www.parnipcas.org\/fr\/jeunes-pris-en-charge\/etudes-postsecondaires\/","og_site_name":"Children&#039;s Aid Society","article_modified_time":"2022-10-26T16:49:49+00:00","twitter_card":"summary_large_image","twitter_misc":{"Dur\u00e9e de lecture estim\u00e9e":"4 minutes"},"schema":{"@context":"https:\/\/schema.org","@graph":[{"@type":"WebPage","@id":"https:\/\/www.parnipcas.org\/fr\/jeunes-pris-en-charge\/etudes-postsecondaires\/","url":"https:\/\/www.parnipcas.org\/fr\/jeunes-pris-en-charge\/etudes-postsecondaires\/","name":"\u251c\u00ebtudes postsecondaires - Children&#039;s Aid Society","isPartOf":{"@id":"https:\/\/www.parnipcas.org\/#website"},"datePublished":"2020-08-17T15:45:08+00:00","dateModified":"2022-10-26T16:49:49+00:00","breadcrumb":{"@id":"https:\/\/www.parnipcas.org\/fr\/jeunes-pris-en-charge\/etudes-postsecondaires\/#breadcrumb"},"inLanguage":"fr-FR","potentialAction":[{"@type":"ReadAction","target":["https:\/\/www.parnipcas.org\/fr\/jeunes-pris-en-charge\/etudes-postsecondaires\/"]}]},{"@type":"BreadcrumbList","@id":"https:\/\/www.parnipcas.org\/fr\/jeunes-pris-en-charge\/etudes-postsecondaires\/#breadcrumb","itemListElement":[{"@type":"ListItem","position":1,"name":"Home","item":"https:\/\/www.parnipcas.org\/fr\/"},{"@type":"ListItem","position":2,"name":"Jeunes pris en charge","item":"https:\/\/www.parnipcas.org\/fr\/jeunes-pris-en-charge\/"},{"@type":"ListItem","position":3,"name":"\u251c\u00ebtudes postsecondaires"}]},{"@type":"WebSite","@id":"https:\/\/www.parnipcas.org\/#website","url":"https:\/\/www.parnipcas.org\/","name":"Children&#039;s Aid Society","description":"Nipissing &amp; Parry Sound District","potentialAction":[{"@type":"SearchAction","target":{"@type":"EntryPoint","urlTemplate":"https:\/\/www.parnipcas.org\/?s={search_term_string}"},"query-input":{"@type":"PropertyValueSpecification","valueRequired":true,"valueName":"search_term_string"}}],"inLanguage":"fr-FR"}]}},"_links":{"self":[{"href":"https:\/\/www.parnipcas.org\/fr\/wp-json\/wp\/v2\/pages\/8583","targetHints":{"allow":["GET"]}}],"collection":[{"href":"https:\/\/www.parnipcas.org\/fr\/wp-json\/wp\/v2\/pages"}],"about":[{"href":"https:\/\/www.parnipcas.org\/fr\/wp-json\/wp\/v2\/types\/page"}],"author":[{"embeddable":true,"href":"https:\/\/www.parnipcas.org\/fr\/wp-json\/wp\/v2\/users\/6"}],"replies":[{"embeddable":true,"href":"https:\/\/www.parnipcas.org\/fr\/wp-json\/wp\/v2\/comments?post=8583"}],"version-history":[{"count":3,"href":"https:\/\/www.parnipcas.org\/fr\/wp-json\/wp\/v2\/pages\/8583\/revisions"}],"predecessor-version":[{"id":12125,"href":"https:\/\/www.parnipcas.org\/fr\/wp-json\/wp\/v2\/pages\/8583\/revisions\/12125"}],"up":[{"embeddable":true,"href":"https:\/\/www.parnipcas.org\/fr\/wp-json\/wp\/v2\/pages\/8179"}],"wp:attachment":[{"href":"https:\/\/www.parnipcas.org\/fr\/wp-json\/wp\/v2\/media?parent=8583"}],"curies":[{"name":"wp","href":"https:\/\/api.w.org\/{rel}","templated":true}]}}