{"id":8590,"date":"2020-08-17T11:54:49","date_gmt":"2020-08-17T15:54:49","guid":{"rendered":"https:\/\/www.parnipcas.org\/jeunes-pris-en-charge\/programme-goals\/"},"modified":"2020-08-17T11:54:50","modified_gmt":"2020-08-17T15:54:50","slug":"programme-goals","status":"publish","type":"page","link":"https:\/\/www.parnipcas.org\/fr\/jeunes-pris-en-charge\/programme-goals\/","title":{"rendered":"Programme GOALS"},"content":{"rendered":"<p>[et_pb_section fb_built=\u00a0\u00bb1&Prime; _builder_version=\u00a0\u00bb4.5.6&Prime; background_color=\u00a0\u00bb#1b2b42&Prime; use_background_color_gradient=\u00a0\u00bbon\u00a0\u00bb background_color_gradient_start=\u00a0\u00bbrgba(27,43,66,0.87)\u00a0\u00bb background_color_gradient_end=\u00a0\u00bbrgba(0,39,94,0.93)\u00a0\u00bb background_color_gradient_overlays_image=\u00a0\u00bbon\u00a0\u00bb background_image=\u00a0\u00bbhttps:\/\/www.parnipcas.org\/wp-content\/uploads\/2020\/08\/Header-2-scaled-e1597165599686.jpg\u00a0\u00bb custom_padding=\u00a0\u00bb||||true|false\u00a0\u00bb da_disable_devices=\u00a0\u00bboff|off|off\u00a0\u00bb global_module=\u00a0\u00bb5797&Prime; saved_tabs=\u00a0\u00bball\u00a0\u00bb da_is_popup=\u00a0\u00bboff\u00a0\u00bb da_exit_intent=\u00a0\u00bboff\u00a0\u00bb da_has_close=\u00a0\u00bbon\u00a0\u00bb da_alt_close=\u00a0\u00bboff\u00a0\u00bb da_dark_close=\u00a0\u00bboff\u00a0\u00bb da_not_modal=\u00a0\u00bbon\u00a0\u00bb da_is_singular=\u00a0\u00bboff\u00a0\u00bb da_with_loader=\u00a0\u00bboff\u00a0\u00bb da_has_shadow=\u00a0\u00bbon\u00a0\u00bb][et_pb_row make_equal=\u00a0\u00bbon\u00a0\u00bb _builder_version=\u00a0\u00bb4.4.8&Prime; width=\u00a0\u00bb100%\u00a0\u00bb max_width=\u00a0\u00bb900px\u00a0\u00bb locked=\u00a0\u00bboff\u00a0\u00bb][et_pb_column type=\u00a0\u00bb4_4&Prime; _builder_version=\u00a0\u00bb4.4.8&Prime;][et_pb_text _builder_version=\u00a0\u00bb4.4.9&Prime; header_font=\u00a0\u00bbGill Sans MT Bold||||||||\u00a0\u00bb header_text_align=\u00a0\u00bbcenter\u00a0\u00bb header_text_color=\u00a0\u00bb#ffffff\u00a0\u00bb header_font_size=\u00a0\u00bb60px\u00a0\u00bb header_font_size_tablet=\u00a0\u00bb\u00a0\u00bb header_font_size_phone=\u00a0\u00bb38px\u00a0\u00bb header_font_size_last_edited=\u00a0\u00bbon|phone\u00a0\u00bb]<\/p>\n<h1>Jeunes pris en charge<\/h1>\n<p>[\/et_pb_text][\/et_pb_column][\/et_pb_row][\/et_pb_section][et_pb_section fb_built=\u00a0\u00bb1&Prime; specialty=\u00a0\u00bbon\u00a0\u00bb module_class_1=\u00a0\u00bbinner-menu-mobile-column\u00a0\u00bb _builder_version=\u00a0\u00bb4.4.9&Prime; module_alignment=\u00a0\u00bbcenter\u00a0\u00bb inner_module_alignment=\u00a0\u00bbcenter\u00a0\u00bb custom_padding=\u00a0\u00bb25px||||false|false\u00a0\u00bb da_disable_devices=\u00a0\u00bboff|off|off\u00a0\u00bb da_is_popup=\u00a0\u00bboff\u00a0\u00bb da_exit_intent=\u00a0\u00bboff\u00a0\u00bb da_has_close=\u00a0\u00bbon\u00a0\u00bb da_alt_close=\u00a0\u00bboff\u00a0\u00bb da_dark_close=\u00a0\u00bboff\u00a0\u00bb da_not_modal=\u00a0\u00bbon\u00a0\u00bb da_is_singular=\u00a0\u00bboff\u00a0\u00bb da_with_loader=\u00a0\u00bboff\u00a0\u00bb da_has_shadow=\u00a0\u00bbon\u00a0\u00bb][et_pb_column type=\u00a0\u00bb1_4&Prime; _builder_version=\u00a0\u00bb3.25&Prime; custom_padding=\u00a0\u00bb|||\u00a0\u00bb custom_padding__hover=\u00a0\u00bb|||\u00a0\u00bb][dsm_menu menu_id=\u00a0\u00bb25&Prime; menu_link_text_color=\u00a0\u00bb#4e5f6f\u00a0\u00bb menu_space_between=\u00a0\u00bb3px\u00a0\u00bb list_style_color=\u00a0\u00bb#4e5f6f\u00a0\u00bb module_id=\u00a0\u00bbinternal-menu\u00a0\u00bb module_class=\u00a0\u00bbinternal-menu\u00a0\u00bb _builder_version=\u00a0\u00bb4.4.9&Prime; menu_font=\u00a0\u00bbGill Sans MT Bold||||||||\u00a0\u00bb menu_font_size=\u00a0\u00bb17px\u00a0\u00bb custom_margin=\u00a0\u00bb||||false|false\u00a0\u00bb custom_padding=\u00a0\u00bb||||false|false\u00a0\u00bb global_module=\u00a0\u00bb5795&Prime; saved_tabs=\u00a0\u00bball\u00a0\u00bb menu_link_text_color__hover_enabled=\u00a0\u00bbon|hover\u00a0\u00bb menu_link_text_color__hover=\u00a0\u00bb#493d6f\u00a0\u00bb][\/dsm_menu][\/et_pb_column][et_pb_column type=\u00a0\u00bb3_4&Prime; specialty_columns=\u00a0\u00bb3&Prime; _builder_version=\u00a0\u00bb3.25&Prime; custom_padding=\u00a0\u00bb|||\u00a0\u00bb custom_padding__hover=\u00a0\u00bb|||\u00a0\u00bb][et_pb_row_inner _builder_version=\u00a0\u00bb4.4.8&Prime; custom_padding=\u00a0\u00bb||0px||false|false\u00a0\u00bb][et_pb_column_inner saved_specialty_column_type=\u00a0\u00bb2_3&Prime; _builder_version=\u00a0\u00bb4.4.8&Prime;][et_pb_text _builder_version=\u00a0\u00bb4.4.8&Prime; text_font=\u00a0\u00bbGill Sans MT Regular||||||||\u00a0\u00bb text_text_color=\u00a0\u00bb#1b82bd\u00a0\u00bb text_font_size=\u00a0\u00bb17px\u00a0\u00bb text_line_height=\u00a0\u00bb0.6em\u00a0\u00bb header_text_align=\u00a0\u00bbcenter\u00a0\u00bb header_2_font=\u00a0\u00bbGill Sans MT Bold||||||||\u00a0\u00bb header_2_text_align=\u00a0\u00bbleft\u00a0\u00bb header_2_text_color=\u00a0\u00bb#1b82bd\u00a0\u00bb header_2_font_size=\u00a0\u00bb22px\u00a0\u00bb custom_margin=\u00a0\u00bb||10px||false|false\u00a0\u00bb custom_padding=\u00a0\u00bb||||false|false\u00a0\u00bb]<\/p>\n<h2>Programme G.O.A.L.S.<\/h2>\n<p>(Good Outcomes And Living Successfully &#8211; Bons r\u251c\u00aesultats et vie r\u251c\u00aeussie)<\/p>\n<p>[\/et_pb_text][et_pb_text _builder_version=\u00a0\u00bb4.4.8&Prime; text_font=\u00a0\u00bbGill Sans MT Regular||||||||\u00a0\u00bb text_font_size=\u00a0\u00bb18px\u00a0\u00bb header_font=\u00a0\u00bbGill Sans MT Regular||||||||\u00a0\u00bb custom_margin=\u00a0\u00bb||10px||false|false\u00a0\u00bb custom_padding=\u00a0\u00bb10px||||false|false\u00a0\u00bb]<\/p>\n<p>Le pr\u251c\u00aepos\u251c\u00ae au programme GOALS de la Soci\u251c\u00aet\u251c\u00ae d&rsquo;aide \u251c\u00e1 l&rsquo;enfance de Nipissing et de Parry Sound a comme r\u251c\u2524le de fournir aux jeunes pris en charge ou aux anciens jeunes pris en charge une \u251c\u00aeducation, un encadrement et un soutien afin qu&rsquo;ils am\u251c\u00aeliorent leurs aptitudes \u251c\u00e1 la vie quotidienne, afin que nos jeunes soient mieux pr\u251c\u00aepar\u251c\u00aes \u251c\u00e1 vivre de fa\u251c\u00baon autonome. Le programme comprend du travail en groupe et individuel. <span style=\"font-size: 18px;\"> <\/span><\/p>\n<p>[\/et_pb_text][\/et_pb_column_inner][\/et_pb_row_inner][et_pb_row_inner column_structure=\u00a0\u00bb1_2,1_2&Prime; use_custom_gutter=\u00a0\u00bbon\u00a0\u00bb gutter_width=\u00a0\u00bb2&Prime; _builder_version=\u00a0\u00bb4.4.8&Prime; custom_margin=\u00a0\u00bb||||false|false\u00a0\u00bb custom_padding=\u00a0\u00bb5px||10px||false|false\u00a0\u00bb][et_pb_column_inner type=\u00a0\u00bb1_2&Prime; saved_specialty_column_type=\u00a0\u00bb3_4&Prime; _builder_version=\u00a0\u00bb4.4.8&Prime;][et_pb_image src=\u00a0\u00bbhttps:\/\/www.parnipcas.org\/wp-content\/uploads\/2020\/08\/shutterstock_1377192404-scaled.jpg\u00a0\u00bb title_text=\u00a0\u00bbVoyageur\u00a0\u00bb _builder_version=\u00a0\u00bb4.5.6&Prime; hover_enabled=\u00a0\u00bb0&Prime;][\/et_pb_image][\/et_pb_column_inner][et_pb_column_inner type=\u00a0\u00bb1_2&Prime; saved_specialty_column_type=\u00a0\u00bb3_4&Prime; _builder_version=\u00a0\u00bb4.4.8&Prime;][et_pb_text _builder_version=\u00a0\u00bb4.4.8&Prime; text_font=\u00a0\u00bbGill Sans MT Regular||||||||\u00a0\u00bb text_font_size=\u00a0\u00bb18px\u00a0\u00bb header_font=\u00a0\u00bbGill Sans MT Regular||||||||\u00a0\u00bb]<\/p>\n<p>Nous encourageons nos jeunes \u251c\u00e1 am\u251c\u00aeliorer certaines aptitudes telles que les soins personnels, la vie en appartement, la gestion de l&rsquo;argent, la cuisine et les comp\u251c\u00aetences d&#8217;emploi. Des partenariats ont \u251c\u00aet\u251c\u00ae \u251c\u00aetablis avec d&rsquo;autres organismes communautaires pour offrir des ateliers et des exp\u251c\u00aeriences d&rsquo;apprentissage pratiques pour les jeunes. <\/p>\n<p>Le programme GOALS fournit \u251c\u00aegalement un soutien affectif suppl\u251c\u00aementaire \u251c\u00e1 nos jeunes afin de permettre une transition facile vers l&rsquo;autonomie.<\/p>\n<p>[\/et_pb_text][\/et_pb_column_inner][\/et_pb_row_inner][et_pb_row_inner use_custom_gutter=\u00a0\u00bbon\u00a0\u00bb gutter_width=\u00a0\u00bb2&Prime; _builder_version=\u00a0\u00bb4.4.8&Prime; custom_margin=\u00a0\u00bb||||false|false\u00a0\u00bb custom_padding=\u00a0\u00bb||10px||false|false\u00a0\u00bb][et_pb_column_inner saved_specialty_column_type=\u00a0\u00bb3_4&Prime; _builder_version=\u00a0\u00bb4.4.8&Prime;][et_pb_text _builder_version=\u00a0\u00bb4.4.8&Prime; header_2_font=\u00a0\u00bbGill Sans MT Bold||||||||\u00a0\u00bb header_2_text_color=\u00a0\u00bb#1b82bd\u00a0\u00bb header_2_font_size=\u00a0\u00bb22px\u00a0\u00bb header_3_font=\u00a0\u00bbGill Sans MT Bold||||||||\u00a0\u00bb header_3_text_color=\u00a0\u00bb#1b82bd\u00a0\u00bb custom_margin=\u00a0\u00bb||10px||false|false\u00a0\u00bb custom_padding=\u00a0\u00bb||||false|false\u00a0\u00bb locked=\u00a0\u00bboff\u00a0\u00bb]<\/p>\n<h3>Admissibilit\u251c\u00ae:<\/h3>\n<p>[\/et_pb_text][et_pb_text _builder_version=\u00a0\u00bb4.4.8&Prime; text_font=\u00a0\u00bbGill Sans MT Regular||||||||\u00a0\u00bb text_font_size=\u00a0\u00bb18px\u00a0\u00bb header_font=\u00a0\u00bbGill Sans MT Regular||||||||\u00a0\u00bb]<\/p>\n<p>Les jeunes admissibles sont d&rsquo;anciens pupilles de la Couronne ou des jeunes qui \u251c\u00aetaient admissibles au Programme de soins et de soutien continus pour les jeunes (SSCJ) ou au Programme de soins et d\u00d4\u00c7\u00d6entretien prolong\u251c\u00aes (SEP), et qui ont entre 21 et 25 ans. <\/p>\n<p>[\/et_pb_text][et_pb_text _builder_version=\u00a0\u00bb4.4.8&Prime; text_font=\u00a0\u00bbGill Sans MT Regular||||||||\u00a0\u00bb text_font_size=\u00a0\u00bb18px\u00a0\u00bb header_font=\u00a0\u00bbGill Sans MT Regular||||||||\u00a0\u00bb header_4_font=\u00a0\u00bbGill Sans MT Bold||||||||\u00a0\u00bb header_4_text_align=\u00a0\u00bbleft\u00a0\u00bb header_4_text_color=\u00a0\u00bb#4e5f6f\u00a0\u00bb custom_margin=\u00a0\u00bb||10px|||\u00a0\u00bb]<\/p>\n<h4>Cela inclut les jeunes:<\/h4>\n<p>[\/et_pb_text][et_pb_text _builder_version=\u00a0\u00bb4.4.8&Prime; text_font=\u00a0\u00bbGill Sans MT Regular||||||||\u00a0\u00bb text_font_size=\u00a0\u00bb18px\u00a0\u00bb header_font=\u00a0\u00bbGill Sans MT Regular||||||||\u00a0\u00bb]<\/p>\n<ul>\n<li>dont le statut de pupille de la Couronne a pris fin \u251c\u00e1 l\u00d4\u00c7\u00d6\u251c\u00f3ge de 18 ans;<\/li>\n<li>qui \u251c\u00aetaient assujettis \u251c\u00e1 une Entente de soins conformes aux traditions (formelle) ou \u251c\u00e1 une ordonnance de d\u251c\u00aetention pr\u251c\u00aeventive \u251c\u00e1 l\u00d4\u00c7\u00d6\u251c\u00f3ge de 18 ans;<\/li>\n<li>qui \u251c\u00aetaient admissibles \u251c\u00e1 recevoir du soutien aux termes du Programme de soutien prolong\u251c\u00ae aux jeunes (SPJ).<\/li>\n<\/ul>\n<p>[\/et_pb_text][\/et_pb_column_inner][\/et_pb_row_inner][et_pb_row_inner _builder_version=\u00a0\u00bb4.4.8&Prime; custom_margin=\u00a0\u00bb0px||0px||false|false\u00a0\u00bb custom_padding=\u00a0\u00bb10px||10px||false|false\u00a0\u00bb border_width_all=\u00a0\u00bb3px\u00a0\u00bb border_color_all=\u00a0\u00bb#edf0f1&Prime; locked=\u00a0\u00bboff\u00a0\u00bb][et_pb_column_inner saved_specialty_column_type=\u00a0\u00bb3_4&Prime; _builder_version=\u00a0\u00bb4.4.8&Prime;][et_pb_text _builder_version=\u00a0\u00bb4.4.8&Prime; text_font=\u00a0\u00bbGill Sans MT Bold||||||||\u00a0\u00bb text_text_color=\u00a0\u00bb#4e5f6f\u00a0\u00bb text_font_size=\u00a0\u00bb18px\u00a0\u00bb header_font=\u00a0\u00bbGill Sans MT Regular||||||||\u00a0\u00bb header_4_font=\u00a0\u00bbGill Sans MT Bold||||||||\u00a0\u00bb header_4_text_align=\u00a0\u00bbcenter\u00a0\u00bb header_4_text_color=\u00a0\u00bb#1b2b42&Prime; custom_margin=\u00a0\u00bb0px||0px||false|false\u00a0\u00bb custom_padding=\u00a0\u00bb10px||0px||false|false\u00a0\u00bb]<\/p>\n<h4>Les programmes de groupe favorisent l\u00d4\u00c7\u00d6autonomie individuelle. Ils sont offerts annuellement d\u00d4\u00c7\u00d6octobre \u251c\u00e1 mai.<\/h4>\n<p>[\/et_pb_text][\/et_pb_column_inner][\/et_pb_row_inner][et_pb_row_inner use_custom_gutter=\u00a0\u00bbon\u00a0\u00bb gutter_width=\u00a0\u00bb2&Prime; _builder_version=\u00a0\u00bb4.4.8&Prime; custom_margin=\u00a0\u00bb||||false|false\u00a0\u00bb custom_padding=\u00a0\u00bb||0px||false|false\u00a0\u00bb][et_pb_column_inner saved_specialty_column_type=\u00a0\u00bb3_4&Prime; _builder_version=\u00a0\u00bb4.4.8&Prime;][et_pb_text _builder_version=\u00a0\u00bb4.4.8&Prime; text_font=\u00a0\u00bbGill Sans MT Regular||||||||\u00a0\u00bb text_font_size=\u00a0\u00bb18px\u00a0\u00bb header_font=\u00a0\u00bbGill Sans MT Regular||||||||\u00a0\u00bb header_4_font=\u00a0\u00bbGill Sans MT Bold||||||||\u00a0\u00bb header_4_text_align=\u00a0\u00bbleft\u00a0\u00bb header_4_text_color=\u00a0\u00bb#4e5f6f\u00a0\u00bb custom_margin=\u00a0\u00bb||10px|||\u00a0\u00bb]<\/p>\n<h4>Sujets :<\/h4>\n<p>[\/et_pb_text][\/et_pb_column_inner][\/et_pb_row_inner][et_pb_row_inner column_structure=\u00a0\u00bb1_2,1_2&Prime; use_custom_gutter=\u00a0\u00bbon\u00a0\u00bb gutter_width=\u00a0\u00bb2&Prime; disabled_on=\u00a0\u00bbon|on|off\u00a0\u00bb _builder_version=\u00a0\u00bb4.4.9&Prime; custom_margin=\u00a0\u00bb||||false|false\u00a0\u00bb custom_padding=\u00a0\u00bb5px||10px||false|false\u00a0\u00bb][et_pb_column_inner type=\u00a0\u00bb1_2&Prime; saved_specialty_column_type=\u00a0\u00bb3_4&Prime; _builder_version=\u00a0\u00bb4.4.8&Prime;][et_pb_text _builder_version=\u00a0\u00bb4.4.8&Prime; text_font=\u00a0\u00bbGill Sans MT Regular||||||||\u00a0\u00bb text_font_size=\u00a0\u00bb18px\u00a0\u00bb header_font=\u00a0\u00bbGill Sans MT Regular||||||||\u00a0\u00bb]<\/p>\n<ul>\n<li>\u00d4\u00c7\u00f3 Pr\u251c\u00aeparation du curriculum vit\u251c\u00aa et de la lettre de pr\u251c\u00aesentation\/comp\u251c\u00aetences d\u00d4\u00c7\u00d6entrevue<\/li>\n<li>Pr\u251c\u00aeparation d\u00d4\u00c7\u00d6aliments<\/li>\n<li>Mental Health\/Healthy Relationship<\/li>\n<li>Premiers soins<\/li>\n<\/ul>\n<p>[\/et_pb_text][\/et_pb_column_inner][et_pb_column_inner type=\u00a0\u00bb1_2&Prime; saved_specialty_column_type=\u00a0\u00bb3_4&Prime; _builder_version=\u00a0\u00bb4.4.8&Prime;][et_pb_text _builder_version=\u00a0\u00bb4.4.9&Prime; text_font=\u00a0\u00bbGill Sans MT Regular||||||||\u00a0\u00bb text_font_size=\u00a0\u00bb18px\u00a0\u00bb header_font=\u00a0\u00bbGill Sans MT Regular||||||||\u00a0\u00bb]<\/p>\n<ul>\n<li>S\u251c\u00aecurit\u251c\u00ae sur Internet<\/li>\n<li>Recherche de logement\/Commission de la location immobili\u251c\u00bfre<\/li>\n<li>Souper de No\u251c\u00bdl<\/li>\n<li>Entretien m\u251c\u00aenager<\/li>\n<\/ul>\n<p>[\/et_pb_text][\/et_pb_column_inner][\/et_pb_row_inner][et_pb_row_inner use_custom_gutter=\u00a0\u00bbon\u00a0\u00bb gutter_width=\u00a0\u00bb2&Prime; disabled_on=\u00a0\u00bboff|off|on\u00a0\u00bb _builder_version=\u00a0\u00bb4.4.9&Prime; custom_margin=\u00a0\u00bb||||false|false\u00a0\u00bb custom_padding=\u00a0\u00bb5px||10px||false|false\u00a0\u00bb][et_pb_column_inner saved_specialty_column_type=\u00a0\u00bb3_4&Prime; _builder_version=\u00a0\u00bb4.4.8&Prime;][et_pb_text _builder_version=\u00a0\u00bb4.4.9&Prime; text_font=\u00a0\u00bbGill Sans MT Regular||||||||\u00a0\u00bb text_font_size=\u00a0\u00bb18px\u00a0\u00bb header_font=\u00a0\u00bbGill Sans MT Regular||||||||\u00a0\u00bb]<\/p>\n<ul>\n<li>Pr\u251c\u00aeparation du curriculum vit\u251c\u00aa et de la lettre de pr\u251c\u00aesentation\/comp\u251c\u00aetences d\u00d4\u00c7\u00d6entrevue<\/li>\n<li>Pr\u251c\u00aeparation d\u00d4\u00c7\u00d6aliments<\/li>\n<li>Sant\u251c\u00ae mentale et relations saines<\/li>\n<li>First Aid training<\/li>\n<li>S\u251c\u00aecurit\u251c\u00ae sur Internet<\/li>\n<li>Recherche de logement\/Commission de la location immobili\u251c\u00bfre<\/li>\n<li>Souper de No\u251c\u00bdl<\/li>\n<li>Entretien m\u251c\u00aenager<\/li>\n<\/ul>\n<p>[\/et_pb_text][\/et_pb_column_inner][\/et_pb_row_inner][\/et_pb_column][\/et_pb_section]<\/p>\n","protected":false},"excerpt":{"rendered":"<p>Jeunes pris en charge<div id=\"internal-menu\" class=\"et_pb_module dsm_menu dsm_menu_0 internal-menu  et_pb_text_align_left et_pb_bg_layout_light\">\n\t\t\t\t\n\t\t\t\t\n\t\t\t\t\n\t\t\t\t\n\t\t\t\t\n\t\t\t\t\n\t\t\t\t<div class=\"et_pb_module_inner\">\n\t\t\t\t\t<nav class=\"dsm-menu-container\" role=\"navigation\" itemscope itemtype=\"http:\/\/schema.org\/SiteNavigationElement\"><ul id=\"menu-youth-in-care-inner-menu-french\" class=\"dsm-menu dsm-menu-style-type-disc dsm-menu-layout-vertical\"><li id=\"menu-item-8183\" class=\"et_pb_menu_page_id-8179 menu-item menu-item-type-post_type menu-item-object-page menu-item-8183\"><a href=\"https:\/\/www.parnipcas.org\/fr\/jeunes-pris-en-charge\/\" itemprop=\"url\"><span itemprop=\"name\">Initiative des avantages sociaux pour les jeunes quittant la prise en charge<\/span><\/a><\/li>\n<li id=\"menu-item-8184\" class=\"et_pb_menu_page_id-8176 menu-item menu-item-type-post_type menu-item-object-page menu-item-8184\"><a href=\"https:\/\/www.parnipcas.org\/fr\/jeunes-pris-en-charge\/yic-source\/\" itemprop=\"url\"><span itemprop=\"name\">YIC Source<\/span><\/a><\/li>\n<li id=\"menu-item-8587\" class=\"et_pb_menu_page_id-8577 menu-item menu-item-type-post_type menu-item-object-page menu-item-8587\"><a href=\"https:\/\/www.parnipcas.org\/fr\/jeunes-pris-en-charge\/programme-de-preparation-a-lautonomie\/\" itemprop=\"url\"><span itemprop=\"name\">Programme de pr\u251c\u00aeparation \u251c\u00e1 l&rsquo;autonomie<\/span><\/a><\/li>\n<li id=\"menu-item-8588\" class=\"et_pb_menu_page_id-8583 menu-item menu-item-type-post_type menu-item-object-page menu-item-8588\"><a href=\"https:\/\/www.parnipcas.org\/fr\/jeunes-pris-en-charge\/etudes-postsecondaires\/\" itemprop=\"url\"><span itemprop=\"name\">\u251c\u00ebtudes postsecondaires<\/span><\/a><\/li>\n<li id=\"menu-item-8736\" class=\"et_pb_menu_page_id-8590 menu-item menu-item-type-post_type menu-item-object-page menu-item-8736\"><a href=\"https:\/\/www.parnipcas.org\/fr\/jeunes-pris-en-charge\/programme-goals\/\" itemprop=\"url\"><span itemprop=\"name\">Programme GOALS<\/span><\/a><\/li>\n<li id=\"menu-item-8199\" class=\"et_pb_menu_page_id-8187 menu-item menu-item-type-post_type menu-item-object-page menu-item-8199\"><a href=\"https:\/\/www.parnipcas.org\/fr\/jeunes-pris-en-charge\/soutien-au-logement\/\" itemprop=\"url\"><span itemprop=\"name\">Soutien au logement<\/span><\/a><\/li>\n<li id=\"menu-item-8200\" class=\"et_pb_menu_page_id-8193 menu-item menu-item-type-post_type menu-item-object-page menu-item-8200\"><a href=\"https:\/\/www.parnipcas.org\/fr\/jeunes-pris-en-charge\/school-of-success-et-learning-for-life\/\" itemprop=\"url\"><span itemprop=\"name\">School of Success et Learning for Life<\/span><\/a><\/li>\n<\/ul><\/nav>\n\t\t\t\t<\/div>\n\t\t\t<\/div>Programme G.O.A.L.S. (Good Outcomes And Living Successfully &#8211; Bons r\u251c\u00aesultats et vie r\u251c\u00aeussie)Le pr\u251c\u00aepos\u251c\u00ae au programme GOALS de la Soci\u251c\u00aet\u251c\u00ae d&rsquo;aide \u251c\u00e1 l&rsquo;enfance de Nipissing et de Parry Sound a comme r\u251c\u2524le de fournir [&hellip;]<\/p>\n","protected":false},"author":6,"featured_media":0,"parent":8179,"menu_order":0,"comment_status":"closed","ping_status":"closed","template":"","meta":{"_et_pb_use_builder":"on","_et_pb_old_content":"","_et_gb_content_width":"","footnotes":""},"class_list":["post-8590","page","type-page","status-publish","hentry"],"yoast_head":"<!-- This site is optimized with the Yoast SEO plugin v27.4 - https:\/\/yoast.com\/product\/yoast-seo-wordpress\/ -->\n<title>Programme GOALS - Children&#039;s Aid Society<\/title>\n<meta name=\"robots\" content=\"index, follow, max-snippet:-1, max-image-preview:large, max-video-preview:-1\" \/>\n<link rel=\"canonical\" href=\"https:\/\/www.parnipcas.org\/fr\/jeunes-pris-en-charge\/programme-goals\/\" \/>\n<meta property=\"og:locale\" content=\"fr_FR\" \/>\n<meta property=\"og:type\" content=\"article\" \/>\n<meta property=\"og:title\" content=\"Programme GOALS - Children&#039;s Aid Society\" \/>\n<meta property=\"og:description\" content=\"Jeunes pris en chargeProgramme G.O.A.L.S. (Good Outcomes And Living Successfully - Bons r\u251c\u00aesultats et vie r\u251c\u00aeussie)Le pr\u251c\u00aepos\u251c\u00ae au programme GOALS de la Soci\u251c\u00aet\u251c\u00ae d&#039;aide \u251c\u00e1 l&#039;enfance de Nipissing et de Parry Sound a comme r\u251c\u2524le de fournir [&hellip;]\" \/>\n<meta property=\"og:url\" content=\"https:\/\/www.parnipcas.org\/fr\/jeunes-pris-en-charge\/programme-goals\/\" \/>\n<meta property=\"og:site_name\" content=\"Children&#039;s Aid Society\" \/>\n<meta property=\"article:modified_time\" content=\"2020-08-17T15:54:50+00:00\" \/>\n<meta name=\"twitter:card\" content=\"summary_large_image\" \/>\n<meta name=\"twitter:label1\" content=\"Dur\u00e9e de lecture estim\u00e9e\" \/>\n\t<meta name=\"twitter:data1\" content=\"7 minutes\" \/>\n<script type=\"application\/ld+json\" class=\"yoast-schema-graph\">{\"@context\":\"https:\\\/\\\/schema.org\",\"@graph\":[{\"@type\":\"WebPage\",\"@id\":\"https:\\\/\\\/www.parnipcas.org\\\/fr\\\/jeunes-pris-en-charge\\\/programme-goals\\\/\",\"url\":\"https:\\\/\\\/www.parnipcas.org\\\/fr\\\/jeunes-pris-en-charge\\\/programme-goals\\\/\",\"name\":\"Programme GOALS - Children&#039;s Aid Society\",\"isPartOf\":{\"@id\":\"https:\\\/\\\/www.parnipcas.org\\\/#website\"},\"datePublished\":\"2020-08-17T15:54:49+00:00\",\"dateModified\":\"2020-08-17T15:54:50+00:00\",\"breadcrumb\":{\"@id\":\"https:\\\/\\\/www.parnipcas.org\\\/fr\\\/jeunes-pris-en-charge\\\/programme-goals\\\/#breadcrumb\"},\"inLanguage\":\"fr-FR\",\"potentialAction\":[{\"@type\":\"ReadAction\",\"target\":[\"https:\\\/\\\/www.parnipcas.org\\\/fr\\\/jeunes-pris-en-charge\\\/programme-goals\\\/\"]}]},{\"@type\":\"BreadcrumbList\",\"@id\":\"https:\\\/\\\/www.parnipcas.org\\\/fr\\\/jeunes-pris-en-charge\\\/programme-goals\\\/#breadcrumb\",\"itemListElement\":[{\"@type\":\"ListItem\",\"position\":1,\"name\":\"Home\",\"item\":\"https:\\\/\\\/www.parnipcas.org\\\/fr\\\/\"},{\"@type\":\"ListItem\",\"position\":2,\"name\":\"Jeunes pris en charge\",\"item\":\"https:\\\/\\\/www.parnipcas.org\\\/fr\\\/jeunes-pris-en-charge\\\/\"},{\"@type\":\"ListItem\",\"position\":3,\"name\":\"Programme GOALS\"}]},{\"@type\":\"WebSite\",\"@id\":\"https:\\\/\\\/www.parnipcas.org\\\/#website\",\"url\":\"https:\\\/\\\/www.parnipcas.org\\\/\",\"name\":\"Children&#039;s Aid Society\",\"description\":\"Nipissing &amp; Parry Sound District\",\"potentialAction\":[{\"@type\":\"SearchAction\",\"target\":{\"@type\":\"EntryPoint\",\"urlTemplate\":\"https:\\\/\\\/www.parnipcas.org\\\/?s={search_term_string}\"},\"query-input\":{\"@type\":\"PropertyValueSpecification\",\"valueRequired\":true,\"valueName\":\"search_term_string\"}}],\"inLanguage\":\"fr-FR\"}]}<\/script>\n<!-- \/ Yoast SEO plugin. -->","yoast_head_json":{"title":"Programme GOALS - Children&#039;s Aid Society","robots":{"index":"index","follow":"follow","max-snippet":"max-snippet:-1","max-image-preview":"max-image-preview:large","max-video-preview":"max-video-preview:-1"},"canonical":"https:\/\/www.parnipcas.org\/fr\/jeunes-pris-en-charge\/programme-goals\/","og_locale":"fr_FR","og_type":"article","og_title":"Programme GOALS - Children&#039;s Aid Society","og_description":"Jeunes pris en chargeProgramme G.O.A.L.S. (Good Outcomes And Living Successfully - Bons r\u251c\u00aesultats et vie r\u251c\u00aeussie)Le pr\u251c\u00aepos\u251c\u00ae au programme GOALS de la Soci\u251c\u00aet\u251c\u00ae d'aide \u251c\u00e1 l'enfance de Nipissing et de Parry Sound a comme r\u251c\u2524le de fournir [&hellip;]","og_url":"https:\/\/www.parnipcas.org\/fr\/jeunes-pris-en-charge\/programme-goals\/","og_site_name":"Children&#039;s Aid Society","article_modified_time":"2020-08-17T15:54:50+00:00","twitter_card":"summary_large_image","twitter_misc":{"Dur\u00e9e de lecture estim\u00e9e":"7 minutes"},"schema":{"@context":"https:\/\/schema.org","@graph":[{"@type":"WebPage","@id":"https:\/\/www.parnipcas.org\/fr\/jeunes-pris-en-charge\/programme-goals\/","url":"https:\/\/www.parnipcas.org\/fr\/jeunes-pris-en-charge\/programme-goals\/","name":"Programme GOALS - Children&#039;s Aid Society","isPartOf":{"@id":"https:\/\/www.parnipcas.org\/#website"},"datePublished":"2020-08-17T15:54:49+00:00","dateModified":"2020-08-17T15:54:50+00:00","breadcrumb":{"@id":"https:\/\/www.parnipcas.org\/fr\/jeunes-pris-en-charge\/programme-goals\/#breadcrumb"},"inLanguage":"fr-FR","potentialAction":[{"@type":"ReadAction","target":["https:\/\/www.parnipcas.org\/fr\/jeunes-pris-en-charge\/programme-goals\/"]}]},{"@type":"BreadcrumbList","@id":"https:\/\/www.parnipcas.org\/fr\/jeunes-pris-en-charge\/programme-goals\/#breadcrumb","itemListElement":[{"@type":"ListItem","position":1,"name":"Home","item":"https:\/\/www.parnipcas.org\/fr\/"},{"@type":"ListItem","position":2,"name":"Jeunes pris en charge","item":"https:\/\/www.parnipcas.org\/fr\/jeunes-pris-en-charge\/"},{"@type":"ListItem","position":3,"name":"Programme GOALS"}]},{"@type":"WebSite","@id":"https:\/\/www.parnipcas.org\/#website","url":"https:\/\/www.parnipcas.org\/","name":"Children&#039;s Aid Society","description":"Nipissing &amp; Parry Sound District","potentialAction":[{"@type":"SearchAction","target":{"@type":"EntryPoint","urlTemplate":"https:\/\/www.parnipcas.org\/?s={search_term_string}"},"query-input":{"@type":"PropertyValueSpecification","valueRequired":true,"valueName":"search_term_string"}}],"inLanguage":"fr-FR"}]}},"_links":{"self":[{"href":"https:\/\/www.parnipcas.org\/fr\/wp-json\/wp\/v2\/pages\/8590","targetHints":{"allow":["GET"]}}],"collection":[{"href":"https:\/\/www.parnipcas.org\/fr\/wp-json\/wp\/v2\/pages"}],"about":[{"href":"https:\/\/www.parnipcas.org\/fr\/wp-json\/wp\/v2\/types\/page"}],"author":[{"embeddable":true,"href":"https:\/\/www.parnipcas.org\/fr\/wp-json\/wp\/v2\/users\/6"}],"replies":[{"embeddable":true,"href":"https:\/\/www.parnipcas.org\/fr\/wp-json\/wp\/v2\/comments?post=8590"}],"version-history":[{"count":4,"href":"https:\/\/www.parnipcas.org\/fr\/wp-json\/wp\/v2\/pages\/8590\/revisions"}],"predecessor-version":[{"id":8594,"href":"https:\/\/www.parnipcas.org\/fr\/wp-json\/wp\/v2\/pages\/8590\/revisions\/8594"}],"up":[{"embeddable":true,"href":"https:\/\/www.parnipcas.org\/fr\/wp-json\/wp\/v2\/pages\/8179"}],"wp:attachment":[{"href":"https:\/\/www.parnipcas.org\/fr\/wp-json\/wp\/v2\/media?parent=8590"}],"curies":[{"name":"wp","href":"https:\/\/api.w.org\/{rel}","templated":true}]}}