{"id":9377,"date":"2020-11-11T15:46:16","date_gmt":"2020-11-11T20:46:16","guid":{"rendered":"https:\/\/www.parnipcas.org\/faites-un-don\/projet-sourires-des-fetes-faqs\/"},"modified":"2020-11-11T15:48:11","modified_gmt":"2020-11-11T20:48:11","slug":"projet-sourires-des-fetes-faqs","status":"publish","type":"page","link":"https:\/\/www.parnipcas.org\/fr\/faites-un-don\/projet-sourires-des-fetes-faqs\/","title":{"rendered":"Projet Sourires des F\u251c\u00actes &#8211; FAQs"},"content":{"rendered":"<p>[et_pb_section fb_built=\u00a0\u00bb1&Prime; _builder_version=\u00a0\u00bb4.5.6&Prime; background_color=\u00a0\u00bb#1b2b42&Prime; use_background_color_gradient=\u00a0\u00bbon\u00a0\u00bb background_color_gradient_start=\u00a0\u00bbrgba(27,43,66,0.87)\u00a0\u00bb background_color_gradient_end=\u00a0\u00bbrgba(0,39,94,0.93)\u00a0\u00bb background_color_gradient_overlays_image=\u00a0\u00bbon\u00a0\u00bb background_image=\u00a0\u00bbhttps:\/\/www.parnipcas.org\/wp-content\/uploads\/2020\/08\/Header-5-scaled-e1597165947551.jpg\u00a0\u00bb background_position=\u00a0\u00bbtop_center\u00a0\u00bb custom_padding=\u00a0\u00bb||||true|false\u00a0\u00bb da_disable_devices=\u00a0\u00bboff|off|off\u00a0\u00bb saved_tabs=\u00a0\u00bball\u00a0\u00bb da_is_popup=\u00a0\u00bboff\u00a0\u00bb da_exit_intent=\u00a0\u00bboff\u00a0\u00bb da_has_close=\u00a0\u00bbon\u00a0\u00bb da_alt_close=\u00a0\u00bboff\u00a0\u00bb da_dark_close=\u00a0\u00bboff\u00a0\u00bb da_not_modal=\u00a0\u00bbon\u00a0\u00bb da_is_singular=\u00a0\u00bboff\u00a0\u00bb da_with_loader=\u00a0\u00bboff\u00a0\u00bb da_has_shadow=\u00a0\u00bbon\u00a0\u00bb][et_pb_row _builder_version=\u00a0\u00bb4.4.8&Prime;][et_pb_column type=\u00a0\u00bb4_4&Prime; _builder_version=\u00a0\u00bb4.4.8&Prime;][et_pb_blurb title=\u00a0\u00bbFaites un don\u00a0\u00bb image=\u00a0\u00bbhttps:\/\/www.parnipcas.org\/wp-content\/uploads\/2020\/07\/DonateIcon_White.png\u00a0\u00bb alt=\u00a0\u00bbFaire un don Ic\u251c\u2524ne repr\u251c\u00aesentant un c\u253c\u00f4ur avec un symbole d&rsquo;argent \u251c\u00e1 l&rsquo;int\u251c\u00aerieur,\u00a0\u00bb icon_placement=\u00a0\u00bbleft\u00a0\u00bb icon_placement_tablet=\u00a0\u00bb\u00a0\u00bb icon_placement_phone=\u00a0\u00bbtop\u00a0\u00bb icon_placement_last_edited=\u00a0\u00bbon|phone\u00a0\u00bb disabled_on=\u00a0\u00bbon|on|off\u00a0\u00bb module_id=\u00a0\u00bbdonate-icon-size\u00a0\u00bb _builder_version=\u00a0\u00bb4.6.3&Prime; header_level=\u00a0\u00bbh1&Prime; header_font=\u00a0\u00bb||||||||\u00a0\u00bb header_text_color=\u00a0\u00bb#ffffff\u00a0\u00bb header_font_size=\u00a0\u00bb60px\u00a0\u00bb custom_padding=\u00a0\u00bb|||18%|false|false\u00a0\u00bb header_text_align_tablet=\u00a0\u00bb\u00a0\u00bb header_text_align_phone=\u00a0\u00bbcenter\u00a0\u00bb header_text_align_last_edited=\u00a0\u00bbon|phone\u00a0\u00bb header_font_size_tablet=\u00a0\u00bb\u00a0\u00bb header_font_size_phone=\u00a0\u00bb50px\u00a0\u00bb header_font_size_last_edited=\u00a0\u00bbon|phone\u00a0\u00bb text_orientation_tablet=\u00a0\u00bb\u00a0\u00bb text_orientation_phone=\u00a0\u00bbcenter\u00a0\u00bb text_orientation_last_edited=\u00a0\u00bbon|phone\u00a0\u00bb][\/et_pb_blurb][et_pb_blurb title=\u00a0\u00bbFaites un don\u00a0\u00bb image=\u00a0\u00bbhttps:\/\/www.parnipcas.org\/wp-content\/uploads\/2020\/07\/DonateIcon_White.png\u00a0\u00bb alt=\u00a0\u00bbFaire un don Ic\u251c\u2524ne repr\u251c\u00aesentant un c\u253c\u00f4ur avec un symbole d&rsquo;argent \u251c\u00e1 l&rsquo;int\u251c\u00aerieur,\u00a0\u00bb image_max_width=\u00a0\u00bb20%\u00a0\u00bb image_max_width_tablet=\u00a0\u00bb12%\u00a0\u00bb image_max_width_phone=\u00a0\u00bb15%\u00a0\u00bb image_max_width_last_edited=\u00a0\u00bbon|phone\u00a0\u00bb disabled_on=\u00a0\u00bboff|off|on\u00a0\u00bb _builder_version=\u00a0\u00bb4.5.6&Prime; header_level=\u00a0\u00bbh1&Prime; header_font=\u00a0\u00bbGill Sans MT Bold||||||||\u00a0\u00bb header_text_align=\u00a0\u00bbcenter\u00a0\u00bb header_text_color=\u00a0\u00bb#ffffff\u00a0\u00bb header_font_size=\u00a0\u00bb60px\u00a0\u00bb header_line_height=\u00a0\u00bb1.2em\u00a0\u00bb module_alignment=\u00a0\u00bbcenter\u00a0\u00bb header_font_size_tablet=\u00a0\u00bb\u00a0\u00bb header_font_size_phone=\u00a0\u00bb50px\u00a0\u00bb header_font_size_last_edited=\u00a0\u00bbon|phone\u00a0\u00bb custom_css_blurb_image=\u00a0\u00bbmargin-bottom:20px;\u00a0\u00bb locked=\u00a0\u00bboff\u00a0\u00bb][\/et_pb_blurb][\/et_pb_column][\/et_pb_row][\/et_pb_section][et_pb_section fb_built=\u00a0\u00bb1&Prime; specialty=\u00a0\u00bbon\u00a0\u00bb module_class_1=\u00a0\u00bbinner-menu-mobile-column\u00a0\u00bb _builder_version=\u00a0\u00bb4.4.9&Prime; module_alignment=\u00a0\u00bbcenter\u00a0\u00bb inner_module_alignment=\u00a0\u00bbcenter\u00a0\u00bb custom_padding=\u00a0\u00bb25px||||false|false\u00a0\u00bb da_disable_devices=\u00a0\u00bboff|off|off\u00a0\u00bb da_is_popup=\u00a0\u00bboff\u00a0\u00bb da_exit_intent=\u00a0\u00bboff\u00a0\u00bb da_has_close=\u00a0\u00bbon\u00a0\u00bb da_alt_close=\u00a0\u00bboff\u00a0\u00bb da_dark_close=\u00a0\u00bboff\u00a0\u00bb da_not_modal=\u00a0\u00bbon\u00a0\u00bb da_is_singular=\u00a0\u00bboff\u00a0\u00bb da_with_loader=\u00a0\u00bboff\u00a0\u00bb da_has_shadow=\u00a0\u00bbon\u00a0\u00bb][et_pb_column type=\u00a0\u00bb1_4&Prime; _builder_version=\u00a0\u00bb3.25&Prime; custom_padding=\u00a0\u00bb|||\u00a0\u00bb custom_padding__hover=\u00a0\u00bb|||\u00a0\u00bb][dsm_menu menu_id=\u00a0\u00bb24&Prime; menu_link_text_color=\u00a0\u00bb#4e5f6f\u00a0\u00bb menu_space_between=\u00a0\u00bb3px\u00a0\u00bb list_style_color=\u00a0\u00bb#4e5f6f\u00a0\u00bb module_id=\u00a0\u00bbinternal-menu\u00a0\u00bb module_class=\u00a0\u00bbinternal-menu\u00a0\u00bb _builder_version=\u00a0\u00bb4.4.9&Prime; menu_font=\u00a0\u00bbGill Sans MT Bold||||||||\u00a0\u00bb menu_font_size=\u00a0\u00bb17px\u00a0\u00bb custom_margin=\u00a0\u00bb||||false|false\u00a0\u00bb custom_padding=\u00a0\u00bb||||false|false\u00a0\u00bb saved_tabs=\u00a0\u00bball\u00a0\u00bb menu_link_text_color__hover_enabled=\u00a0\u00bbon|hover\u00a0\u00bb menu_link_text_color__hover=\u00a0\u00bb#493d6f\u00a0\u00bb][\/dsm_menu][\/et_pb_column][et_pb_column type=\u00a0\u00bb3_4&Prime; specialty_columns=\u00a0\u00bb3&Prime; _builder_version=\u00a0\u00bb3.25&Prime; custom_padding=\u00a0\u00bb|||\u00a0\u00bb custom_padding__hover=\u00a0\u00bb|||\u00a0\u00bb][et_pb_row_inner _builder_version=\u00a0\u00bb4.4.8&Prime; custom_padding=\u00a0\u00bb||0px||false|false\u00a0\u00bb][et_pb_column_inner saved_specialty_column_type=\u00a0\u00bb2_3&Prime; _builder_version=\u00a0\u00bb4.4.8&Prime;][et_pb_text _builder_version=\u00a0\u00bb4.6.3&Prime; header_text_align=\u00a0\u00bbcenter\u00a0\u00bb header_2_font=\u00a0\u00bbGill Sans MT Bold||||||||\u00a0\u00bb header_2_text_align=\u00a0\u00bbleft\u00a0\u00bb header_2_text_color=\u00a0\u00bb#1b82bd\u00a0\u00bb header_2_font_size=\u00a0\u00bb22px\u00a0\u00bb custom_margin=\u00a0\u00bb||10px||false|false\u00a0\u00bb custom_padding=\u00a0\u00bb||||false|false\u00a0\u00bb]<\/p>\n<h2>Projet Sourires des F\u251c\u00actes &#8211; Questions et r\u251c\u00aeponses<\/h2>\n<p>[\/et_pb_text][et_pb_text _builder_version=\u00a0\u00bb4.6.3&Prime; text_font=\u00a0\u00bbGill Sans MT Regular||||||||\u00a0\u00bb text_font_size=\u00a0\u00bb18px\u00a0\u00bb header_font=\u00a0\u00bbGill Sans MT Regular||||||||\u00a0\u00bb hover_enabled=\u00a0\u00bb0&Prime; sticky_enabled=\u00a0\u00bb0&Prime;]<\/p>\n<p><span>Faites briller l\u00d4\u00c7\u00d6espoir cette ann\u251c\u00aee pour des enfants et des familles dans le besoin ici dans le district de Nipissing et Parry Sound. Participez au projet Sourires des F\u251c\u00actes et faites vivre une saison pleine de joie \u251c\u00e1 des enfants, des jeunes et des familles qui le m\u251c\u00aeritent bien!<\/span><\/p>\n<p>[\/et_pb_text][\/et_pb_column_inner][\/et_pb_row_inner][et_pb_row_inner use_custom_gutter=\u00a0\u00bbon\u00a0\u00bb gutter_width=\u00a0\u00bb2&Prime; _builder_version=\u00a0\u00bb4.6.3&Prime; custom_margin=\u00a0\u00bb||||false|false\u00a0\u00bb custom_padding=\u00a0\u00bb||5px||false|false\u00a0\u00bb][et_pb_column_inner saved_specialty_column_type=\u00a0\u00bb3_4&Prime; _builder_version=\u00a0\u00bb4.4.8&Prime;][et_pb_text _builder_version=\u00a0\u00bb4.6.3&Prime; text_font=\u00a0\u00bbGill Sans MT Regular||||||||\u00a0\u00bb text_text_color=\u00a0\u00bb#1b82bd\u00a0\u00bb text_font_size=\u00a0\u00bb18px\u00a0\u00bb header_font=\u00a0\u00bbGill Sans MT Regular||||||||\u00a0\u00bb header_4_font=\u00a0\u00bbGill Sans MT Bold||||||||\u00a0\u00bb header_4_text_align=\u00a0\u00bbleft\u00a0\u00bb header_4_text_color=\u00a0\u00bb#1b82bd\u00a0\u00bb custom_margin=\u00a0\u00bb||10px|||\u00a0\u00bb]<\/p>\n<p>Quelle est la contribution moyenne? J\u00d4\u00c7\u00d6aimerais commanditer un enfant, un jeune ou une famille.<\/p>\n<p>[\/et_pb_text][et_pb_text _builder_version=\u00a0\u00bb4.6.3&Prime; text_font=\u00a0\u00bbGill Sans MT Regular||||||||\u00a0\u00bb text_font_size=\u00a0\u00bb18px\u00a0\u00bb header_font=\u00a0\u00bbGill Sans MT Regular||||||||\u00a0\u00bb]<\/p>\n<p>Aucun don n\u00d4\u00c7\u00d6est trop petit! Chaque contribution est pr\u251c\u00aecieuse. Donnez selon vos moyens! <\/p>\n<p>[\/et_pb_text][et_pb_divider color=\u00a0\u00bb#edf0f1&Prime; divider_weight=\u00a0\u00bb3px\u00a0\u00bb _builder_version=\u00a0\u00bb4.6.3&Prime; _module_preset=\u00a0\u00bbdefault\u00a0\u00bb][\/et_pb_divider][\/et_pb_column_inner][\/et_pb_row_inner][et_pb_row_inner use_custom_gutter=\u00a0\u00bbon\u00a0\u00bb gutter_width=\u00a0\u00bb2&Prime; _builder_version=\u00a0\u00bb4.6.3&Prime; custom_margin=\u00a0\u00bb||||false|false\u00a0\u00bb custom_padding=\u00a0\u00bb5px||5px||false|false\u00a0\u00bb][et_pb_column_inner saved_specialty_column_type=\u00a0\u00bb3_4&Prime; _builder_version=\u00a0\u00bb4.4.8&Prime;][et_pb_text _builder_version=\u00a0\u00bb4.6.3&Prime; text_font=\u00a0\u00bbGill Sans MT Regular||||||||\u00a0\u00bb text_text_color=\u00a0\u00bb#1b82bd\u00a0\u00bb text_font_size=\u00a0\u00bb18px\u00a0\u00bb header_font=\u00a0\u00bbGill Sans MT Regular||||||||\u00a0\u00bb header_4_font=\u00a0\u00bbGill Sans MT Bold||||||||\u00a0\u00bb header_4_text_align=\u00a0\u00bbleft\u00a0\u00bb header_4_text_color=\u00a0\u00bb#1b82bd\u00a0\u00bb custom_margin=\u00a0\u00bb||10px|||\u00a0\u00bb]<\/p>\n<p>Est-ce que je dois acheter tout ce qui est indiqu\u251c\u00ae sur la liste de souhaits de l\u00d4\u00c7\u00d6enfant, du jeune ou de la famille?<\/p>\n<p>[\/et_pb_text][et_pb_text _builder_version=\u00a0\u00bb4.6.3&Prime; text_font=\u00a0\u00bbGill Sans MT Regular||||||||\u00a0\u00bb text_font_size=\u00a0\u00bb18px\u00a0\u00bb header_font=\u00a0\u00bbGill Sans MT Regular||||||||\u00a0\u00bb]<\/p>\n<p>Vous n\u00d4\u00c7\u00d6avez pas \u251c\u00e1 tout acheter. La liste de souhaits est un guide qui indique les pr\u251c\u00aef\u251c\u00aerences et les int\u251c\u00aer\u251c\u00acts des personnes \u251c\u00e1 qui nous offrons des cadeaux. <\/p>\n<p>[\/et_pb_text][et_pb_divider color=\u00a0\u00bb#edf0f1&Prime; divider_weight=\u00a0\u00bb3px\u00a0\u00bb _builder_version=\u00a0\u00bb4.6.3&Prime; _module_preset=\u00a0\u00bbdefault\u00a0\u00bb][\/et_pb_divider][\/et_pb_column_inner][\/et_pb_row_inner][et_pb_row_inner use_custom_gutter=\u00a0\u00bbon\u00a0\u00bb gutter_width=\u00a0\u00bb2&Prime; _builder_version=\u00a0\u00bb4.6.3&Prime; custom_margin=\u00a0\u00bb||||false|false\u00a0\u00bb custom_padding=\u00a0\u00bb5px||5px||false|false\u00a0\u00bb][et_pb_column_inner saved_specialty_column_type=\u00a0\u00bb3_4&Prime; _builder_version=\u00a0\u00bb4.4.8&Prime;][et_pb_text _builder_version=\u00a0\u00bb4.6.3&Prime; text_font=\u00a0\u00bbGill Sans MT Regular||||||||\u00a0\u00bb text_text_color=\u00a0\u00bb#1b82bd\u00a0\u00bb text_font_size=\u00a0\u00bb18px\u00a0\u00bb header_font=\u00a0\u00bbGill Sans MT Regular||||||||\u00a0\u00bb header_4_font=\u00a0\u00bbGill Sans MT Bold||||||||\u00a0\u00bb header_4_text_align=\u00a0\u00bbleft\u00a0\u00bb header_4_text_color=\u00a0\u00bb#1b82bd\u00a0\u00bb custom_margin=\u00a0\u00bb||10px|||\u00a0\u00bb]<\/p>\n<p>Est-ce que je peux donner des cadeaux usag\u251c\u00aes?<\/p>\n<p>[\/et_pb_text][et_pb_text _builder_version=\u00a0\u00bb4.6.3&Prime; text_font=\u00a0\u00bbGill Sans MT Regular||||||||\u00a0\u00bb text_font_size=\u00a0\u00bb18px\u00a0\u00bb header_font=\u00a0\u00bbGill Sans MT Regular||||||||\u00a0\u00bb]<\/p>\n<p>Veuillez ne pas offrir des cadeaux usag\u251c\u00aes pour le projet Sourires des F\u251c\u00actes. Nous acceptons toutefois ces types de dons pour <a href=\"https:\/\/www.parnipcas.org\/fr\/faites-un-don\/dons-de-boutique\/\">d\u00d4\u00c7\u00d6autres initiatives<\/a>.<\/p>\n<p>[\/et_pb_text][et_pb_divider color=\u00a0\u00bb#edf0f1&Prime; divider_weight=\u00a0\u00bb3px\u00a0\u00bb _builder_version=\u00a0\u00bb4.6.3&Prime; _module_preset=\u00a0\u00bbdefault\u00a0\u00bb][\/et_pb_divider][\/et_pb_column_inner][\/et_pb_row_inner][et_pb_row_inner use_custom_gutter=\u00a0\u00bbon\u00a0\u00bb gutter_width=\u00a0\u00bb2&Prime; _builder_version=\u00a0\u00bb4.6.3&Prime; custom_margin=\u00a0\u00bb||||false|false\u00a0\u00bb custom_padding=\u00a0\u00bb5px||5px||false|false\u00a0\u00bb][et_pb_column_inner saved_specialty_column_type=\u00a0\u00bb3_4&Prime; _builder_version=\u00a0\u00bb4.4.8&Prime;][et_pb_text _builder_version=\u00a0\u00bb4.6.3&Prime; text_font=\u00a0\u00bbGill Sans MT Regular||||||||\u00a0\u00bb text_text_color=\u00a0\u00bb#1b82bd\u00a0\u00bb text_font_size=\u00a0\u00bb18px\u00a0\u00bb header_font=\u00a0\u00bbGill Sans MT Regular||||||||\u00a0\u00bb header_4_font=\u00a0\u00bbGill Sans MT Bold||||||||\u00a0\u00bb header_4_text_align=\u00a0\u00bbleft\u00a0\u00bb header_4_text_color=\u00a0\u00bb#1b82bd\u00a0\u00bb custom_margin=\u00a0\u00bb||10px|||\u00a0\u00bb]<\/p>\n<p>Comment mon don sera-t-il remis \u251c\u00e1 l\u00d4\u00c7\u00d6enfant, au jeune ou \u251c\u00e1 la famille que je commandite?<\/p>\n<p>[\/et_pb_text][et_pb_text _builder_version=\u00a0\u00bb4.6.3&Prime; text_font=\u00a0\u00bbGill Sans MT Regular||||||||\u00a0\u00bb text_font_size=\u00a0\u00bb18px\u00a0\u00bb header_font=\u00a0\u00bbGill Sans MT Regular||||||||\u00a0\u00bb]<\/p>\n<p>Les dons seront distribu\u251c\u00aes au cours de la semaine avant No\u251c\u00bdl. Veuillez apporter vos cadeaux \u251c\u00e1 l\u00d4\u00c7\u00d6atelier du p\u251c\u00bfre No\u251c\u00bdl, au 140, avenue Elmwood \u251c\u00e1 North Bay (l\u00d4\u00c7\u00d6ancienne \u251c\u00aecole St. Paul) du 14 au 18 d\u251c\u00aecembre, entre 8 h 30 et 16 h 30. Si vous ne pouvez passer \u251c\u00e1 ce moment, communiquez avec nous. Le p\u251c\u00bfre No\u251c\u00bdl vous enverra un tra\u251c\u00abneau.  <\/p>\n<p>[\/et_pb_text][et_pb_divider color=\u00a0\u00bb#edf0f1&Prime; divider_weight=\u00a0\u00bb3px\u00a0\u00bb _builder_version=\u00a0\u00bb4.6.3&Prime; _module_preset=\u00a0\u00bbdefault\u00a0\u00bb][\/et_pb_divider][\/et_pb_column_inner][\/et_pb_row_inner][et_pb_row_inner use_custom_gutter=\u00a0\u00bbon\u00a0\u00bb gutter_width=\u00a0\u00bb2&Prime; _builder_version=\u00a0\u00bb4.6.3&Prime; custom_margin=\u00a0\u00bb||||false|false\u00a0\u00bb custom_padding=\u00a0\u00bb5px||5px||false|false\u00a0\u00bb][et_pb_column_inner saved_specialty_column_type=\u00a0\u00bb3_4&Prime; _builder_version=\u00a0\u00bb4.4.8&Prime;][et_pb_text _builder_version=\u00a0\u00bb4.6.3&Prime; text_font=\u00a0\u00bbGill Sans MT Regular||||||||\u00a0\u00bb text_text_color=\u00a0\u00bb#1b82bd\u00a0\u00bb text_font_size=\u00a0\u00bb18px\u00a0\u00bb header_font=\u00a0\u00bbGill Sans MT Regular||||||||\u00a0\u00bb header_4_font=\u00a0\u00bbGill Sans MT Bold||||||||\u00a0\u00bb header_4_text_align=\u00a0\u00bbleft\u00a0\u00bb header_4_text_color=\u00a0\u00bb#1b82bd\u00a0\u00bb custom_margin=\u00a0\u00bb||10px|||\u00a0\u00bb]<\/p>\n<p>Est-ce que je dois emballer les cadeaux?<\/p>\n<p>[\/et_pb_text][et_pb_text _builder_version=\u00a0\u00bb4.6.3&Prime; text_font=\u00a0\u00bbGill Sans MT Regular||||||||\u00a0\u00bb text_font_size=\u00a0\u00bb18px\u00a0\u00bb header_font=\u00a0\u00bbGill Sans MT Regular||||||||\u00a0\u00bb]<\/p>\n<p>Nous inspectons les cadeaux avant de les remettre aux enfants, aux jeunes et aux familles. Veuillez ne pas les envelopper. De cette mani\u251c\u00bfre, nous saurons exactement quels cadeaux sont offerts. Toutefois, vous pouvez fournir du papier d\u00d4\u00c7\u00d6emballage, des boucles, du ruban d\u251c\u00aecoratif, etc.  <\/p>\n<p>[\/et_pb_text][et_pb_divider color=\u00a0\u00bb#edf0f1&Prime; divider_weight=\u00a0\u00bb3px\u00a0\u00bb _builder_version=\u00a0\u00bb4.6.3&Prime; _module_preset=\u00a0\u00bbdefault\u00a0\u00bb][\/et_pb_divider][\/et_pb_column_inner][\/et_pb_row_inner][et_pb_row_inner use_custom_gutter=\u00a0\u00bbon\u00a0\u00bb gutter_width=\u00a0\u00bb2&Prime; _builder_version=\u00a0\u00bb4.6.3&Prime; custom_margin=\u00a0\u00bb||||false|false\u00a0\u00bb custom_padding=\u00a0\u00bb5px||5px||false|false\u00a0\u00bb][et_pb_column_inner saved_specialty_column_type=\u00a0\u00bb3_4&Prime; _builder_version=\u00a0\u00bb4.4.8&Prime;][et_pb_text _builder_version=\u00a0\u00bb4.6.3&Prime; text_font=\u00a0\u00bbGill Sans MT Regular||||||||\u00a0\u00bb text_text_color=\u00a0\u00bb#1b82bd\u00a0\u00bb text_font_size=\u00a0\u00bb18px\u00a0\u00bb header_font=\u00a0\u00bbGill Sans MT Regular||||||||\u00a0\u00bb header_4_font=\u00a0\u00bbGill Sans MT Bold||||||||\u00a0\u00bb header_4_text_align=\u00a0\u00bbleft\u00a0\u00bb header_4_text_color=\u00a0\u00bb#1b82bd\u00a0\u00bb custom_margin=\u00a0\u00bb||10px|||\u00a0\u00bb]<\/p>\n<p>Quels cadeaux ne sont pas accept\u251c\u00aes?<\/p>\n<p>[\/et_pb_text][et_pb_text _builder_version=\u00a0\u00bb4.6.3&Prime; text_font=\u00a0\u00bbGill Sans MT Regular||||||||\u00a0\u00bb text_font_size=\u00a0\u00bb18px\u00a0\u00bb header_font=\u00a0\u00bbGill Sans MT Regular||||||||\u00a0\u00bb]<\/p>\n<p>Les articles suivants ne sont pas accept\u251c\u00aes : <\/p>\n<ul>\n<li>Cartes Visa ou Mastercard pr\u251c\u00aepay\u251c\u00aees<\/li>\n<li>Argent comptant<\/li>\n<li>Armes, fusils \u251c\u00e1 paintball et autres objets semblables<\/li>\n<li>Jeux ayant la classification Mature<\/li>\n<li>Articles usag\u251c\u00aes<\/li>\n<li>Objets sexuellement explicites ou pouvant \u251c\u00actre per\u251c\u00baus comme de nature sexuelle<\/li>\n<\/ul>\n<p>[\/et_pb_text][et_pb_divider color=\u00a0\u00bb#edf0f1&Prime; divider_weight=\u00a0\u00bb3px\u00a0\u00bb _builder_version=\u00a0\u00bb4.6.3&Prime; _module_preset=\u00a0\u00bbdefault\u00a0\u00bb][\/et_pb_divider][\/et_pb_column_inner][\/et_pb_row_inner][\/et_pb_column][\/et_pb_section]<\/p>\n","protected":false},"excerpt":{"rendered":"<p><div id=\"internal-menu\" class=\"et_pb_module dsm_menu dsm_menu_0 internal-menu  et_pb_text_align_left et_pb_bg_layout_light\">\n\t\t\t\t\n\t\t\t\t\n\t\t\t\t\n\t\t\t\t\n\t\t\t\t\n\t\t\t\t\n\t\t\t\t<div class=\"et_pb_module_inner\">\n\t\t\t\t\t<nav class=\"dsm-menu-container\" role=\"navigation\" itemscope itemtype=\"http:\/\/schema.org\/SiteNavigationElement\"><ul id=\"menu-donate-inner-menu-french\" class=\"dsm-menu dsm-menu-style-type-disc dsm-menu-layout-vertical\"><li id=\"menu-item-7246\" class=\"et_pb_menu_page_id-7241 menu-item menu-item-type-post_type menu-item-object-page menu-item-7246\"><a href=\"https:\/\/www.parnipcas.org\/fr\/faites-un-don\/\" itemprop=\"url\"><span itemprop=\"name\">Fonds pour enfants et jeunes<\/span><\/a><\/li>\n<li id=\"menu-item-8567\" class=\"et_pb_menu_page_id-8530 menu-item menu-item-type-post_type menu-item-object-page menu-item-8567\"><a href=\"https:\/\/www.parnipcas.org\/fr\/faites-un-don\/parrainer-une-famille-ou-un-enfant\/\" itemprop=\"url\"><span itemprop=\"name\">Projet Sourires des F\u251c\u00actes<\/span><\/a><\/li>\n<li id=\"menu-item-8529\" class=\"et_pb_menu_page_id-8523 menu-item menu-item-type-post_type menu-item-object-page menu-item-8529\"><a href=\"https:\/\/www.parnipcas.org\/fr\/faites-un-don\/faites-un-don-2\/\" itemprop=\"url\"><span itemprop=\"name\">Faites un don<\/span><\/a><\/li>\n<\/ul><\/nav>\n\t\t\t\t<\/div>\n\t\t\t<\/div>Projet Sourires des F\u251c\u00actes &#8211; Questions et r\u251c\u00aeponsesFaites briller l\u00d4\u00c7\u00d6espoir cette ann\u251c\u00aee pour des enfants et des familles dans le besoin ici dans le district de Nipissing et Parry Sound. Participez au projet Sourires des F\u251c\u00actes et faites [&hellip;]<\/p>\n","protected":false},"author":6,"featured_media":0,"parent":7241,"menu_order":0,"comment_status":"closed","ping_status":"closed","template":"","meta":{"_et_pb_use_builder":"on","_et_pb_old_content":"","_et_gb_content_width":"","footnotes":""},"class_list":["post-9377","page","type-page","status-publish","hentry"],"yoast_head":"<!-- This site is optimized with the Yoast SEO plugin v27.0 - https:\/\/yoast.com\/product\/yoast-seo-wordpress\/ -->\n<title>Projet Sourires des F\u251c\u00actes - FAQs - Children&#039;s Aid Society<\/title>\n<meta name=\"robots\" content=\"index, follow, max-snippet:-1, max-image-preview:large, max-video-preview:-1\" \/>\n<link rel=\"canonical\" href=\"https:\/\/www.parnipcas.org\/fr\/faites-un-don\/projet-sourires-des-fetes-faqs\/\" \/>\n<meta property=\"og:locale\" content=\"fr_FR\" \/>\n<meta property=\"og:type\" content=\"article\" \/>\n<meta property=\"og:title\" content=\"Projet Sourires des F\u251c\u00actes - FAQs - Children&#039;s Aid Society\" \/>\n<meta property=\"og:description\" content=\"Projet Sourires des F\u251c\u00actes - Questions et r\u251c\u00aeponsesFaites briller l\u00d4\u00c7\u00d6espoir cette ann\u251c\u00aee pour des enfants et des familles dans le besoin ici dans le district de Nipissing et Parry Sound. Participez au projet Sourires des F\u251c\u00actes et faites [&hellip;]\" \/>\n<meta property=\"og:url\" content=\"https:\/\/www.parnipcas.org\/fr\/faites-un-don\/projet-sourires-des-fetes-faqs\/\" \/>\n<meta property=\"og:site_name\" content=\"Children&#039;s Aid Society\" \/>\n<meta property=\"article:modified_time\" content=\"2020-11-11T20:48:11+00:00\" \/>\n<meta name=\"twitter:card\" content=\"summary_large_image\" \/>\n<meta name=\"twitter:label1\" content=\"Dur\u00e9e de lecture estim\u00e9e\" \/>\n\t<meta name=\"twitter:data1\" content=\"9 minutes\" \/>\n<script type=\"application\/ld+json\" class=\"yoast-schema-graph\">{\"@context\":\"https:\/\/schema.org\",\"@graph\":[{\"@type\":\"WebPage\",\"@id\":\"https:\/\/www.parnipcas.org\/fr\/faites-un-don\/projet-sourires-des-fetes-faqs\/\",\"url\":\"https:\/\/www.parnipcas.org\/fr\/faites-un-don\/projet-sourires-des-fetes-faqs\/\",\"name\":\"Projet Sourires des F\u251c\u00actes - FAQs - Children&#039;s Aid Society\",\"isPartOf\":{\"@id\":\"https:\/\/www.parnipcas.org\/#website\"},\"datePublished\":\"2020-11-11T20:46:16+00:00\",\"dateModified\":\"2020-11-11T20:48:11+00:00\",\"breadcrumb\":{\"@id\":\"https:\/\/www.parnipcas.org\/fr\/faites-un-don\/projet-sourires-des-fetes-faqs\/#breadcrumb\"},\"inLanguage\":\"fr-FR\",\"potentialAction\":[{\"@type\":\"ReadAction\",\"target\":[\"https:\/\/www.parnipcas.org\/fr\/faites-un-don\/projet-sourires-des-fetes-faqs\/\"]}]},{\"@type\":\"BreadcrumbList\",\"@id\":\"https:\/\/www.parnipcas.org\/fr\/faites-un-don\/projet-sourires-des-fetes-faqs\/#breadcrumb\",\"itemListElement\":[{\"@type\":\"ListItem\",\"position\":1,\"name\":\"Home\",\"item\":\"https:\/\/www.parnipcas.org\/fr\/\"},{\"@type\":\"ListItem\",\"position\":2,\"name\":\"Faites un don\",\"item\":\"https:\/\/www.parnipcas.org\/fr\/faites-un-don\/\"},{\"@type\":\"ListItem\",\"position\":3,\"name\":\"Projet Sourires des F\u251c\u00actes &#8211; FAQs\"}]},{\"@type\":\"WebSite\",\"@id\":\"https:\/\/www.parnipcas.org\/#website\",\"url\":\"https:\/\/www.parnipcas.org\/\",\"name\":\"Children&#039;s Aid Society\",\"description\":\"Nipissing &amp; Parry Sound District\",\"potentialAction\":[{\"@type\":\"SearchAction\",\"target\":{\"@type\":\"EntryPoint\",\"urlTemplate\":\"https:\/\/www.parnipcas.org\/?s={search_term_string}\"},\"query-input\":{\"@type\":\"PropertyValueSpecification\",\"valueRequired\":true,\"valueName\":\"search_term_string\"}}],\"inLanguage\":\"fr-FR\"}]}<\/script>\n<!-- \/ Yoast SEO plugin. -->","yoast_head_json":{"title":"Projet Sourires des F\u251c\u00actes - FAQs - Children&#039;s Aid Society","robots":{"index":"index","follow":"follow","max-snippet":"max-snippet:-1","max-image-preview":"max-image-preview:large","max-video-preview":"max-video-preview:-1"},"canonical":"https:\/\/www.parnipcas.org\/fr\/faites-un-don\/projet-sourires-des-fetes-faqs\/","og_locale":"fr_FR","og_type":"article","og_title":"Projet Sourires des F\u251c\u00actes - FAQs - Children&#039;s Aid Society","og_description":"Projet Sourires des F\u251c\u00actes - Questions et r\u251c\u00aeponsesFaites briller l\u00d4\u00c7\u00d6espoir cette ann\u251c\u00aee pour des enfants et des familles dans le besoin ici dans le district de Nipissing et Parry Sound. Participez au projet Sourires des F\u251c\u00actes et faites [&hellip;]","og_url":"https:\/\/www.parnipcas.org\/fr\/faites-un-don\/projet-sourires-des-fetes-faqs\/","og_site_name":"Children&#039;s Aid Society","article_modified_time":"2020-11-11T20:48:11+00:00","twitter_card":"summary_large_image","twitter_misc":{"Dur\u00e9e de lecture estim\u00e9e":"9 minutes"},"schema":{"@context":"https:\/\/schema.org","@graph":[{"@type":"WebPage","@id":"https:\/\/www.parnipcas.org\/fr\/faites-un-don\/projet-sourires-des-fetes-faqs\/","url":"https:\/\/www.parnipcas.org\/fr\/faites-un-don\/projet-sourires-des-fetes-faqs\/","name":"Projet Sourires des F\u251c\u00actes - FAQs - Children&#039;s Aid Society","isPartOf":{"@id":"https:\/\/www.parnipcas.org\/#website"},"datePublished":"2020-11-11T20:46:16+00:00","dateModified":"2020-11-11T20:48:11+00:00","breadcrumb":{"@id":"https:\/\/www.parnipcas.org\/fr\/faites-un-don\/projet-sourires-des-fetes-faqs\/#breadcrumb"},"inLanguage":"fr-FR","potentialAction":[{"@type":"ReadAction","target":["https:\/\/www.parnipcas.org\/fr\/faites-un-don\/projet-sourires-des-fetes-faqs\/"]}]},{"@type":"BreadcrumbList","@id":"https:\/\/www.parnipcas.org\/fr\/faites-un-don\/projet-sourires-des-fetes-faqs\/#breadcrumb","itemListElement":[{"@type":"ListItem","position":1,"name":"Home","item":"https:\/\/www.parnipcas.org\/fr\/"},{"@type":"ListItem","position":2,"name":"Faites un don","item":"https:\/\/www.parnipcas.org\/fr\/faites-un-don\/"},{"@type":"ListItem","position":3,"name":"Projet Sourires des F\u251c\u00actes &#8211; FAQs"}]},{"@type":"WebSite","@id":"https:\/\/www.parnipcas.org\/#website","url":"https:\/\/www.parnipcas.org\/","name":"Children&#039;s Aid Society","description":"Nipissing &amp; Parry Sound District","potentialAction":[{"@type":"SearchAction","target":{"@type":"EntryPoint","urlTemplate":"https:\/\/www.parnipcas.org\/?s={search_term_string}"},"query-input":{"@type":"PropertyValueSpecification","valueRequired":true,"valueName":"search_term_string"}}],"inLanguage":"fr-FR"}]}},"_links":{"self":[{"href":"https:\/\/www.parnipcas.org\/fr\/wp-json\/wp\/v2\/pages\/9377","targetHints":{"allow":["GET"]}}],"collection":[{"href":"https:\/\/www.parnipcas.org\/fr\/wp-json\/wp\/v2\/pages"}],"about":[{"href":"https:\/\/www.parnipcas.org\/fr\/wp-json\/wp\/v2\/types\/page"}],"author":[{"embeddable":true,"href":"https:\/\/www.parnipcas.org\/fr\/wp-json\/wp\/v2\/users\/6"}],"replies":[{"embeddable":true,"href":"https:\/\/www.parnipcas.org\/fr\/wp-json\/wp\/v2\/comments?post=9377"}],"version-history":[{"count":10,"href":"https:\/\/www.parnipcas.org\/fr\/wp-json\/wp\/v2\/pages\/9377\/revisions"}],"predecessor-version":[{"id":9389,"href":"https:\/\/www.parnipcas.org\/fr\/wp-json\/wp\/v2\/pages\/9377\/revisions\/9389"}],"up":[{"embeddable":true,"href":"https:\/\/www.parnipcas.org\/fr\/wp-json\/wp\/v2\/pages\/7241"}],"wp:attachment":[{"href":"https:\/\/www.parnipcas.org\/fr\/wp-json\/wp\/v2\/media?parent=9377"}],"curies":[{"name":"wp","href":"https:\/\/api.w.org\/{rel}","templated":true}]}}