{"id":9721,"date":"2021-01-27T11:22:11","date_gmt":"2021-01-27T16:22:11","guid":{"rendered":"https:\/\/www.parnipcas.org\/protection-des-renseignements-personnels-et-divulgation\/avis-pour-les-messages-de-groupe\/"},"modified":"2021-01-27T11:22:12","modified_gmt":"2021-01-27T16:22:12","slug":"avis-pour-les-messages-de-groupe","status":"publish","type":"page","link":"https:\/\/www.parnipcas.org\/fr\/protection-des-renseignements-personnels-et-divulgation\/avis-pour-les-messages-de-groupe\/","title":{"rendered":"AVIS POUR LES MESSAGES DE GROUPE"},"content":{"rendered":"<p>[et_pb_section fb_built=\u00a0\u00bb1&Prime; _builder_version=\u00a0\u00bb4.5.6&Prime; background_color=\u00a0\u00bb#1b2b42&Prime; use_background_color_gradient=\u00a0\u00bbon\u00a0\u00bb background_color_gradient_start=\u00a0\u00bbrgba(27,43,66,0.87)\u00a0\u00bb background_color_gradient_end=\u00a0\u00bbrgba(0,39,94,0.93)\u00a0\u00bb background_color_gradient_overlays_image=\u00a0\u00bbon\u00a0\u00bb background_image=\u00a0\u00bbhttps:\/\/www.parnipcas.org\/wp-content\/uploads\/2020\/08\/Header-2-scaled-e1597165599686.jpg\u00a0\u00bb custom_padding=\u00a0\u00bb||||true|false\u00a0\u00bb da_disable_devices=\u00a0\u00bboff|off|off\u00a0\u00bb global_module=\u00a0\u00bb5797&Prime; saved_tabs=\u00a0\u00bball\u00a0\u00bb da_is_popup=\u00a0\u00bboff\u00a0\u00bb da_exit_intent=\u00a0\u00bboff\u00a0\u00bb da_has_close=\u00a0\u00bbon\u00a0\u00bb da_alt_close=\u00a0\u00bboff\u00a0\u00bb da_dark_close=\u00a0\u00bboff\u00a0\u00bb da_not_modal=\u00a0\u00bbon\u00a0\u00bb da_is_singular=\u00a0\u00bboff\u00a0\u00bb da_with_loader=\u00a0\u00bboff\u00a0\u00bb da_has_shadow=\u00a0\u00bbon\u00a0\u00bb][et_pb_row make_equal=\u00a0\u00bbon\u00a0\u00bb _builder_version=\u00a0\u00bb4.4.8&Prime; width=\u00a0\u00bb100%\u00a0\u00bb max_width=\u00a0\u00bb900px\u00a0\u00bb locked=\u00a0\u00bboff\u00a0\u00bb][et_pb_column type=\u00a0\u00bb4_4&Prime; _builder_version=\u00a0\u00bb4.4.8&Prime;][et_pb_text _builder_version=\u00a0\u00bb4.7.7&Prime; header_font=\u00a0\u00bbGill Sans MT Bold||||||||\u00a0\u00bb header_text_align=\u00a0\u00bbcenter\u00a0\u00bb header_text_color=\u00a0\u00bb#ffffff\u00a0\u00bb header_font_size=\u00a0\u00bb60px\u00a0\u00bb hover_enabled=\u00a0\u00bb0&Prime; header_font_size_tablet=\u00a0\u00bb\u00a0\u00bb header_font_size_phone=\u00a0\u00bb38px\u00a0\u00bb header_font_size_last_edited=\u00a0\u00bbon|phone\u00a0\u00bb sticky_enabled=\u00a0\u00bb0&Prime;]<\/p>\n<h1>AVIS POUR LES MESSAGES DE GROUPE<\/h1>\n<p>[\/et_pb_text][\/et_pb_column][\/et_pb_row][\/et_pb_section][et_pb_section fb_built=\u00a0\u00bb1&Prime; specialty=\u00a0\u00bbon\u00a0\u00bb module_class_1=\u00a0\u00bbinner-menu-mobile-column\u00a0\u00bb _builder_version=\u00a0\u00bb4.4.9&Prime; module_alignment=\u00a0\u00bbcenter\u00a0\u00bb inner_module_alignment=\u00a0\u00bbcenter\u00a0\u00bb custom_padding=\u00a0\u00bb25px||||false|false\u00a0\u00bb da_disable_devices=\u00a0\u00bboff|off|off\u00a0\u00bb da_is_popup=\u00a0\u00bboff\u00a0\u00bb da_exit_intent=\u00a0\u00bboff\u00a0\u00bb da_has_close=\u00a0\u00bbon\u00a0\u00bb da_alt_close=\u00a0\u00bboff\u00a0\u00bb da_dark_close=\u00a0\u00bboff\u00a0\u00bb da_not_modal=\u00a0\u00bbon\u00a0\u00bb da_is_singular=\u00a0\u00bboff\u00a0\u00bb da_with_loader=\u00a0\u00bboff\u00a0\u00bb da_has_shadow=\u00a0\u00bbon\u00a0\u00bb][et_pb_column type=\u00a0\u00bb1_4&Prime; _builder_version=\u00a0\u00bb3.25&Prime; custom_padding=\u00a0\u00bb|||\u00a0\u00bb custom_padding__hover=\u00a0\u00bb|||\u00a0\u00bb][dsm_menu menu_id=\u00a0\u00bb28&Prime; menu_link_text_color=\u00a0\u00bb#4e5f6f\u00a0\u00bb menu_space_between=\u00a0\u00bb3px\u00a0\u00bb list_style_color=\u00a0\u00bb#4e5f6f\u00a0\u00bb module_id=\u00a0\u00bbinternal-menu\u00a0\u00bb module_class=\u00a0\u00bbinternal-menu\u00a0\u00bb _builder_version=\u00a0\u00bb4.7.7&Prime; menu_font=\u00a0\u00bbGill Sans MT Bold||||||||\u00a0\u00bb menu_font_size=\u00a0\u00bb17px\u00a0\u00bb custom_margin=\u00a0\u00bb||||false|false\u00a0\u00bb custom_padding=\u00a0\u00bb||||false|false\u00a0\u00bb hover_enabled=\u00a0\u00bb0&Prime; global_module=\u00a0\u00bb5795&Prime; saved_tabs=\u00a0\u00bball\u00a0\u00bb menu_link_text_color__hover_enabled=\u00a0\u00bbon|hover\u00a0\u00bb menu_link_text_color__hover=\u00a0\u00bb#493d6f\u00a0\u00bb sticky_enabled=\u00a0\u00bb0&Prime;][\/dsm_menu][\/et_pb_column][et_pb_column type=\u00a0\u00bb3_4&Prime; specialty_columns=\u00a0\u00bb3&Prime; _builder_version=\u00a0\u00bb3.25&Prime; custom_padding=\u00a0\u00bb|||\u00a0\u00bb custom_padding__hover=\u00a0\u00bb|||\u00a0\u00bb][et_pb_row_inner _builder_version=\u00a0\u00bb4.4.8&Prime; custom_padding=\u00a0\u00bb||0px||false|false\u00a0\u00bb hover_enabled=\u00a0\u00bb0&Prime; sticky_enabled=\u00a0\u00bb0&Prime;][et_pb_column_inner saved_specialty_column_type=\u00a0\u00bb2_3&Prime; _builder_version=\u00a0\u00bb4.4.8&Prime;][et_pb_text _builder_version=\u00a0\u00bb4.7.7&Prime; text_font=\u00a0\u00bbGill Sans MT Regular||||||||\u00a0\u00bb text_text_color=\u00a0\u00bb#1b82bd\u00a0\u00bb text_font_size=\u00a0\u00bb17px\u00a0\u00bb text_line_height=\u00a0\u00bb0.6em\u00a0\u00bb header_text_align=\u00a0\u00bbcenter\u00a0\u00bb header_2_font=\u00a0\u00bbGill Sans MT Bold||||||||\u00a0\u00bb header_2_text_align=\u00a0\u00bbleft\u00a0\u00bb header_2_text_color=\u00a0\u00bb#1b82bd\u00a0\u00bb header_2_font_size=\u00a0\u00bb22px\u00a0\u00bb custom_margin=\u00a0\u00bb||10px||false|false\u00a0\u00bb custom_padding=\u00a0\u00bb||||false|false\u00a0\u00bb hover_enabled=\u00a0\u00bb0&Prime; sticky_enabled=\u00a0\u00bb0&Prime;]<\/p>\n<p>AVIS POUR LES MESSAGES DE GROUPE <\/p>\n<p>[\/et_pb_text][et_pb_text _builder_version=\u00a0\u00bb4.7.7&Prime; text_font=\u00a0\u00bbGill Sans MT Regular||||||||\u00a0\u00bb text_font_size=\u00a0\u00bb18px\u00a0\u00bb header_font=\u00a0\u00bbGill Sans MT Regular||||||||\u00a0\u00bb custom_margin=\u00a0\u00bb||10px||false|false\u00a0\u00bb custom_padding=\u00a0\u00bb10px||||false|false\u00a0\u00bb hover_enabled=\u00a0\u00bb0&Prime; sticky_enabled=\u00a0\u00bb0&Prime;]<\/p>\n<p>La Loi canadienne anti-pourriel (LCAP) interdit l\u00d4\u00c7\u00d6envoi de messages \u251c\u00aelectroniques commerciaux. Ce sont des messages texte ou d\u00d4\u00c7\u00d6autres types de messages num\u251c\u00aeriques qui font la promotion d\u00d4\u00c7\u00d6activit\u251c\u00aes commerciales.<\/p>\n<p>La Soci\u251c\u00aet\u251c\u00ae d\u00d4\u00c7\u00d6aide \u251c\u00e1 l\u00d4\u00c7\u00d6enfance du district de Nipissing et Parry Sound a besoin de votre consentement pour vous envoyer des messages texte qui font la promotion ou la publicit\u251c\u00ae de biens ou de services. Les activit\u251c\u00aes commerciales ne font pas partie du r\u251c\u2524le principal de la Soci\u251c\u00aet\u251c\u00ae. Toutefois, certaines des activit\u251c\u00aes suivantes pourraient avoir un aspect commercial ou \u251c\u00actre vis\u251c\u00aees par la LCAP : <\/p>\n<ul>\n<li>Vous envoyer de l\u00d4\u00c7\u00d6information au sujet d\u00d4\u00c7\u00d6activit\u251c\u00aes, d\u00d4\u00c7\u00d6ateliers, de programmes pour les jeunes, d\u00d4\u00c7\u00d6\u251c\u00aev\u251c\u00aenements ou de formations<\/li>\n<li>&#8211; Mener des sondages en ligne ou demander votre opinion<\/li>\n<li>Vous envoyer des messages g\u251c\u00aen\u251c\u00aeraux au sujet des services de la Soci\u251c\u00aet\u251c\u00ae<\/li>\n<\/ul>\n<p>Si vous \u251c\u00actes d\u00d4\u00c7\u00d6accord pour recevoir des messages \u251c\u00aelectroniques commerciaux, r\u251c\u00aepondez par un \u252c\u00bd Y \u252c\u2557. Si vous n\u00d4\u00c7\u00d6\u251c\u00actes pas d\u00d4\u00c7\u00d6accord, r\u251c\u00aepondez par un \u252c\u00bd N \u252c\u2557. Vous pouvez retirer votre consentement \u251c\u00e1 recevoir des messages en tout temps. Il suffit de r\u251c\u00aepondre \u252c\u00bd STOP \u252c\u2557. <\/p>\n<p>Pour en savoir plus sur la protection des renseignements personnels, visitez cette page : <a href=\"https:\/\/www.parnipcas.org\/fr\/protection-des-renseignements-personnels-et-divulgation\/protection-des-renseignements-personnels\/\">https:\/\/www.parnipcas.org\/fr\/protection-des-renseignements-personnels-et-divulgation\/protection-des-renseignements-personnels\/.<\/a><\/p>\n<p>[\/et_pb_text][\/et_pb_column_inner][\/et_pb_row_inner][\/et_pb_column][\/et_pb_section]<\/p>\n","protected":false},"excerpt":{"rendered":"<p>AVIS POUR LES MESSAGES DE GROUPE <div id=\"internal-menu\" class=\"et_pb_module dsm_menu dsm_menu_0 internal-menu  et_pb_text_align_left et_pb_bg_layout_light\">\n\t\t\t\t\n\t\t\t\t\n\t\t\t\t\n\t\t\t\t\n\t\t\t\t\n\t\t\t\t\n\t\t\t\t<div class=\"et_pb_module_inner\">\n\t\t\t\t\t<nav class=\"dsm-menu-container\" role=\"navigation\" itemscope itemtype=\"http:\/\/schema.org\/SiteNavigationElement\"><ul id=\"menu-information-disclosure-inner-menu-french\" class=\"dsm-menu dsm-menu-style-type-disc dsm-menu-layout-vertical\"><li id=\"menu-item-8741\" class=\"et_pb_menu_page_id-8694 menu-item menu-item-type-post_type menu-item-object-page menu-item-8741\"><a href=\"https:\/\/www.parnipcas.org\/fr\/protection-des-renseignements-personnels-et-divulgation\/\" itemprop=\"url\"><span itemprop=\"name\">Protection des renseignements personnels et divulgation<\/span><\/a><\/li>\n<li id=\"menu-item-8742\" class=\"et_pb_menu_page_id-8701 menu-item menu-item-type-post_type menu-item-object-page menu-item-8742\"><a href=\"https:\/\/www.parnipcas.org\/fr\/protection-des-renseignements-personnels-et-divulgation\/divulgation-de-renseignements-sur-une-adoption\/\" itemprop=\"url\"><span itemprop=\"name\">Divulgation de renseignements sur une adoption<\/span><\/a><\/li>\n<li id=\"menu-item-8743\" class=\"et_pb_menu_page_id-8709 menu-item menu-item-type-post_type menu-item-object-page menu-item-8743\"><a href=\"https:\/\/www.parnipcas.org\/fr\/protection-des-renseignements-personnels-et-divulgation\/protection-des-renseignements-personnels\/\" itemprop=\"url\"><span itemprop=\"name\">Protection des renseignements personnels<\/span><\/a><\/li>\n<li id=\"menu-item-9724\" class=\"et_pb_menu_page_id-9721 menu-item menu-item-type-post_type menu-item-object-page menu-item-9724\"><a href=\"https:\/\/www.parnipcas.org\/fr\/protection-des-renseignements-personnels-et-divulgation\/avis-pour-les-messages-de-groupe\/\" itemprop=\"url\"><span itemprop=\"name\">AVIS POUR LES MESSAGES DE GROUPE<\/span><\/a><\/li>\n<\/ul><\/nav>\n\t\t\t\t<\/div>\n\t\t\t<\/div>AVIS POUR LES MESSAGES DE GROUPE La Loi canadienne anti-pourriel (LCAP) interdit l\u00d4\u00c7\u00d6envoi de messages \u251c\u00aelectroniques commerciaux. Ce sont des messages texte ou d\u00d4\u00c7\u00d6autres types de messages num\u251c\u00aeriques qui [&hellip;]<\/p>\n","protected":false},"author":6,"featured_media":0,"parent":8694,"menu_order":0,"comment_status":"closed","ping_status":"closed","template":"","meta":{"_et_pb_use_builder":"on","_et_pb_old_content":"","_et_gb_content_width":"","footnotes":""},"class_list":["post-9721","page","type-page","status-publish","hentry"],"yoast_head":"<!-- This site is optimized with the Yoast SEO plugin v27.4 - https:\/\/yoast.com\/product\/yoast-seo-wordpress\/ -->\n<title>AVIS POUR LES MESSAGES DE GROUPE - Children&#039;s Aid Society<\/title>\n<meta name=\"robots\" content=\"index, follow, max-snippet:-1, max-image-preview:large, max-video-preview:-1\" \/>\n<link rel=\"canonical\" href=\"https:\/\/www.parnipcas.org\/fr\/protection-des-renseignements-personnels-et-divulgation\/avis-pour-les-messages-de-groupe\/\" \/>\n<meta property=\"og:locale\" content=\"fr_FR\" \/>\n<meta property=\"og:type\" content=\"article\" \/>\n<meta property=\"og:title\" content=\"AVIS POUR LES MESSAGES DE GROUPE - Children&#039;s Aid Society\" \/>\n<meta property=\"og:description\" content=\"AVIS POUR LES MESSAGES DE GROUPE AVIS POUR LES MESSAGES DE GROUPE La Loi canadienne anti-pourriel (LCAP) interdit l\u00d4\u00c7\u00d6envoi de messages \u251c\u00aelectroniques commerciaux. Ce sont des messages texte ou d\u00d4\u00c7\u00d6autres types de messages num\u251c\u00aeriques qui [&hellip;]\" \/>\n<meta property=\"og:url\" content=\"https:\/\/www.parnipcas.org\/fr\/protection-des-renseignements-personnels-et-divulgation\/avis-pour-les-messages-de-groupe\/\" \/>\n<meta property=\"og:site_name\" content=\"Children&#039;s Aid Society\" \/>\n<meta property=\"article:modified_time\" content=\"2021-01-27T16:22:12+00:00\" \/>\n<meta name=\"twitter:card\" content=\"summary_large_image\" \/>\n<meta name=\"twitter:label1\" content=\"Dur\u00e9e de lecture estim\u00e9e\" \/>\n\t<meta name=\"twitter:data1\" content=\"4 minutes\" \/>\n<script type=\"application\/ld+json\" class=\"yoast-schema-graph\">{\"@context\":\"https:\\\/\\\/schema.org\",\"@graph\":[{\"@type\":\"WebPage\",\"@id\":\"https:\\\/\\\/www.parnipcas.org\\\/fr\\\/protection-des-renseignements-personnels-et-divulgation\\\/avis-pour-les-messages-de-groupe\\\/\",\"url\":\"https:\\\/\\\/www.parnipcas.org\\\/fr\\\/protection-des-renseignements-personnels-et-divulgation\\\/avis-pour-les-messages-de-groupe\\\/\",\"name\":\"AVIS POUR LES MESSAGES DE GROUPE - Children&#039;s Aid Society\",\"isPartOf\":{\"@id\":\"https:\\\/\\\/www.parnipcas.org\\\/#website\"},\"datePublished\":\"2021-01-27T16:22:11+00:00\",\"dateModified\":\"2021-01-27T16:22:12+00:00\",\"breadcrumb\":{\"@id\":\"https:\\\/\\\/www.parnipcas.org\\\/fr\\\/protection-des-renseignements-personnels-et-divulgation\\\/avis-pour-les-messages-de-groupe\\\/#breadcrumb\"},\"inLanguage\":\"fr-FR\",\"potentialAction\":[{\"@type\":\"ReadAction\",\"target\":[\"https:\\\/\\\/www.parnipcas.org\\\/fr\\\/protection-des-renseignements-personnels-et-divulgation\\\/avis-pour-les-messages-de-groupe\\\/\"]}]},{\"@type\":\"BreadcrumbList\",\"@id\":\"https:\\\/\\\/www.parnipcas.org\\\/fr\\\/protection-des-renseignements-personnels-et-divulgation\\\/avis-pour-les-messages-de-groupe\\\/#breadcrumb\",\"itemListElement\":[{\"@type\":\"ListItem\",\"position\":1,\"name\":\"Home\",\"item\":\"https:\\\/\\\/www.parnipcas.org\\\/fr\\\/\"},{\"@type\":\"ListItem\",\"position\":2,\"name\":\"Protection des renseignements personnels et divulgation\",\"item\":\"https:\\\/\\\/www.parnipcas.org\\\/fr\\\/protection-des-renseignements-personnels-et-divulgation\\\/\"},{\"@type\":\"ListItem\",\"position\":3,\"name\":\"AVIS POUR LES MESSAGES DE GROUPE\"}]},{\"@type\":\"WebSite\",\"@id\":\"https:\\\/\\\/www.parnipcas.org\\\/#website\",\"url\":\"https:\\\/\\\/www.parnipcas.org\\\/\",\"name\":\"Children&#039;s Aid Society\",\"description\":\"Nipissing &amp; Parry Sound District\",\"potentialAction\":[{\"@type\":\"SearchAction\",\"target\":{\"@type\":\"EntryPoint\",\"urlTemplate\":\"https:\\\/\\\/www.parnipcas.org\\\/?s={search_term_string}\"},\"query-input\":{\"@type\":\"PropertyValueSpecification\",\"valueRequired\":true,\"valueName\":\"search_term_string\"}}],\"inLanguage\":\"fr-FR\"}]}<\/script>\n<!-- \/ Yoast SEO plugin. -->","yoast_head_json":{"title":"AVIS POUR LES MESSAGES DE GROUPE - Children&#039;s Aid Society","robots":{"index":"index","follow":"follow","max-snippet":"max-snippet:-1","max-image-preview":"max-image-preview:large","max-video-preview":"max-video-preview:-1"},"canonical":"https:\/\/www.parnipcas.org\/fr\/protection-des-renseignements-personnels-et-divulgation\/avis-pour-les-messages-de-groupe\/","og_locale":"fr_FR","og_type":"article","og_title":"AVIS POUR LES MESSAGES DE GROUPE - Children&#039;s Aid Society","og_description":"AVIS POUR LES MESSAGES DE GROUPE AVIS POUR LES MESSAGES DE GROUPE La Loi canadienne anti-pourriel (LCAP) interdit l\u00d4\u00c7\u00d6envoi de messages \u251c\u00aelectroniques commerciaux. Ce sont des messages texte ou d\u00d4\u00c7\u00d6autres types de messages num\u251c\u00aeriques qui [&hellip;]","og_url":"https:\/\/www.parnipcas.org\/fr\/protection-des-renseignements-personnels-et-divulgation\/avis-pour-les-messages-de-groupe\/","og_site_name":"Children&#039;s Aid Society","article_modified_time":"2021-01-27T16:22:12+00:00","twitter_card":"summary_large_image","twitter_misc":{"Dur\u00e9e de lecture estim\u00e9e":"4 minutes"},"schema":{"@context":"https:\/\/schema.org","@graph":[{"@type":"WebPage","@id":"https:\/\/www.parnipcas.org\/fr\/protection-des-renseignements-personnels-et-divulgation\/avis-pour-les-messages-de-groupe\/","url":"https:\/\/www.parnipcas.org\/fr\/protection-des-renseignements-personnels-et-divulgation\/avis-pour-les-messages-de-groupe\/","name":"AVIS POUR LES MESSAGES DE GROUPE - Children&#039;s Aid Society","isPartOf":{"@id":"https:\/\/www.parnipcas.org\/#website"},"datePublished":"2021-01-27T16:22:11+00:00","dateModified":"2021-01-27T16:22:12+00:00","breadcrumb":{"@id":"https:\/\/www.parnipcas.org\/fr\/protection-des-renseignements-personnels-et-divulgation\/avis-pour-les-messages-de-groupe\/#breadcrumb"},"inLanguage":"fr-FR","potentialAction":[{"@type":"ReadAction","target":["https:\/\/www.parnipcas.org\/fr\/protection-des-renseignements-personnels-et-divulgation\/avis-pour-les-messages-de-groupe\/"]}]},{"@type":"BreadcrumbList","@id":"https:\/\/www.parnipcas.org\/fr\/protection-des-renseignements-personnels-et-divulgation\/avis-pour-les-messages-de-groupe\/#breadcrumb","itemListElement":[{"@type":"ListItem","position":1,"name":"Home","item":"https:\/\/www.parnipcas.org\/fr\/"},{"@type":"ListItem","position":2,"name":"Protection des renseignements personnels et divulgation","item":"https:\/\/www.parnipcas.org\/fr\/protection-des-renseignements-personnels-et-divulgation\/"},{"@type":"ListItem","position":3,"name":"AVIS POUR LES MESSAGES DE GROUPE"}]},{"@type":"WebSite","@id":"https:\/\/www.parnipcas.org\/#website","url":"https:\/\/www.parnipcas.org\/","name":"Children&#039;s Aid Society","description":"Nipissing &amp; Parry Sound District","potentialAction":[{"@type":"SearchAction","target":{"@type":"EntryPoint","urlTemplate":"https:\/\/www.parnipcas.org\/?s={search_term_string}"},"query-input":{"@type":"PropertyValueSpecification","valueRequired":true,"valueName":"search_term_string"}}],"inLanguage":"fr-FR"}]}},"_links":{"self":[{"href":"https:\/\/www.parnipcas.org\/fr\/wp-json\/wp\/v2\/pages\/9721","targetHints":{"allow":["GET"]}}],"collection":[{"href":"https:\/\/www.parnipcas.org\/fr\/wp-json\/wp\/v2\/pages"}],"about":[{"href":"https:\/\/www.parnipcas.org\/fr\/wp-json\/wp\/v2\/types\/page"}],"author":[{"embeddable":true,"href":"https:\/\/www.parnipcas.org\/fr\/wp-json\/wp\/v2\/users\/6"}],"replies":[{"embeddable":true,"href":"https:\/\/www.parnipcas.org\/fr\/wp-json\/wp\/v2\/comments?post=9721"}],"version-history":[{"count":2,"href":"https:\/\/www.parnipcas.org\/fr\/wp-json\/wp\/v2\/pages\/9721\/revisions"}],"predecessor-version":[{"id":9723,"href":"https:\/\/www.parnipcas.org\/fr\/wp-json\/wp\/v2\/pages\/9721\/revisions\/9723"}],"up":[{"embeddable":true,"href":"https:\/\/www.parnipcas.org\/fr\/wp-json\/wp\/v2\/pages\/8694"}],"wp:attachment":[{"href":"https:\/\/www.parnipcas.org\/fr\/wp-json\/wp\/v2\/media?parent=9721"}],"curies":[{"name":"wp","href":"https:\/\/api.w.org\/{rel}","templated":true}]}}